{"id":90,"date":"2016-04-18T12:08:51","date_gmt":"2016-04-18T10:08:51","guid":{"rendered":"http:\/\/lab.zpirit.no\/sk-arsmelding\/?page_id=90"},"modified":"2017-04-30T19:25:51","modified_gmt":"2017-04-30T17:25:51","slug":"frie-inntekter","status":"publish","type":"page","link":"https:\/\/sk-dokument.no\/arsmelding-2016\/?page_id=90","title":{"rendered":"7.2 Frie inntekter"},"content":{"rendered":"<p>Frie inntekter best\u00e5r av rammetilskot, skatteinntekter og andre ikkje-\u00f8yremerka statlege tilskot. Desse inntektene utgjer dei viktigaste finansieringskjeldene til kommunen. Rammetilskotet skal gjennom utgiftsutjamninga reflektera kostnadene med \u00e5 yta tenester til dei ulike aldersgruppene m.m.<\/p>\n<p>Stord kommune sitt skatteniv\u00e5 i 2016 var 90,6 prosent av landsgjennomsnittet. Dette var ein stor reduksjon fr\u00e5 2015, d\u00e5 skatteniv\u00e5et i Stord kommune var 98,0 prosent av landsgjennomsnittet. Stord kommune hadde i 2016 ein skattevekst p\u00e5 0,4 prosent i h\u00f8ve til 2015. Stord kommune justerte ned skatteanslaget med 5,527 millionar i l\u00f8pet av \u00e5ret. P\u00e5 grunn av systemet med inntektsutjamning vart likevel dei frie inntektene 3,2 millionar kroner h\u00f8gare enn revidert budsjett for 2016.<\/p>\n<p>&nbsp;<\/p>\n<p><strong>Utviklinga i frie inntekter 2012-2016 (1000 kr)<\/strong><\/p>\n<table>\n<thead>\n<tr>\n<th><\/th>\n<th>2012<\/th>\n<th>2013<\/th>\n<th>2014<\/th>\n<th>2015<\/th>\n<th>2016<\/th>\n<\/tr>\n<\/thead>\n<tbody>\n<tr>\n<th>Frie inntekter eks momskompensasjon<\/th>\n<td>796 311<\/td>\n<td>833 721<\/td>\n<td>861 229<\/td>\n<td>904 064<\/td>\n<td>931 058<\/td>\n<\/tr>\n<tr>\n<th>&#8211; skatt<\/th>\n<td>427 160<\/td>\n<td>442 092<\/td>\n<td>450 121<\/td>\n<td>484 244<\/td>\n<td>488 717<\/td>\n<\/tr>\n<tr>\n<th>&#8211; rammetilskot<\/th>\n<td>366 201<\/td>\n<td>391 629<\/td>\n<td>411 108<\/td>\n<td>419 820<\/td>\n<td>442 341<\/td>\n<\/tr>\n<tr>\n<th>Frie inntekter pr. innbyggjar<\/th>\n<td>43 685<\/td>\n<td>45 304<\/td>\n<td>46 092<\/td>\n<td>48 153<\/td>\n<td>49 469<\/td>\n<\/tr>\n<tr>\n<th>Auke frie inntekter i prosent<\/th>\n<td>6,9<\/td>\n<td>3,7<\/td>\n<td>1,7<\/td>\n<td>4,5<\/td>\n<td>2,73<\/td>\n<\/tr>\n<tr>\n<td>Momskompensasjon<\/td>\n<td>13 624<\/td>\n<td>16 345<\/td>\n<td>15 081<\/td>\n<td>22 755<\/td>\n<td>60 819<\/td>\n<\/tr>\n<tr>\n<td>av dette investering<\/td>\n<td>2 411<\/td>\n<td>3 144<\/td>\n<td>2 506<\/td>\n<td>5 495<\/td>\n<td>37 857<\/td>\n<\/tr>\n<tr>\n<td>av dette drift<\/td>\n<td>11 213<\/td>\n<td>13 201<\/td>\n<td>12 575<\/td>\n<td>17 260<\/td>\n<td>22 962<\/td>\n<\/tr>\n<\/tbody>\n<\/table>\n<p>&nbsp;<\/p>\n","protected":false},"excerpt":{"rendered":"<p>Frie inntekter best\u00e5r av rammetilskot, skatteinntekter og andre ikkje-\u00f8yremerka statlege tilskot. Desse inntektene utgjer dei viktigaste finansieringskjeldene til kommunen. Rammetilskotet skal gjennom utgiftsutjamninga reflektera kostnadene med \u00e5 yta tenester til dei ulike aldersgruppene m.m. Stord kommune sitt skatteniv\u00e5 i 2016 var 90,6 prosent av landsgjennomsnittet. Dette var ein stor reduksjon fr\u00e5 2015, d\u00e5 skatteniv\u00e5et i<\/p>\n","protected":false},"author":2,"featured_media":0,"parent":86,"menu_order":2,"comment_status":"closed","ping_status":"closed","template":"","meta":{"footnotes":""},"jetpack_sharing_enabled":true,"_links":{"self":[{"href":"https:\/\/sk-dokument.no\/arsmelding-2016\/index.php?rest_route=\/wp\/v2\/pages\/90"}],"collection":[{"href":"https:\/\/sk-dokument.no\/arsmelding-2016\/index.php?rest_route=\/wp\/v2\/pages"}],"about":[{"href":"https:\/\/sk-dokument.no\/arsmelding-2016\/index.php?rest_route=\/wp\/v2\/types\/page"}],"author":[{"embeddable":true,"href":"https:\/\/sk-dokument.no\/arsmelding-2016\/index.php?rest_route=\/wp\/v2\/users\/2"}],"replies":[{"embeddable":true,"href":"https:\/\/sk-dokument.no\/arsmelding-2016\/index.php?rest_route=%2Fwp%2Fv2%2Fcomments&post=90"}],"version-history":[{"count":8,"href":"https:\/\/sk-dokument.no\/arsmelding-2016\/index.php?rest_route=\/wp\/v2\/pages\/90\/revisions"}],"predecessor-version":[{"id":1269,"href":"https:\/\/sk-dokument.no\/arsmelding-2016\/index.php?rest_route=\/wp\/v2\/pages\/90\/revisions\/1269"}],"up":[{"embeddable":true,"href":"https:\/\/sk-dokument.no\/arsmelding-2016\/index.php?rest_route=\/wp\/v2\/pages\/86"}],"wp:attachment":[{"href":"https:\/\/sk-dokument.no\/arsmelding-2016\/index.php?rest_route=%2Fwp%2Fv2%2Fmedia&parent=90"}],"curies":[{"name":"wp","href":"https:\/\/api.w.org\/{rel}","templated":true}]}}