{"id":92,"date":"2016-04-18T12:08:51","date_gmt":"2016-04-18T10:08:51","guid":{"rendered":"http:\/\/lab.zpirit.no\/sk-arsmelding\/?page_id=92"},"modified":"2017-04-30T16:07:42","modified_gmt":"2017-04-30T14:07:42","slug":"pensjon","status":"publish","type":"page","link":"https:\/\/sk-dokument.no\/arsmelding-2016\/?page_id=92","title":{"rendered":"7.4 Pensjon"},"content":{"rendered":"<p><a name=\"_Toc406063664\"><\/a><\/p>\n<p>Pensjonskostnaden er det som vert belasta i kommunen sin rekneskap, medan pensjonspremien er det kommunen faktisk betalar til pensjonsforsikringsselskapa for dekning av framtidige pensjonsforpliktingar. <a name=\"_Toc406063665\"><\/a>Premieavviket er skilnaden mellom pensjonskostnad og pensjonspremie. Dersom pensjonspremien er st\u00f8rre enn pensjonskostnaden f\u00e5r vi eit positivt premieavvik. Er pensjonspremien mindre enn pensjonskostnaden f\u00e5r vi eit negativt premieavvik. <a name=\"_Toc406063666\"><\/a>Eit positivt premieavvik skal f\u00f8rast til inntekt i \u00e5rsrekneskapen. Tilsvarande skal eit negativt premieavvik utgiftsf\u00f8rast i \u00e5rsregnskapet og bokf\u00f8rast som kortsiktig gjeld. Premieavvik vert slik ein form for korreksjonspost til den betalte pensjonspremien slik at summen nettoen av desse blir lik pensjonskostnaden.<a name=\"_Toc406063667\"><\/a> Ein har valet mellom \u00e5 kvart \u00e5r avsetje heile premieavviket eller \u00e5 fordela avviket over 15 \u00e5r for premieavvik fr\u00e5 \u00e5ra 2002-2010), 10 \u00e5r for 2011-2013 og 7 \u00e5r for premieavvik oppst\u00e5tt seinare. Stord kommune har valt maksimum amortiseringstid. Oppsamla premieavvik var 31.12.16 69,3 millionar kroner, som alts\u00e5 er bokf\u00f8rt som kortsiktig gjeld i kommunerekneskapen.<\/p>\n<p>Det er venta at kommunesektoren i \u00e5ra framover m\u00e5tte vil bruke ein stadig st\u00f8rre del av inntektene sine p\u00e5 pensjon. Auken skuldast b\u00e5de auka nedbetaling av tidlegare \u00e5rs premieavvik, l\u00e5gare avkasting p\u00e5 pensjonsmidlane og h\u00f8g l\u00f8nsvekst.<\/p>\n<figure id=\"attachment_1106\" aria-describedby=\"caption-attachment-1106\" style=\"width: 1000px\" class=\"wp-caption alignnone\"><img loading=\"lazy\" decoding=\"async\" class=\"wp-image-1106 size-full\" src=\"http:\/\/sk-dokument.no\/arsmelding-2016\/wp-content\/uploads\/sites\/8\/2016\/04\/Kvitveis.foto_.Brit_.S.Myklebust.jpg\" alt=\"\" width=\"1000\" height=\"610\" srcset=\"https:\/\/sk-dokument.no\/arsmelding-2016\/wp-content\/uploads\/sites\/8\/2016\/04\/Kvitveis.foto_.Brit_.S.Myklebust.jpg 1000w, https:\/\/sk-dokument.no\/arsmelding-2016\/wp-content\/uploads\/sites\/8\/2016\/04\/Kvitveis.foto_.Brit_.S.Myklebust-300x183.jpg 300w, https:\/\/sk-dokument.no\/arsmelding-2016\/wp-content\/uploads\/sites\/8\/2016\/04\/Kvitveis.foto_.Brit_.S.Myklebust-700x427.jpg 700w\" sizes=\"(max-width: 1000px) 100vw, 1000px\" \/><figcaption id=\"caption-attachment-1106\" class=\"wp-caption-text\">Foto: Brit S. Myklebust<\/figcaption><\/figure>\n","protected":false},"excerpt":{"rendered":"<p>Pensjonskostnaden er det som vert belasta i kommunen sin rekneskap, medan pensjonspremien er det kommunen faktisk betalar til pensjonsforsikringsselskapa for dekning av framtidige pensjonsforpliktingar. Premieavviket er skilnaden mellom pensjonskostnad og pensjonspremie. Dersom pensjonspremien er st\u00f8rre enn pensjonskostnaden f\u00e5r vi eit positivt premieavvik. Er pensjonspremien mindre enn pensjonskostnaden f\u00e5r vi eit negativt premieavvik. Eit positivt premieavvik<\/p>\n","protected":false},"author":2,"featured_media":0,"parent":86,"menu_order":4,"comment_status":"closed","ping_status":"closed","template":"","meta":{"footnotes":""},"jetpack_sharing_enabled":true,"_links":{"self":[{"href":"https:\/\/sk-dokument.no\/arsmelding-2016\/index.php?rest_route=\/wp\/v2\/pages\/92"}],"collection":[{"href":"https:\/\/sk-dokument.no\/arsmelding-2016\/index.php?rest_route=\/wp\/v2\/pages"}],"about":[{"href":"https:\/\/sk-dokument.no\/arsmelding-2016\/index.php?rest_route=\/wp\/v2\/types\/page"}],"author":[{"embeddable":true,"href":"https:\/\/sk-dokument.no\/arsmelding-2016\/index.php?rest_route=\/wp\/v2\/users\/2"}],"replies":[{"embeddable":true,"href":"https:\/\/sk-dokument.no\/arsmelding-2016\/index.php?rest_route=%2Fwp%2Fv2%2Fcomments&post=92"}],"version-history":[{"count":4,"href":"https:\/\/sk-dokument.no\/arsmelding-2016\/index.php?rest_route=\/wp\/v2\/pages\/92\/revisions"}],"predecessor-version":[{"id":1222,"href":"https:\/\/sk-dokument.no\/arsmelding-2016\/index.php?rest_route=\/wp\/v2\/pages\/92\/revisions\/1222"}],"up":[{"embeddable":true,"href":"https:\/\/sk-dokument.no\/arsmelding-2016\/index.php?rest_route=\/wp\/v2\/pages\/86"}],"wp:attachment":[{"href":"https:\/\/sk-dokument.no\/arsmelding-2016\/index.php?rest_route=%2Fwp%2Fv2%2Fmedia&parent=92"}],"curies":[{"name":"wp","href":"https:\/\/api.w.org\/{rel}","templated":true}]}}