{"id":95,"date":"2016-04-18T12:08:27","date_gmt":"2016-04-18T10:08:27","guid":{"rendered":"http:\/\/lab.zpirit.no\/sk-arsmelding\/?page_id=95"},"modified":"2017-04-28T13:46:53","modified_gmt":"2017-04-28T11:46:53","slug":"stord-i-ord-og-tal","status":"publish","type":"page","link":"https:\/\/sk-dokument.no\/arsmelding-2016\/?page_id=95","title":{"rendered":"9. STORD I ORD OG TAL"},"content":{"rendered":"<p>Byen Stord (Stord kommune) ligg i regionen Sunnhordland i Hordaland fylke. Stord kommune utgjer den s\u00f8rlege halvdelen av \u00f8ya Stord, i tillegg til dei mindre \u00f8yane Huglo og F\u00f8yno. Det utgjer eit samla areal p\u00e5 144 kvadratkilometer.<\/p>\n<p>Nord p\u00e5 \u00f8ya Stord ligg Fitjar kommune. N\u00e6raste by nord for Stord er Bergen, medan Haugesund og Stavanger er dei n\u00e6raste byane i s\u00f8r. Kommunesenteret Leirvik er regionsenter i Sunnhordland.<\/p>\n<p>Stord\u00a0har n\u00e6rleik til alt: fjell, sj\u00f8, skog, mark, kulturliv, handel, uteliv og idrettsliv. Naturskj\u00f8nne omgjevnader g\u00e5r hand i hand med urbane kvalitetar. Byen har sv\u00e6rt gode h\u00f8ve for samferdsle, med daglege flyavgangar til hovudstaden, og effektive kollektivsamband til Bergen, Haugesund og Stavanger.<\/p>\n<p>Folketalet var per 4. kvartal 2016: <strong>18 821<\/strong><\/p>\n<table>\n<thead>\n<tr>\n<th colspan=\"2\">Sysselsetjing 2016:<\/th>\n<\/tr>\n<\/thead>\n<tbody>\n<tr>\n<td>Tal p\u00e5 arbeidsplassar:<\/td>\n<td>Ca. 9 223<\/td>\n<\/tr>\n<tr>\n<td>Privat og offentleg tenesteyting:<\/td>\n<td>63,08 %<\/td>\n<\/tr>\n<tr>\n<td>Industri, bygg og anlegg:<\/td>\n<td>33,88 %<\/td>\n<\/tr>\n<tr>\n<td>Prim\u00e6rn\u00e6ringar:<\/td>\n<td>0,79 %<\/td>\n<\/tr>\n<tr>\n<td>Andre:<\/td>\n<td>2,24 %<\/td>\n<\/tr>\n<\/tbody>\n<\/table>\n<p>Stord kommune hadde ved utgangen av \u00e5ret 1065 \u00e5rsverk fordelt p\u00e5 totalt 1378 tilsette. B\u00e5de tal \u00e5rsverk og tal tilsette har auka i l\u00f8pet av 2016.<\/p>\n<p>&nbsp;<\/p>\n","protected":false},"excerpt":{"rendered":"<p>Byen Stord (Stord kommune) ligg i regionen Sunnhordland i Hordaland fylke. Stord kommune utgjer den s\u00f8rlege halvdelen av \u00f8ya Stord, i tillegg til dei mindre \u00f8yane Huglo og F\u00f8yno. Det utgjer eit samla areal p\u00e5 144 kvadratkilometer. Nord p\u00e5 \u00f8ya Stord ligg Fitjar kommune. N\u00e6raste by nord for Stord er Bergen, medan Haugesund og Stavanger<\/p>\n","protected":false},"author":2,"featured_media":0,"parent":0,"menu_order":9,"comment_status":"closed","ping_status":"closed","template":"","meta":{"footnotes":""},"jetpack_sharing_enabled":true,"_links":{"self":[{"href":"https:\/\/sk-dokument.no\/arsmelding-2016\/index.php?rest_route=\/wp\/v2\/pages\/95"}],"collection":[{"href":"https:\/\/sk-dokument.no\/arsmelding-2016\/index.php?rest_route=\/wp\/v2\/pages"}],"about":[{"href":"https:\/\/sk-dokument.no\/arsmelding-2016\/index.php?rest_route=\/wp\/v2\/types\/page"}],"author":[{"embeddable":true,"href":"https:\/\/sk-dokument.no\/arsmelding-2016\/index.php?rest_route=\/wp\/v2\/users\/2"}],"replies":[{"embeddable":true,"href":"https:\/\/sk-dokument.no\/arsmelding-2016\/index.php?rest_route=%2Fwp%2Fv2%2Fcomments&post=95"}],"version-history":[{"count":8,"href":"https:\/\/sk-dokument.no\/arsmelding-2016\/index.php?rest_route=\/wp\/v2\/pages\/95\/revisions"}],"predecessor-version":[{"id":1159,"href":"https:\/\/sk-dokument.no\/arsmelding-2016\/index.php?rest_route=\/wp\/v2\/pages\/95\/revisions\/1159"}],"wp:attachment":[{"href":"https:\/\/sk-dokument.no\/arsmelding-2016\/index.php?rest_route=%2Fwp%2Fv2%2Fmedia&parent=95"}],"curies":[{"name":"wp","href":"https:\/\/api.w.org\/{rel}","templated":true}]}}