{"id":96,"date":"2016-04-18T12:08:52","date_gmt":"2016-04-18T10:08:52","guid":{"rendered":"http:\/\/lab.zpirit.no\/sk-arsmelding\/?page_id=96"},"modified":"2017-04-21T13:52:49","modified_gmt":"2017-04-21T11:52:49","slug":"kommunestyret","status":"publish","type":"page","link":"https:\/\/sk-dokument.no\/arsmelding-2016\/?page_id=96","title":{"rendered":"11. KOMMUNESTYRET"},"content":{"rendered":"<p>Det er 35 representantar i Stord kommunestyre. I valperioden 2015-2019 er fordelinga mellom partia slik:<\/p>\n<p>H\u00f8gre: 6<br \/>\nSenterpartiet: 3<br \/>\nKristeleg Folkeparti: 3<br \/>\nVenstre: 1<br \/>\nMilj\u00f8partiet dei gr\u00f8ne: 1<br \/>\nArbeidarpartiet: 11<br \/>\nSosialistisk Venstreparti: 4<br \/>\nFramstegpartiet: 4<br \/>\nStordlisto: 2<\/p>\n","protected":false},"excerpt":{"rendered":"<p>Det er 35 representantar i Stord kommunestyre. I valperioden 2015-2019 er fordelinga mellom partia slik: H\u00f8gre: 6 Senterpartiet: 3 Kristeleg Folkeparti: 3 Venstre: 1 Milj\u00f8partiet dei gr\u00f8ne: 1 Arbeidarpartiet: 11 Sosialistisk Venstreparti: 4 Framstegpartiet: 4 Stordlisto: 2<\/p>\n","protected":false},"author":2,"featured_media":0,"parent":0,"menu_order":11,"comment_status":"closed","ping_status":"closed","template":"","meta":{"footnotes":""},"jetpack_sharing_enabled":true,"_links":{"self":[{"href":"https:\/\/sk-dokument.no\/arsmelding-2016\/index.php?rest_route=\/wp\/v2\/pages\/96"}],"collection":[{"href":"https:\/\/sk-dokument.no\/arsmelding-2016\/index.php?rest_route=\/wp\/v2\/pages"}],"about":[{"href":"https:\/\/sk-dokument.no\/arsmelding-2016\/index.php?rest_route=\/wp\/v2\/types\/page"}],"author":[{"embeddable":true,"href":"https:\/\/sk-dokument.no\/arsmelding-2016\/index.php?rest_route=\/wp\/v2\/users\/2"}],"replies":[{"embeddable":true,"href":"https:\/\/sk-dokument.no\/arsmelding-2016\/index.php?rest_route=%2Fwp%2Fv2%2Fcomments&post=96"}],"version-history":[{"count":11,"href":"https:\/\/sk-dokument.no\/arsmelding-2016\/index.php?rest_route=\/wp\/v2\/pages\/96\/revisions"}],"predecessor-version":[{"id":1113,"href":"https:\/\/sk-dokument.no\/arsmelding-2016\/index.php?rest_route=\/wp\/v2\/pages\/96\/revisions\/1113"}],"wp:attachment":[{"href":"https:\/\/sk-dokument.no\/arsmelding-2016\/index.php?rest_route=%2Fwp%2Fv2%2Fmedia&parent=96"}],"curies":[{"name":"wp","href":"https:\/\/api.w.org\/{rel}","templated":true}]}}