{"id":103,"date":"2016-09-28T12:14:25","date_gmt":"2016-09-28T10:14:25","guid":{"rendered":"http:\/\/sk-dokument.no\/budsjett-og-okonomiplan-2018-2021\/?page_id=103"},"modified":"2017-10-11T08:08:46","modified_gmt":"2017-10-11T06:08:46","slug":"politisk-2","status":"publish","type":"page","link":"https:\/\/sk-dokument.no\/budsjett-og-okonomiplan-2018-2021\/?page_id=103","title":{"rendered":"Politisk"},"content":{"rendered":"<p dir=\"LTR\" align=\"LEFT\"><span style=\"font-size: medium;\">Utgifter til politisk arbeid er vidaref\u00f8rt p\u00e5 2017-niv\u00e5. Det er sett av kr. 100 000 til disposisjon for formannskapet og kr. 350 000 til Komit\u00e9 for n\u00e6ring, milj\u00f8 og kultur til kultur- og n\u00e6ringstiltak, sj\u00e5 avsn 5.4. Det er lagt inn ein vekst i l\u00f8yvinga til kontrollutvalet p\u00e5 2,7 prosent. Den totale ramma for kontrollutvalet er kr.<\/span> <span style=\"font-size: medium;\">993 274.\u3000 Kontrollutvalet har i sitt budsjettforslag for 2018 foresl\u00e5tt ei ramme p\u00e5\u00a0kr. 1 016 413 (sj\u00e5 vedlegg). R\u00e5dmannen har p\u00e5 vanleg m\u00e5te handsama Kontrollutvalet som del av det samla kommunebudsjettet. <\/span><\/p>\n<p>&nbsp;<\/p>\n","protected":false},"excerpt":{"rendered":"<p>Utgifter til politisk arbeid er vidaref\u00f8rt p\u00e5 2017-niv\u00e5. Det er sett av kr. 100 000 til disposisjon for formannskapet og kr. 350 000 til Komit\u00e9 for n\u00e6ring, milj\u00f8 og kultur til kultur- og n\u00e6ringstiltak, sj\u00e5 avsn 5.4. Det er lagt inn ein vekst i l\u00f8yvinga til kontrollutvalet p\u00e5 2,7 prosent. Den totale ramma for kontrollutvalet<\/p>\n","protected":false},"author":4,"featured_media":0,"parent":91,"menu_order":1,"comment_status":"closed","ping_status":"closed","template":"","meta":{"footnotes":""},"jetpack_sharing_enabled":true,"_links":{"self":[{"href":"https:\/\/sk-dokument.no\/budsjett-og-okonomiplan-2018-2021\/index.php?rest_route=\/wp\/v2\/pages\/103"}],"collection":[{"href":"https:\/\/sk-dokument.no\/budsjett-og-okonomiplan-2018-2021\/index.php?rest_route=\/wp\/v2\/pages"}],"about":[{"href":"https:\/\/sk-dokument.no\/budsjett-og-okonomiplan-2018-2021\/index.php?rest_route=\/wp\/v2\/types\/page"}],"author":[{"embeddable":true,"href":"https:\/\/sk-dokument.no\/budsjett-og-okonomiplan-2018-2021\/index.php?rest_route=\/wp\/v2\/users\/4"}],"replies":[{"embeddable":true,"href":"https:\/\/sk-dokument.no\/budsjett-og-okonomiplan-2018-2021\/index.php?rest_route=%2Fwp%2Fv2%2Fcomments&post=103"}],"version-history":[{"count":5,"href":"https:\/\/sk-dokument.no\/budsjett-og-okonomiplan-2018-2021\/index.php?rest_route=\/wp\/v2\/pages\/103\/revisions"}],"predecessor-version":[{"id":966,"href":"https:\/\/sk-dokument.no\/budsjett-og-okonomiplan-2018-2021\/index.php?rest_route=\/wp\/v2\/pages\/103\/revisions\/966"}],"up":[{"embeddable":true,"href":"https:\/\/sk-dokument.no\/budsjett-og-okonomiplan-2018-2021\/index.php?rest_route=\/wp\/v2\/pages\/91"}],"wp:attachment":[{"href":"https:\/\/sk-dokument.no\/budsjett-og-okonomiplan-2018-2021\/index.php?rest_route=%2Fwp%2Fv2%2Fmedia&parent=103"}],"curies":[{"name":"wp","href":"https:\/\/api.w.org\/{rel}","templated":true}]}}