{"id":1065,"date":"2017-10-16T09:45:58","date_gmt":"2017-10-16T07:45:58","guid":{"rendered":"http:\/\/sk-dokument.no\/budsjett-og-okonomiplan-2018-2021\/?page_id=1065"},"modified":"2017-10-24T10:10:54","modified_gmt":"2017-10-24T08:10:54","slug":"sal-av-kart-plan-og-eigedomsdata-off-lov-%c2%a78-forskrift-%c2%a74","status":"publish","type":"page","link":"https:\/\/sk-dokument.no\/budsjett-og-okonomiplan-2018-2021\/?page_id=1065","title":{"rendered":"SAL AV KART-, PLAN- OG EIGEDOMSDATA (Off.lov \u00a78, forskrift \u00a74)"},"content":{"rendered":"<p><strong>\u00a7 1 Plan-, bygnings- og eigedomsinformasjon<\/strong><\/p>\n<p>Fylgjande produkt vert levert til sj\u00f8lvbetente nettportalar administrert av ulike forhandlarar, (f.eks. Ambita, Proconet eller Norkart). Desse bestemmer sj\u00f8lv prisane ut i marknaden.<\/p>\n<p>Ved leveranse fr\u00e5 kommunen utanom dei sj\u00f8lvbetente nettportalane tilkjem eit administrasjonsgebyr kr. 80,- pr. leveranse.<\/p>\n<table width=\"831\">\n<tbody>\n<tr>\n<td><strong>Produkt<\/strong><\/td>\n<td><strong>2018<\/strong><\/td>\n<\/tr>\n<tr>\n<td>S\u00f8knadspakke for byggje- og delesaker (Inneheld basiskart, naboliste, planopplysningar og naudsynte skjema)<\/td>\n<td>520<\/td>\n<\/tr>\n<tr>\n<td>Basiskart og naboliste &#8211; enkelttomt<\/td>\n<td>160<\/td>\n<\/tr>\n<tr>\n<td>Naboliste spesial for ansvarleg s\u00f8kjar (Til reguleringsplan, langs vegtrase o.l.)<\/td>\n<td>200<\/td>\n<\/tr>\n<tr>\n<td>Planopplysningar (Inneheld plankart, f\u00f8resegner og planinfo som pdf)<\/td>\n<td>360<\/td>\n<\/tr>\n<tr>\n<td>Ferdigattest\/mellombels bruksl\u00f8yve<\/td>\n<td>200<\/td>\n<\/tr>\n<tr>\n<td>Bygningsteikningar<\/td>\n<td>320<\/td>\n<\/tr>\n<td>Matrikkel kart med grenseskildring (Uttrekk fr\u00e5 matrikkelbrev med koordinatar)<\/td>\n<td>160<\/td>\n<\/tr>\n<tr>\n<td>Historisk m\u00e5lebrev<\/td>\n<td>160<\/td>\n<\/tr>\n<tr>\n<td>P\u00e5legg fr\u00e5 bygningsvesenet<\/td>\n<td>160<\/td>\n<\/tr>\n<tr>\n<td>Brannvern p\u00e5legg<\/td>\n<td>160<\/td>\n<\/tr>\n<tr>\n<td>Vedtekter seksjonssameige<\/td>\n<td>200<\/td>\n<\/tr>\n<tr>\n<td>Oppm\u00e5lingsstatus<\/td>\n<td>160<\/td>\n<\/tr>\n<tr>\n<td>Tilknyting veg, vatn, avlaup<\/td>\n<td>160<\/td>\n<\/tr>\n<tr>\n<td>Kommunale avgifter og eigedomsskatt<\/td>\n<td>200<\/td>\n<\/tr>\n<tr>\n<td>Restansar og legalpant<\/td>\n<td>160<\/td>\n<\/tr>\n<\/tbody>\n<\/table>\n<p><strong>\u00a7 2 Utskrift og kopiering\/skanning p\u00e5 storformat (A2, A1, A0)<\/strong><\/p>\n<table width=\"599\">\n<tbody>\n<tr>\n<td width=\"520\"><strong>For f\u00f8rste utskrift eller kopi\/Skanning: <\/strong><\/td>\n<td width=\"79\"><strong>2018<\/strong><\/td>\n<\/tr>\n<tr>\n<td width=\"520\">A2\/A1\/A0<\/td>\n<td width=\"79\">250<\/td>\n<\/tr>\n<tr>\n<td width=\"520\">Pr utskrift eller kopi utover f\u00f8rste, uansett st\u00f8rrelse<\/td>\n<td width=\"79\">50<\/td>\n<\/tr>\n<\/tbody>\n<\/table>\n<p><strong>\u00a7 3 Digitale kartdata <\/strong><\/p>\n<p>Grunnkart med detaljert h\u00f8gde, inklusive eigedomskart vert prisa etter Statens Kartverk sin priskalkulator basert p\u00e5 areal og befolkning. Minimumspris kr 1000,-<\/p>\n<p>Data vert levert p\u00e5 SOSI-format. Kommunen kan ogs\u00e5 levere p\u00e5 DXF\/DWG-format mot eit tilretteleggingsgebyr kr. 100,- pr. tinging.<\/p>\n<p><strong>\u00a7 4 Digitale plandata <\/strong><\/p>\n<p>SOSI-, DXF-, eller DWG-format av eksisterande digitale planar, inkl. tilh\u00f8yrande f\u00f8resegner i word-format.<\/p>\n<table width=\"786\">\n<tbody>\n<tr>\n<td><strong>Digitale plandata<\/strong><\/td>\n<td><strong>2018<\/strong><\/td>\n<\/tr>\n<tr>\n<td>Digitale planar i Euref-koordinatar \u2013 pr. plan<\/td>\n<td>400<\/td>\n<\/tr>\n<tr>\n<td>Digitale planar i NGO-koordinatar \u2013 vert tilrettelagt for transformasjon til Euref. Vert fakturert etter medg\u00e5tt tid, jf. pkt. 1.2.1 \u00a79.   Minstegebyr: 2 timer<\/td>\n<td>*<\/td>\n<\/tr>\n<\/tbody>\n<\/table>\n<p><strong>\u00a7 5 <\/strong><strong>Betalingsreglar<\/strong><\/p>\n<p>Det vert rekna meirverdiavgift av alle gebyr under punkt 1.2.6<\/p>\n","protected":false},"excerpt":{"rendered":"<p>\u00a7 1 Plan-, bygnings- og eigedomsinformasjon Fylgjande produkt vert levert til sj\u00f8lvbetente nettportalar administrert av ulike forhandlarar, (f.eks. Ambita, Proconet eller Norkart). Desse bestemmer sj\u00f8lv prisane ut i marknaden. Ved leveranse fr\u00e5 kommunen utanom dei sj\u00f8lvbetente nettportalane tilkjem eit administrasjonsgebyr kr. 80,- pr. leveranse. Produkt 2018 S\u00f8knadspakke for byggje- og delesaker (Inneheld basiskart, naboliste, planopplysningar<\/p>\n","protected":false},"author":13,"featured_media":0,"parent":287,"menu_order":6,"comment_status":"closed","ping_status":"closed","template":"","meta":{"footnotes":""},"jetpack_sharing_enabled":true,"_links":{"self":[{"href":"https:\/\/sk-dokument.no\/budsjett-og-okonomiplan-2018-2021\/index.php?rest_route=\/wp\/v2\/pages\/1065"}],"collection":[{"href":"https:\/\/sk-dokument.no\/budsjett-og-okonomiplan-2018-2021\/index.php?rest_route=\/wp\/v2\/pages"}],"about":[{"href":"https:\/\/sk-dokument.no\/budsjett-og-okonomiplan-2018-2021\/index.php?rest_route=\/wp\/v2\/types\/page"}],"author":[{"embeddable":true,"href":"https:\/\/sk-dokument.no\/budsjett-og-okonomiplan-2018-2021\/index.php?rest_route=\/wp\/v2\/users\/13"}],"replies":[{"embeddable":true,"href":"https:\/\/sk-dokument.no\/budsjett-og-okonomiplan-2018-2021\/index.php?rest_route=%2Fwp%2Fv2%2Fcomments&post=1065"}],"version-history":[{"count":5,"href":"https:\/\/sk-dokument.no\/budsjett-og-okonomiplan-2018-2021\/index.php?rest_route=\/wp\/v2\/pages\/1065\/revisions"}],"predecessor-version":[{"id":1490,"href":"https:\/\/sk-dokument.no\/budsjett-og-okonomiplan-2018-2021\/index.php?rest_route=\/wp\/v2\/pages\/1065\/revisions\/1490"}],"up":[{"embeddable":true,"href":"https:\/\/sk-dokument.no\/budsjett-og-okonomiplan-2018-2021\/index.php?rest_route=\/wp\/v2\/pages\/287"}],"wp:attachment":[{"href":"https:\/\/sk-dokument.no\/budsjett-og-okonomiplan-2018-2021\/index.php?rest_route=%2Fwp%2Fv2%2Fmedia&parent=1065"}],"curies":[{"name":"wp","href":"https:\/\/api.w.org\/{rel}","templated":true}]}}