{"id":107,"date":"2016-09-28T12:14:25","date_gmt":"2016-09-28T10:14:25","guid":{"rendered":"http:\/\/sk-dokument.no\/budsjett-og-okonomiplan-2018-2021\/?page_id=107"},"modified":"2017-10-23T08:01:39","modified_gmt":"2017-10-23T06:01:39","slug":"administrasjon-interkommunal-innkjopsordning-fellesutgifter","status":"publish","type":"page","link":"https:\/\/sk-dokument.no\/budsjett-og-okonomiplan-2018-2021\/?page_id=107","title":{"rendered":"Administrasjon, interkommunal innkj\u00f8psordning, fellesutgifter"},"content":{"rendered":"<p dir=\"LTR\" align=\"LEFT\">Sunnhordland interkommunale innkj\u00f8psforum har for 2018 budsjettert med 200 prosent stillingsressurs. Stord kommune dekker 20 prosent av l\u00f8nskostnad for innkj\u00f8pssjef f\u00f8r fordeling av utgiftene til kommunane etter folketal. 40 prosent stillingsressurs er knytt opp til og finansiert over arbeid med investeringsprosjekt. Ordninga vert elles driven etter vertskommuneprinsippet. Innkj\u00f8pssamarbeida i Sunnhordland, p\u00e5 Haugalandet og \u00a0i Hardanger deler i tillegg l\u00f8nskostnader for 50%\u3000 felles driftsressurs av e-handel.<\/p>\n<p>&nbsp;<\/p>\n","protected":false},"excerpt":{"rendered":"<p>Sunnhordland interkommunale innkj\u00f8psforum har for 2018 budsjettert med 200 prosent stillingsressurs. Stord kommune dekker 20 prosent av l\u00f8nskostnad for innkj\u00f8pssjef f\u00f8r fordeling av utgiftene til kommunane etter folketal. 40 prosent stillingsressurs er knytt opp til og finansiert over arbeid med investeringsprosjekt. Ordninga vert elles driven etter vertskommuneprinsippet. Innkj\u00f8pssamarbeida i Sunnhordland, p\u00e5 Haugalandet og \u00a0i Hardanger<\/p>\n","protected":false},"author":4,"featured_media":0,"parent":91,"menu_order":2,"comment_status":"closed","ping_status":"closed","template":"","meta":{"footnotes":""},"jetpack_sharing_enabled":true,"_links":{"self":[{"href":"https:\/\/sk-dokument.no\/budsjett-og-okonomiplan-2018-2021\/index.php?rest_route=\/wp\/v2\/pages\/107"}],"collection":[{"href":"https:\/\/sk-dokument.no\/budsjett-og-okonomiplan-2018-2021\/index.php?rest_route=\/wp\/v2\/pages"}],"about":[{"href":"https:\/\/sk-dokument.no\/budsjett-og-okonomiplan-2018-2021\/index.php?rest_route=\/wp\/v2\/types\/page"}],"author":[{"embeddable":true,"href":"https:\/\/sk-dokument.no\/budsjett-og-okonomiplan-2018-2021\/index.php?rest_route=\/wp\/v2\/users\/4"}],"replies":[{"embeddable":true,"href":"https:\/\/sk-dokument.no\/budsjett-og-okonomiplan-2018-2021\/index.php?rest_route=%2Fwp%2Fv2%2Fcomments&post=107"}],"version-history":[{"count":6,"href":"https:\/\/sk-dokument.no\/budsjett-og-okonomiplan-2018-2021\/index.php?rest_route=\/wp\/v2\/pages\/107\/revisions"}],"predecessor-version":[{"id":1239,"href":"https:\/\/sk-dokument.no\/budsjett-og-okonomiplan-2018-2021\/index.php?rest_route=\/wp\/v2\/pages\/107\/revisions\/1239"}],"up":[{"embeddable":true,"href":"https:\/\/sk-dokument.no\/budsjett-og-okonomiplan-2018-2021\/index.php?rest_route=\/wp\/v2\/pages\/91"}],"wp:attachment":[{"href":"https:\/\/sk-dokument.no\/budsjett-og-okonomiplan-2018-2021\/index.php?rest_route=%2Fwp%2Fv2%2Fmedia&parent=107"}],"curies":[{"name":"wp","href":"https:\/\/api.w.org\/{rel}","templated":true}]}}