{"id":110,"date":"2016-09-28T12:14:25","date_gmt":"2016-09-28T10:14:25","guid":{"rendered":"http:\/\/sk-dokument.no\/budsjett-og-okonomiplan-2018-2021\/?page_id=110"},"modified":"2017-10-20T14:23:57","modified_gmt":"2017-10-20T12:23:57","slug":"overordna-planlegging-kommunal-planstrategi","status":"publish","type":"page","link":"https:\/\/sk-dokument.no\/budsjett-og-okonomiplan-2018-2021\/?page_id=110","title":{"rendered":"Overordna planlegging, kommunal planstrategi"},"content":{"rendered":"<p>Dei nasjonale forventningane til regional og kommunal planlegging legg vekt p\u00e5 raskare planprosessar for planlegging av bustad, n\u00e6ring og samferdsel. Klare overordna f\u00f8ringar for areal- og samfunnsutviklinga gjennom oppdaterte planar vil vera avgjerande for \u00e5 oppn\u00e5 dette.<\/p>\n<p>Kommunal planstrategi vart vedteken hausten 2016, og denne legg f\u00f8ringar for ressursbruk og prioriteringar for planarbeidet i kommunen. Grunna vakanse og utfordringar med \u00e5 rekruttere ny kommuneplanleggjar, har arbeidet ikkje hatt den framdrifta i 2017 ein hadde ynska. Kommunedelplan Sagv\u00e5g-Litlab\u00f8 er ikkje fullf\u00f8rt, og ein har ikkje vedteke planprogrammet for revisjonsarbeidet av den samla kommuneplanen, b\u00e5de arealdel og samfunnsdel der det ogs\u00e5 skal utarbeidast eigen n\u00e6rings- og sysselsetjingsstrategi. Ny kommuneplanleggjar er p\u00e5 plass fr\u00e5 1. desember 2017.<\/p>\n<p>Kommuneplanleggjaren arbeider tett med planavdelinga p\u00e5 eining for regulering, byggjesak og oppm\u00e5ling. R\u00e5dmannen ynskjer prim\u00e6rt at det meste av overordna kommuneplanlegging skal gjerast internt i organisasjonen d\u00e5 dette er av stor betydning for vidare forvaltning etter planane, samt har betydning for \u00e5 kunne ivareta eit godt fagmilj\u00f8 med naudsynt kompetanse innanfor kart- og planarbeid. Kommuneplanleggjaren skal ogs\u00e5 bist\u00e5 einingane med planfagleg kompetanse i dei ulike sektorplanane. Det hadde vore ynskjeleg med auka \u00f8konomiske ressursar til totalt planarbeid i kommunen, anten for \u00e5 kj\u00f8pe meir planarbeid eksternt, eller for \u00e5 auke eiga bemanning, men dette har ein ikkje funne rom for i budsjettet. Vi vil derfor ikkje i 2018 kunne ta att det etterslepet som ein no opplever p\u00e5 plansida i kommunen, eller klare framdrifta i gjeldande planstrategi. Av ressursar til overordna planarbeid er det ein heil stilling som kommuneplanleggjar i tillegg til kr 500\u00a0000 i prosjektmidlar.<\/p>\n<p>Kommunedelplan for ny E39 over Stord (Heiane \u2013 \u00c5dland) vart endeleg vedteken hausten 2017. Denne legg nye premiss for vidare utbygging og utvikling av kommunen, og det er viktig at kommunen er p\u00e5drivar for revisjon av kommuneplanen i 2018 for at denne skal bli tilpassa ny situasjon. Det b\u00f8r vidare arbeidast for rask realisering av ny E39 grunna arealbindingar\/ bindingar i infrastruktur til og fr\u00e5 tilgrensande areal. Vidare har ein behov for \u00e5 klargjere ein arealforvaltnings- strategi, nedfelt i plan, som kan leggje f\u00f8reseielege rammer for utviklinga av tenestetilboda elles i kommunen innanfor bl.a. oppvekst og helse og teknisk infrastruktur.<\/p>\n<p>Av anna overordna planarbeid\/ planarbeid med stor betydning for utviklinga av kommunen, kan nemnast at det i samband med utarbeiding av forslag til Stordpakke vert jobba med fleire st\u00f8rre reguleringsplanar i regi av vegvesenet. Statens vegvesen har f\u00e5tt planmidlar, og gjennomf\u00f8rt reguleringsplanarbeid for milj\u00f8gate gjennom Leirvik sentrum, strekning Vabakkjen \u2013 \u00f8vre S\u00e6 (inkludert kollektivterminal) og for gang\/sykkelveg fr\u00e5 Vabakkjen til Heiane inkl. rundkj\u00f8ring i Tveitakrysset. For 2018 har vegvesenet f\u00e5tt planmidlar for regulering av Litlab\u00f8vegen og til regulering av det nye tverrsambandet fr\u00e5 \u00f8vre S\u00e6 til Tysevegen. Dette arbeidet vert inkludert i ei omr\u00e5deregulering som inkluderer b\u00e5de tverrsambandet, prosesjonsvegen og tilgrensande areal inkludert m.a. \u00ab\u00c5sskogen\u00bb, jf sak i kommunestyret PS 16\/17. \u00a0Vidare p\u00e5g\u00e5r arbeidet i byregionprogrammet \u00abDen tette byen\u00bb der det vert utarbeidd ein moglegheitsstudie som vil utgjere eit viktig grunnlag for revisjon av kommunedelplan\/ omr\u00e5dereguleringsplan for Leirvik sentrum. \u00a0Omr\u00e5dereguleringa og arbeidet med moglegheitsstudien for Leirvik sentrum vil bli prioritert for 2018.<\/p>\n<p>&nbsp;<\/p>\n","protected":false},"excerpt":{"rendered":"<p>Dei nasjonale forventningane til regional og kommunal planlegging legg vekt p\u00e5 raskare planprosessar for planlegging av bustad, n\u00e6ring og samferdsel. Klare overordna f\u00f8ringar for areal- og samfunnsutviklinga gjennom oppdaterte planar vil vera avgjerande for \u00e5 oppn\u00e5 dette. Kommunal planstrategi vart vedteken hausten 2016, og denne legg f\u00f8ringar for ressursbruk og prioriteringar for planarbeidet i kommunen.<\/p>\n","protected":false},"author":4,"featured_media":0,"parent":91,"menu_order":5,"comment_status":"closed","ping_status":"closed","template":"","meta":{"footnotes":""},"jetpack_sharing_enabled":true,"_links":{"self":[{"href":"https:\/\/sk-dokument.no\/budsjett-og-okonomiplan-2018-2021\/index.php?rest_route=\/wp\/v2\/pages\/110"}],"collection":[{"href":"https:\/\/sk-dokument.no\/budsjett-og-okonomiplan-2018-2021\/index.php?rest_route=\/wp\/v2\/pages"}],"about":[{"href":"https:\/\/sk-dokument.no\/budsjett-og-okonomiplan-2018-2021\/index.php?rest_route=\/wp\/v2\/types\/page"}],"author":[{"embeddable":true,"href":"https:\/\/sk-dokument.no\/budsjett-og-okonomiplan-2018-2021\/index.php?rest_route=\/wp\/v2\/users\/4"}],"replies":[{"embeddable":true,"href":"https:\/\/sk-dokument.no\/budsjett-og-okonomiplan-2018-2021\/index.php?rest_route=%2Fwp%2Fv2%2Fcomments&post=110"}],"version-history":[{"count":4,"href":"https:\/\/sk-dokument.no\/budsjett-og-okonomiplan-2018-2021\/index.php?rest_route=\/wp\/v2\/pages\/110\/revisions"}],"predecessor-version":[{"id":1219,"href":"https:\/\/sk-dokument.no\/budsjett-og-okonomiplan-2018-2021\/index.php?rest_route=\/wp\/v2\/pages\/110\/revisions\/1219"}],"up":[{"embeddable":true,"href":"https:\/\/sk-dokument.no\/budsjett-og-okonomiplan-2018-2021\/index.php?rest_route=\/wp\/v2\/pages\/91"}],"wp:attachment":[{"href":"https:\/\/sk-dokument.no\/budsjett-og-okonomiplan-2018-2021\/index.php?rest_route=%2Fwp%2Fv2%2Fmedia&parent=110"}],"curies":[{"name":"wp","href":"https:\/\/api.w.org\/{rel}","templated":true}]}}