{"id":1105,"date":"2017-10-16T14:01:40","date_gmt":"2017-10-16T12:01:40","guid":{"rendered":"http:\/\/sk-dokument.no\/budsjett-og-okonomiplan-2018-2021\/?page_id=1105"},"modified":"2017-10-17T08:26:09","modified_gmt":"2017-10-17T06:26:09","slug":"okonomiske-handlingsreglar","status":"publish","type":"page","link":"https:\/\/sk-dokument.no\/budsjett-og-okonomiplan-2018-2021\/?page_id=1105","title":{"rendered":"\u00d8konomiske handlingsreglar"},"content":{"rendered":"<p>Kommunestyret vedtok f\u00f8lgjande \u00f8konomiske handlingsreglar 18. mai 2017 (sak 22\/17):<\/p>\n<ul>\n<li>Stord kommune har som m\u00e5l at netto driftsresultat skal tilsvara nettoinntekter fr\u00e5 eigedomsskatten, men har opning for at inntil 11% av eigedomsskatten kan brukast til verdibevarande vedlikehald og frivillige organisasjonar. Minimum netto driftsresultat skal vera 1,75% av driftsinntektene.<\/li>\n<li>Stord kommune har som m\u00e5lsetting \u00e5 byggja opp eit disposisjonsfond tilsvarande 2 prosent av driftsinntektene.<\/li>\n<li>Kommunestyret har som m\u00e5lsetting at premieavviket ikkje skal auka ut over niv\u00e5et ved \u00e5rsskiftet 2016-2017, maksimalt kr. 69,252 millionar.<\/li>\n<\/ul>\n<p>Budsjettforslaget er lagt opp i samsvar med desse handlingsreglane: 2,5 mill. kr eller ca. 6 prosent av eigedomsskatten er foresl\u00e5tt brukt\u00a0 til vedlikehald. Driftsresultatet er ca. 2 prosent, og budsjettforslaget legg opp til at kommunen i \u00f8konomiplanperioden byggjer opp eit disposisjonsfond p\u00e5 2 prosent (29,3 mill.\u00a0 2018-kroner). Premieavviket vil venteleg vera 66,971 mill. kr ved utgangen av 2017.<\/p>\n","protected":false},"excerpt":{"rendered":"<p>Kommunestyret vedtok f\u00f8lgjande \u00f8konomiske handlingsreglar 18. mai 2017 (sak 22\/17): Stord kommune har som m\u00e5l at netto driftsresultat skal tilsvara nettoinntekter fr\u00e5 eigedomsskatten, men har opning for at inntil 11% av eigedomsskatten kan brukast til verdibevarande vedlikehald og frivillige organisasjonar. Minimum netto driftsresultat skal vera 1,75% av driftsinntektene. Stord kommune har som m\u00e5lsetting \u00e5 byggja<\/p>\n","protected":false},"author":5,"featured_media":0,"parent":85,"menu_order":2,"comment_status":"closed","ping_status":"closed","template":"","meta":{"footnotes":""},"jetpack_sharing_enabled":true,"_links":{"self":[{"href":"https:\/\/sk-dokument.no\/budsjett-og-okonomiplan-2018-2021\/index.php?rest_route=\/wp\/v2\/pages\/1105"}],"collection":[{"href":"https:\/\/sk-dokument.no\/budsjett-og-okonomiplan-2018-2021\/index.php?rest_route=\/wp\/v2\/pages"}],"about":[{"href":"https:\/\/sk-dokument.no\/budsjett-og-okonomiplan-2018-2021\/index.php?rest_route=\/wp\/v2\/types\/page"}],"author":[{"embeddable":true,"href":"https:\/\/sk-dokument.no\/budsjett-og-okonomiplan-2018-2021\/index.php?rest_route=\/wp\/v2\/users\/5"}],"replies":[{"embeddable":true,"href":"https:\/\/sk-dokument.no\/budsjett-og-okonomiplan-2018-2021\/index.php?rest_route=%2Fwp%2Fv2%2Fcomments&post=1105"}],"version-history":[{"count":1,"href":"https:\/\/sk-dokument.no\/budsjett-og-okonomiplan-2018-2021\/index.php?rest_route=\/wp\/v2\/pages\/1105\/revisions"}],"predecessor-version":[{"id":1106,"href":"https:\/\/sk-dokument.no\/budsjett-og-okonomiplan-2018-2021\/index.php?rest_route=\/wp\/v2\/pages\/1105\/revisions\/1106"}],"up":[{"embeddable":true,"href":"https:\/\/sk-dokument.no\/budsjett-og-okonomiplan-2018-2021\/index.php?rest_route=\/wp\/v2\/pages\/85"}],"wp:attachment":[{"href":"https:\/\/sk-dokument.no\/budsjett-og-okonomiplan-2018-2021\/index.php?rest_route=%2Fwp%2Fv2%2Fmedia&parent=1105"}],"curies":[{"name":"wp","href":"https:\/\/api.w.org\/{rel}","templated":true}]}}