{"id":114,"date":"2016-09-28T12:14:25","date_gmt":"2016-09-28T10:14:25","guid":{"rendered":"http:\/\/sk-dokument.no\/budsjett-og-okonomiplan-2018-2021\/?page_id=114"},"modified":"2017-10-23T13:26:24","modified_gmt":"2017-10-23T11:26:24","slug":"kyrkjeleg-fellesrad","status":"publish","type":"page","link":"https:\/\/sk-dokument.no\/budsjett-og-okonomiplan-2018-2021\/?page_id=114","title":{"rendered":"Kyrkjeleg fellesr\u00e5d"},"content":{"rendered":"<p dir=\"LTR\" align=\"LEFT\">Driftstilskotet til Stord kyrkjelege fellesr\u00e5d er budsjettert med kr. 8 179 176. I tillegg kjem kr 90 000 til kremasjon. Det tilsvarar tilskotet for 2017, ikkje justert for l\u00f8ns- og prisauke. Kyrkja s\u00f8kjer om kr 8 353 366, i tillegg til kr 90 000 i kremasjonstilskot.<\/p>\n<p dir=\"LTR\" align=\"LEFT\">Kommunestyret innf\u00f8rte i 2008 ei ordning med eit tilskot p\u00e5 kr. 5 000 til etterletne som vel kremasjon, med siktem\u00e5l \u00e5 auka bruken av urnegraver. Tilskotet har dekka det meste av meirkostnaden med kremasjon framfor jordfesting, og utviklinga kan tyda p\u00e5 at ordninga har hatt ein effekt. Budsjettforslaget legg opp til ei innstramming ved at det vert lagt opp til at fellesr\u00e5det forvaltar ordninga innanfor ei ramme p\u00e5 90 000 kr. Det var i 2016 sett ned 16 urner. Dersom fellesr\u00e5det t.d. ventar at det skal settast ned 30 urner i 2018 vil budsjettramma tillata eit tilskot p\u00e5 kr 3 000 til etterletne som vel kremasjon.<\/p>\n<p dir=\"LTR\" align=\"LEFT\">Den nye gravplassen i Frugarden med 500 plassar vart teken i bruk i 2014. Statens vegvesen har sett rekkjef\u00f8lgjekrav slik at ein berre kan ta i bruk 500 graver f\u00f8r prosesjonsveg er ferdig opparbeidd. Det er l\u00f8yvd kr 400 000 til planlegging og m\u00e5lsettinga er \u00e5 ferdigstilla planarbeidet i 2018. Det ligg inne 3,5 mill. kr. til gjennomf\u00f8ring av prosjektet i 2019.<\/p>\n<p dir=\"LTR\" align=\"LEFT\">Det er p\u00e5 investeringsbudsjettet sett av 1,5 mill. kr. kvart \u00e5r til vidare rehabilitering av kyrkjene og 0,2 mill. kr. til utstyr. Budsjettframlegget har ikkje funne rom for \u00e5 auka desse l\u00f8yvinga med h\u00f8vesvis 0,95 og 0,15 mill. kr. slik kyrkja s\u00f8kjer om.<\/p>\n<p>&nbsp;<\/p>\n","protected":false},"excerpt":{"rendered":"<p>Driftstilskotet til Stord kyrkjelege fellesr\u00e5d er budsjettert med kr. 8 179 176. I tillegg kjem kr 90 000 til kremasjon. Det tilsvarar tilskotet for 2017, ikkje justert for l\u00f8ns- og prisauke. Kyrkja s\u00f8kjer om kr 8 353 366, i tillegg til kr 90 000 i kremasjonstilskot. Kommunestyret innf\u00f8rte i 2008 ei ordning med eit tilskot<\/p>\n","protected":false},"author":4,"featured_media":0,"parent":91,"menu_order":6,"comment_status":"closed","ping_status":"closed","template":"","meta":{"footnotes":""},"jetpack_sharing_enabled":true,"_links":{"self":[{"href":"https:\/\/sk-dokument.no\/budsjett-og-okonomiplan-2018-2021\/index.php?rest_route=\/wp\/v2\/pages\/114"}],"collection":[{"href":"https:\/\/sk-dokument.no\/budsjett-og-okonomiplan-2018-2021\/index.php?rest_route=\/wp\/v2\/pages"}],"about":[{"href":"https:\/\/sk-dokument.no\/budsjett-og-okonomiplan-2018-2021\/index.php?rest_route=\/wp\/v2\/types\/page"}],"author":[{"embeddable":true,"href":"https:\/\/sk-dokument.no\/budsjett-og-okonomiplan-2018-2021\/index.php?rest_route=\/wp\/v2\/users\/4"}],"replies":[{"embeddable":true,"href":"https:\/\/sk-dokument.no\/budsjett-og-okonomiplan-2018-2021\/index.php?rest_route=%2Fwp%2Fv2%2Fcomments&post=114"}],"version-history":[{"count":8,"href":"https:\/\/sk-dokument.no\/budsjett-og-okonomiplan-2018-2021\/index.php?rest_route=\/wp\/v2\/pages\/114\/revisions"}],"predecessor-version":[{"id":1265,"href":"https:\/\/sk-dokument.no\/budsjett-og-okonomiplan-2018-2021\/index.php?rest_route=\/wp\/v2\/pages\/114\/revisions\/1265"}],"up":[{"embeddable":true,"href":"https:\/\/sk-dokument.no\/budsjett-og-okonomiplan-2018-2021\/index.php?rest_route=\/wp\/v2\/pages\/91"}],"wp:attachment":[{"href":"https:\/\/sk-dokument.no\/budsjett-og-okonomiplan-2018-2021\/index.php?rest_route=%2Fwp%2Fv2%2Fmedia&parent=114"}],"curies":[{"name":"wp","href":"https:\/\/api.w.org\/{rel}","templated":true}]}}