{"id":126,"date":"2016-09-28T12:14:25","date_gmt":"2016-09-28T10:14:25","guid":{"rendered":"http:\/\/sk-dokument.no\/budsjett-og-okonomiplan-2018-2021\/?page_id=126"},"modified":"2017-10-26T09:52:40","modified_gmt":"2017-10-26T07:52:40","slug":"barnehagar","status":"publish","type":"page","link":"https:\/\/sk-dokument.no\/budsjett-og-okonomiplan-2018-2021\/?page_id=126","title":{"rendered":"Barnehage"},"content":{"rendered":"<table>\n<tbody>\n<tr>\n<td>M\u00c5LEKART BARNEHAGE<\/td>\n<td>M\u00c5L 2018<\/td>\n<td><\/td>\n<td><\/td>\n<td><\/td>\n<td><\/td>\n<\/tr>\n<tr>\n<td><\/td>\n<td><\/td>\n<td><\/td>\n<td><\/td>\n<td colspan=\"2\">Resultat prosent (SSB konsern)<\/td>\n<\/tr>\n<tr>\n<td><\/td>\n<td style=\"text-align: right;\">M\u00e5l 2018<\/td>\n<td style=\"text-align: right;\">Stord 2016<\/td>\n<td style=\"text-align: right;\">Stord 2015<\/td>\n<td style=\"text-align: right;\">Grp8 2016<\/td>\n<td style=\"text-align: right;\">Landet 2016<\/td>\n<\/tr>\n<tr>\n<td>Del tilsette menn i grunnbemanninga<\/td>\n<td style=\"text-align: right;\">&gt; 5,7<\/td>\n<td style=\"text-align: right;\">5,7<\/td>\n<td style=\"text-align: right;\">6,1<\/td>\n<td style=\"text-align: right;\">6,7<\/td>\n<td style=\"text-align: right;\">8,9<\/td>\n<\/tr>\n<tr>\n<td>Tal barn 1-5 \u00e5r med barnehageplass<\/td>\n<td style=\"text-align: right;\">94,2<\/td>\n<td style=\"text-align: right;\">94,2<\/td>\n<td style=\"text-align: right;\">93,4<\/td>\n<td style=\"text-align: right;\">90,9<\/td>\n<td style=\"text-align: right;\">91<\/td>\n<\/tr>\n<tr>\n<td>Tal barn korrigert for alder per \u00e5rsverk til basisverksemd i kommunale barnehagar<\/td>\n<td style=\"text-align: right;\">6,7<\/td>\n<td style=\"text-align: right;\">6,5<\/td>\n<td style=\"text-align: right;\">6,7<\/td>\n<td style=\"text-align: right;\">6,3<\/td>\n<td style=\"text-align: right;\">6,2<\/td>\n<\/tr>\n<tr>\n<td>Del styrarar og pedagogiske leiarar med barnehagel\u00e6rarutdanning<\/td>\n<td style=\"text-align: right;\">100<\/td>\n<td style=\"text-align: right;\">97,9<\/td>\n<td style=\"text-align: right;\">99,3<\/td>\n<td style=\"text-align: right;\">93,9<\/td>\n<td style=\"text-align: right;\">91,3<\/td>\n<\/tr>\n<tr>\n<td>Del tilsette med barnehagel\u00e6rarutdanning<\/td>\n<td style=\"text-align: right;\">&gt;44,0<\/td>\n<td style=\"text-align: right;\">39,9<\/td>\n<td style=\"text-align: right;\">39,3<\/td>\n<td style=\"text-align: right;\">37<\/td>\n<td style=\"text-align: right;\">35,6<\/td>\n<\/tr>\n<tr>\n<td>Del minoritetsspr\u00e5klege barn i barnehage av innvandrarbarn 1 \u2013 5 \u00e5r<\/td>\n<td style=\"text-align: right;\">&gt;94,2<\/td>\n<td style=\"text-align: right;\">73,7<\/td>\n<td style=\"text-align: right;\">82,3<\/td>\n<td style=\"text-align: right;\">74,2<\/td>\n<td style=\"text-align: right;\">76<\/td>\n<\/tr>\n<\/tbody>\n<\/table>\n<p dir=\"LTR\" align=\"LEFT\">Bemanningsnorma i dei kommunale barnehagane i Stord er i dag sett til \u00e5 vera eitt \u00e5rsverk per 6,7 barn korrigert for alder. Det har nyleg vore h\u00f8yring om innf\u00f8ring av ei sentral bemanningsnorm med framlegg om eitt \u00e5rsverk per 6 barn korrigert for alder. Dersom dette vert vedteke, vil det medf\u00f8ra ein auka kostnad i dei kommunale barnehagane p\u00e5 3,24 mill. per \u00e5r. Ein slik auke i l\u00f8nskostnadene i kommunale barnehagar vil medf\u00f8ra auka utbetaling i driftstilskot til private barnehagar med om lag 11,67 mill. per \u00e5r. Meirkostnaden totalt vert om lag 15 mill. per \u00e5r. Regjeringa sin ambisjonen var at bemanningsnorma skal tre i kraft fr\u00e5 august 2018. Det er ikkje teke h\u00f8gde for dette i budsjettet.<\/p>\n<p dir=\"LTR\" align=\"LEFT\">Det er ei nasjonal m\u00e5lsetting at menn skal utgjera 20 prosent av tilsette i barnehagen. Kommunen vil ogs\u00e5 i 2018 arbeida mot eit slikt m\u00e5l.<\/p>\n<p dir=\"LTR\" align=\"LEFT\">Talet p\u00e5 minoritetsspr\u00e5klege barn med barnehageplass i Stord kommune gjekk ned fr\u00e5 2015 til 2016. Dette er ei negativ utvikling d\u00e5 forsking viser at tidleg barnehagestart for minoritetsspr\u00e5klege barn gjer det lettare for dei \u00e5 lukkast i utdanningssystemet.<\/p>\n<p dir=\"LTR\" align=\"LEFT\"><strong>Barnehagen sitt hovudm\u00e5l<\/strong><br \/>\n<span lang=\"NO-NYN\">Barnehagane i Stord kommune skal vera inkluderande og ivareta barna sitt behov for omsorg og leik, og fremja mestring, utvikling, l\u00e6ring og danning som grunnlag for allsidig utvikling. Satsingsomr\u00e5da i 2018 er arbeid med utvikling av barna sin sosiale- og spr\u00e5klege kompetanse, betre tverrfagleg innsats for s\u00e5rbare barn og ein barnehage fri for krenkingar og mobbing der alle viser respekt og omtanke for kvarandre.<\/span><\/p>\n<p dir=\"LTR\" align=\"LEFT\"><strong>Arbeid med kvalitet<\/strong><br \/>\n<span lang=\"NO-NYN\">Stord kommune gjennomf\u00f8rer tilsyn med den enkelte barnehagane kvart tredje \u00e5r. Dette er ei kommunal oppg\u00e5ve, og ein viktig del av arbeidet med kvalitetsutvikling. <\/span><\/p>\n<p dir=\"LTR\" align=\"LEFT\">Dei kommunale barnehagane gjennomf\u00f8rer anna kvart \u00e5r ei brukarunders\u00f8king for \u00e5 kartleggja og utvikla kvaliteten i barnehagen. Dei har til no brukt KS sitt system for dette. Fr\u00e5 2018 skal dei ta i bruk utdanningsdirektoratet si brukarunders\u00f8king d\u00e5 den er oppdatert i h\u00f8ve ny rammeplan for barnehagen og er tilgjengeleg p\u00e5 fleire spr\u00e5k.<\/p>\n<p dir=\"LTR\" align=\"LEFT\">Barnehagane brukar Stafettloggen, eit dataverkt\u00f8y for \u00e5 letta overgangen mellom tenestene i samband med betre tverrfagleg innsats for s\u00e5rbare barn.<\/p>\n<p dir=\"LTR\" align=\"LEFT\">Det er i budsjett for 2018 lagt inn 0,16 mill. kr. til kj\u00f8p av IST Direkte til dei kommunale barnehagane og SFO. Dette er eit elektronisk verkt\u00f8y som skal bidra til lettare og meir effektiv informasjonsflyt mellom barnehage og heim.<\/p>\n<p dir=\"LTR\" align=\"LEFT\"><strong>Vidareutdanning og kompetanseheving for tilsette i barnehage<\/strong><br \/>\n<span lang=\"NO-NYN\">Det er stort fokus p\u00e5 \u00e5 fremja kvaliteten i barnehagane sentralt og lokalt. Personalet sin kompetanse er den viktigast enkeltfaktoren for at barn skal trivast og utvikla seg i barnehagen og for \u00e5 kunna realisera m\u00e5la i lov og rammeplan. For \u00e5 lukkast med dette treng barnehagane fagleg og pedagogisk sterke tilsette og kompetente og dyktige leiarar. \u00abKompetanse for framtidens barnehage \u2013 Strategi for kompetanse og rekruttering 2018-2022\u00bb er regjeringa sin strategi for mellom anna etter- og vidareutdanning for styrarar og tilsette i barnehagane. Dette barnehage\u00e5ret byrja fleire tilsette i kommunale barnehagar p\u00e5 vidareutdanning.<\/span><\/p>\n<p dir=\"LTR\" align=\"LEFT\">Fire barnehagar i kommunen, ein kommunal og tre private, skal i 2018-2019 delta i H\u00f8gskulen p\u00e5 Vestlandet, campus Stord, sitt forskingsprosjektet &laquo;Utvikling av berekraftige praksisar for digital teknologibruk innan spr\u00e5k og estetiske fag i barnehage&raquo; forkorta til DigiSus. Hovudm\u00e5let for prosjektet er \u00e5 utvikla og etablera eit kompetanserammeverk for barnehagel\u00e6rarar og deira l\u00e6rarar knytt til evaluering og implementering av berekraftige digitale praksisar som st\u00f8ttar opp om barn sine spr\u00e5klege og estetiske leike- og l\u00e6ringsprosessar i barnehagen.<\/p>\n<p dir=\"LTR\" align=\"LEFT\"><strong>Symjeoppl\u00e6ring for barnehagebarn<\/strong><br \/>\n<span lang=\"NO-NYN\">I 2015 vart det for fyrste gong sett av pengar i statsbudsjettet for \u00e5 gjennomf\u00f8ra symjeoppl\u00e6ring for barnehagebarn i alderen 4-6 \u00e5r. I 2017 fekk to private barnehagar i kommunen midlar til dette. Det er forventa at satsinga vert vidaref\u00f8rt i 2018. <\/span><\/p>\n<p dir=\"LTR\" align=\"LEFT\"><strong>Barnehageplassar, struktur og \u00f8konomi<\/strong><br \/>\n<span lang=\"NO-NYN\">I august 2015 vart talet p\u00e5 barnehageplassar i kommunen auka for \u00e5 kunna tilby plass til barn med rett til slik plass. Dette med bakgrunn i prognose laga av SSB i 2013. Prognosen synte ein forventa auke i tal f\u00f8rskulebarn p\u00e5 27 barn per \u00e5r i perioden 2015-2020. Prognosen slo ikkje til, og talet p\u00e5 f\u00f8rskulebarn gjekk ned. Sj\u00f8lv om fleire sm\u00e5 private barnehagar er lagt ned dei to siste \u00e5ra, er det framleis god tilgang p\u00e5 ledige plassar.<\/span><\/p>\n<p dir=\"LTR\" align=\"LEFT\">Med bakgrunn i arbeidet med \u00e5 redusera utgiftene til kommunen og \u00e5 auka effektiviteten i dei kommunale barnehagane, foresl\u00e5r r\u00e5dmannen \u00e5 leggja ned Sagv\u00e5g og Litlab\u00f8 barnehage si avdeling p\u00e5 Litlab\u00f8 fr\u00e5 august 2018. Dette d\u00e5 avdelinga held til i eit gamalt bygg som er ueigna for moderne barnehagedrift, og fordi driftskostnadane til avdelinga er h\u00f8gare enn i dei \u00f8vrige barnehagane.<\/p>\n<p dir=\"LTR\" align=\"LEFT\">Sagv\u00e5g og Litlab\u00f8 barnehage gjev i dag tilbod til 51 barn i alderen 1-5 \u00e5r. 15 av desse barna g\u00e5r i avdeling Litlab\u00f8 og resten i avdelinga i Nys\u00e6ter kyrkje. Dersom Sagv\u00e5g og Litlab\u00f8 barnehage si avdeling p\u00e5 Litlab\u00f8 vert lagt ned, vil barnehagen ha plass til om lag 34 barn n\u00e5r korrigert for alder. Eitt \u00e5rsverk styrar-\/administrasjonsressurs, som barnehagen har i dag, er mykje i ein s\u00e5 liten barnehage. R\u00e5dmannen r\u00e5r difor til \u00e5 sl\u00e5 saman Sagv\u00e5g og Litlab\u00f8 barnehage og Tj\u00f8dnalio barnehage og gje dei 1,5 \u00e5rsverk i styrar-\/administrasjonsressurs dersom avdelinga p\u00e5 Litlab\u00f8 vert lagt ned. Framlegg til mellombels namn p\u00e5 Tj\u00f8dnalio barnehage og Sagv\u00e5g og Litlab\u00f8 barnehagen er Sagv\u00e5g barnehage.<\/p>\n<p dir=\"LTR\" align=\"LEFT\">Samla vil nedlegging av Sagv\u00e5g og Litlab\u00f8 barnehage si avdeling p\u00e5 Litlab\u00f8 og redusert styrar-\/administrasjonsressurs gje ei innsparing p\u00e5 om lag 0,9 mill. kr. i 2018. P\u00e5 lengre sikt vil ei slik endring i organisering av kommunale barnehagar f\u00e5 st\u00f8rre betyding for ei meir \u00f8konomisk og effektivt drift.<\/p>\n<p dir=\"LTR\" align=\"LEFT\">Kommunestyret vedtok i Kommunedelplan barnehage 2015-2025 at den neste barnehageutbygginga skal skje i Sagv\u00e5g bydel, og at barnehagen skal st\u00e5 ferdig i 2018. Prognose fr\u00e5 SSB 2017 syner at kommunen treng fleire barnehageplassar i 2021. R\u00e5dmannen har lagt inn 57,4 mill. kr. til ny barnehage i \u00f8konomiplanen i 2020. Det kjem ei politisk sak i h\u00f8ve behov for fleire barnehageplassar og nytt barnehagebygg i byrjinga av 2018. I denne utgreiinga meiner r\u00e5dmannen at ein og skal vurdera barnehagestrukturen og organiseringa av kommunale barnehagar generelt i kommunen. D\u00f8me her er om kapasiteten i Trodlahaugen barnehage b\u00f8r overf\u00f8rast til den nye barnehagen i Sagv\u00e5g bydel. Dette mellom anna fordi Trodlahaugen barnehage ligg p\u00e5 ei myr og bygget sig. Kommunen b\u00f8r difor vurdera kor lenge ein kan driva barnehage der. St\u00f8rre barnehagar gjev ogs\u00e5 grunnlag for st\u00f8rre og betre fagmilj\u00f8 og meir effektiv drift.<\/p>\n<p dir=\"LTR\" align=\"LEFT\">Styrarane i barnehagane rapporterer om stadig aukande krav, oppg\u00e5ver og forventningar, fleire sm\u00e5 barn og h\u00f8gt sjukefr\u00e5v\u00e6r. Forslag til budsjett for 2018 er ei vidaref\u00f8ring av budsjett for 2017, og det er ikkje funne rom for ressursar til vikar. I budsjett for 2017 reduserte ein budsjettet til Skogatufto barnehage med ei avdeling hausten 2017. Det er ikkje lagt inn ressursar til \u00e5 opna denne avdelinga i 2018, og innsparinga her er p\u00e5 om lag 1,2 mill. kr. I summen har ein lagt til grunn ei avdeling med 9 sm\u00e5 barn, l\u00f8nn 1,5 mill. kr. og bortfall av inntekter 0,3 mill. kr. I overf\u00f8ring til private barnehagar vil ei avdeling med 9 sm\u00e5 barn ha ein kostnad p\u00e5 om lag 1,8 mill. kr. i tilskot. R\u00e5dmannen r\u00e5r til at Skogatufto barnehage g\u00e5r med ledig kapasitet, tilsvarande 9 sm\u00e5barnsplassar, i 2018 mellom anna for \u00e5 unng\u00e5 at mange sm\u00e5 barn utan rett til barnehageplass f\u00e5r slik plass.<\/p>\n<p dir=\"LTR\" align=\"LEFT\">I \u00f8konomiplanperioden er det lagt inn 0,5 mill. kr. \u00e5rleg til utstyr til fordeling i barnehagane.<\/p>\n<p dir=\"LTR\" align=\"LEFT\"><span lang=\"EN\">\u00a0<strong>Tilskot til ikkje-kommunale barnehagar <\/strong><\/span><\/p>\n<p><span style=\"color: #323232; font-family: Verdana;\">Kommunen gjev tilskot til drift av godkjente ikkje-kommunale barnehagar i kommunen. I budsjettet for 2018 er det lagt inn 124,6 mill. kr. til dette f\u00f8rem\u00e5let. Tilskotet er rekna ut tilsvarande 100 prosent av kostnadane per barn i kommunale barnehagar og vert fastsett ut fr\u00e5 rekneskapstal for 2016 justert for l\u00f8ns- og prisvekst. F\u00f8rebels tilskot for barn 0-2 \u00e5r vert i 2018 kr.\u00a0199 049\u00a0og for barn 3-6 \u00e5r kr. 95 249.<\/span><\/p>\n<p dir=\"LTR\" align=\"LEFT\">I budsjett for 2018 har ein lagt til grunn talet barn i private barnehagar i 2017, som er noko f\u00e6rre barn enn i 2016. Forslaget legg til grunn tildelte plassar p\u00e5 budsjetteringstidspunktet. Ein svakheit her er at dette f\u00f8reset ledig kapasitet i private barnehagar, som har inntak fortl\u00f8pande.<\/p>\n<p dir=\"LTR\" align=\"LEFT\">Maksimalprisen for foreldrebetaling vart i framlegg til statsbudsjettet sett til kr. 2 910 per m\u00e5nad fr\u00e5 1.1.2018.<\/p>\n<p>&nbsp;<\/p>\n","protected":false},"excerpt":{"rendered":"<p>M\u00c5LEKART BARNEHAGE M\u00c5L 2018 Resultat prosent (SSB konsern) M\u00e5l 2018 Stord 2016 Stord 2015 Grp8 2016 Landet 2016 Del tilsette menn i grunnbemanninga &gt; 5,7 5,7 6,1 6,7 8,9 Tal barn 1-5 \u00e5r med barnehageplass 94,2 94,2 93,4 90,9 91 Tal barn korrigert for alder per \u00e5rsverk til basisverksemd i kommunale barnehagar 6,7 6,5 6,7<\/p>\n","protected":false},"author":4,"featured_media":0,"parent":122,"menu_order":2,"comment_status":"closed","ping_status":"closed","template":"","meta":{"footnotes":""},"jetpack_sharing_enabled":true,"_links":{"self":[{"href":"https:\/\/sk-dokument.no\/budsjett-og-okonomiplan-2018-2021\/index.php?rest_route=\/wp\/v2\/pages\/126"}],"collection":[{"href":"https:\/\/sk-dokument.no\/budsjett-og-okonomiplan-2018-2021\/index.php?rest_route=\/wp\/v2\/pages"}],"about":[{"href":"https:\/\/sk-dokument.no\/budsjett-og-okonomiplan-2018-2021\/index.php?rest_route=\/wp\/v2\/types\/page"}],"author":[{"embeddable":true,"href":"https:\/\/sk-dokument.no\/budsjett-og-okonomiplan-2018-2021\/index.php?rest_route=\/wp\/v2\/users\/4"}],"replies":[{"embeddable":true,"href":"https:\/\/sk-dokument.no\/budsjett-og-okonomiplan-2018-2021\/index.php?rest_route=%2Fwp%2Fv2%2Fcomments&post=126"}],"version-history":[{"count":12,"href":"https:\/\/sk-dokument.no\/budsjett-og-okonomiplan-2018-2021\/index.php?rest_route=\/wp\/v2\/pages\/126\/revisions"}],"predecessor-version":[{"id":1611,"href":"https:\/\/sk-dokument.no\/budsjett-og-okonomiplan-2018-2021\/index.php?rest_route=\/wp\/v2\/pages\/126\/revisions\/1611"}],"up":[{"embeddable":true,"href":"https:\/\/sk-dokument.no\/budsjett-og-okonomiplan-2018-2021\/index.php?rest_route=\/wp\/v2\/pages\/122"}],"wp:attachment":[{"href":"https:\/\/sk-dokument.no\/budsjett-og-okonomiplan-2018-2021\/index.php?rest_route=%2Fwp%2Fv2%2Fmedia&parent=126"}],"curies":[{"name":"wp","href":"https:\/\/api.w.org\/{rel}","templated":true}]}}