{"id":1268,"date":"2017-10-23T14:27:00","date_gmt":"2017-10-23T12:27:00","guid":{"rendered":"http:\/\/sk-dokument.no\/budsjett-og-okonomiplan-2018-2021\/?page_id=1268"},"modified":"2017-10-23T14:27:00","modified_gmt":"2017-10-23T12:27:00","slug":"sunnhordland-museum-og-sunnhordland-maritime-museum","status":"publish","type":"page","link":"https:\/\/sk-dokument.no\/budsjett-og-okonomiplan-2018-2021\/?page_id=1268","title":{"rendered":"Sunnhordland museum og Sunnhordland maritime museum"},"content":{"rendered":"<p>Kommunestyret fatta 16. februar 2017 slikt vedtak:<\/p>\n<ol>\n<li>Stord kommunestyre verdset det arbeidet som gjennom mange \u00e5r er lagt ned for \u00e5 ta vare p\u00e5 regionen sin maritime kulturarv.<\/li>\n<li>Stiftinga Stord maritime museum (SMM) f\u00e5r frist til 1. oktober 2017 for \u00e5 fremja eit alternativt driftsopplegg. Kommunestyret f\u00f8reset at eit slikt opplegg omfattar eit betydeleg redusert kommunalt tilskot, og at det i tillegg til budsjett skisserer eit opplegg for fageleg og administrativ tilknyting og trong for deponi. Stord kommune kan vurdera \u00e5 medverka til \u00e5 sikra deler av samlingane gjennom \u00e5 stilla til r\u00e5dvelde deponi. SMM m\u00e5 ogs\u00e5 tydeleggjera kva som skal inng\u00e5 i samlinga, kva som vil bli presentert for publikum samt kva del av historia som vert formidla. Kommunestyret vil betala husleige for leigeforholdet p\u00e5 Nattrutekaien til og med 31. oktober 2017 og legg til grunn at Stiftinga Stord maritime museum seier opp leigeforholdet med Nattrutekaien AS.<\/li>\n<li>Kommunestyret ber samstundes SMM om \u00e5 vurdera grunnlaget for stiftinga og g\u00e5va fr\u00e5 Oma-familien p\u00e5 bakgrunn av at det ikkje lenger ligg f\u00f8re eit samarbeid med Sunnhordland museum. Stord kommune er opne for \u00e5 vurdera anna framtidig organisering enn dagens eigarstifting.<\/li>\n<li>Stord kommune er, som vertskommune for Sunnhordland museum, oppteken av at museet har tenelege rammer for drift og utvikling. Kommunestyret er innstilt p\u00e5 \u00e5 vidaref\u00f8ra driftsst\u00f8tta p\u00e5 dagens niv\u00e5, tilsvarande \u00f8yremerka tilskot til stilling som museumsr\u00e5dgjevar. Stord kommune vil utm\u00e5le framtidig generelt driftstilskot til museet ved rullering av framtidige budsjett og \u00f8konomiplanar.<\/li>\n<li>Stord kommune er sv\u00e6rt n\u00f8gd med at fylkeskommunen vil g\u00e5 gjennom drifta av Sunnhordland Museum som grunnlag for \u00e5 vurdere tiltak for ei monaleg styrking og utvikling av organisasjonen. Kommunestyret oppmodar om at det blir etablert nye samarbeidsformer med det profesjonelle regionale museet der det vert utvikla gode lokale ordningar for friviljuge som arbeider med kulturhistorisk samlingsarbeid. Kommunestyret er oppteken av at v\u00e5r maritime og industrielle historie vert synt fram i full breidde p\u00e5 Stord, og ynskjer \u00e5 bidra konstruktivt til dette.<\/li>\n<\/ol>\n<p>Stord maritime museum fremja 13. september 2017 ein alternativ driftsmodell. Stord maritime museum s\u00f8kjer kommunen om kr 350\u00a0000 i driftsst\u00f8nad for 2018, og varslar at dei vil koma attende med tilsvarande s\u00f8knad for 2019 og 2020. R\u00e5dmannen har ikkje funne rom for \u00e5 im\u00f8tekoma s\u00f8knaden.<\/p>\n<p>Det m\u00e5 gjerast ei avklaring i h\u00f8ve museumssamlinga, g\u00e5va fr\u00e5 Oma-familien, b\u00e5de i h\u00f8ve til nye rammevilk\u00e5r for samlinga og det at Sunnhordland museum skal ha \u00abtrekt seg\u00bb fr\u00e5 Stiftinga Stord maritime museum. Styret i stiftinga m\u00e5\u00a0 i f\u00f8rste omgang gjera ei vurdering av det, jf. pkt. 3 i vedtaket over.<\/p>\n<p>Det er framlegg om eit driftstilskot p\u00e5 kr 100\u00a0000 i tilskot til Sunnhordland museum for 2018. Sunnhordland museum s\u00f8kjer om kr 690\u00a0000. I tillegg s\u00f8kjer museet om \u00e5 sleppa \u00e5 betala straum og husleige for lagerlokale p\u00e5 Litlab\u00f8, som utgjer ei \u00e5rleg utgift p\u00e5 om lag kr 130\u00a0000.<\/p>\n","protected":false},"excerpt":{"rendered":"<p>Kommunestyret fatta 16. februar 2017 slikt vedtak: Stord kommunestyre verdset det arbeidet som gjennom mange \u00e5r er lagt ned for \u00e5 ta vare p\u00e5 regionen sin maritime kulturarv. Stiftinga Stord maritime museum (SMM) f\u00e5r frist til 1. oktober 2017 for \u00e5 fremja eit alternativt driftsopplegg. Kommunestyret f\u00f8reset at eit slikt opplegg omfattar eit betydeleg redusert<\/p>\n","protected":false},"author":5,"featured_media":0,"parent":134,"menu_order":1,"comment_status":"closed","ping_status":"closed","template":"","meta":{"footnotes":""},"jetpack_sharing_enabled":true,"_links":{"self":[{"href":"https:\/\/sk-dokument.no\/budsjett-og-okonomiplan-2018-2021\/index.php?rest_route=\/wp\/v2\/pages\/1268"}],"collection":[{"href":"https:\/\/sk-dokument.no\/budsjett-og-okonomiplan-2018-2021\/index.php?rest_route=\/wp\/v2\/pages"}],"about":[{"href":"https:\/\/sk-dokument.no\/budsjett-og-okonomiplan-2018-2021\/index.php?rest_route=\/wp\/v2\/types\/page"}],"author":[{"embeddable":true,"href":"https:\/\/sk-dokument.no\/budsjett-og-okonomiplan-2018-2021\/index.php?rest_route=\/wp\/v2\/users\/5"}],"replies":[{"embeddable":true,"href":"https:\/\/sk-dokument.no\/budsjett-og-okonomiplan-2018-2021\/index.php?rest_route=%2Fwp%2Fv2%2Fcomments&post=1268"}],"version-history":[{"count":1,"href":"https:\/\/sk-dokument.no\/budsjett-og-okonomiplan-2018-2021\/index.php?rest_route=\/wp\/v2\/pages\/1268\/revisions"}],"predecessor-version":[{"id":1269,"href":"https:\/\/sk-dokument.no\/budsjett-og-okonomiplan-2018-2021\/index.php?rest_route=\/wp\/v2\/pages\/1268\/revisions\/1269"}],"up":[{"embeddable":true,"href":"https:\/\/sk-dokument.no\/budsjett-og-okonomiplan-2018-2021\/index.php?rest_route=\/wp\/v2\/pages\/134"}],"wp:attachment":[{"href":"https:\/\/sk-dokument.no\/budsjett-og-okonomiplan-2018-2021\/index.php?rest_route=%2Fwp%2Fv2%2Fmedia&parent=1268"}],"curies":[{"name":"wp","href":"https:\/\/api.w.org\/{rel}","templated":true}]}}