{"id":128,"date":"2016-09-28T12:14:25","date_gmt":"2016-09-28T10:14:25","guid":{"rendered":"http:\/\/sk-dokument.no\/budsjett-og-okonomiplan-2018-2021\/?page_id=128"},"modified":"2017-10-24T09:25:28","modified_gmt":"2017-10-24T07:25:28","slug":"kulturskulen","status":"publish","type":"page","link":"https:\/\/sk-dokument.no\/budsjett-og-okonomiplan-2018-2021\/?page_id=128","title":{"rendered":"Kulturskulen"},"content":{"rendered":"<table style=\"width: 1156.82px;\">\n<tbody>\n<tr>\n<td style=\"width: 686px;\">M\u00c5LEKART KULTURSKULE<\/td>\n<td style=\"width: 66px;\"><\/td>\n<td style=\"width: 77px;\"><\/td>\n<td style=\"width: 76px;\"><\/td>\n<td style=\"width: 98px;\">Resultat prosent (SSB konsern)<\/td>\n<td style=\"width: 114.82px;\"><\/td>\n<\/tr>\n<tr>\n<td style=\"width: 686px;\"><\/td>\n<td style=\"width: 66px;\">M\u00e5l 2018<\/td>\n<td style=\"width: 77px;\">Stord 2016<\/td>\n<td style=\"width: 76px;\">Stord 2015<\/td>\n<td style=\"width: 98px;\">Grp 8 2016<\/td>\n<td style=\"width: 114.82px;\">Landet 2016<\/td>\n<\/tr>\n<tr>\n<td style=\"width: 686px;\">Del elevar i grunnskulealder i kommunens musikk- og kulturskule, av tall barn i grunnskulealder<\/td>\n<td style=\"width: 66px; text-align: right;\">&gt;25,0<\/td>\n<td style=\"width: 77px; text-align: right;\">20,8<\/td>\n<td style=\"width: 76px; text-align: right;\">20,6<\/td>\n<td style=\"width: 98px; text-align: right;\">14,9<\/td>\n<td style=\"width: 114.82px; text-align: right;\">14,2<\/td>\n<\/tr>\n<tr>\n<td style=\"width: 686px;\">Netto driftsutgifter til kommunale musikk- og kulturskular, per innbyggjar 6-15 \u00e5r<\/td>\n<td style=\"width: 66px; text-align: right;\">2 723<\/td>\n<td style=\"width: 77px; text-align: right;\">2 923<\/td>\n<td style=\"width: 76px; text-align: right;\">2 713<\/td>\n<td style=\"width: 98px; text-align: right;\">2 175<\/td>\n<td style=\"width: 114.82px; text-align: right;\">2 386<\/td>\n<\/tr>\n<tr>\n<td style=\"width: 686px;\">Netto driftsutgifter til kommunale musikk- og kulturskular, i prosent av samla netto driftsutgifter<\/td>\n<td style=\"width: 66px; text-align: right;\">0,8<\/td>\n<td style=\"width: 77px; text-align: right;\">0,8<\/td>\n<td style=\"width: 76px; text-align: right;\">0,8<\/td>\n<td style=\"width: 98px; text-align: right;\">0,6<\/td>\n<td style=\"width: 114.82px; text-align: right;\">0,5<\/td>\n<\/tr>\n<tr>\n<td style=\"width: 686px;\">Korrigerte brutto driftsutgifter til kommunale musikk- og kulturskular, per brukar<\/td>\n<td style=\"width: 66px; text-align: right;\">17 720<\/td>\n<td style=\"width: 77px; text-align: right;\">17 720<\/td>\n<td style=\"width: 76px; text-align: right;\">16 695<\/td>\n<td style=\"width: 98px; text-align: right;\">17 299<\/td>\n<td style=\"width: 114.82px; text-align: right;\">18 583<\/td>\n<\/tr>\n<\/tbody>\n<\/table>\n<p dir=\"LTR\" align=\"LEFT\">Stord kommune har god dekning i kulturskulen samanlikna med landet og kostragruppe 8. Tala syner at kommunen driv effektivt.<\/p>\n<p dir=\"LTR\" align=\"LEFT\">Stord kulturskule har som visjon \u00e5 vera eit sterkt\u3000kunstfagleg ressurssenter i Stord kommune. Kulturskuletilbodet har h\u00f8g fagleg kvalitet og representerer ei vesentleg fordjuping utover det obligatoriske skuleverket. Budsjettet for 2018 syner ei lita auke i inntektene til kulturskulen. Det er budsjettert med ei auke p\u00e5 2,6 prosent p\u00e5 brukarbetaling og sal av dirigenttenester m. m, samt administrasjonsgebyr p\u00e5 5 prosent p\u00e5 sal av tenester til andre kommunar. Det er og teke h\u00f8gde for innf\u00f8ring av friplassordning. Dette for at kulturskulen og skal kunna inkludera barn fr\u00e5 familiar med l\u00e5g inntekt. Vidare er det lagt inn sal av tenester til SFO. Det er ikkje lagt inn endringar i moderasjonsordninga. Samla sett har ein lagt inn ei forventa auke i inntekt p\u00e5 0,26 mill. kr. R\u00e5dmannen har i sitt forslag til budsjett lagt inn 0,2 mill.kr. til investeringar i utstyr i 2018.<\/p>\n<p dir=\"LTR\" align=\"LEFT\">Elevtalet i kulturskulen har dei siste \u00e5ra vore stabilt, og ligg i overkant av 600 elevar. Til saman har desse elevane n\u00e6rare 850 elevplassar (ein del elevar har fleire plassar). Grunna stilling som hausten 2017 st\u00e5r vakant, er det forventa noko h\u00f8gare elevtal i l\u00f8pet av 2018.<\/p>\n<p>&nbsp;<\/p>\n","protected":false},"excerpt":{"rendered":"<p>M\u00c5LEKART KULTURSKULE Resultat prosent (SSB konsern) M\u00e5l 2018 Stord 2016 Stord 2015 Grp 8 2016 Landet 2016 Del elevar i grunnskulealder i kommunens musikk- og kulturskule, av tall barn i grunnskulealder &gt;25,0 20,8 20,6 14,9 14,2 Netto driftsutgifter til kommunale musikk- og kulturskular, per innbyggjar 6-15 \u00e5r 2 723 2 923 2 713 2 175<\/p>\n","protected":false},"author":4,"featured_media":0,"parent":122,"menu_order":3,"comment_status":"closed","ping_status":"closed","template":"","meta":{"footnotes":""},"jetpack_sharing_enabled":true,"_links":{"self":[{"href":"https:\/\/sk-dokument.no\/budsjett-og-okonomiplan-2018-2021\/index.php?rest_route=\/wp\/v2\/pages\/128"}],"collection":[{"href":"https:\/\/sk-dokument.no\/budsjett-og-okonomiplan-2018-2021\/index.php?rest_route=\/wp\/v2\/pages"}],"about":[{"href":"https:\/\/sk-dokument.no\/budsjett-og-okonomiplan-2018-2021\/index.php?rest_route=\/wp\/v2\/types\/page"}],"author":[{"embeddable":true,"href":"https:\/\/sk-dokument.no\/budsjett-og-okonomiplan-2018-2021\/index.php?rest_route=\/wp\/v2\/users\/4"}],"replies":[{"embeddable":true,"href":"https:\/\/sk-dokument.no\/budsjett-og-okonomiplan-2018-2021\/index.php?rest_route=%2Fwp%2Fv2%2Fcomments&post=128"}],"version-history":[{"count":11,"href":"https:\/\/sk-dokument.no\/budsjett-og-okonomiplan-2018-2021\/index.php?rest_route=\/wp\/v2\/pages\/128\/revisions"}],"predecessor-version":[{"id":1457,"href":"https:\/\/sk-dokument.no\/budsjett-og-okonomiplan-2018-2021\/index.php?rest_route=\/wp\/v2\/pages\/128\/revisions\/1457"}],"up":[{"embeddable":true,"href":"https:\/\/sk-dokument.no\/budsjett-og-okonomiplan-2018-2021\/index.php?rest_route=\/wp\/v2\/pages\/122"}],"wp:attachment":[{"href":"https:\/\/sk-dokument.no\/budsjett-og-okonomiplan-2018-2021\/index.php?rest_route=%2Fwp%2Fv2%2Fmedia&parent=128"}],"curies":[{"name":"wp","href":"https:\/\/api.w.org\/{rel}","templated":true}]}}