{"id":130,"date":"2016-09-28T12:14:25","date_gmt":"2016-09-28T10:14:25","guid":{"rendered":"http:\/\/sk-dokument.no\/budsjett-og-okonomiplan-2018-2021\/?page_id=130"},"modified":"2017-10-24T09:05:29","modified_gmt":"2017-10-24T07:05:29","slug":"barnevern","status":"publish","type":"page","link":"https:\/\/sk-dokument.no\/budsjett-og-okonomiplan-2018-2021\/?page_id=130","title":{"rendered":"Barnevern"},"content":{"rendered":"<table>\n<tbody>\n<tr>\n<td>M\u00c5LEKART BARNEVERN<\/td>\n<td>M\u00c5L 2017<\/td>\n<td><\/td>\n<td><\/td>\n<td>Resultat<\/td>\n<td><\/td>\n<td><\/td>\n<\/tr>\n<tr>\n<td><\/td>\n<td>M\u00e5l 2017<\/td>\n<td>Stord 2015<\/td>\n<td>Stord 2014<\/td>\n<td>Stord 2013<\/td>\n<td>Grp.8 2015<\/td>\n<td>Landet 2015<\/td>\n<\/tr>\n<tr>\n<td>Del unders\u00f8kingar m handsamingstid over 3 mnd<\/td>\n<td>&lt;20<\/td>\n<td>26<\/td>\n<td>32<\/td>\n<td>21,8<\/td>\n<td>15<\/td>\n<td>17<\/td>\n<\/tr>\n<tr>\n<td>Del barn med tiltak per 31.12 med utarbeida plan<\/td>\n<td>&gt;100<\/td>\n<td>81<\/td>\n<td>75<\/td>\n<td>69<\/td>\n<td><\/td>\n<td>86<\/td>\n<\/tr>\n<tr>\n<td>Stillingar med fagutdanning, per barn 0-17 \u00e5r<\/td>\n<td>&gt;3,1<\/td>\n<td>3,1<\/td>\n<td>2,7<\/td>\n<td>2,9<\/td>\n<td>3,8<\/td>\n<td>4,3<\/td>\n<\/tr>\n<tr>\n<td><\/td>\n<\/tr>\n<\/tbody>\n<\/table>\n<p dir=\"LTR\" align=\"LEFT\">Handsaming av unders\u00f8kingar av barnevernet skal berre unntaksvis ta meir enn 3 m\u00e5nader, og ikkje over 6 m\u00e5nader. I tillegg skal alle barn med tiltak i barnevernet ha tiltaksplan.<\/p>\n<p dir=\"LTR\" align=\"LEFT\">Rett hjelp til rett tid og p\u00e5 rett stad er eit viktig m\u00e5l for tenesta. Barnevernet skal bidra til at barn og unge f\u00e5r trygge oppvekstvilk\u00e5r, og sikra at dei som lever under tilh\u00f8ve som kan skada helse og utvikling, f\u00e5r n\u00f8dvendig hjelp og omsorg. Brukarmedverknad, tidleg innsats og tverrfagleg samhandling er s\u00e6rlege fokusomr\u00e5de. Eit viktig m\u00e5l er \u00e5 halda talet p\u00e5 hasteflyttingar s\u00e5 l\u00e5gt som mogleg. I tillegg m\u00e5 tenesta syta for at barn som m\u00e5 flyttast ut av heimen f\u00e5r naudsynt hjelp og st\u00f8tte.<\/p>\n<p dir=\"LTR\" align=\"LEFT\">Meir effektiv sakshandsaming og utarbeiding av individuelle planar, samt betre systematisk oppf\u00f8lging av barn i fosterheimar, er viktige m\u00e5l for barnevernet. Omsynet til dei aktuelle barna, lovkrav, utvikling i tal meldingar, unders\u00f8kingar og tiltak aktualiserer desse m\u00e5la.<\/p>\n<p dir=\"LTR\" align=\"LEFT\">Det har over tid vore ei m\u00e5lsetting at barn skal f\u00e5 hjelp i eigen familie. Barnevernet ynskjer \u00e5 utvikla tilbod som byggjer p\u00e5 metodisk rettleiing som skal bidra til \u00e5 styrka f\u00f8resette si omsorgsevne. Tenesta har som m\u00e5l at barn over 12 \u00e5r som hovudsak skal f\u00e5 hjelp i heimen, framfor omsorgstiltak der dei m\u00e5 flytta.<\/p>\n<p dir=\"LTR\" align=\"LEFT\">Barnevernet har delteke i det kommunale prosjektet Betre tverrfagleg innsats (BTI) som mellom anna har som m\u00e5l \u00e5 bruka kommunen sine samla ressursar meir koordinert og heilskapleg i h\u00f8ve tilbod til utsette barn og familiar.<\/p>\n<p dir=\"LTR\" align=\"LEFT\">Internkontrollsystemet som tenesta har etablert skal syta f\u00f8r at tenesta har ein forsvarleg praksis og at ho vert dokumentert og kan etterpr\u00f8vast gjennom at rutinar vert f\u00f8lgd opp.<\/p>\n<p dir=\"LTR\" align=\"LEFT\">Barnevernstenesta har teke del i KS sitt effektiviseringsnettverk med fokus p\u00e5 utvikling av framtidas barnevern. Som ein del av arbeidet vil tenesta sluttf\u00f8ra arbeidet med ein tenesteanalyse som vil vera eit viktig grunnlag for vidare utvikling og prioriteringar i tenesta.<\/p>\n<p dir=\"LTR\" align=\"LEFT\">Budsjettet for 2018 byggjer p\u00e5 same aktivitetsniv\u00e5 som i 2017, og omfanget av tiltak er lagt inn med utgifter knytt til kjende vedtak per september 2017. Ein svakheit her er at det ikkje ligg inne ressursar til moglege nye vedtak i budsjettramma for 2018. Tenesta har det siste \u00e5ret registrert ei auke i tilmelde saker p\u00e5 om lag 30 prosent.<\/p>\n<p dir=\"LTR\" align=\"LEFT\">B\u00f8mlo, Fitjar og Stord inngjekk i 2008 avtale om interkommunalt barnevernssamarbeid. I samarbeidsavtalen st\u00e5r det at kommunane skal dela faste driftsutgifter etter tal barn og har \u00f8konomisk ansvar for tiltak overfor enkeltbarn i eigen kommune. Stord kommune har tidlegare ikkje kravd refusjon for administrative utgifter til l\u00f8ns- og personalarbeid, rekneskap, leiarressurs m.m. og r\u00e5dmannen har i budsjett for 2018 gjort eit p\u00e5slag for administrative kostnader p\u00e5 4 prosent, tilsaman ei auke i inntekt p\u00e5 0,3 mill. kr.<\/p>\n<p>&nbsp;<\/p>\n","protected":false},"excerpt":{"rendered":"<p>M\u00c5LEKART BARNEVERN M\u00c5L 2017 Resultat M\u00e5l 2017 Stord 2015 Stord 2014 Stord 2013 Grp.8 2015 Landet 2015 Del unders\u00f8kingar m handsamingstid over 3 mnd &lt;20 26 32 21,8 15 17 Del barn med tiltak per 31.12 med utarbeida plan &gt;100 81 75 69 86 Stillingar med fagutdanning, per barn 0-17 \u00e5r &gt;3,1 3,1 2,7 2,9<\/p>\n","protected":false},"author":4,"featured_media":0,"parent":122,"menu_order":5,"comment_status":"closed","ping_status":"closed","template":"","meta":{"footnotes":""},"jetpack_sharing_enabled":true,"_links":{"self":[{"href":"https:\/\/sk-dokument.no\/budsjett-og-okonomiplan-2018-2021\/index.php?rest_route=\/wp\/v2\/pages\/130"}],"collection":[{"href":"https:\/\/sk-dokument.no\/budsjett-og-okonomiplan-2018-2021\/index.php?rest_route=\/wp\/v2\/pages"}],"about":[{"href":"https:\/\/sk-dokument.no\/budsjett-og-okonomiplan-2018-2021\/index.php?rest_route=\/wp\/v2\/types\/page"}],"author":[{"embeddable":true,"href":"https:\/\/sk-dokument.no\/budsjett-og-okonomiplan-2018-2021\/index.php?rest_route=\/wp\/v2\/users\/4"}],"replies":[{"embeddable":true,"href":"https:\/\/sk-dokument.no\/budsjett-og-okonomiplan-2018-2021\/index.php?rest_route=%2Fwp%2Fv2%2Fcomments&post=130"}],"version-history":[{"count":6,"href":"https:\/\/sk-dokument.no\/budsjett-og-okonomiplan-2018-2021\/index.php?rest_route=\/wp\/v2\/pages\/130\/revisions"}],"predecessor-version":[{"id":1451,"href":"https:\/\/sk-dokument.no\/budsjett-og-okonomiplan-2018-2021\/index.php?rest_route=\/wp\/v2\/pages\/130\/revisions\/1451"}],"up":[{"embeddable":true,"href":"https:\/\/sk-dokument.no\/budsjett-og-okonomiplan-2018-2021\/index.php?rest_route=\/wp\/v2\/pages\/122"}],"wp:attachment":[{"href":"https:\/\/sk-dokument.no\/budsjett-og-okonomiplan-2018-2021\/index.php?rest_route=%2Fwp%2Fv2%2Fmedia&parent=130"}],"curies":[{"name":"wp","href":"https:\/\/api.w.org\/{rel}","templated":true}]}}