{"id":132,"date":"2016-09-28T12:14:25","date_gmt":"2016-09-28T10:14:25","guid":{"rendered":"http:\/\/sk-dokument.no\/budsjett-og-okonomiplan-2018-2021\/?page_id=132"},"modified":"2017-10-26T11:03:23","modified_gmt":"2017-10-26T09:03:23","slug":"komite-for-naering-miljo-og-kultur","status":"publish","type":"page","link":"https:\/\/sk-dokument.no\/budsjett-og-okonomiplan-2018-2021\/?page_id=132","title":{"rendered":"Komite for n\u00e6ring, milj\u00f8 og kultur"},"content":{"rendered":"<p>Det er f\u00f8reslege i om lag 1 mill. kr i tilskot\/driftsst\u00f8tte til kultur- og idrettsorganisasjonar m.m. i 2018 slik:<\/p>\n<table>\n<tbody>\n<tr>\n<td>Sunnhordland museum<\/td>\n<td>kr 100 000<\/td>\n<\/tr>\n<tr>\n<td>Friluftsr\u00e5det vest<\/td>\n<td>kr 325 192<\/td>\n<\/tr>\n<tr>\n<td>Stord sogelag<\/td>\n<td>kr 10 000<\/td>\n<\/tr>\n<tr>\n<td>Sunnhordland kammerorkester<\/td>\n<td>kr 25 000<\/td>\n<\/tr>\n<tr>\n<td>Teaterlaget<\/td>\n<td>kr 25 000<\/td>\n<\/tr>\n<tr>\n<td>Venskap Stord-Comalapa<\/td>\n<td>kr 20 000<\/td>\n<\/tr>\n<tr>\n<td>Tilskot til 17. maifeiring Leirvik, Sagv\u00e5g og Huglo<\/td>\n<td>kr 76 000<\/td>\n<\/tr>\n<tr>\n<td>Falturiltu barnebokfestival<\/td>\n<td>kr 100 000<\/td>\n<\/tr>\n<tr>\n<td>Gards- og \u00e6ttesoge<\/td>\n<td>kr 75 000<\/td>\n<\/tr>\n<tr>\n<td>Arrangementet 100 dagar<\/td>\n<td>kr 25 000<\/td>\n<\/tr>\n<\/tbody>\n<\/table>\n<p>Det er forslag om at Komit\u00e9 for n\u00e6ring, milj\u00f8 og kultur i tillegg f\u00e5r fullmakt til \u00e5 disponera kr 250 000 til kulturf\u00f8rem\u00e5l.<\/p>\n<p>\u00d8konomiplanen er f\u00f8lgt opp med ei l\u00f8yving p\u00e5 kr 400 000 til frivillige lag og organisasjonar finansiert over eigedomsskatten, fordelt med kr. 150 000 til idrettslaga og kr. 250 000 til andre lag og organisasjonar. L\u00f8yvinga skal fordelast etter retningsliner vedtekne av kommunestyret i sak PS 33\/17.<\/p>\n<p>&nbsp;<\/p>\n","protected":false},"excerpt":{"rendered":"<p>Det er f\u00f8reslege i om lag 1 mill. kr i tilskot\/driftsst\u00f8tte til kultur- og idrettsorganisasjonar m.m. i 2018 slik: Sunnhordland museum kr 100 000 Friluftsr\u00e5det vest kr 325 192 Stord sogelag kr 10 000 Sunnhordland kammerorkester kr 25 000 Teaterlaget kr 25 000 Venskap Stord-Comalapa kr 20 000 Tilskot til 17. maifeiring Leirvik, Sagv\u00e5g og<\/p>\n","protected":false},"author":4,"featured_media":0,"parent":0,"menu_order":9,"comment_status":"closed","ping_status":"closed","template":"","meta":{"footnotes":""},"jetpack_sharing_enabled":true,"_links":{"self":[{"href":"https:\/\/sk-dokument.no\/budsjett-og-okonomiplan-2018-2021\/index.php?rest_route=\/wp\/v2\/pages\/132"}],"collection":[{"href":"https:\/\/sk-dokument.no\/budsjett-og-okonomiplan-2018-2021\/index.php?rest_route=\/wp\/v2\/pages"}],"about":[{"href":"https:\/\/sk-dokument.no\/budsjett-og-okonomiplan-2018-2021\/index.php?rest_route=\/wp\/v2\/types\/page"}],"author":[{"embeddable":true,"href":"https:\/\/sk-dokument.no\/budsjett-og-okonomiplan-2018-2021\/index.php?rest_route=\/wp\/v2\/users\/4"}],"replies":[{"embeddable":true,"href":"https:\/\/sk-dokument.no\/budsjett-og-okonomiplan-2018-2021\/index.php?rest_route=%2Fwp%2Fv2%2Fcomments&post=132"}],"version-history":[{"count":14,"href":"https:\/\/sk-dokument.no\/budsjett-og-okonomiplan-2018-2021\/index.php?rest_route=\/wp\/v2\/pages\/132\/revisions"}],"predecessor-version":[{"id":1673,"href":"https:\/\/sk-dokument.no\/budsjett-og-okonomiplan-2018-2021\/index.php?rest_route=\/wp\/v2\/pages\/132\/revisions\/1673"}],"wp:attachment":[{"href":"https:\/\/sk-dokument.no\/budsjett-og-okonomiplan-2018-2021\/index.php?rest_route=%2Fwp%2Fv2%2Fmedia&parent=132"}],"curies":[{"name":"wp","href":"https:\/\/api.w.org\/{rel}","templated":true}]}}