{"id":134,"date":"2016-09-28T12:14:25","date_gmt":"2016-09-28T10:14:25","guid":{"rendered":"http:\/\/sk-dokument.no\/budsjett-og-okonomiplan-2018-2021\/?page_id=134"},"modified":"2017-10-23T16:05:38","modified_gmt":"2017-10-23T14:05:38","slug":"kulturtenester","status":"publish","type":"page","link":"https:\/\/sk-dokument.no\/budsjett-og-okonomiplan-2018-2021\/?page_id=134","title":{"rendered":"Kulturtenester"},"content":{"rendered":"<p dir=\"LTR\" align=\"LEFT\">Budsjettet til Kulturtenester er vidaref\u00f8rt p\u00e5 eit l\u00e5gare niv\u00e5 samanlikna med 2017. Som eit ytterlegare sparetiltak vil eininga ha ei ledig stilling fram til 1. august. Dette vil gje ei innsparing p\u00e5 kr.360 000.<\/p>\n<p dir=\"LTR\" align=\"LEFT\">Det er lagt inn ei forventing om inntektsauke i symjehallen p\u00e5 kr. 50 000, kr. 100 000 i kiosken og kr. 100\u3000000 p\u00e5 Stord kommunale kino. Tilskot til arbeidsgruppa som arbeider med busetnadssoga, tilskot til feiring av nasjonaldagen og tilskot til lag og organisasjonar er vidaref\u00f8rt p\u00e5 2017 niv\u00e5.<\/p>\n<p dir=\"LTR\" align=\"LEFT\">Kulturminneplanen skal reviderast og r\u00e5dmannen f\u00f8resl\u00e5r \u00e5 l\u00f8yve kr. 100 000 til arbeidet. Kommunen har i tillegg f\u00e5tt kr. 100\u3000000 fr\u00e5 Hordaland fylkeskommune og tilsegn fr\u00e5 riksantikvaren p\u00e5 tilsvarande sum. Kommunane har f\u00e5tt st\u00f8rre ansvar for kulturminnefeltet, m.a. innan \u00abtilskot til vern og v\u00f8ling av verneverdige bygg\u00bb og til \u00abtilskot til verna kulturminne i Hordaland\u00bb. Hovudendringa er at det no er kommunen som s\u00f8kjer fylkeskommunen om midlar og ikkje den einskilde eigar av kulturminne. Eigar av kulturminne s\u00f8kjer gjennom kommunen.<\/p>\n<p dir=\"LTR\" align=\"LEFT\">Stord Kulturhus er 40 \u00e5r i 2018 og Stord kommunale kino er 80 \u00e5r, men ein har ikkje funne \u00e5 kunna \u00f8yremerkja midlar til feiring av dette.<\/p>\n<p dir=\"LTR\" align=\"LEFT\">Budsjettet til fritidskontaktar er redusert med om lag kr. 0,2 mill.<\/p>\n<p dir=\"LTR\" align=\"LEFT\">R\u00e5dmannen gjer framlegg om at dei to kommunale fritidsklubbane, Litlab\u00f8 fritidsklubb i Litlab\u00f8- og Sagv\u00e5g samfunnshus og Harri fritidsklubb i Utbygdo grendahus vert lagt ned n\u00e5r dei avsluttar v\u00e5rhalv\u00e5ret 16. mai 2018. Dette vil gje ei innsparing i 2018 p\u00e5 kr. 300 000, med ein \u00e5rsverknad p\u00e5 kr. 755 000. Kommunen lyt og sei opp husleigeavtalane med dei to husv\u00e6ra, noko som p\u00e5 sikt vil gje ei \u00e5rleg innsparing p\u00e5 kr. 152 000. Langsiktige leigeavtalar medf\u00f8rer at dette ikkje vil f\u00e5 effekt f\u00f8r tidlegast 2019. Fritidskubbane har ope m\u00e5ndag og torsdag i klubb\u00e5ret som er fr\u00e5 01.09 til 16.05. Omlag 63 ungdomar nyttar i snitt desse tilboda.<\/p>\n<p dir=\"LTR\" align=\"LEFT\">I investeringsbudsjettet er det sett av kr. 1\u3000100 000 til fornying av utstyr i Kulturhuset i 2018 og kvart \u00e5r framover i budsjettperioden. Det er ikkje lagt inn midlar til vidare opprusting av fyrmeisterbustaden.<\/p>\n<p>&nbsp;<\/p>\n","protected":false},"excerpt":{"rendered":"<p>Budsjettet til Kulturtenester er vidaref\u00f8rt p\u00e5 eit l\u00e5gare niv\u00e5 samanlikna med 2017. Som eit ytterlegare sparetiltak vil eininga ha ei ledig stilling fram til 1. august. Dette vil gje ei innsparing p\u00e5 kr.360 000. Det er lagt inn ei forventing om inntektsauke i symjehallen p\u00e5 kr. 50 000, kr. 100 000 i kiosken og kr.<\/p>\n","protected":false},"author":4,"featured_media":0,"parent":132,"menu_order":1,"comment_status":"closed","ping_status":"closed","template":"","meta":{"footnotes":""},"jetpack_sharing_enabled":true,"_links":{"self":[{"href":"https:\/\/sk-dokument.no\/budsjett-og-okonomiplan-2018-2021\/index.php?rest_route=\/wp\/v2\/pages\/134"}],"collection":[{"href":"https:\/\/sk-dokument.no\/budsjett-og-okonomiplan-2018-2021\/index.php?rest_route=\/wp\/v2\/pages"}],"about":[{"href":"https:\/\/sk-dokument.no\/budsjett-og-okonomiplan-2018-2021\/index.php?rest_route=\/wp\/v2\/types\/page"}],"author":[{"embeddable":true,"href":"https:\/\/sk-dokument.no\/budsjett-og-okonomiplan-2018-2021\/index.php?rest_route=\/wp\/v2\/users\/4"}],"replies":[{"embeddable":true,"href":"https:\/\/sk-dokument.no\/budsjett-og-okonomiplan-2018-2021\/index.php?rest_route=%2Fwp%2Fv2%2Fcomments&post=134"}],"version-history":[{"count":7,"href":"https:\/\/sk-dokument.no\/budsjett-og-okonomiplan-2018-2021\/index.php?rest_route=\/wp\/v2\/pages\/134\/revisions"}],"predecessor-version":[{"id":1346,"href":"https:\/\/sk-dokument.no\/budsjett-og-okonomiplan-2018-2021\/index.php?rest_route=\/wp\/v2\/pages\/134\/revisions\/1346"}],"up":[{"embeddable":true,"href":"https:\/\/sk-dokument.no\/budsjett-og-okonomiplan-2018-2021\/index.php?rest_route=\/wp\/v2\/pages\/132"}],"wp:attachment":[{"href":"https:\/\/sk-dokument.no\/budsjett-og-okonomiplan-2018-2021\/index.php?rest_route=%2Fwp%2Fv2%2Fmedia&parent=134"}],"curies":[{"name":"wp","href":"https:\/\/api.w.org\/{rel}","templated":true}]}}