{"id":136,"date":"2016-09-28T12:14:25","date_gmt":"2016-09-28T10:14:25","guid":{"rendered":"http:\/\/sk-dokument.no\/budsjett-og-okonomiplan-2018-2021\/?page_id=136"},"modified":"2017-10-25T10:34:39","modified_gmt":"2017-10-25T08:34:39","slug":"idrett-og-friluftsliv","status":"publish","type":"page","link":"https:\/\/sk-dokument.no\/budsjett-og-okonomiplan-2018-2021\/?page_id=136","title":{"rendered":"Idrett og friluftsliv"},"content":{"rendered":"<p dir=\"LTR\" align=\"LEFT\">Komit\u00e9 for n\u00e6ring, milj\u00f8 og kultur (NMK) vedtok i 2015 rehabiliteringsplan for n\u00e6rmilj\u00f8anlegg i Stord kommune 2015-2025. I forslag til \u00f8konomiplan er det fr\u00e5 2018 og kvart \u00e5r resten av \u00f8konomiplanperioden lagt inn kr. 0,5 mill. til ballplassar\/n\u00e6rmilj\u00f8anlegg. Det er i tillegg i perioden lagt inn til saman kr. 2,4 mill. til friluftsareal og turstiar.<a name=\"_Toc410130989\"><\/a> Det ligg vidare inne kr. 2,0 mill. i 2018 til oppf\u00f8lging av rehabiliteringsplanen for idrettshallane p\u00e5 Vikahaugane.<\/p>\n<p dir=\"LTR\" align=\"LEFT\">Rackethallen er som kjent i sv\u00e6rt d\u00e5rleg stand og det er bruksrestriksjonar ved mykje vind og sn\u00f8fall. Stord vidareg\u00e5ande skule er stor brukar av hallen og kommunen har kontakt med Hordaland fylkeskommune om eit eventuelt samarbeid om nybygg. Avklaring om dette er venta ved \u00e5rsskifte. Det er i budsjettforslaget lagt inn kr. 1,0 mill. i 2019 og kr.13,0 mill. i 2020. Kostnad til riving av eksisterande hall og bygging av ny vart i 2016 estimert til kr. 41,0 mill.<\/p>\n<p dir=\"LTR\" align=\"LEFT\">Rehabilitering av kunstgrasbanen p\u00e5 Hystad skule er f\u00f8rt opp med kr. 3,0 mill. i 2020. Ein f\u00f8reset at prosjektet f\u00e5r kr. 400\u3000000 i spelemidlar.<\/p>\n<p dir=\"LTR\" align=\"LEFT\">Kommunestyret handsama forstudie for ny Nys\u00e6ter ungdomsskule og fleirbrukshall i mars 2017 og vedtok i samband med dette \u00e5 byggje fleirbrukshall der ein tek utgangspunkt i alternativ 1. i rapport fr\u00e5 Plan Vest AS. I september 2017 vart det lyst ut ein begrensa plan- og designkonkurranse, og 5 arkitektkontor er valt ut til \u00e5 delta i konkurransen. Frist for innlevering av utkast er sett til 30.11.2017. Juryarbeidet av innkomne forslag vil vera ferdig\u3000 kring \u00e5rsskiftet. Arbeid med vinnarutkast vinnarutkast og forprosjektrapport er planlagt ferdigstillt juni 2018.<\/p>\n<p>R\u00e5dmannen f\u00f8resl\u00e5r \u00e5 overf\u00f8re deler av stillinga som r\u00e5dgjevar idrett og friluftsliv til Stord kommunale eigedom. Vedkomande g\u00e5r inn i ei ledig stilling og tek med seg oppg\u00e5vene knytt til spelemiddels\u00f8knader. Andre sakshandsamingsoppg\u00e5ver som tidlegare har lege til stillinga, vert fordelte i organisasjonen. Stord kommunale eigedom vert styrka innanfor systemoppg\u00e5ver som t.d. driftshjelp, godkjenning leikeplassar og vedlikehald friomr\u00e5de. Prosjektoppg\u00e5ver vil kunne utf\u00f8rast av prosjektleiarar i samsvar med etablerte rutinar i eininga SKE. Tiltaket gjev ei innsparing p\u00e5 driftsbudsjettet p\u00e5 0,6 mill. kr.<\/p>\n<p>&nbsp;<\/p>\n","protected":false},"excerpt":{"rendered":"<p>Komit\u00e9 for n\u00e6ring, milj\u00f8 og kultur (NMK) vedtok i 2015 rehabiliteringsplan for n\u00e6rmilj\u00f8anlegg i Stord kommune 2015-2025. I forslag til \u00f8konomiplan er det fr\u00e5 2018 og kvart \u00e5r resten av \u00f8konomiplanperioden lagt inn kr. 0,5 mill. til ballplassar\/n\u00e6rmilj\u00f8anlegg. Det er i tillegg i perioden lagt inn til saman kr. 2,4 mill. til friluftsareal og turstiar.<\/p>\n","protected":false},"author":4,"featured_media":0,"parent":132,"menu_order":2,"comment_status":"closed","ping_status":"closed","template":"","meta":{"footnotes":""},"jetpack_sharing_enabled":true,"_links":{"self":[{"href":"https:\/\/sk-dokument.no\/budsjett-og-okonomiplan-2018-2021\/index.php?rest_route=\/wp\/v2\/pages\/136"}],"collection":[{"href":"https:\/\/sk-dokument.no\/budsjett-og-okonomiplan-2018-2021\/index.php?rest_route=\/wp\/v2\/pages"}],"about":[{"href":"https:\/\/sk-dokument.no\/budsjett-og-okonomiplan-2018-2021\/index.php?rest_route=\/wp\/v2\/types\/page"}],"author":[{"embeddable":true,"href":"https:\/\/sk-dokument.no\/budsjett-og-okonomiplan-2018-2021\/index.php?rest_route=\/wp\/v2\/users\/4"}],"replies":[{"embeddable":true,"href":"https:\/\/sk-dokument.no\/budsjett-og-okonomiplan-2018-2021\/index.php?rest_route=%2Fwp%2Fv2%2Fcomments&post=136"}],"version-history":[{"count":6,"href":"https:\/\/sk-dokument.no\/budsjett-og-okonomiplan-2018-2021\/index.php?rest_route=\/wp\/v2\/pages\/136\/revisions"}],"predecessor-version":[{"id":1593,"href":"https:\/\/sk-dokument.no\/budsjett-og-okonomiplan-2018-2021\/index.php?rest_route=\/wp\/v2\/pages\/136\/revisions\/1593"}],"up":[{"embeddable":true,"href":"https:\/\/sk-dokument.no\/budsjett-og-okonomiplan-2018-2021\/index.php?rest_route=\/wp\/v2\/pages\/132"}],"wp:attachment":[{"href":"https:\/\/sk-dokument.no\/budsjett-og-okonomiplan-2018-2021\/index.php?rest_route=%2Fwp%2Fv2%2Fmedia&parent=136"}],"curies":[{"name":"wp","href":"https:\/\/api.w.org\/{rel}","templated":true}]}}