{"id":138,"date":"2016-09-28T12:14:25","date_gmt":"2016-09-28T10:14:25","guid":{"rendered":"http:\/\/sk-dokument.no\/budsjett-og-okonomiplan-2018-2021\/?page_id=138"},"modified":"2017-10-24T09:31:33","modified_gmt":"2017-10-24T07:31:33","slug":"bibliotek","status":"publish","type":"page","link":"https:\/\/sk-dokument.no\/budsjett-og-okonomiplan-2018-2021\/?page_id=138","title":{"rendered":"Bibliotek"},"content":{"rendered":"<table>\n<tbody>\n<tr>\n<td>BIBLIOTEK<\/td>\n<td>M\u00e5l<\/td>\n<td>Resultat 2016<\/td>\n<td><\/td>\n<td><\/td>\n<\/tr>\n<tr>\n<td><\/td>\n<td>2018<\/td>\n<td>Stord<\/td>\n<td>Grp. 8<\/td>\n<td>Landet<\/td>\n<\/tr>\n<tr>\n<td>Utl\u00e5n alle medium fr\u00e5 folkebibliotek per innbyggjar<\/td>\n<td>3,5<\/td>\n<td>1,8<\/td>\n<td>3,1<\/td>\n<td>3<\/td>\n<\/tr>\n<tr>\n<td>Bes\u00f8k i folkebibliotek per innbyggar<\/td>\n<td>3,5<\/td>\n<td>1,9<\/td>\n<td>4,3<\/td>\n<td>4,6<\/td>\n<\/tr>\n<\/tbody>\n<\/table>\n<p dir=\"LTR\" align=\"LEFT\">Utl\u00e5nstal og bes\u00f8kstal m\u00e5 sj\u00e5ast i samanheng med opningstid, personal- og medieressurs. Stord har etter KOSTRA for 2016 kr. 182 til medie- og l\u00f8nsutgifter til folkebibliotek per innbyggjar. Gjennomsnittet for andre kommunar i Stord si KOSTRA-gruppe er kr. 219, og for landet kr. 231. Ein reknar med at meirope vil ha positiv effekt for utl\u00e5n og bes\u00f8k i 2018. Hovudbiblioteket reknar fr\u00e5 2018 av \u00e5 ha meirope bibliotek som ei permanent ordning (pr\u00f8vedrift fr\u00e5 slutten av 2017). Biblioteket er d\u00e5 tilgjengeleg for vaksne brukarar ogs\u00e5 n\u00e5r det ikkje er personale til stades. Det vil vera automatar for innlevering og utl\u00e5n. Opningstida er tilpassa drifta av Kulturhuset elles.<\/p>\n<p dir=\"LTR\" align=\"LEFT\">Den vanlege bibliotekdrifta i 2018 vil bli vidaref\u00f8rt med utl\u00e5n, rettleiing og mykje aktivitet retta mot f\u00f8rskulebarn, skulebarn og ungdom. Ungdom vil vere ei viktig m\u00e5lgruppe for utvikling av biblioteket som m\u00f8teplass og debattarena. Biblioteket har gode samarbeidspartnarar i dei andre Sunnhordlandsbiblioteka. Dessutan har biblioteket utvikla eit kontaktnett mot lag, organisasjonar og institusjonar. Dette er viktig for vidare utvikling av aktuelle arrangement. Heimeside og Facebook vert nytta for informasjon og for bruk av interaktive bibliotektenester. Biblioteket vil nytte tid og ressursar p\u00e5 vidareutvikling av dette i 2018. I 2018 er det elles innarbeidd kr. 200\u3000000 i biblioteket sitt budsjett til fornying av utstyr og media.<\/p>\n<p>&nbsp;<\/p>\n","protected":false},"excerpt":{"rendered":"<p>BIBLIOTEK M\u00e5l Resultat 2016 2018 Stord Grp. 8 Landet Utl\u00e5n alle medium fr\u00e5 folkebibliotek per innbyggjar 3,5 1,8 3,1 3 Bes\u00f8k i folkebibliotek per innbyggar 3,5 1,9 4,3 4,6 Utl\u00e5nstal og bes\u00f8kstal m\u00e5 sj\u00e5ast i samanheng med opningstid, personal- og medieressurs. Stord har etter KOSTRA for 2016 kr. 182 til medie- og l\u00f8nsutgifter til folkebibliotek<\/p>\n","protected":false},"author":4,"featured_media":0,"parent":132,"menu_order":3,"comment_status":"closed","ping_status":"closed","template":"","meta":{"footnotes":""},"jetpack_sharing_enabled":true,"_links":{"self":[{"href":"https:\/\/sk-dokument.no\/budsjett-og-okonomiplan-2018-2021\/index.php?rest_route=\/wp\/v2\/pages\/138"}],"collection":[{"href":"https:\/\/sk-dokument.no\/budsjett-og-okonomiplan-2018-2021\/index.php?rest_route=\/wp\/v2\/pages"}],"about":[{"href":"https:\/\/sk-dokument.no\/budsjett-og-okonomiplan-2018-2021\/index.php?rest_route=\/wp\/v2\/types\/page"}],"author":[{"embeddable":true,"href":"https:\/\/sk-dokument.no\/budsjett-og-okonomiplan-2018-2021\/index.php?rest_route=\/wp\/v2\/users\/4"}],"replies":[{"embeddable":true,"href":"https:\/\/sk-dokument.no\/budsjett-og-okonomiplan-2018-2021\/index.php?rest_route=%2Fwp%2Fv2%2Fcomments&post=138"}],"version-history":[{"count":8,"href":"https:\/\/sk-dokument.no\/budsjett-og-okonomiplan-2018-2021\/index.php?rest_route=\/wp\/v2\/pages\/138\/revisions"}],"predecessor-version":[{"id":1464,"href":"https:\/\/sk-dokument.no\/budsjett-og-okonomiplan-2018-2021\/index.php?rest_route=\/wp\/v2\/pages\/138\/revisions\/1464"}],"up":[{"embeddable":true,"href":"https:\/\/sk-dokument.no\/budsjett-og-okonomiplan-2018-2021\/index.php?rest_route=\/wp\/v2\/pages\/132"}],"wp:attachment":[{"href":"https:\/\/sk-dokument.no\/budsjett-og-okonomiplan-2018-2021\/index.php?rest_route=%2Fwp%2Fv2%2Fmedia&parent=138"}],"curies":[{"name":"wp","href":"https:\/\/api.w.org\/{rel}","templated":true}]}}