{"id":140,"date":"2016-09-28T12:14:25","date_gmt":"2016-09-28T10:14:25","guid":{"rendered":"http:\/\/sk-dokument.no\/budsjett-og-okonomiplan-2018-2021\/?page_id=140"},"modified":"2017-10-24T13:29:19","modified_gmt":"2017-10-24T11:29:19","slug":"brann-og-redning","status":"publish","type":"page","link":"https:\/\/sk-dokument.no\/budsjett-og-okonomiplan-2018-2021\/?page_id=140","title":{"rendered":"Brann og redning"},"content":{"rendered":"<table>\n<tbody>\n<tr>\n<td width=\"189\">M\u00e5lekart brann, redning og feiing<\/td>\n<td width=\"189\">M\u00e5l<\/td>\n<td width=\"189\">Resultat<\/td>\n<td width=\"189\"><\/td>\n<td width=\"189\"><\/td>\n<\/tr>\n<tr>\n<td width=\"189\"><\/td>\n<td width=\"189\">2018<\/td>\n<td width=\"189\">2016<\/td>\n<td width=\"189\">2015<\/td>\n<td width=\"189\">2014<\/td>\n<\/tr>\n<tr>\n<td width=\"189\">Bustadbrannar<\/td>\n<td width=\"189\">0<\/td>\n<td width=\"189\">5<\/td>\n<td width=\"189\">8<\/td>\n<td width=\"189\">5<\/td>\n<\/tr>\n<tr>\n<td width=\"189\">Tilsyn \u00a7 13<\/td>\n<td width=\"189\">130<\/td>\n<td width=\"189\">130<\/td>\n<td width=\"189\">110<\/td>\n<td width=\"189\">110<\/td>\n<\/tr>\n<tr>\n<td width=\"189\">Feiing bustader<\/td>\n<td width=\"189\">Kartlegging<\/td>\n<td width=\"189\">2430<\/td>\n<td width=\"189\">2513<\/td>\n<td width=\"189\">3500<\/td>\n<\/tr>\n<tr>\n<td width=\"189\">Tilsyn bustader<\/td>\n<td width=\"189\">Kartlegging<\/td>\n<td width=\"189\">2250<\/td>\n<td width=\"189\">2435<\/td>\n<td width=\"189\">522<\/td>\n<\/tr>\n<\/tbody>\n<\/table>\n<p dir=\"LTR\" align=\"LEFT\">* Sj\u00e5 tekst under vedr. ny f\u00f8rebyggjande forskrift som krev risikovurdering av alle bygg<\/p>\n<p dir=\"LTR\" align=\"LEFT\">Budsjettet er vidaref\u00f8rt p\u00e5 om lag same niv\u00e5 som budsjett for 2017. Direktoratet for samfunnssikkerhet og beredskap krev h\u00f8g kompetanse p\u00e5 personell. Det skal likevel ikkje vere deltidsutdanning\/ kurs i 2018, og budsjettet for etterutdanning er derfor redusert tilsvarande dette og f\u00f8reset ein stram kurs- og etterutdanningspraksis i 2018.<\/p>\n<p dir=\"LTR\" align=\"LEFT\">Nytt naudnett er etablert og teke i bruk. Dette har heva tryggleiken og kvaliteten, men har ogs\u00e5 auka kostnadene for kommunen.<\/p>\n<p dir=\"LTR\" align=\"LEFT\">Ny f\u00f8rebyggjande forskrift er innf\u00f8rt og gir utfordringar ved at det m\u00e5 gjennomf\u00f8rast risikovurderingar av alle bygg (inkl. bustader), og ny plan for gjennomf\u00f8ring av feiing og tilsyn m\u00e5 leggjast i samsvar med denne risikovurderinga. Nytt er at ogs\u00e5 alle fritidsbustader er omfatta av forskrifta (om lag 300 i Stord). Dette omfattande kartleggingsarbeidet er ein i gang med, og arbeidet vert gjort i samarbeid med KOM-Tek (Norkart) som gjennomf\u00f8rer eit pilotprosjekt p\u00e5 dette i Stord kommune. Stord brann og redning vil kome tilbake med eiga sak om dette, der ogs\u00e5 avgiftsniv\u00e5 for tilsyn\/ feiing (ogs\u00e5 i fritidsbustader) vert fastsett.<\/p>\n<p dir=\"LTR\" align=\"LEFT\">Stord brann og redning gjennomf\u00f8rer alt f\u00f8rebyggjande arbeid i Fitjar kommune og feier kvart \u00e5r 500 piper og gjennomf\u00f8rer 250 tilsyn i nabokommunen.<\/p>\n<p dir=\"LTR\" align=\"LEFT\">Det ligg inne kr 0,5 mill. kvart \u00e5r til fornying og vedlikehald av utstyr i planperioden. Dagkasernering av mannskap og ombygging til dette ligg inne for iverksetjing i 2020. Driftskostnadene ved tiltaket vil bli kostnadsrekna p\u00e5 ny, og ein vil ogs\u00e5 vurdere om det kan gjerast andre tiltak for \u00e5 f\u00e5 ned driftskostnadene og samstundes oppfylle nye lovkrav i h\u00f8ve brann- og redningstenestene. Vi vil ogs\u00e5 ta initiativ til \u00e5 eventuelt vurdere samarbeid med nabokommunar om brann- og redningstenesta.<\/p>\n<p dir=\"LTR\" align=\"LEFT\">Ny stigebil\/snorkelbil b\u00f8r fornyast. Det er ikkje funne rom for det i budsjettforslaget.<\/p>\n<p>&nbsp;<\/p>\n","protected":false},"excerpt":{"rendered":"<p>M\u00e5lekart brann, redning og feiing M\u00e5l Resultat 2018 2016 2015 2014 Bustadbrannar 0 5 8 5 Tilsyn \u00a7 13 130 130 110 110 Feiing bustader Kartlegging 2430 2513 3500 Tilsyn bustader Kartlegging 2250 2435 522 * Sj\u00e5 tekst under vedr. ny f\u00f8rebyggjande forskrift som krev risikovurdering av alle bygg Budsjettet er vidaref\u00f8rt p\u00e5 om lag<\/p>\n","protected":false},"author":4,"featured_media":0,"parent":132,"menu_order":4,"comment_status":"closed","ping_status":"closed","template":"","meta":{"footnotes":""},"jetpack_sharing_enabled":true,"_links":{"self":[{"href":"https:\/\/sk-dokument.no\/budsjett-og-okonomiplan-2018-2021\/index.php?rest_route=\/wp\/v2\/pages\/140"}],"collection":[{"href":"https:\/\/sk-dokument.no\/budsjett-og-okonomiplan-2018-2021\/index.php?rest_route=\/wp\/v2\/pages"}],"about":[{"href":"https:\/\/sk-dokument.no\/budsjett-og-okonomiplan-2018-2021\/index.php?rest_route=\/wp\/v2\/types\/page"}],"author":[{"embeddable":true,"href":"https:\/\/sk-dokument.no\/budsjett-og-okonomiplan-2018-2021\/index.php?rest_route=\/wp\/v2\/users\/4"}],"replies":[{"embeddable":true,"href":"https:\/\/sk-dokument.no\/budsjett-og-okonomiplan-2018-2021\/index.php?rest_route=%2Fwp%2Fv2%2Fcomments&post=140"}],"version-history":[{"count":10,"href":"https:\/\/sk-dokument.no\/budsjett-og-okonomiplan-2018-2021\/index.php?rest_route=\/wp\/v2\/pages\/140\/revisions"}],"predecessor-version":[{"id":1551,"href":"https:\/\/sk-dokument.no\/budsjett-og-okonomiplan-2018-2021\/index.php?rest_route=\/wp\/v2\/pages\/140\/revisions\/1551"}],"up":[{"embeddable":true,"href":"https:\/\/sk-dokument.no\/budsjett-og-okonomiplan-2018-2021\/index.php?rest_route=\/wp\/v2\/pages\/132"}],"wp:attachment":[{"href":"https:\/\/sk-dokument.no\/budsjett-og-okonomiplan-2018-2021\/index.php?rest_route=%2Fwp%2Fv2%2Fmedia&parent=140"}],"curies":[{"name":"wp","href":"https:\/\/api.w.org\/{rel}","templated":true}]}}