{"id":142,"date":"2016-09-28T12:14:25","date_gmt":"2016-09-28T10:14:25","guid":{"rendered":"http:\/\/sk-dokument.no\/budsjett-og-okonomiplan-2018-2021\/?page_id=142"},"modified":"2017-10-23T16:04:57","modified_gmt":"2017-10-23T14:04:57","slug":"beredskap","status":"publish","type":"page","link":"https:\/\/sk-dokument.no\/budsjett-og-okonomiplan-2018-2021\/?page_id=142","title":{"rendered":"Beredskap"},"content":{"rendered":"<p dir=\"LTR\" align=\"LEFT\">\n<p dir=\"LTR\" align=\"LEFT\">Kommunen skal halda fram arbeidet med \u00e5 f\u00f8rebyggja kriser og svikt i viktige samfunnsfunksjonar gjennom samordna planleggingsaktivitet. Lokalsamfunnet skal setjast i stand til \u00e5 halda oppe drifta og ta vare p\u00e5 folk sine liv og grunnleggjande behov under ulike former for hendingar. Beredskapsplanen er grunnlag for revidering av planverk i dei kommunale einingane. Psykososialt kriseteam er reorganisert og det har vore nokre utskiftingar d\u00e5 folk har slutta. Plan for etablering av evakuerte og p\u00e5r\u00f8randesenter er ferdig, men det er ikkje sett av midlar til materiell om det vert trong for dette.<\/p>\n<p dir=\"LTR\" align=\"LEFT\">Redningspersonell og legevakta har eit lokalt \u00f8vingsutval. Det skal opprettast eit fagnettverk for akuttberedskap mellom kommunane og Helse Fonna. Det nye naudnettet har gjeve kvalitetsheving, men og auka kostnad i h\u00f8ve tidlegare samband.<\/p>\n<p>&nbsp;<\/p>\n","protected":false},"excerpt":{"rendered":"<p>Kommunen skal halda fram arbeidet med \u00e5 f\u00f8rebyggja kriser og svikt i viktige samfunnsfunksjonar gjennom samordna planleggingsaktivitet. Lokalsamfunnet skal setjast i stand til \u00e5 halda oppe drifta og ta vare p\u00e5 folk sine liv og grunnleggjande behov under ulike former for hendingar. Beredskapsplanen er grunnlag for revidering av planverk i dei kommunale einingane. Psykososialt kriseteam<\/p>\n","protected":false},"author":4,"featured_media":0,"parent":132,"menu_order":5,"comment_status":"closed","ping_status":"closed","template":"","meta":{"footnotes":""},"jetpack_sharing_enabled":true,"_links":{"self":[{"href":"https:\/\/sk-dokument.no\/budsjett-og-okonomiplan-2018-2021\/index.php?rest_route=\/wp\/v2\/pages\/142"}],"collection":[{"href":"https:\/\/sk-dokument.no\/budsjett-og-okonomiplan-2018-2021\/index.php?rest_route=\/wp\/v2\/pages"}],"about":[{"href":"https:\/\/sk-dokument.no\/budsjett-og-okonomiplan-2018-2021\/index.php?rest_route=\/wp\/v2\/types\/page"}],"author":[{"embeddable":true,"href":"https:\/\/sk-dokument.no\/budsjett-og-okonomiplan-2018-2021\/index.php?rest_route=\/wp\/v2\/users\/4"}],"replies":[{"embeddable":true,"href":"https:\/\/sk-dokument.no\/budsjett-og-okonomiplan-2018-2021\/index.php?rest_route=%2Fwp%2Fv2%2Fcomments&post=142"}],"version-history":[{"count":5,"href":"https:\/\/sk-dokument.no\/budsjett-og-okonomiplan-2018-2021\/index.php?rest_route=\/wp\/v2\/pages\/142\/revisions"}],"predecessor-version":[{"id":1345,"href":"https:\/\/sk-dokument.no\/budsjett-og-okonomiplan-2018-2021\/index.php?rest_route=\/wp\/v2\/pages\/142\/revisions\/1345"}],"up":[{"embeddable":true,"href":"https:\/\/sk-dokument.no\/budsjett-og-okonomiplan-2018-2021\/index.php?rest_route=\/wp\/v2\/pages\/132"}],"wp:attachment":[{"href":"https:\/\/sk-dokument.no\/budsjett-og-okonomiplan-2018-2021\/index.php?rest_route=%2Fwp%2Fv2%2Fmedia&parent=142"}],"curies":[{"name":"wp","href":"https:\/\/api.w.org\/{rel}","templated":true}]}}