{"id":144,"date":"2016-09-28T12:14:25","date_gmt":"2016-09-28T10:14:25","guid":{"rendered":"http:\/\/sk-dokument.no\/budsjett-og-okonomiplan-2018-2021\/?page_id=144"},"modified":"2017-10-23T15:25:27","modified_gmt":"2017-10-23T13:25:27","slug":"landbruk-miljo-og-naering","status":"publish","type":"page","link":"https:\/\/sk-dokument.no\/budsjett-og-okonomiplan-2018-2021\/?page_id=144","title":{"rendered":"Landbruk, milj\u00f8 og n\u00e6ring"},"content":{"rendered":"<p dir=\"LTR\" align=\"LEFT\">Stord-Fitjar landbruk- og milj\u00f8kontor (SFLMK) har auka inntektene det siste \u00e5ret ved levering av tenester til Austevoll kommune. I 2017 har kontoret fakturert tenester innan viltforvaltning og landbruk p\u00e5 timebasis, men arbeidet vil bli formalisert i avtale. Ved endeleg avtaleinng\u00e5ing vil ein vurdere \u00e5 auke bemanninga med 40 prosent stilling. Nettokostnadene ved kontoret har g\u00e5tt ned.<\/p>\n<p dir=\"LTR\" align=\"LEFT\">Gebyr for havbrukssaker vert haldne uendra i h\u00f8ve 2017; dei andre satsane er makssatsar nedfelt i forskrift og er uendra fr\u00e5 2017.<\/p>\n<p dir=\"LTR\" align=\"LEFT\">Det er for 2017 f\u00f8reslege \u00e5 fordela 1,6 mill. kr til diverse samarbeidstiltak og n\u00e6ringsf\u00f8rem\u00e5l slik:<\/p>\n<ul>\n<li><span style=\"font-size: medium;\">Hordaland olje og gass, driftstilskot kr 50\u3000000<\/span><\/li>\n<li><span style=\"font-size: medium;\">Haukelivegen AS, driftstilskot kr 30 000<\/span><\/li>\n<li><span style=\"font-size: medium;\">Samarbeidsr\u00e5det for Sunnhordland kr 613 400<\/span><\/li>\n<li><span style=\"font-size: medium;\">Samarbeidsr\u00e5det, reiselivssatsinga kr 228 100<\/span><\/li>\n<li><span style=\"font-size: medium;\">Medlemskontingent Stord n\u00e6ringsr\u00e5d kr 30\u3000000<\/span><\/li>\n<li><span style=\"font-size: medium;\">Atheno AS, Maritim industriinkubator kr 150\u3000000<\/span><\/li>\n<li><span style=\"font-size: medium;\">Atheno AS, Ungt entrepren\u00f8rskap kr 65 000<\/span><\/li>\n<li><span style=\"font-size: medium;\">Kj\u00f8p av f\u00f8rstelinetenester for n\u00e6ringsetabl. kr 400\u3000000<\/span><\/li>\n<\/ul>\n<p dir=\"LTR\" align=\"LEFT\">Det er i tillegg forslag om at Komit\u00e9 for n\u00e6ring, milj\u00f8 og kultur f\u00e5r fullmakt til \u00e5 disponera kr 100\u3000000 til n\u00e6ringsf\u00f8rem\u00e5l.<\/p>\n<p dir=\"LTR\" align=\"LEFT\">Kommunen har avtalar med Atheno AS og Samarbeidsr\u00e5det for Sunnhordland om kj\u00f8p av f\u00f8rstelinetenester for n\u00e6ringsetablerarar etter medg\u00e5tt tid. Opplegget med turistinformasjonsteneste i r\u00e5dhuset og i kulturhuset vil bli vidaref\u00f8rt. Reiselivssatsinga i regi av Samarbeidsr\u00e5det for Sunnhordland vert vidaref\u00f8rt med tilskot tilsvarande kr. 12 per innbyggjar. Samarbeidsr\u00e5det har s\u00f8kt kommunen om ein auke i tiltakspotten fr\u00e5 kr. 2 til kr. 7 per innbyggjar fr\u00e5 2018, noko som for Stord kommune vil utgjere ein auke p\u00e5 om lag 95\u3000000 kroner per \u00e5r. Dette er ikkje lagt inn i budsjettframlegget.<\/p>\n","protected":false},"excerpt":{"rendered":"<p>Stord-Fitjar landbruk- og milj\u00f8kontor (SFLMK) har auka inntektene det siste \u00e5ret ved levering av tenester til Austevoll kommune. I 2017 har kontoret fakturert tenester innan viltforvaltning og landbruk p\u00e5 timebasis, men arbeidet vil bli formalisert i avtale. Ved endeleg avtaleinng\u00e5ing vil ein vurdere \u00e5 auke bemanninga med 40 prosent stilling. Nettokostnadene ved kontoret har g\u00e5tt<\/p>\n","protected":false},"author":4,"featured_media":0,"parent":132,"menu_order":6,"comment_status":"closed","ping_status":"closed","template":"","meta":{"footnotes":""},"jetpack_sharing_enabled":true,"_links":{"self":[{"href":"https:\/\/sk-dokument.no\/budsjett-og-okonomiplan-2018-2021\/index.php?rest_route=\/wp\/v2\/pages\/144"}],"collection":[{"href":"https:\/\/sk-dokument.no\/budsjett-og-okonomiplan-2018-2021\/index.php?rest_route=\/wp\/v2\/pages"}],"about":[{"href":"https:\/\/sk-dokument.no\/budsjett-og-okonomiplan-2018-2021\/index.php?rest_route=\/wp\/v2\/types\/page"}],"author":[{"embeddable":true,"href":"https:\/\/sk-dokument.no\/budsjett-og-okonomiplan-2018-2021\/index.php?rest_route=\/wp\/v2\/users\/4"}],"replies":[{"embeddable":true,"href":"https:\/\/sk-dokument.no\/budsjett-og-okonomiplan-2018-2021\/index.php?rest_route=%2Fwp%2Fv2%2Fcomments&post=144"}],"version-history":[{"count":5,"href":"https:\/\/sk-dokument.no\/budsjett-og-okonomiplan-2018-2021\/index.php?rest_route=\/wp\/v2\/pages\/144\/revisions"}],"predecessor-version":[{"id":1330,"href":"https:\/\/sk-dokument.no\/budsjett-og-okonomiplan-2018-2021\/index.php?rest_route=\/wp\/v2\/pages\/144\/revisions\/1330"}],"up":[{"embeddable":true,"href":"https:\/\/sk-dokument.no\/budsjett-og-okonomiplan-2018-2021\/index.php?rest_route=\/wp\/v2\/pages\/132"}],"wp:attachment":[{"href":"https:\/\/sk-dokument.no\/budsjett-og-okonomiplan-2018-2021\/index.php?rest_route=%2Fwp%2Fv2%2Fmedia&parent=144"}],"curies":[{"name":"wp","href":"https:\/\/api.w.org\/{rel}","templated":true}]}}