{"id":146,"date":"2016-09-28T12:14:25","date_gmt":"2016-09-28T10:14:25","guid":{"rendered":"http:\/\/sk-dokument.no\/budsjett-og-okonomiplan-2018-2021\/?page_id=146"},"modified":"2017-10-26T09:56:50","modified_gmt":"2017-10-26T07:56:50","slug":"sunnhordland-lufthavn-as","status":"publish","type":"page","link":"https:\/\/sk-dokument.no\/budsjett-og-okonomiplan-2018-2021\/?page_id=146","title":{"rendered":"Sunnhordland lufthavn AS"},"content":{"rendered":"<p dir=\"LTR\" align=\"LEFT\">Stord kommune har ikkje motteke s\u00f8knad fr\u00e5 Sunnhordland luftham AS om driftsst\u00f8tte for 2018.<\/p>\n<p>&nbsp;<\/p>\n","protected":false},"excerpt":{"rendered":"<p>Stord kommune har ikkje motteke s\u00f8knad fr\u00e5 Sunnhordland luftham AS om driftsst\u00f8tte for 2018. &nbsp;<\/p>\n","protected":false},"author":4,"featured_media":0,"parent":132,"menu_order":10,"comment_status":"closed","ping_status":"closed","template":"","meta":{"footnotes":""},"jetpack_sharing_enabled":true,"_links":{"self":[{"href":"https:\/\/sk-dokument.no\/budsjett-og-okonomiplan-2018-2021\/index.php?rest_route=\/wp\/v2\/pages\/146"}],"collection":[{"href":"https:\/\/sk-dokument.no\/budsjett-og-okonomiplan-2018-2021\/index.php?rest_route=\/wp\/v2\/pages"}],"about":[{"href":"https:\/\/sk-dokument.no\/budsjett-og-okonomiplan-2018-2021\/index.php?rest_route=\/wp\/v2\/types\/page"}],"author":[{"embeddable":true,"href":"https:\/\/sk-dokument.no\/budsjett-og-okonomiplan-2018-2021\/index.php?rest_route=\/wp\/v2\/users\/4"}],"replies":[{"embeddable":true,"href":"https:\/\/sk-dokument.no\/budsjett-og-okonomiplan-2018-2021\/index.php?rest_route=%2Fwp%2Fv2%2Fcomments&post=146"}],"version-history":[{"count":7,"href":"https:\/\/sk-dokument.no\/budsjett-og-okonomiplan-2018-2021\/index.php?rest_route=\/wp\/v2\/pages\/146\/revisions"}],"predecessor-version":[{"id":1241,"href":"https:\/\/sk-dokument.no\/budsjett-og-okonomiplan-2018-2021\/index.php?rest_route=\/wp\/v2\/pages\/146\/revisions\/1241"}],"up":[{"embeddable":true,"href":"https:\/\/sk-dokument.no\/budsjett-og-okonomiplan-2018-2021\/index.php?rest_route=\/wp\/v2\/pages\/132"}],"wp:attachment":[{"href":"https:\/\/sk-dokument.no\/budsjett-og-okonomiplan-2018-2021\/index.php?rest_route=%2Fwp%2Fv2%2Fmedia&parent=146"}],"curies":[{"name":"wp","href":"https:\/\/api.w.org\/{rel}","templated":true}]}}