{"id":1561,"date":"2017-10-24T13:56:55","date_gmt":"2017-10-24T11:56:55","guid":{"rendered":"http:\/\/sk-dokument.no\/budsjett-og-okonomiplan-2018-2021personal\/?page_id=1561"},"modified":"2017-10-27T07:42:32","modified_gmt":"2017-10-27T05:42:32","slug":"budsjettskjema-1b","status":"publish","type":"page","link":"https:\/\/sk-dokument.no\/budsjett-og-okonomiplan-2018-2021\/?page_id=1561","title":{"rendered":"Budsjettskjema 1B"},"content":{"rendered":"<table>\n<tbody>\n<tr>\n<td><strong>Tekst<\/strong><\/td>\n<td><strong>Rekneskap 2016<\/strong><\/td>\n<td><strong>Budsjett opph. 2017<\/strong><\/td>\n<td><strong>Budsjett rev. 2017<\/strong><\/td>\n<td><strong>Budsjett 2018<\/strong><\/td>\n<\/tr>\n<tr>\n<td>Formannskapet<\/td>\n<td>51 275 478<\/td>\n<td>43 019 993<\/td>\n<td>45 875 492<\/td>\n<td>47 131 583<\/td>\n<\/tr>\n<tr>\n<td>Kyrkja, trudomssamfunn<\/td>\n<td>8 074 684<\/td>\n<td>8 269 176<\/td>\n<td>8 269 176<\/td>\n<td>8 834 026<\/td>\n<\/tr>\n<tr>\n<td>Administrasjon, st\u00f8tteeiningar, l\u00e6rlingar<\/td>\n<td>43 920 789<\/td>\n<td>53 086 544<\/td>\n<td>53 851 747<\/td>\n<td>51 820 332<\/td>\n<\/tr>\n<tr>\n<td>Folkevalde, politisk komit\u00e9\/utval<\/td>\n<td>3 489 956<\/td>\n<td>3 055 590<\/td>\n<td>4 552 456<\/td>\n<td>4 312 091<\/td>\n<\/tr>\n<tr>\n<td>Trepartssamarbeid, stillingsgruppa<\/td>\n<td><\/td>\n<td>-4 750 000<\/td>\n<td>-4 750 000<\/td>\n<td>-6 700 000<\/td>\n<\/tr>\n<tr>\n<td>Fellesutgifter<\/td>\n<td>-4 209 951<\/td>\n<td>-16 641 317<\/td>\n<td>-16 047 887<\/td>\n<td>-11 134 866<\/td>\n<\/tr>\n<tr>\n<td><\/td>\n<td><\/td>\n<td><\/td>\n<td><\/td>\n<td><\/td>\n<\/tr>\n<tr>\n<td><strong>Komit\u00e9 for oppvekst og utdanning<\/strong><\/td>\n<td><strong>437 209 886<\/strong><\/td>\n<td><strong>438 781 933<\/strong><\/td>\n<td><strong>440 990 319<\/strong><\/td>\n<td><strong>461 780 527<\/strong><\/td>\n<\/tr>\n<tr>\n<td>Kommunale barnehagar, einingsdrift<\/td>\n<td>31 643 997<\/td>\n<td>30 902 145<\/td>\n<td>31 762 559<\/td>\n<td>29 453 354<\/td>\n<\/tr>\n<tr>\n<td>Barnehagar felles, inkl. overf. private bhagar<\/td>\n<td>127 109 873<\/td>\n<td>124 952 389<\/td>\n<td>128 076 805<\/td>\n<td>145 060 835<\/td>\n<\/tr>\n<tr>\n<td>Skule, sfo og vaksenoppl\u00e6ring<\/td>\n<td>210 855 982<\/td>\n<td>204 771 464<\/td>\n<td>203 376 317<\/td>\n<td>209 586 275<\/td>\n<\/tr>\n<tr>\n<td>Vaksenoppl\u00e6ring<\/td>\n<td><\/td>\n<td>6 459 177<\/td>\n<td>4 831 324<\/td>\n<td>4 329 966<\/td>\n<\/tr>\n<tr>\n<td>Kundetorget og utvikl gruppa skule, barnehage<\/td>\n<td>1 338 917<\/td>\n<td>1 522 000<\/td>\n<td>1 409 338<\/td>\n<td><\/td>\n<\/tr>\n<tr>\n<td>Helsestasjon, skulelege, PPT, f\u00f8rebyggjande arbeid<\/td>\n<td>26 522 057<\/td>\n<td>30 505 711<\/td>\n<td>31 790 912<\/td>\n<td>29 095 320<\/td>\n<\/tr>\n<tr>\n<td>Barnevern<\/td>\n<td>32 653 463<\/td>\n<td>32 788 657<\/td>\n<td>32 824 684<\/td>\n<td>36 972 153<\/td>\n<\/tr>\n<tr>\n<td>Kulturskule<\/td>\n<td>7 085 596<\/td>\n<td>6 880 390<\/td>\n<td>6 918 380<\/td>\n<td>7 282 624<\/td>\n<\/tr>\n<tr>\n<td><\/td>\n<td><\/td>\n<td><\/td>\n<td><\/td>\n<td><\/td>\n<\/tr>\n<tr>\n<td><strong>Komit\u00e9 for rehabilitering, helse og omsorg<\/strong><\/td>\n<td><strong>380 219 119<\/strong><\/td>\n<td><strong>401 468 783<\/strong><\/td>\n<td><strong>397 284 915<\/strong><\/td>\n<td><strong>412 196 351<\/strong><\/td>\n<\/tr>\n<tr>\n<td>Institusjon<\/td>\n<td>100 780 434<\/td>\n<td>102 684 454<\/td>\n<td>102 638 281<\/td>\n<td>103 953 248<\/td>\n<\/tr>\n<tr>\n<td>Rehabiliteringssenter<\/td>\n<td>33 388 431<\/td>\n<td>27 501 643<\/td>\n<td>26 975 157<\/td>\n<td>27 417 630<\/td>\n<\/tr>\n<tr>\n<td>Heimetenesta<\/td>\n<td>67 058 771<\/td>\n<td>66 359 083<\/td>\n<td>66 612 343<\/td>\n<td>66 120 440<\/td>\n<\/tr>\n<tr>\n<td>Habilitering<\/td>\n<td>65 361 058<\/td>\n<td>69 181 403<\/td>\n<td>68 758 065<\/td>\n<td>72 223 295<\/td>\n<\/tr>\n<tr>\n<td>Tildelingskontoret<\/td>\n<td>29 381 183<\/td>\n<td>32 669 254<\/td>\n<td>29 084 544<\/td>\n<td>31 171 303<\/td>\n<\/tr>\n<tr>\n<td>Legeteneste<\/td>\n<td>40 730 361<\/td>\n<td>31 455 765<\/td>\n<td>15 481 310<\/td>\n<td>14 277 135<\/td>\n<\/tr>\n<tr>\n<td>Sunnhordland interkommunale legevakt IKS<\/td>\n<td><\/td>\n<td><\/td>\n<td>16 168 760<\/td>\n<td>15 326 597<\/td>\n<\/tr>\n<tr>\n<td>Eining for psykisk helse og rus<\/td>\n<td><\/td>\n<td>30 039 043<\/td>\n<td>29 300 512<\/td>\n<td>28 852 636<\/td>\n<\/tr>\n<tr>\n<td>Nav kommune<\/td>\n<td>43 518 882<\/td>\n<td>42 535 683<\/td>\n<td>43 223 488<\/td>\n<td>47 854 924<\/td>\n<\/tr>\n<tr>\n<td>Tilleggsl\u00f8yving\/felles<\/td>\n<td><\/td>\n<td>-957 545<\/td>\n<td>-957 545<\/td>\n<td>4 999 143<\/td>\n<\/tr>\n<tr>\n<td><\/td>\n<td><\/td>\n<td><\/td>\n<td><\/td>\n<td><\/td>\n<\/tr>\n<tr>\n<td><strong>Komit\u00e9 for n\u00e6ring,milj\u00f8 og kultur<\/strong><\/td>\n<td><strong>38 536 606<\/strong><\/td>\n<td><strong>53 886 225<\/strong><\/td>\n<td><strong>52 640 888<\/strong><\/td>\n<td><strong>34 587 334<\/strong><\/td>\n<\/tr>\n<tr>\n<td>Kultur, bibliotek, kino<\/td>\n<td>17 903 076<\/td>\n<td>18 580 786<\/td>\n<td>18 364 528<\/td>\n<td>16 832 779<\/td>\n<\/tr>\n<tr>\n<td>Regulering, byggesak og oppm\u00e5ling<\/td>\n<td>1 120 859<\/td>\n<td>2 011 659<\/td>\n<td>1 675 522<\/td>\n<td>1 325 004<\/td>\n<\/tr>\n<tr>\n<td>Veg, trafikk og parkering<\/td>\n<td>8 900 785<\/td>\n<td>9 111 560<\/td>\n<td>8 954 480<\/td>\n<td>9 601 800<\/td>\n<\/tr>\n<tr>\n<td>Stord kommunale eigedom<\/td>\n<td>23 671 462<\/td>\n<td>36 917 340<\/td>\n<td>39 942 629<\/td>\n<td>32 274 171<\/td>\n<\/tr>\n<tr>\n<td>Stord kommunalteknikk<\/td>\n<td>-24 933 589<\/td>\n<td>-25 632 858<\/td>\n<td>-28 756 724<\/td>\n<td>-41 705 442<\/td>\n<\/tr>\n<tr>\n<td>Brann, feiing<\/td>\n<td>8 150 126<\/td>\n<td>8 346 166<\/td>\n<td>8 331 919<\/td>\n<td>11 845 450<\/td>\n<\/tr>\n<tr>\n<td>N\u00e6ring, landbruk<\/td>\n<td>3 723 888<\/td>\n<td>3 526 572<\/td>\n<td>3 526 572<\/td>\n<td>3 388 572<\/td>\n<\/tr>\n<tr>\n<td>Tilskot lag og organisasjonar<\/td>\n<td><\/td>\n<td>400 000<\/td>\n<td>275 000<\/td>\n<td>400 000<\/td>\n<\/tr>\n<tr>\n<td>Tilleggsl\u00f8yving<\/td>\n<td>0<\/td>\n<td>625 000<\/td>\n<td>326 962<\/td>\n<td>625 000<\/td>\n<\/tr>\n<tr>\n<td>Overf\u00f8rt fr\u00e5 linje 22<\/td>\n<td>907 241 088<\/td>\n<td>937 156 934<\/td>\n<td>936 791 614<\/td>\n<td>955 695 795<\/td>\n<\/tr>\n<tr>\n<td><\/td>\n<\/tr>\n<\/tbody>\n<\/table>\n","protected":false},"excerpt":{"rendered":"<p>Tekst Rekneskap 2016 Budsjett opph. 2017 Budsjett rev. 2017 Budsjett 2018 Formannskapet 51 275 478 43 019 993 45 875 492 47 131 583 Kyrkja, trudomssamfunn 8 074 684 8 269 176 8 269 176 8 834 026 Administrasjon, st\u00f8tteeiningar, l\u00e6rlingar 43 920 789 53 086 544 53 851 747 51 820 332 Folkevalde, politisk<\/p>\n","protected":false},"author":13,"featured_media":0,"parent":210,"menu_order":2,"comment_status":"closed","ping_status":"closed","template":"","meta":{"footnotes":""},"jetpack_sharing_enabled":true,"_links":{"self":[{"href":"https:\/\/sk-dokument.no\/budsjett-og-okonomiplan-2018-2021\/index.php?rest_route=\/wp\/v2\/pages\/1561"}],"collection":[{"href":"https:\/\/sk-dokument.no\/budsjett-og-okonomiplan-2018-2021\/index.php?rest_route=\/wp\/v2\/pages"}],"about":[{"href":"https:\/\/sk-dokument.no\/budsjett-og-okonomiplan-2018-2021\/index.php?rest_route=\/wp\/v2\/types\/page"}],"author":[{"embeddable":true,"href":"https:\/\/sk-dokument.no\/budsjett-og-okonomiplan-2018-2021\/index.php?rest_route=\/wp\/v2\/users\/13"}],"replies":[{"embeddable":true,"href":"https:\/\/sk-dokument.no\/budsjett-og-okonomiplan-2018-2021\/index.php?rest_route=%2Fwp%2Fv2%2Fcomments&post=1561"}],"version-history":[{"count":6,"href":"https:\/\/sk-dokument.no\/budsjett-og-okonomiplan-2018-2021\/index.php?rest_route=\/wp\/v2\/pages\/1561\/revisions"}],"predecessor-version":[{"id":1680,"href":"https:\/\/sk-dokument.no\/budsjett-og-okonomiplan-2018-2021\/index.php?rest_route=\/wp\/v2\/pages\/1561\/revisions\/1680"}],"up":[{"embeddable":true,"href":"https:\/\/sk-dokument.no\/budsjett-og-okonomiplan-2018-2021\/index.php?rest_route=\/wp\/v2\/pages\/210"}],"wp:attachment":[{"href":"https:\/\/sk-dokument.no\/budsjett-og-okonomiplan-2018-2021\/index.php?rest_route=%2Fwp%2Fv2%2Fmedia&parent=1561"}],"curies":[{"name":"wp","href":"https:\/\/api.w.org\/{rel}","templated":true}]}}