{"id":164,"date":"2016-09-28T12:14:25","date_gmt":"2016-09-28T10:14:25","guid":{"rendered":"http:\/\/sk-dokument.no\/budsjett-og-okonomiplan-2018-2021\/?page_id=164"},"modified":"2017-10-27T08:24:07","modified_gmt":"2017-10-27T06:24:07","slug":"kundetorget","status":"publish","type":"page","link":"https:\/\/sk-dokument.no\/budsjett-og-okonomiplan-2018-2021\/?page_id=164","title":{"rendered":"Tildelingskontoret"},"content":{"rendered":"<p dir=\"LTR\" align=\"LEFT\">Budsjettet for Tildelingskontoret for 2018 er justert og tilpassa dei organisasjonsendringane som vart gjort gjeldane for Tildelingskontoret fr\u00e5 1. april 2017, d\u00e5 ytre kundetorg vart overf\u00f8rt til Fellestenestene. Som eit sparetiltak har eininga 0,5 stilling ledig i 2018 i samband med permisjon. Sparing er om lag kr. 300\u3000000.<\/p>\n<p dir=\"LTR\" align=\"LEFT\">For \u00e5 samle alle verkemidlane som Husbanken har, vart det i oktober 2017 oppretta bustadkontor. Stillingsressursen er i samsvar med det som tidlegare har vore brukt p\u00e5 dei same oppg\u00e5vene f\u00f8r. I tillegg vert oppg\u00e5vene som programleiaren i kommuneprogrammet til Husbanken har hatt, overf\u00f8rt til bustadkontoret.<\/p>\n<p dir=\"LTR\" align=\"LEFT\">Budsjett for \u00e5 dekke kostnader til utskrivingsklare pasientar kommunen ikkje greier \u00e5 ta i mot fr\u00e5 spesialisthelsetenesta er i 2018 redusert fr\u00e5 kr.1,2 mill. til kr.0,8 mill. Dette utgjer ein betydeleg risiko d\u00e5 ein reknar med at kostnaden i 2017 vert som budsjettert.<\/p>\n<p dir=\"LTR\" align=\"LEFT\">Det er lagt inn midlar til to fleire varig tilrettelagte arbeidsplassar ved Podlen Verkstad. Det vil sei at kommunen d\u00e5 har 24 plassar totalt. Kostnad med dette er om lag kr. 120 00 for kommunen. Resten vert dekka av staten.<\/p>\n<p dir=\"LTR\" align=\"LEFT\">Rammene til startl\u00e5n er vidaref\u00f8rt med kr. 30 mill.<\/p>\n<p>&nbsp;<\/p>\n","protected":false},"excerpt":{"rendered":"<p>Budsjettet for Tildelingskontoret for 2018 er justert og tilpassa dei organisasjonsendringane som vart gjort gjeldane for Tildelingskontoret fr\u00e5 1. april 2017, d\u00e5 ytre kundetorg vart overf\u00f8rt til Fellestenestene. Som eit sparetiltak har eininga 0,5 stilling ledig i 2018 i samband med permisjon. Sparing er om lag kr. 300\u3000000. For \u00e5 samle alle verkemidlane som Husbanken<\/p>\n","protected":false},"author":4,"featured_media":0,"parent":150,"menu_order":6,"comment_status":"closed","ping_status":"closed","template":"","meta":{"footnotes":""},"jetpack_sharing_enabled":true,"_links":{"self":[{"href":"https:\/\/sk-dokument.no\/budsjett-og-okonomiplan-2018-2021\/index.php?rest_route=\/wp\/v2\/pages\/164"}],"collection":[{"href":"https:\/\/sk-dokument.no\/budsjett-og-okonomiplan-2018-2021\/index.php?rest_route=\/wp\/v2\/pages"}],"about":[{"href":"https:\/\/sk-dokument.no\/budsjett-og-okonomiplan-2018-2021\/index.php?rest_route=\/wp\/v2\/types\/page"}],"author":[{"embeddable":true,"href":"https:\/\/sk-dokument.no\/budsjett-og-okonomiplan-2018-2021\/index.php?rest_route=\/wp\/v2\/users\/4"}],"replies":[{"embeddable":true,"href":"https:\/\/sk-dokument.no\/budsjett-og-okonomiplan-2018-2021\/index.php?rest_route=%2Fwp%2Fv2%2Fcomments&post=164"}],"version-history":[{"count":4,"href":"https:\/\/sk-dokument.no\/budsjett-og-okonomiplan-2018-2021\/index.php?rest_route=\/wp\/v2\/pages\/164\/revisions"}],"predecessor-version":[{"id":1361,"href":"https:\/\/sk-dokument.no\/budsjett-og-okonomiplan-2018-2021\/index.php?rest_route=\/wp\/v2\/pages\/164\/revisions\/1361"}],"up":[{"embeddable":true,"href":"https:\/\/sk-dokument.no\/budsjett-og-okonomiplan-2018-2021\/index.php?rest_route=\/wp\/v2\/pages\/150"}],"wp:attachment":[{"href":"https:\/\/sk-dokument.no\/budsjett-og-okonomiplan-2018-2021\/index.php?rest_route=%2Fwp%2Fv2%2Fmedia&parent=164"}],"curies":[{"name":"wp","href":"https:\/\/api.w.org\/{rel}","templated":true}]}}