{"id":166,"date":"2016-09-28T12:14:25","date_gmt":"2016-09-28T10:14:25","guid":{"rendered":"http:\/\/sk-dokument.no\/budsjett-og-okonomiplan-2018-2021\/?page_id=166"},"modified":"2017-10-27T08:24:22","modified_gmt":"2017-10-27T06:24:22","slug":"bustader-for-personar-med-saerskilte-behov","status":"publish","type":"page","link":"https:\/\/sk-dokument.no\/budsjett-og-okonomiplan-2018-2021\/?page_id=166","title":{"rendered":"Bustader for personar med s\u00e6rskilte behov"},"content":{"rendered":"<p dir=\"LTR\" align=\"LEFT\">R\u00e5dmannen f\u00f8resl\u00e5r \u00e5 l\u00f8yve kr. 71,6 mill. i 2018 og 2019 til \u00e5 byggje nye omsorgsbustadar og aktivitetssenter i Bandadalen. Desse husv\u00e6ra skal erstatte dei kommunen leiger i Nordnesbygget d\u00e5 denne avtalen er sagt opp. Det skal fremjast eiga sak om dette prosjektet som er planlagt \u00e5 vera sj\u00f8lvfinansierande.<\/p>\n<p dir=\"LTR\" align=\"LEFT\">Det ligg vidare inne kr. 10,0 mill. til bygging av \u00abnye Furulyvegen 51\u00bb. Ein planlegg \u00e5 riva den gamle trebygningen, som ikkje tilfredsstiller dagens krav og bygge seks nye leilegheiter for personar som treng hjelp til bustad. Prosjektet er tenkt finansiert gjennom tilskot fr\u00e5 Husbanken, husleige og refusjon av meirverdiavgift.<\/p>\n<p>&nbsp;<\/p>\n","protected":false},"excerpt":{"rendered":"<p>R\u00e5dmannen f\u00f8resl\u00e5r \u00e5 l\u00f8yve kr. 71,6 mill. i 2018 og 2019 til \u00e5 byggje nye omsorgsbustadar og aktivitetssenter i Bandadalen. Desse husv\u00e6ra skal erstatte dei kommunen leiger i Nordnesbygget d\u00e5 denne avtalen er sagt opp. Det skal fremjast eiga sak om dette prosjektet som er planlagt \u00e5 vera sj\u00f8lvfinansierande. Det ligg vidare inne kr. 10,0<\/p>\n","protected":false},"author":4,"featured_media":0,"parent":150,"menu_order":7,"comment_status":"closed","ping_status":"closed","template":"","meta":{"footnotes":""},"jetpack_sharing_enabled":true,"_links":{"self":[{"href":"https:\/\/sk-dokument.no\/budsjett-og-okonomiplan-2018-2021\/index.php?rest_route=\/wp\/v2\/pages\/166"}],"collection":[{"href":"https:\/\/sk-dokument.no\/budsjett-og-okonomiplan-2018-2021\/index.php?rest_route=\/wp\/v2\/pages"}],"about":[{"href":"https:\/\/sk-dokument.no\/budsjett-og-okonomiplan-2018-2021\/index.php?rest_route=\/wp\/v2\/types\/page"}],"author":[{"embeddable":true,"href":"https:\/\/sk-dokument.no\/budsjett-og-okonomiplan-2018-2021\/index.php?rest_route=\/wp\/v2\/users\/4"}],"replies":[{"embeddable":true,"href":"https:\/\/sk-dokument.no\/budsjett-og-okonomiplan-2018-2021\/index.php?rest_route=%2Fwp%2Fv2%2Fcomments&post=166"}],"version-history":[{"count":6,"href":"https:\/\/sk-dokument.no\/budsjett-og-okonomiplan-2018-2021\/index.php?rest_route=\/wp\/v2\/pages\/166\/revisions"}],"predecessor-version":[{"id":1590,"href":"https:\/\/sk-dokument.no\/budsjett-og-okonomiplan-2018-2021\/index.php?rest_route=\/wp\/v2\/pages\/166\/revisions\/1590"}],"up":[{"embeddable":true,"href":"https:\/\/sk-dokument.no\/budsjett-og-okonomiplan-2018-2021\/index.php?rest_route=\/wp\/v2\/pages\/150"}],"wp:attachment":[{"href":"https:\/\/sk-dokument.no\/budsjett-og-okonomiplan-2018-2021\/index.php?rest_route=%2Fwp%2Fv2%2Fmedia&parent=166"}],"curies":[{"name":"wp","href":"https:\/\/api.w.org\/{rel}","templated":true}]}}