{"id":174,"date":"2016-09-28T12:14:25","date_gmt":"2016-09-28T10:14:25","guid":{"rendered":"http:\/\/sk-dokument.no\/budsjett-og-okonomiplan-2018-2021\/?page_id=174"},"modified":"2017-10-25T07:29:38","modified_gmt":"2017-10-25T05:29:38","slug":"finansinntekter-og-utgifter-lanegjeld","status":"publish","type":"page","link":"https:\/\/sk-dokument.no\/budsjett-og-okonomiplan-2018-2021\/?page_id=174","title":{"rendered":"Finansinntekter og -utgifter, l\u00e5negjeld"},"content":{"rendered":"<p dir=\"LTR\" align=\"LEFT\">Kommunen si samla l\u00e5negjeld eksklusiv startl\u00e5n vil ved utgangen av 2017 vera p\u00e5 kr. 1 868 mill. Stord hamn sin del av gjelda er kr. 37,8 mill. Kommunen har vidareutl\u00e5nt startl\u00e5n for kr. 163 mill.<\/p>\n<p dir=\"LTR\" align=\"LEFT\">Minimumsavdrag er rekna ut etter f\u00f8resegna i kommunelova \u00a7 50 nr. 7. Det er lagt til grunn minimumsavdrag for heile planperioden.<\/p>\n<table>\n<tbody>\n<tr>\n<td><strong>Foresl\u00e5tt l\u00e5neopptak i perioden (1000 kr)<\/strong><\/td>\n<td><strong>2018<\/strong><\/td>\n<td><strong>2019<\/strong><\/td>\n<td><strong>2020<\/strong><\/td>\n<td><strong>2021<\/strong><\/td>\n<\/tr>\n<tr>\n<td>Startl\u00e5n<\/td>\n<td>30 000<\/td>\n<td>30 000<\/td>\n<td>30 000<\/td>\n<td>30 000<\/td>\n<\/tr>\n<tr>\n<td>Avgiftsfinansierte l\u00e5neopptak<\/td>\n<td>162 420<\/td>\n<td>173 400<\/td>\n<td>177 600<\/td>\n<td>172 400<\/td>\n<\/tr>\n<tr>\n<td>Andre l\u00e5n<\/td>\n<td>128 521<\/td>\n<td>54 985<\/td>\n<td>184 540<\/td>\n<td>15 420<\/td>\n<\/tr>\n<tr>\n<td><strong>Sum l\u00e5neopptak<\/strong><\/td>\n<td><strong>320 941<\/strong><\/td>\n<td><strong>258 385<\/strong><\/td>\n<td><strong>392 140<\/strong><\/td>\n<td><strong>217 820<\/strong><\/td>\n<\/tr>\n<\/tbody>\n<\/table>\n<p>&nbsp;<\/p>\n<table>\n<tbody>\n<tr>\n<td><strong>L\u00e5negjeld per 31.12 (mill. kr)<\/strong><\/td>\n<td><strong>2017<\/strong><\/td>\n<td><strong>2018<\/strong><\/td>\n<td><strong>2019<\/strong><\/td>\n<td><strong>2020<\/strong><\/td>\n<td><strong>2021<\/strong><\/td>\n<\/tr>\n<tr>\n<td>Total l\u00e5negjeld<\/td>\n<td>2 033<\/td>\n<td>2 270<\/td>\n<td>2 437<\/td>\n<td>2 733<\/td>\n<td>2 846<\/td>\n<\/tr>\n<tr>\n<td>Formidlingsl\u00e5n\/startl\u00e5n<\/td>\n<td>163<\/td>\n<td>187<\/td>\n<td>208<\/td>\n<td>229<\/td>\n<td>248<\/td>\n<\/tr>\n<tr>\n<td>Eigne l\u00e5n<\/td>\n<td>1 870<\/td>\n<td>2 083<\/td>\n<td>2 229<\/td>\n<td>2 504<\/td>\n<td>2 598<\/td>\n<\/tr>\n<tr>\n<td>Utl\u00e5n til Stord Hamnestell<\/td>\n<td>38<\/td>\n<td>37<\/td>\n<td>35<\/td>\n<td>34<\/td>\n<td>33<\/td>\n<\/tr>\n<tr>\n<td>L\u00e5n finansiert over VA-omr\u00e5det<\/td>\n<td>630<\/td>\n<td>763<\/td>\n<td>903<\/td>\n<td>1 044<\/td>\n<td>1 175<\/td>\n<\/tr>\n<tr>\n<td>Sum l\u00e5n ekskl. startl\u00e5n, VA og hamn<\/td>\n<td>1 202<\/td>\n<td>1 283<\/td>\n<td>1 291<\/td>\n<td>1 427<\/td>\n<td>1 390<\/td>\n<\/tr>\n<\/tbody>\n<\/table>\n<p>&nbsp;<\/p>\n<table>\n<tbody>\n<tr>\n<td><strong>Berekna renter og avdrag eks startl\u00e5n (1000 kr)<\/strong><\/td>\n<td><strong>2018<\/strong><\/td>\n<td><strong>2019<\/strong><\/td>\n<td><strong>2020<\/strong><\/td>\n<td><strong>2021<\/strong><\/td>\n<\/tr>\n<tr>\n<td>Renteutgifter<\/td>\n<td>50 385<\/td>\n<td>56 943<\/td>\n<td>66 560<\/td>\n<td>79 435<\/td>\n<\/tr>\n<tr>\n<td>Avdragsutgifter<\/td>\n<td>53 000<\/td>\n<td>54 216<\/td>\n<td>61 081<\/td>\n<td>65 933<\/td>\n<\/tr>\n<tr>\n<td>Sum rente og avdrag<\/td>\n<td>103 385<\/td>\n<td>111 159<\/td>\n<td>127 641<\/td>\n<td>145 368<\/td>\n<\/tr>\n<tr>\n<td>Renter og avdrag finansiert over VA-omr\u00e5det<\/td>\n<td>45 842<\/td>\n<td>53 805<\/td>\n<td>60 114<\/td>\n<td>67 210<\/td>\n<\/tr>\n<tr>\n<td><strong>Netto rente og avdrag<\/strong><\/td>\n<td><strong>57 543<\/strong><\/td>\n<td><strong>57 354<\/strong><\/td>\n<td><strong>67 527<\/strong><\/td>\n<td><strong>78 158<\/strong><\/td>\n<\/tr>\n<\/tbody>\n<\/table>\n<p dir=\"LTR\" align=\"LEFT\">Det er lagt til grunn ei flytande rente p\u00e5 1,56 prosent i 2018 og fast rente berekna etter dei l\u00e5neavtalane kommunen har i dag. Vidare i \u00f8konomiplanen har ein lagt desse rentene til grunn: 2019: 2,0 prosent, 2020: 2,29 prosent og 2021: 2,69 prosent. Dette er i samsvar med Noregs bank og marknaden sitt rentesyn.<\/p>\n<p dir=\"LTR\" align=\"LEFT\">I \u00e5rsbudsjettet for 2018 er det forventa slik avkastning p\u00e5 kommunen sine midlar:<\/p>\n<table>\n<tbody>\n<tr>\n<td><strong>Aktivaklasse<\/strong><\/td>\n<td><strong>Kapital 1000 kr<\/strong><\/td>\n<td><strong>Forventa avkastning i %<\/strong><\/td>\n<td><strong>Budsjettert uttak avkastning i 1000 kr.<\/strong><\/td>\n<\/tr>\n<tr>\n<td>L\u00e5n kraftsalsfond\/kontantar<\/td>\n<td>15 000<\/td>\n<td>2,42 %<\/td>\n<td>258<\/td>\n<\/tr>\n<tr>\n<td>Obligasjonar<\/td>\n<td>74 438<\/td>\n<td>1,80 %<\/td>\n<td>1 340<\/td>\n<\/tr>\n<tr>\n<td>Aksjar<\/td>\n<td>26 291<\/td>\n<td>8,22 %<\/td>\n<td>2 160<\/td>\n<\/tr>\n<tr>\n<td>Utbytte Sunnhordland kraftlag<\/td>\n<td><\/td>\n<td><\/td>\n<td>1 890<\/td>\n<\/tr>\n<tr>\n<td colspan=\"2\">Renter av andre plasseringar og utl\u00e5n<\/td>\n<td><\/td>\n<td>6 240<\/td>\n<\/tr>\n<tr>\n<td>Sum<\/td>\n<td><\/td>\n<td><\/td>\n<td>11 888<\/td>\n<\/tr>\n<\/tbody>\n<\/table>\n<p>Andre plasseringar er m.a. startl\u00e5n (ca. 3,090 mill. kr.), l\u00e5n til Stord hamnestell (ca. 1,05 mill. kr.) renter av bankinnskot\/ skattetrekkskonto (ca. 1,5 mill. kr.), og morarenter (ca. 0,6 mill. kr.).<\/p>\n<p>&nbsp;<\/p>\n","protected":false},"excerpt":{"rendered":"<p>Kommunen si samla l\u00e5negjeld eksklusiv startl\u00e5n vil ved utgangen av 2017 vera p\u00e5 kr. 1 868 mill. Stord hamn sin del av gjelda er kr. 37,8 mill. Kommunen har vidareutl\u00e5nt startl\u00e5n for kr. 163 mill. Minimumsavdrag er rekna ut etter f\u00f8resegna i kommunelova \u00a7 50 nr. 7. Det er lagt til grunn minimumsavdrag for heile<\/p>\n","protected":false},"author":4,"featured_media":0,"parent":170,"menu_order":2,"comment_status":"closed","ping_status":"closed","template":"","meta":{"footnotes":""},"jetpack_sharing_enabled":true,"_links":{"self":[{"href":"https:\/\/sk-dokument.no\/budsjett-og-okonomiplan-2018-2021\/index.php?rest_route=\/wp\/v2\/pages\/174"}],"collection":[{"href":"https:\/\/sk-dokument.no\/budsjett-og-okonomiplan-2018-2021\/index.php?rest_route=\/wp\/v2\/pages"}],"about":[{"href":"https:\/\/sk-dokument.no\/budsjett-og-okonomiplan-2018-2021\/index.php?rest_route=\/wp\/v2\/types\/page"}],"author":[{"embeddable":true,"href":"https:\/\/sk-dokument.no\/budsjett-og-okonomiplan-2018-2021\/index.php?rest_route=\/wp\/v2\/users\/4"}],"replies":[{"embeddable":true,"href":"https:\/\/sk-dokument.no\/budsjett-og-okonomiplan-2018-2021\/index.php?rest_route=%2Fwp%2Fv2%2Fcomments&post=174"}],"version-history":[{"count":10,"href":"https:\/\/sk-dokument.no\/budsjett-og-okonomiplan-2018-2021\/index.php?rest_route=\/wp\/v2\/pages\/174\/revisions"}],"predecessor-version":[{"id":1591,"href":"https:\/\/sk-dokument.no\/budsjett-og-okonomiplan-2018-2021\/index.php?rest_route=\/wp\/v2\/pages\/174\/revisions\/1591"}],"up":[{"embeddable":true,"href":"https:\/\/sk-dokument.no\/budsjett-og-okonomiplan-2018-2021\/index.php?rest_route=\/wp\/v2\/pages\/170"}],"wp:attachment":[{"href":"https:\/\/sk-dokument.no\/budsjett-og-okonomiplan-2018-2021\/index.php?rest_route=%2Fwp%2Fv2%2Fmedia&parent=174"}],"curies":[{"name":"wp","href":"https:\/\/api.w.org\/{rel}","templated":true}]}}