{"id":185,"date":"2016-09-28T13:31:44","date_gmt":"2016-09-28T11:31:44","guid":{"rendered":"http:\/\/sk-dokument.no\/budsjett-og-okonomiplan-2018-2021\/?page_id=185"},"modified":"2017-10-24T09:33:13","modified_gmt":"2017-10-24T07:33:13","slug":"stord-kommunalteknikk","status":"publish","type":"page","link":"https:\/\/sk-dokument.no\/budsjett-og-okonomiplan-2018-2021\/?page_id=185","title":{"rendered":"Stord kommunalteknikk"},"content":{"rendered":"<p dir=\"LTR\" align=\"LEFT\">Eining Stord kommunalteknikk (SKT) omfattar ansvarsomr\u00e5da vatn og avlaup samt renovasjon og slamhandtering (SVA) og veg, trafikk og parkering (SVTP).<\/p>\n<p dir=\"LTR\" align=\"LEFT\"><a name=\"_Toc464554461\"><\/a>5.4.10.1 SVA \u2013 vatn, avlaup og renovasjon<\/p>\n<p dir=\"LTR\" align=\"LEFT\">SVA omfattar tenesteomr\u00e5da vatn, avlaup, renovasjon og slamhandtering. Verksemdene skal drivast i tr\u00e5d med \u00abRetningslinjer for beregning av selvkost for kommunale betalingstjenester\u00bb (H-3\/14 KMD feb. 2014). Kvart av desse tenesteomr\u00e5da har eigne sj\u00f8lvkostfond som overskot eller underskot skal f\u00f8rast mot. Tenestene er 100 prosent gebyrfinansierte.<\/p>\n<p dir=\"LTR\" align=\"LEFT\">Grunna omfattande investeringsprogram, jamf\u00f8r vedtekne kommunedelplanar p\u00e5 vatn og avl\u00f8p, veks kapitalkostnadene \u00e5rleg. Fr\u00e5 2016 til 2021 er kalkulert auke for avl\u00f8p 145 prosent og vassforsyning 105 prosent. I tillegg st\u00e5r ein f\u00f8re store utfordringar med v\u00e5tare klima som vil medf\u00f8re kostnadskrevjande tiltak med overvatn, anten det vert finansiert som del av avl\u00f8psomr\u00e5det eller som separat gebyrfinansiert overvassomr\u00e5de. I forslag til budsjett for 2018 er investeringsramma for vassforsyning 87 mill. kr. og avlaup 76 mill. kr. Det er ikkje behov for auke i bemanninga p\u00e5 drift i 2018.<\/p>\n<p dir=\"LTR\" align=\"LEFT\">Gebyrutviklinga dei seinaste \u00e5ra har vore noks\u00e5 moderat, men det har vore kjent lenge, at gebyra m\u00e5 tilpassast framtidig kostnadsniv\u00e5, s\u00e6rleg p\u00e5 vatn og avlaup. Sj\u00f8lvkostfondet p\u00e5 vatn er negativt og det m\u00e5 styrkast. Fondet p\u00e5 avlaup har vore positivt i fleire \u00e5r, men vert i samsvar med krav i sj\u00f8lvkostreglane tappa ned i perioden 2018-2022. \u00c5rsgebyr for vassforsyning er f\u00f8resl\u00e5tt auka med 14 prosent og \u00e5rsgebyret for avl\u00f8p med 10 prosent. Tilknytingsgebyra har vore uendra sidan 2009. I forslag til budsjett for 2018 er det f\u00f8resl\u00e5tt \u00e5 auka tilknytingsgebyret fr\u00e5 kr 15\u3000000 eks. mva. til kr 25\u3000000 eks. mva. per tilknytt eining for vassforsyning, og tilsvarande auke for avlaup.<\/p>\n<p dir=\"LTR\" align=\"LEFT\">\u00c5rsgebyra (abonnementsgebyr og forbruksgebyr) vert rekna ut fr\u00e5 bruksareal per bygning\/ bustadeining. For anna verksemd enn bustader er det krav om vassm\u00e5lar. Gebyrniv\u00e5et for komande \u00e5r vert vedtatt av kommunestyret kvart \u00e5r i samband med budsjetthandsaminga. SKT har i 2017 arbeidd med revisjon av noverande lokal forskrift om vass- og avl\u00f8psgebyr. Forslag til ny forskrift vert venteleg lagt fram for politisk handsaming i 1. kvartal 2018.<\/p>\n<table>\n<tbody>\n<tr>\n<td>Eigedomsgebyr 2018 (eks mva)<\/td>\n<td style=\"text-align: left;\"><\/td>\n<td>2017<\/td>\n<td>2018<\/td>\n<td>Auke kr<\/td>\n<\/tr>\n<tr>\n<td>Vassavgift<\/td>\n<td style=\"text-align: left;\">\u00c5rsavgift vanleg bustad*<\/td>\n<td>3 583<\/td>\n<td>4 069<\/td>\n<td>486<\/td>\n<\/tr>\n<tr>\n<td><\/td>\n<td style=\"text-align: left;\">Tilknytingsavgift<\/td>\n<td>15 000<\/td>\n<td>25 000<\/td>\n<td>10 000<\/td>\n<\/tr>\n<tr>\n<td>Avl\u00f8psavgift<\/td>\n<td style=\"text-align: left;\">\u00c5rsavgift vanleg bustad*<\/td>\n<td>3 739<\/td>\n<td>4 113<\/td>\n<td>374<\/td>\n<\/tr>\n<tr>\n<td><\/td>\n<td style=\"text-align: left;\">Tilknytingsavgift<\/td>\n<td>15 000<\/td>\n<td>25 000<\/td>\n<td>10 000<\/td>\n<\/tr>\n<tr>\n<td>Renovasjon<\/td>\n<td style=\"text-align: left;\">Standard l\u00f8ysing SIM*<\/td>\n<td>1 868<\/td>\n<td>1 818<\/td>\n<td>-50<\/td>\n<\/tr>\n<tr>\n<td><\/td>\n<td style=\"text-align: left;\">Kommunal eigendel (inkl. over)<\/td>\n<td>100<\/td>\n<td>50<\/td>\n<td>-50<\/td>\n<\/tr>\n<tr>\n<td>Slamt\u00f8ming<\/td>\n<td style=\"text-align: left;\">\u00c5rsavgift bustad (4 m\u00b3)<\/td>\n<td>576<\/td>\n<td>576<\/td>\n<td>0<\/td>\n<\/tr>\n<tr>\n<td><\/td>\n<td style=\"text-align: left;\">\u00c5rsavgift fritidsbustad (4 m\u00b3)<\/td>\n<td>296<\/td>\n<td>300<\/td>\n<td>4<\/td>\n<\/tr>\n<tr>\n<td><\/td>\n<td style=\"text-align: left;\">Sum for vanleg bustad *<\/td>\n<td>9 190<\/td>\n<td>10 000<\/td>\n<td>810<\/td>\n<\/tr>\n<tr>\n<td><\/td>\n<td style=\"text-align: left;\"><\/td>\n<td><\/td>\n<td><\/td>\n<td><\/td>\n<\/tr>\n<tr>\n<td><\/td>\n<td style=\"text-align: left;\">Vatn etter m\u00e5lt mengde (m\u00b3)<\/td>\n<td>13,04<\/td>\n<td>14,88<\/td>\n<td>1,84<\/td>\n<\/tr>\n<tr>\n<td><\/td>\n<td style=\"text-align: left;\">Avl\u00f8p etter m\u00e5lt mengde (m\u00b3)<\/td>\n<td>13,65<\/td>\n<td>15<\/td>\n<td>1,35<\/td>\n<\/tr>\n<tr>\n<td><\/td>\n<\/tr>\n<\/tbody>\n<\/table>\n<p dir=\"LTR\" align=\"LEFT\"><a name=\"_Toc464554462\"><\/a>5.4.10.2 Fagavdeling for veg, trafikk og parkering (VTP)<\/p>\n<p dir=\"LTR\" align=\"LEFT\">Driftsbudsjettet for 2018 er basert p\u00e5 vidaref\u00f8ring av niv\u00e5et i 2017. Inntekter fr\u00e5 Statens vegvesen (refusjonar veglys) og fr\u00e5 parkeringsf\u00f8relegg, er redusert med kr. 500\u3000000 samanlikna med budsjett for 2017.<\/p>\n<p dir=\"LTR\" align=\"LEFT\">Bemanninga p\u00e5 drifta er arbeidseleiar og 3 fagarbeidarar (2,5 stillingar), samt delt stilling med landbrukskontoret (SFLMK) med 40 prosent. Dagens bemanning er ei minimumsl\u00f8ysing for \u00e5 oppretthalde ei vakt og beredskapsordning for kommunale vegar. Internt opprykk fr\u00e5 fagarbeidar til arbeidsleiar og at ein av dei tilsette vart pensjonist, gjer at drifta har hatt to vakante stillingar som fagarbeidar i 2017. Den eine av vakante stillingar er delt med 50 prosent p\u00e5 vatn og avl\u00f8p. I framlegg til budsjett for 2018 er det f\u00f8resett framleis vakanse i 50 prosent stilling.<\/p>\n<p dir=\"LTR\" align=\"LEFT\">Investeringsramma for veg er i 2018 36,3 mill. kroner. Ny veg til Grunnav\u00e5gen er vedteken utbygd med ei kostnadsramme p\u00e5 28,1 mill. kr. fordelt med 3 millionar kroner i 2017 og 25,1 millionar kroner i 2018, jamf\u00f8r vedtak i kommunestyret sak PS 22\/17. Investeringa er delfinansiert med midlar fr\u00e5 hamn (3 mill. kr.), SVA (3 mill. kr.) og Stord Havbrukspark (3,3 mill. kr.).<\/p>\n<p dir=\"LTR\" align=\"LEFT\">Andre investeringar er asfaltering (hovudplan veg) 6,8 mill. kr., trafikksikringstiltak 1,5 mill. kr., samarbeid med andre kr 1,0 mill. kr., utskifting av veglys kr 1,2 mill. kr., samt utstyr, k\u00f8yrety, maskinar og vegmateriell til kr. 700\u3000000. Det hadde vore ynskjeleg med ei st\u00f8rre investeringsramme til samarbeidsprosjekt.<\/p>\n<p dir=\"LTR\" align=\"LEFT\">5.4.11 Stord kommunale eigedomsselskap AS<\/p>\n<p dir=\"LTR\" align=\"LEFT\">Stord kommunale eigedomsselskap AS har varsla om husleigeauke for Teknisk bygg p\u00e5 Heiane som f\u00f8lgje av ei ombygging av lokala. Som eit tiltak for \u00e5 saldera budsjettet legg budsjettframlegget opp til at kommunestyret p\u00e5legg selskapet \u00e5 redusera husleiga for SKE-bygget sentrum med 1 million kroner i 2018. Vidare at kommunen r\u00f8ystar for eit utbyte fr\u00e5 selskapet p\u00e5 1 million kroner i 2018. R\u00e5dmannen viser til selskapet si \u00e5rsmelding for 2016, og meiner at det er grunnlag for desse disposisjonane.<\/p>\n<p>&nbsp;<\/p>\n","protected":false},"excerpt":{"rendered":"<p>Eining Stord kommunalteknikk (SKT) omfattar ansvarsomr\u00e5da vatn og avlaup samt renovasjon og slamhandtering (SVA) og veg, trafikk og parkering (SVTP). 5.4.10.1 SVA \u2013 vatn, avlaup og renovasjon SVA omfattar tenesteomr\u00e5da vatn, avlaup, renovasjon og slamhandtering. Verksemdene skal drivast i tr\u00e5d med \u00abRetningslinjer for beregning av selvkost for kommunale betalingstjenester\u00bb (H-3\/14 KMD feb. 2014). Kvart av<\/p>\n","protected":false},"author":4,"featured_media":0,"parent":132,"menu_order":8,"comment_status":"closed","ping_status":"closed","template":"","meta":{"footnotes":""},"jetpack_sharing_enabled":true,"_links":{"self":[{"href":"https:\/\/sk-dokument.no\/budsjett-og-okonomiplan-2018-2021\/index.php?rest_route=\/wp\/v2\/pages\/185"}],"collection":[{"href":"https:\/\/sk-dokument.no\/budsjett-og-okonomiplan-2018-2021\/index.php?rest_route=\/wp\/v2\/pages"}],"about":[{"href":"https:\/\/sk-dokument.no\/budsjett-og-okonomiplan-2018-2021\/index.php?rest_route=\/wp\/v2\/types\/page"}],"author":[{"embeddable":true,"href":"https:\/\/sk-dokument.no\/budsjett-og-okonomiplan-2018-2021\/index.php?rest_route=\/wp\/v2\/users\/4"}],"replies":[{"embeddable":true,"href":"https:\/\/sk-dokument.no\/budsjett-og-okonomiplan-2018-2021\/index.php?rest_route=%2Fwp%2Fv2%2Fcomments&post=185"}],"version-history":[{"count":9,"href":"https:\/\/sk-dokument.no\/budsjett-og-okonomiplan-2018-2021\/index.php?rest_route=\/wp\/v2\/pages\/185\/revisions"}],"predecessor-version":[{"id":1465,"href":"https:\/\/sk-dokument.no\/budsjett-og-okonomiplan-2018-2021\/index.php?rest_route=\/wp\/v2\/pages\/185\/revisions\/1465"}],"up":[{"embeddable":true,"href":"https:\/\/sk-dokument.no\/budsjett-og-okonomiplan-2018-2021\/index.php?rest_route=\/wp\/v2\/pages\/132"}],"wp:attachment":[{"href":"https:\/\/sk-dokument.no\/budsjett-og-okonomiplan-2018-2021\/index.php?rest_route=%2Fwp%2Fv2%2Fmedia&parent=185"}],"curies":[{"name":"wp","href":"https:\/\/api.w.org\/{rel}","templated":true}]}}