{"id":279,"date":"2016-10-06T09:59:05","date_gmt":"2016-10-06T07:59:05","guid":{"rendered":"http:\/\/sk-dokument.no\/budsjett-og-okonomiplan-2018-2021\/?page_id=279"},"modified":"2017-10-25T10:52:35","modified_gmt":"2017-10-25T08:52:35","slug":"arsavgift-per-bygningsgruppe","status":"publish","type":"page","link":"https:\/\/sk-dokument.no\/budsjett-og-okonomiplan-2018-2021\/?page_id=279","title":{"rendered":"\u00c5RSAVGIFT PER BYGNINGSGRUPPE"},"content":{"rendered":"<table>\n<tbody>\n<tr>\n<td colspan=\"2\">Bustader bygningsgruppe 11: Einebustad<\/td>\n<td>2017<\/td>\n<td>2018<\/td>\n<td>Auke kr<\/td>\n<\/tr>\n<tr>\n<th colspan=\"5\">\u00c5rsavgift for bueining opptil 60 m2 bruksareal utan vassm\u00e5lar:<\/th>\n<\/tr>\n<tr>\n<td>Vassavgift<\/td>\n<td style=\"text-align: left;\">Abonnementsavgift<\/td>\n<td>1 888<\/td>\n<td>2 135<\/td>\n<td><strong>247<\/strong><\/td>\n<\/tr>\n<tr>\n<td><\/td>\n<td style=\"text-align: left;\">Variabel del<\/td>\n<td>782<\/td>\n<td>898<\/td>\n<td><strong>116<\/strong><\/td>\n<\/tr>\n<tr class=\"total-row\">\n<td><\/td>\n<td style=\"text-align: left;\">Sum<\/td>\n<td>2 670<\/td>\n<td>3 033<\/td>\n<td><strong>363<\/strong><\/td>\n<\/tr>\n<tr>\n<td>Avl\u00f8psavgift<\/td>\n<td style=\"text-align: left;\">Abonnementsavgift<\/td>\n<td>1 964<\/td>\n<td>2 160<\/td>\n<td><strong>196<\/strong><\/td>\n<\/tr>\n<tr>\n<td><\/td>\n<td style=\"text-align: left;\">Variabel del<\/td>\n<td>819<\/td>\n<td>901<\/td>\n<td><strong>82<\/strong><\/td>\n<\/tr>\n<tr class=\"total-row\">\n<td><\/td>\n<td style=\"text-align: left;\">Sum<\/td>\n<td>2 783<\/td>\n<td>3 061<\/td>\n<td><strong>278<\/strong><\/td>\n<\/tr>\n<tr>\n<th colspan=\"5\">\u00c5rsavgift for bueining fr\u00e5 61 m2 inntil 200 m2 bruksareal utan vassm\u00e5lar:<\/th>\n<\/tr>\n<tr>\n<td>Vassavgift<\/td>\n<td style=\"text-align: left;\">Abonnementsavgift<\/td>\n<td>1 888<\/td>\n<td>2 135<\/td>\n<td><strong>247<\/strong><\/td>\n<\/tr>\n<tr>\n<td><\/td>\n<td style=\"text-align: left;\">Variabel del<\/td>\n<td>1 695<\/td>\n<td>1 934<\/td>\n<td><strong>239<\/strong><\/td>\n<\/tr>\n<tr class=\"total-row\">\n<td><\/td>\n<td style=\"text-align: left;\">Sum<\/td>\n<td>3 583<\/td>\n<td>4 069<\/td>\n<td><strong>486<\/strong><\/td>\n<\/tr>\n<tr>\n<td>Avl\u00f8psavgift<\/td>\n<td style=\"text-align: left;\">Abonnementsavgift<\/td>\n<td>1 964<\/td>\n<td>2 160<\/td>\n<td><strong>196<\/strong><\/td>\n<\/tr>\n<tr>\n<td><\/td>\n<td style=\"text-align: left;\">Variabel del<\/td>\n<td>1 775<\/td>\n<td>1 953<\/td>\n<td><strong>178<\/strong><\/td>\n<\/tr>\n<tr class=\"total-row\">\n<td><\/td>\n<td style=\"text-align: left;\">Sum<\/td>\n<td>3 739<\/td>\n<td>4 113<\/td>\n<td><strong>374<\/strong><\/td>\n<\/tr>\n<tr>\n<th colspan=\"5\">For bueining over 200 m2 bruksareal utan vassm\u00e5lar. Tillegg pr. m2<\/th>\n<\/tr>\n<tr>\n<td><\/td>\n<td style=\"text-align: left;\">Vatn<\/td>\n<td>15,00<\/td>\n<td>16,00<\/td>\n<td><strong>1,00<\/strong><\/td>\n<\/tr>\n<tr>\n<td><\/td>\n<td style=\"text-align: left;\">Avl\u00f8p<\/td>\n<td>13,94<\/td>\n<td>16,17<\/td>\n<td><strong>2,23<\/strong><\/td>\n<\/tr>\n<\/tbody>\n<\/table>\n<p>&nbsp;<\/p>\n<table width=\"612\">\n<tbody>\n<tr>\n<td colspan=\"2\" width=\"62%\">Bustader bygningsgruppe 11-14: Tomannsbustad, rekkehus, st\u00f8rre bustadbygg<\/td>\n<td width=\"13%\">2017<\/td>\n<td width=\"11%\">2018<\/td>\n<td width=\"13%\">Auke kr<\/td>\n<\/tr>\n<tr>\n<td colspan=\"5\">Eigedomsavgift pr. bustadeining. \u00c5rsavgift for bueining opptil 60 m2 bruksareal utan vassm\u00e5lar:<\/td>\n<\/tr>\n<tr>\n<td width=\"19%\">Vassavgift<\/td>\n<td style=\"text-align: left;\" width=\"43%\">Abonnementsavgift<\/td>\n<td style=\"text-align: right;\" width=\"13%\">1 888<\/td>\n<td style=\"text-align: right;\" width=\"11%\">2 135<\/td>\n<td style=\"text-align: right;\" width=\"13%\"><strong>247<\/strong><\/td>\n<\/tr>\n<tr>\n<td width=\"19%\"><\/td>\n<td style=\"text-align: left;\" width=\"43%\">Variabel del<\/td>\n<td style=\"text-align: right;\" width=\"13%\">782<\/td>\n<td style=\"text-align: right;\" width=\"11%\">898<\/td>\n<td style=\"text-align: right;\" width=\"13%\"><strong>116<\/strong><\/td>\n<\/tr>\n<tr>\n<td width=\"19%\"><\/td>\n<td style=\"text-align: left;\" width=\"43%\">Sum<\/td>\n<td style=\"text-align: right;\" width=\"13%\">2 670<\/td>\n<td style=\"text-align: right;\" width=\"11%\">3 033<\/td>\n<td style=\"text-align: right;\" width=\"13%\"><strong>363<\/strong><\/td>\n<\/tr>\n<tr>\n<td width=\"19%\">Avl\u00f8psavgift<\/td>\n<td style=\"text-align: left;\" width=\"43%\">Abonnementsavgift<\/td>\n<td style=\"text-align: right;\" width=\"13%\">1\u3000964<\/td>\n<td style=\"text-align: right;\" width=\"11%\">2 160<\/td>\n<td style=\"text-align: right;\" width=\"13%\"><strong>196<\/strong><\/td>\n<\/tr>\n<tr>\n<td width=\"19%\"><\/td>\n<td style=\"text-align: left;\" width=\"43%\">Variabel del<\/td>\n<td style=\"text-align: right;\" width=\"13%\">819<\/td>\n<td style=\"text-align: right;\" width=\"11%\">901<\/td>\n<td style=\"text-align: right;\" width=\"13%\"><strong>82<\/strong><\/td>\n<\/tr>\n<tr>\n<td width=\"19%\"><\/td>\n<td style=\"text-align: left;\" width=\"43%\">Sum<\/td>\n<td style=\"text-align: right;\" width=\"13%\">2 783<\/td>\n<td style=\"text-align: right;\" width=\"11%\">3 061<\/td>\n<td style=\"text-align: right;\" width=\"13%\"><strong>278<\/strong><\/td>\n<\/tr>\n<tr>\n<td colspan=\"5\">\u00c5rsavgift for bueining fr\u00e5 61 m2 inntil 200 m2 bruksareal utan vassm\u00e5lar:<\/td>\n<\/tr>\n<tr>\n<td width=\"19%\">Vassavgift<\/td>\n<td style=\"text-align: left;\" width=\"43%\">Abonnementsavgift<\/td>\n<td style=\"text-align: right;\" width=\"13%\">1 888<\/td>\n<td style=\"text-align: right;\" width=\"11%\">2 135<\/td>\n<td style=\"text-align: right;\" width=\"13%\"><strong>247<\/strong><\/td>\n<\/tr>\n<tr>\n<td width=\"19%\"><\/td>\n<td style=\"text-align: left;\" width=\"43%\">Variabel del<\/td>\n<td style=\"text-align: right;\" width=\"13%\">1 695<\/td>\n<td style=\"text-align: right;\" width=\"11%\">1 934<\/td>\n<td style=\"text-align: right;\" width=\"13%\"><strong>239<\/strong><\/td>\n<\/tr>\n<tr>\n<td width=\"19%\"><\/td>\n<td style=\"text-align: left;\" width=\"43%\">Sum<\/td>\n<td style=\"text-align: right;\" width=\"13%\">3 583<\/td>\n<td style=\"text-align: right;\" width=\"11%\">4 069<\/td>\n<td style=\"text-align: right;\" width=\"13%\"><strong>486<\/strong><\/td>\n<\/tr>\n<tr>\n<td width=\"19%\">Avl\u00f8psavgift<\/td>\n<td style=\"text-align: left;\" width=\"43%\">Abonnementsavgift<\/td>\n<td style=\"text-align: right;\" width=\"13%\">1\u3000964<\/td>\n<td style=\"text-align: right;\" width=\"11%\">2 160<\/td>\n<td style=\"text-align: right;\" width=\"13%\"><strong>196<\/strong><\/td>\n<\/tr>\n<tr>\n<td width=\"19%\"><\/td>\n<td style=\"text-align: left;\" width=\"43%\">Variabel del<\/td>\n<td style=\"text-align: right;\" width=\"13%\">1 775<\/td>\n<td style=\"text-align: right;\" width=\"11%\">1 953<\/td>\n<td style=\"text-align: right;\" width=\"13%\"><strong>175<\/strong><\/td>\n<\/tr>\n<tr>\n<td width=\"19%\"><\/td>\n<td style=\"text-align: left;\" width=\"43%\">Sum<\/td>\n<td style=\"text-align: right;\" width=\"13%\">3 739<\/td>\n<td style=\"text-align: right;\" width=\"11%\">4 113<\/td>\n<td style=\"text-align: right;\" width=\"13%\"><strong>374<\/strong><\/td>\n<\/tr>\n<tr>\n<td colspan=\"5\">For bueining over 200 m2 bruksareal utan vassm\u00e5lar. Tillegg pr. m2<\/td>\n<\/tr>\n<tr>\n<td width=\"19%\"><\/td>\n<td style=\"text-align: left;\" width=\"43%\">Vatn<\/td>\n<td style=\"text-align: right;\" width=\"13%\">15,00<\/td>\n<td style=\"text-align: right;\" width=\"11%\">16,00<\/td>\n<td style=\"text-align: right;\" width=\"13%\"><strong>1,00<\/strong><\/td>\n<\/tr>\n<tr>\n<td width=\"19%\"><\/td>\n<td style=\"text-align: left;\" width=\"43%\">Avl\u00f8p<\/td>\n<td style=\"text-align: right;\" width=\"13%\">13,94<\/td>\n<td style=\"text-align: right;\" width=\"11%\">16,17<\/td>\n<td style=\"text-align: right;\" width=\"13%\"><strong>2,23<\/strong><\/td>\n<\/tr>\n<\/tbody>\n<\/table>\n<table width=\"612\">\n<tbody>\n<tr>\n<td colspan=\"2\" width=\"62%\">Bygning for bufellesskap, bygningsgruppe 15: Bu- og servicesenter, studentheim og liknande<\/td>\n<td width=\"13%\">2017<\/td>\n<td width=\"11%\">2018<\/td>\n<td width=\"13%\">Auke kr<\/td>\n<\/tr>\n<tr>\n<td colspan=\"5\">\u00c5rsavgift for inntil (pr.) 4 hyblar utan vassm\u00e5lar<\/td>\n<\/tr>\n<tr>\n<td width=\"19%\">Vassavgift<\/td>\n<td style=\"text-align: left;\" width=\"43%\">Abonnementsavgift<\/td>\n<td width=\"13%\">1 888<\/td>\n<td width=\"11%\">2 135<\/td>\n<td width=\"13%\"><strong>247<\/strong><\/td>\n<\/tr>\n<tr>\n<td width=\"19%\"><\/td>\n<td style=\"text-align: left;\" width=\"43%\">Variabel del<\/td>\n<td width=\"13%\">1 695<\/td>\n<td width=\"11%\">1 934<\/td>\n<td width=\"13%\"><strong>239<\/strong><\/td>\n<\/tr>\n<tr>\n<td width=\"19%\"><\/td>\n<td style=\"text-align: left;\" width=\"43%\">Sum<\/td>\n<td width=\"13%\">3 583<\/td>\n<td width=\"11%\">4 069<\/td>\n<td width=\"13%\"><strong>486<\/strong><\/td>\n<\/tr>\n<tr>\n<td width=\"19%\">Avl\u00f8psavgift<\/td>\n<td style=\"text-align: left;\" width=\"43%\">Abonnementsavgift<\/td>\n<td width=\"13%\">1 964<\/td>\n<td width=\"11%\">2 160<\/td>\n<td width=\"13%\"><strong>196<\/strong><\/td>\n<\/tr>\n<tr>\n<td width=\"19%\"><\/td>\n<td style=\"text-align: left;\" width=\"43%\">Variabel del<\/td>\n<td width=\"13%\">1 775<\/td>\n<td width=\"11%\">1 953<\/td>\n<td width=\"13%\"><strong>175<\/strong><\/td>\n<\/tr>\n<tr>\n<td width=\"19%\"><\/td>\n<td style=\"text-align: left;\" width=\"43%\">Sum<\/td>\n<td width=\"13%\">3 739<\/td>\n<td width=\"11%\">4 113<\/td>\n<td width=\"13%\"><strong>374<\/strong><\/td>\n<\/tr>\n<\/tbody>\n<\/table>\n<p>&nbsp;<\/p>\n<table width=\"612\">\n<tbody>\n<tr>\n<td colspan=\"2\" width=\"62%\">Hytte\/fritidshus, bygningsgruppe 16\u201317, og tappepunkt<\/td>\n<td width=\"13%\">2017<\/td>\n<td width=\"11%\">2018<\/td>\n<td width=\"13%\">Auke kr<\/td>\n<\/tr>\n<tr>\n<td width=\"19%\">Vassavgift<\/td>\n<td style=\"text-align: left;\" width=\"43%\">Abonnementsavgift<\/td>\n<td style=\"text-align: right;\" width=\"13%\">1 888<\/td>\n<td style=\"text-align: right;\" width=\"11%\">2 135<\/td>\n<td style=\"text-align: right;\" width=\"13%\"><strong>247<\/strong><\/td>\n<\/tr>\n<tr>\n<td width=\"19%\"><\/td>\n<td style=\"text-align: left;\" width=\"43%\">Variabel del<\/td>\n<td style=\"text-align: right;\" width=\"13%\">782<\/td>\n<td style=\"text-align: right;\" width=\"11%\">898<\/td>\n<td style=\"text-align: right;\" width=\"13%\"><strong>116<\/strong><\/td>\n<\/tr>\n<tr>\n<td width=\"19%\"><\/td>\n<td style=\"text-align: left;\" width=\"43%\">Sum<\/td>\n<td style=\"text-align: right;\" width=\"13%\">2 670<\/td>\n<td style=\"text-align: right;\" width=\"11%\">3 033<\/td>\n<td style=\"text-align: right;\" width=\"13%\"><strong>363<\/strong><\/td>\n<\/tr>\n<tr>\n<td width=\"19%\">Avl\u00f8psavgift<\/td>\n<td style=\"text-align: left;\" width=\"43%\">Abonnementsavgift<\/td>\n<td style=\"text-align: right;\" width=\"13%\">1\u3000964<\/td>\n<td style=\"text-align: right;\" width=\"11%\">2 160<\/td>\n<td style=\"text-align: right;\" width=\"13%\"><strong>196<\/strong><\/td>\n<\/tr>\n<tr>\n<td width=\"19%\"><\/td>\n<td style=\"text-align: left;\" width=\"43%\">Variabel del<\/td>\n<td style=\"text-align: right;\" width=\"13%\">819<\/td>\n<td style=\"text-align: right;\" width=\"11%\">901<\/td>\n<td style=\"text-align: right;\" width=\"13%\"><strong>82<\/strong><\/td>\n<\/tr>\n<tr>\n<td width=\"19%\"><\/td>\n<td style=\"text-align: left;\" width=\"43%\">Sum<\/td>\n<td style=\"text-align: right;\" width=\"13%\">2 783<\/td>\n<td style=\"text-align: right;\" width=\"11%\">3 061<\/td>\n<td style=\"text-align: right;\" width=\"13%\"><strong>278<\/strong><\/td>\n<\/tr>\n<\/tbody>\n<\/table>\n<table width=\"612\">\n<tbody>\n<tr>\n<td colspan=\"2\" width=\"62%\">Industri \/ n\u00e6ringsdrivande o.l., bygningsgruppe 18, 21-44<\/td>\n<td width=\"13%\">2017<\/td>\n<td width=\"11%\">2018<\/td>\n<td width=\"13%\">Auke kr<\/td>\n<\/tr>\n<tr>\n<td width=\"19%\">Vassavgift<\/td>\n<td style=\"text-align: left;\" width=\"43%\">Abonnementsavgift<\/td>\n<td style=\"text-align: right;\" width=\"13%\">1 888<\/td>\n<td style=\"text-align: right;\" width=\"11%\">2 135<\/td>\n<td style=\"text-align: right;\" width=\"13%\"><strong>247<\/strong><\/td>\n<\/tr>\n<tr>\n<td width=\"19%\"><\/td>\n<td style=\"text-align: left;\" width=\"43%\">Variabel del<\/td>\n<td style=\"text-align: right;\" width=\"13%\">782<\/td>\n<td style=\"text-align: right;\" width=\"11%\">898<\/td>\n<td style=\"text-align: right;\" width=\"13%\"><strong>116<\/strong><\/td>\n<\/tr>\n<tr>\n<td width=\"19%\"><\/td>\n<td style=\"text-align: left;\" width=\"43%\">Sum<\/td>\n<td style=\"text-align: right;\" width=\"13%\">2 670<\/td>\n<td style=\"text-align: right;\" width=\"11%\">3 033<\/td>\n<td style=\"text-align: right;\" width=\"13%\"><strong>363<\/strong><\/td>\n<\/tr>\n<tr>\n<td width=\"19%\">Avl\u00f8psavgift<\/td>\n<td style=\"text-align: left;\" width=\"43%\">Abonnementsavgift<\/td>\n<td style=\"text-align: right;\" width=\"13%\">1 964<\/td>\n<td style=\"text-align: right;\" width=\"11%\">2 160<\/td>\n<td style=\"text-align: right;\" width=\"13%\"><strong>196<\/strong><\/td>\n<\/tr>\n<tr>\n<td width=\"19%\"><\/td>\n<td style=\"text-align: left;\" width=\"43%\">Variabel del<\/td>\n<td style=\"text-align: right;\" width=\"13%\">819<\/td>\n<td style=\"text-align: right;\" width=\"11%\">901<\/td>\n<td style=\"text-align: right;\" width=\"13%\"><strong>82<\/strong><\/td>\n<\/tr>\n<tr>\n<td width=\"19%\"><\/td>\n<td style=\"text-align: left;\" width=\"43%\">Sum<\/td>\n<td style=\"text-align: right;\" width=\"13%\">2 783<\/td>\n<td style=\"text-align: right;\" width=\"11%\">3 061<\/td>\n<td style=\"text-align: right;\" width=\"13%\"><strong>278<\/strong><\/td>\n<\/tr>\n<\/tbody>\n<\/table>\n<table width=\"612\">\n<tbody>\n<tr>\n<td colspan=\"2\" width=\"62%\">Forretning, verksemd, kontor, driftsbygning, naust o.l. 61 \u2013 200 m2<\/td>\n<td width=\"13%\">2017<\/td>\n<td width=\"11%\">2018<\/td>\n<td width=\"13%\">Auke kr<\/td>\n<\/tr>\n<tr>\n<td width=\"19%\">Vassavgift<\/td>\n<td style=\"text-align: left;\" width=\"43%\">Abonnementsavgift<\/td>\n<td style=\"text-align: right;\" width=\"13%\">1 888<\/td>\n<td style=\"text-align: right;\" width=\"11%\">2 135<\/td>\n<td style=\"text-align: right;\" width=\"13%\"><strong>247<\/strong><\/td>\n<\/tr>\n<tr>\n<td width=\"19%\"><\/td>\n<td style=\"text-align: left;\" width=\"43%\">Variabel del<\/td>\n<td style=\"text-align: right;\" width=\"13%\">1 695<\/td>\n<td style=\"text-align: right;\" width=\"11%\">1 934<\/td>\n<td style=\"text-align: right;\" width=\"13%\"><strong>239<\/strong><\/td>\n<\/tr>\n<tr>\n<td width=\"19%\"><\/td>\n<td style=\"text-align: left;\" width=\"43%\">Sum<\/td>\n<td style=\"text-align: right;\" width=\"13%\">3\u3000583<\/td>\n<td style=\"text-align: right;\" width=\"11%\">4 069<\/td>\n<td style=\"text-align: right;\" width=\"13%\"><strong>486<\/strong><\/td>\n<\/tr>\n<tr>\n<td width=\"19%\">Avl\u00f8psavgift<\/td>\n<td style=\"text-align: left;\" width=\"43%\">Abonnementsavgift<\/td>\n<td style=\"text-align: right;\" width=\"13%\">1 964<\/td>\n<td style=\"text-align: right;\" width=\"11%\">2 160<\/td>\n<td style=\"text-align: right;\" width=\"13%\"><strong>196<\/strong><\/td>\n<\/tr>\n<tr>\n<td width=\"19%\"><\/td>\n<td style=\"text-align: left;\" width=\"43%\">Variabel del<\/td>\n<td style=\"text-align: right;\" width=\"13%\">1 775<\/td>\n<td style=\"text-align: right;\" width=\"11%\">1 953<\/td>\n<td style=\"text-align: right;\" width=\"13%\"><strong>175<\/strong><\/td>\n<\/tr>\n<tr>\n<td width=\"19%\"><\/td>\n<td style=\"text-align: left;\" width=\"43%\">Sum<\/td>\n<td style=\"text-align: right;\" width=\"13%\">3 739<\/td>\n<td style=\"text-align: right;\" width=\"11%\">4 113<\/td>\n<td style=\"text-align: right;\" width=\"13%\"><strong>374<\/strong><\/td>\n<\/tr>\n<\/tbody>\n<\/table>\n<table width=\"612\">\n<tbody>\n<tr>\n<td colspan=\"2\" width=\"62%\">Forretning, verksemd, kontor, driftsbygning, naust o.l. over 200 m2 bruksareal; tillegg pr. m2<\/td>\n<td width=\"13%\">2017<\/td>\n<td width=\"11%\">2018<\/td>\n<td width=\"13%\">Auke kr<\/td>\n<\/tr>\n<tr>\n<td width=\"19%\"><\/td>\n<td style=\"text-align: left;\" width=\"43%\">Vatn<\/td>\n<td style=\"text-align: right;\" width=\"13%\">15,00<\/td>\n<td style=\"text-align: right;\" width=\"11%\">16,00<\/td>\n<td style=\"text-align: right;\" width=\"13%\"><strong>1,00<\/strong><\/td>\n<\/tr>\n<tr>\n<td width=\"19%\"><\/td>\n<td style=\"text-align: left;\" width=\"43%\">Avl\u00f8p<\/td>\n<td style=\"text-align: right;\" width=\"13%\">13,94<\/td>\n<td style=\"text-align: right;\" width=\"11%\">16,17<\/td>\n<td style=\"text-align: right;\" width=\"13%\"><strong>2,23<\/strong><\/td>\n<\/tr>\n<\/tbody>\n<\/table>\n<table width=\"612\">\n<tbody>\n<tr>\n<td colspan=\"2\" width=\"62%\">Industri o.l over 200 m2 bygningsgruppe 21\u201384 etter m\u00e5lt forbruk (krav om vassm\u00e5lar)<\/td>\n<td width=\"13%\">2017<\/td>\n<td width=\"11%\">2018<\/td>\n<td width=\"13%\">Auke kr<\/td>\n<\/tr>\n<tr>\n<td width=\"19%\">Vassavgift<\/td>\n<td style=\"text-align: left;\" width=\"43%\">Abonnementsavgift<\/td>\n<td style=\"text-align: right;\" width=\"13%\">7 552<\/td>\n<td style=\"text-align: right;\" width=\"11%\">8 541<\/td>\n<td style=\"text-align: right;\" width=\"13%\"><strong>989<\/strong><\/td>\n<\/tr>\n<tr>\n<td width=\"19%\">Avl\u00f8psavgift<\/td>\n<td style=\"text-align: left;\" width=\"43%\">Abonnementsavgift<\/td>\n<td style=\"text-align: right;\" width=\"13%\">7 856<\/td>\n<td style=\"text-align: right;\" width=\"11%\">8 642<\/td>\n<td style=\"text-align: right;\" width=\"13%\"><strong>786<\/strong><\/td>\n<\/tr>\n<tr>\n<td colspan=\"2\" width=\"62%\">Vatn og avl\u00f8p etter m\u00e5lt mengde (m\u00b3):<\/td>\n<td style=\"text-align: right;\" width=\"13%\"><\/td>\n<td style=\"text-align: right;\" width=\"11%\"><\/td>\n<td style=\"text-align: right;\" width=\"13%\"><\/td>\n<\/tr>\n<tr>\n<td width=\"19%\"><\/td>\n<td style=\"text-align: left;\" width=\"43%\">Vatn<\/td>\n<td style=\"text-align: right;\" width=\"13%\">13,04<\/td>\n<td style=\"text-align: right;\" width=\"11%\">14,88<\/td>\n<td style=\"text-align: right;\" width=\"13%\"><strong>1,84<\/strong><\/td>\n<\/tr>\n<tr>\n<td width=\"19%\"><\/td>\n<td style=\"text-align: left;\" width=\"43%\">Avl\u00f8p<\/td>\n<td style=\"text-align: right;\" width=\"13%\">13,65<\/td>\n<td style=\"text-align: right;\" width=\"11%\">15,00<\/td>\n<td style=\"text-align: right;\" width=\"13%\"><strong>1,35<\/strong><\/td>\n<\/tr>\n<\/tbody>\n<\/table>\n<p><strong>Halv abonnementsavgift for industri o.l. over 200 m2<\/strong>:<\/p>\n<p>Ved lite vassforbruk kan det etter s\u00f8knad gjevast halv abonnementsavgift.<\/p>\n<p>Vilk\u00e5r er eit gjennomsnittleg forbruk siste 3 \u00e5r p\u00e5 mindre enn 100 m3\/\u00e5r.<\/p>\n","protected":false},"excerpt":{"rendered":"<p>Bustader bygningsgruppe 11: Einebustad 2017 2018 Auke kr \u00c5rsavgift for bueining opptil 60 m2 bruksareal utan vassm\u00e5lar: Vassavgift Abonnementsavgift 1 888 2 135 247 Variabel del 782 898 116 Sum 2 670 3 033 363 Avl\u00f8psavgift Abonnementsavgift 1 964 2 160 196 Variabel del 819 901 82 Sum 2 783 3 061 278 \u00c5rsavgift for<\/p>\n","protected":false},"author":13,"featured_media":0,"parent":277,"menu_order":1,"comment_status":"closed","ping_status":"closed","template":"","meta":{"footnotes":""},"jetpack_sharing_enabled":true,"_links":{"self":[{"href":"https:\/\/sk-dokument.no\/budsjett-og-okonomiplan-2018-2021\/index.php?rest_route=\/wp\/v2\/pages\/279"}],"collection":[{"href":"https:\/\/sk-dokument.no\/budsjett-og-okonomiplan-2018-2021\/index.php?rest_route=\/wp\/v2\/pages"}],"about":[{"href":"https:\/\/sk-dokument.no\/budsjett-og-okonomiplan-2018-2021\/index.php?rest_route=\/wp\/v2\/types\/page"}],"author":[{"embeddable":true,"href":"https:\/\/sk-dokument.no\/budsjett-og-okonomiplan-2018-2021\/index.php?rest_route=\/wp\/v2\/users\/13"}],"replies":[{"embeddable":true,"href":"https:\/\/sk-dokument.no\/budsjett-og-okonomiplan-2018-2021\/index.php?rest_route=%2Fwp%2Fv2%2Fcomments&post=279"}],"version-history":[{"count":17,"href":"https:\/\/sk-dokument.no\/budsjett-og-okonomiplan-2018-2021\/index.php?rest_route=\/wp\/v2\/pages\/279\/revisions"}],"predecessor-version":[{"id":1596,"href":"https:\/\/sk-dokument.no\/budsjett-og-okonomiplan-2018-2021\/index.php?rest_route=\/wp\/v2\/pages\/279\/revisions\/1596"}],"up":[{"embeddable":true,"href":"https:\/\/sk-dokument.no\/budsjett-og-okonomiplan-2018-2021\/index.php?rest_route=\/wp\/v2\/pages\/277"}],"wp:attachment":[{"href":"https:\/\/sk-dokument.no\/budsjett-og-okonomiplan-2018-2021\/index.php?rest_route=%2Fwp%2Fv2%2Fmedia&parent=279"}],"curies":[{"name":"wp","href":"https:\/\/api.w.org\/{rel}","templated":true}]}}