{"id":281,"date":"2016-10-06T10:00:00","date_gmt":"2016-10-06T08:00:00","guid":{"rendered":"http:\/\/sk-dokument.no\/budsjett-og-okonomiplan-2018-2021\/?page_id=281"},"modified":"2017-10-16T08:39:13","modified_gmt":"2017-10-16T06:39:13","slug":"tilknytingsavgifter","status":"publish","type":"page","link":"https:\/\/sk-dokument.no\/budsjett-og-okonomiplan-2018-2021\/?page_id=281","title":{"rendered":"TILKNYTINGSAVGIFTER"},"content":{"rendered":"<p dir=\"LTR\" align=\"LEFT\">For tilknyting til kommunal vassforsyning eller avl\u00f8p, m\u00e5 det s\u00f8kjast p\u00e5 s\u00e6rskilt skjema. S\u00f8knad m\u00e5 vera godkjent og avgifta betalt f\u00f8r tilknyting skjer.<\/p>\n<p>Eingongsgebyr for tilknyting vert likt for alle abonnentar med inntil 2&#8243; tilknytingsleidning til vatn. Ved tilkopling med st\u00f8rre dimensjonar, vert det rekna tillegg i avgifta.<\/p>\n<table width=\"606\">\n<tbody>\n<tr style=\"height: 24px;\">\n<td style=\"height: 24px;\" width=\"177\">Tilknytingsavgifter<\/td>\n<td style=\"height: 24px;\" width=\"12\"><\/td>\n<td style=\"height: 24px;\" width=\"80\">2017<\/td>\n<td style=\"height: 24px;\" width=\"84\">2018<\/td>\n<td style=\"height: 24px;\" width=\"84\">Auke kr<\/td>\n<\/tr>\n<tr style=\"height: 24px;\">\n<td style=\"height: 24px;\" colspan=\"5\" width=\"438\">3.1 Bustader\/Fritidsbygg<\/td>\n<\/tr>\n<tr style=\"height: 24px;\">\n<td style=\"height: 24px;\" width=\"177\">Vatn<\/td>\n<td style=\"height: 24px;\" width=\"12\"><\/td>\n<td style=\"height: 24px;\" width=\"80\">15 000<\/td>\n<td style=\"height: 24px;\" width=\"84\">25 000<\/td>\n<td style=\"height: 24px;\" width=\"84\"><strong>10 000<\/strong><\/td>\n<\/tr>\n<tr style=\"height: 24px;\">\n<td style=\"height: 24px;\" width=\"177\">Avl\u00f8p<\/td>\n<td style=\"height: 24px;\" width=\"12\"><\/td>\n<td style=\"height: 24px;\" width=\"80\">15 000<\/td>\n<td style=\"height: 24px;\" width=\"84\">25 000<\/td>\n<td style=\"height: 24px;\" width=\"84\"><strong>10 000<\/strong><\/td>\n<\/tr>\n<tr style=\"height: 24px;\">\n<td style=\"height: 24px;\" width=\"177\">3.2 Industribygg<\/td>\n<td style=\"height: 24px;\" width=\"12\"><\/td>\n<td style=\"height: 24px;\" width=\"80\"><\/td>\n<td style=\"height: 24px;\" width=\"84\"><\/td>\n<td style=\"height: 24px;\" width=\"84\"><strong>\u00a0<\/strong><\/td>\n<\/tr>\n<tr style=\"height: 24px;\">\n<td style=\"height: 24px;\" width=\"177\">Vatn<\/td>\n<td style=\"height: 24px;\" width=\"12\"><\/td>\n<td style=\"height: 24px;\" width=\"80\">15 000<\/td>\n<td style=\"height: 24px;\" width=\"84\">25 000<\/td>\n<td style=\"height: 24px;\" width=\"84\"><strong>10 000<\/strong><\/td>\n<\/tr>\n<tr style=\"height: 24px;\">\n<td style=\"height: 24px;\" width=\"177\">Avl\u00f8p<\/td>\n<td style=\"height: 24px;\" width=\"12\"><\/td>\n<td style=\"height: 24px;\" width=\"80\">15 000<\/td>\n<td style=\"height: 24px;\" width=\"84\">25 000<\/td>\n<td style=\"height: 24px;\" width=\"84\"><strong>10 000<\/strong><\/td>\n<\/tr>\n<tr style=\"height: 24px;\">\n<td style=\"height: 24px;\" colspan=\"3\" width=\"269\">3.3 St\u00f8rre leidningsdimensjon, tillegg i avgifta<\/td>\n<td style=\"height: 24px;\" width=\"84\"><\/td>\n<td style=\"height: 24px;\" width=\"84\"><strong>\u00a0<\/strong><\/td>\n<\/tr>\n<tr style=\"height: 24px;\">\n<td style=\"height: 24px;\" width=\"177\">3 \u2013 4\u201d leidning:<\/td>\n<td style=\"height: 24px;\" width=\"12\"><\/td>\n<td style=\"height: 24px;\" width=\"80\">20 000<\/td>\n<td style=\"height: 24px;\" width=\"84\">30 000<\/td>\n<td style=\"height: 24px;\" width=\"84\"><strong>10 000<\/strong><\/td>\n<\/tr>\n<tr style=\"height: 24px;\">\n<td style=\"height: 24px;\" width=\"177\">5 \u2013 6\u201d leidning:<\/td>\n<td style=\"height: 24px;\" width=\"12\"><\/td>\n<td style=\"height: 24px;\" width=\"80\">40 000<\/td>\n<td style=\"height: 24px;\" width=\"84\">60 000<\/td>\n<td style=\"height: 24px;\" width=\"84\"><strong>20 000<\/strong><\/td>\n<\/tr>\n<tr style=\"height: 24px;\">\n<td style=\"height: 24px;\" width=\"177\">3.4 Naust\/tappepunkt<\/td>\n<td style=\"height: 24px;\" width=\"12\"><\/td>\n<td style=\"height: 24px;\" width=\"80\"><\/td>\n<td style=\"height: 24px;\" width=\"84\"><\/td>\n<td style=\"height: 24px;\" width=\"84\"><strong>\u00a0<\/strong><\/td>\n<\/tr>\n<tr style=\"height: 24px;\">\n<td style=\"height: 24px;\" width=\"177\">Vatn<\/td>\n<td style=\"height: 24px;\" width=\"12\"><\/td>\n<td style=\"height: 24px;\" width=\"80\">15 000<\/td>\n<td style=\"height: 24px;\" width=\"84\">25 000<\/td>\n<td style=\"height: 24px;\" width=\"84\"><strong>10 000<\/strong><\/td>\n<\/tr>\n<tr style=\"height: 23px;\">\n<td style=\"height: 23px;\" width=\"177\">Avl\u00f8p<\/td>\n<td style=\"height: 23px;\" width=\"12\"><\/td>\n<td style=\"height: 23px;\" width=\"80\">15 000<\/td>\n<td style=\"height: 23px;\" width=\"84\">25 000<\/td>\n<td style=\"height: 23px;\" width=\"84\"><strong>10 000<\/strong><\/td>\n<\/tr>\n<\/tbody>\n<\/table>\n<p>3.5 Mellombelse tilkoplingar<\/p>\n<p>Ingen tilknytingsgebyr. Alle kostnader med tilkopling\/fr\u00e5kopling skal dekkjast av eigar\/festar av eigedomen. Mellombels tilknyting gjeld for opp til eitt \u00e5r. I s\u00e6rskilde h\u00f8ve kan ein s\u00f8kja om vidaref\u00f8ring.<\/p>\n<p dir=\"LTR\" align=\"LEFT\">\n<p dir=\"LTR\" align=\"LEFT\">Meirverdiavgift kjem i tillegg.<\/p>\n<p>&nbsp;<\/p>\n","protected":false},"excerpt":{"rendered":"<p>For tilknyting til kommunal vassforsyning eller avl\u00f8p, m\u00e5 det s\u00f8kjast p\u00e5 s\u00e6rskilt skjema. S\u00f8knad m\u00e5 vera godkjent og avgifta betalt f\u00f8r tilknyting skjer. Eingongsgebyr for tilknyting vert likt for alle abonnentar med inntil 2&#8243; tilknytingsleidning til vatn. Ved tilkopling med st\u00f8rre dimensjonar, vert det rekna tillegg i avgifta. Tilknytingsavgifter 2017 2018 Auke kr 3.1 Bustader\/Fritidsbygg<\/p>\n","protected":false},"author":13,"featured_media":0,"parent":277,"menu_order":2,"comment_status":"closed","ping_status":"closed","template":"","meta":{"footnotes":""},"jetpack_sharing_enabled":true,"_links":{"self":[{"href":"https:\/\/sk-dokument.no\/budsjett-og-okonomiplan-2018-2021\/index.php?rest_route=\/wp\/v2\/pages\/281"}],"collection":[{"href":"https:\/\/sk-dokument.no\/budsjett-og-okonomiplan-2018-2021\/index.php?rest_route=\/wp\/v2\/pages"}],"about":[{"href":"https:\/\/sk-dokument.no\/budsjett-og-okonomiplan-2018-2021\/index.php?rest_route=\/wp\/v2\/types\/page"}],"author":[{"embeddable":true,"href":"https:\/\/sk-dokument.no\/budsjett-og-okonomiplan-2018-2021\/index.php?rest_route=\/wp\/v2\/users\/13"}],"replies":[{"embeddable":true,"href":"https:\/\/sk-dokument.no\/budsjett-og-okonomiplan-2018-2021\/index.php?rest_route=%2Fwp%2Fv2%2Fcomments&post=281"}],"version-history":[{"count":12,"href":"https:\/\/sk-dokument.no\/budsjett-og-okonomiplan-2018-2021\/index.php?rest_route=\/wp\/v2\/pages\/281\/revisions"}],"predecessor-version":[{"id":1054,"href":"https:\/\/sk-dokument.no\/budsjett-og-okonomiplan-2018-2021\/index.php?rest_route=\/wp\/v2\/pages\/281\/revisions\/1054"}],"up":[{"embeddable":true,"href":"https:\/\/sk-dokument.no\/budsjett-og-okonomiplan-2018-2021\/index.php?rest_route=\/wp\/v2\/pages\/277"}],"wp:attachment":[{"href":"https:\/\/sk-dokument.no\/budsjett-og-okonomiplan-2018-2021\/index.php?rest_route=%2Fwp%2Fv2%2Fmedia&parent=281"}],"curies":[{"name":"wp","href":"https:\/\/api.w.org\/{rel}","templated":true}]}}