{"id":301,"date":"2016-10-06T10:48:03","date_gmt":"2016-10-06T08:48:03","guid":{"rendered":"http:\/\/sk-dokument.no\/budsjett-og-okonomiplan-2018-2021\/?page_id=301"},"modified":"2017-10-13T13:01:09","modified_gmt":"2017-10-13T11:01:09","slug":"generelt","status":"publish","type":"page","link":"https:\/\/sk-dokument.no\/budsjett-og-okonomiplan-2018-2021\/?page_id=301","title":{"rendered":"GENERELT"},"content":{"rendered":"<p dir=\"LTR\" align=\"LEFT\"><strong>5 Indeksregulering<\/strong><\/p>\n<p dir=\"LTR\" align=\"LEFT\"><span style=\"font-size: medium;\">Kommunestyret kan indeksregulera gebyret. <\/span><\/p>\n<p dir=\"LTR\" align=\"LEFT\"><strong>\u00a76 S\u00f8knader som vert trekt eller returnert<\/strong><\/p>\n<ol>\n<li>Ved skriftleg tilbaketrekking av eit <b>planforslag<\/b> f\u00f8r f\u00f8rstegongshandsaming er utf\u00f8rt, vert det fastsett 50 prosent av fullt gebyr. Det same gjeld n\u00e5r ei sak vert oppfatta som uaktuell, som f\u00f8lgje av manglande oppf\u00f8lging av saka fr\u00e5 forslagsstillar.<\/li>\n<li>\n<table style=\"width: 920.25px;\">\n<tbody>\n<tr>\n<td style=\"width: 686px;\"><\/td>\n<td style=\"width: 68px;\"><strong>2017<\/strong><\/td>\n<td style=\"width: 67px;\"><strong>2018<\/strong><\/td>\n<td style=\"width: 74.25px;\"><strong>Auke kr<\/strong><\/td>\n<\/tr>\n<tr>\n<td style=\"width: 686px;\">For bygge- eller delessaker som vert returnert eller trekt, vert det fastsett eit minimumsgebyr, unnateke der det g\u00e5r fram i dette regulativ at det ikkje skal betalast gebyr.<\/td>\n<td style=\"width: 68px;\">3 445<\/td>\n<td style=\"width: 67px;\">3 445<\/td>\n<td style=\"width: 74.25px;\"><strong>0<\/strong><\/td>\n<\/tr>\n<\/tbody>\n<\/table>\n<\/li>\n<\/ol>\n<p dir=\"LTR\" align=\"LEFT\">3. For bygges\u00f8knader, som vert trekt eller returnert f\u00f8r rammel\u00f8yve er gjeve, vert byggesaksgebyret fastsett til 10 prosent av ordin\u00e6rt gebyr, justert for minimumsgebyret.<\/p>\n<p dir=\"LTR\" align=\"LEFT\">4. For bygges\u00f8knader, som vert trekt etter at rammel\u00f8yve er gjeve men f\u00f8r l\u00f8yve til igangsetting er gjeve,\u00a0 vert\u00a0byggesaksgebyret fastsett til 70 prosent av ordin\u00e6rt gebyr, justert for minimumsgebyret.<\/p>\n<p>5. Vert ein bygges\u00f8knad etter plan- og bygningslova \u00a720-3 og 20-4 der l\u00f8yve vert rekna for gitt etter tre veker, trekt innan tre veker etter at den er motteke i kommunen, vert det fastsett byggesaksgebyr lik minimumsgebyret. Dersom saka allereie er handsama, vert det ilagt fullt gebyr<\/p>\n<p dir=\"LTR\" align=\"LEFT\">6.<\/p>\n<table style=\"width: 703.57px;\">\n<tbody>\n<tr>\n<td style=\"width: 512px;\"><\/td>\n<td style=\"width: 54px;\"><strong>2017<\/strong><\/td>\n<td style=\"width: 48px;\"><strong>2018<\/strong><\/td>\n<td style=\"width: 73.57px;\"><strong>Auke kr<\/strong><\/td>\n<\/tr>\n<tr>\n<td style=\"width: 512px;\">For bygge- eller delesaker, som vert returnert utan handsaming, og etterspurd dokumentasjon i mangelbrev ikkje er motteke innan n\u00e6rare fastsett frist, vert det fastsett eit minimumsgebyr<\/td>\n<td style=\"width: 54px;\">3 445<\/td>\n<td style=\"width: 48px;\">3 445<\/td>\n<td style=\"width: 73.57px;\"><strong>0<\/strong><\/td>\n<\/tr>\n<\/tbody>\n<\/table>\n<p>&nbsp;<\/p>\n<p>7. Dersom ein bygges\u00f8knad vert trekt etter at l\u00f8yve\/igangsettingsl\u00f8yve\/samtykke er gjeve eller ved bortfall av l\u00f8yve i samsvar med \u00a7 96 1.ledd, vil det ikkje verta refundert gebyr.<\/p>\n<p>8. Gebyr for godkjenning av f\u00f8retak\/ansvarsrettar\/dispensasjonar vert ikkje refundert.<\/p>\n<p>9. For seksjoneringss\u00f8knader, som vert trekt f\u00f8r vedtaket vert fatta, vert det rekna eit gebyr p\u00e5 50 prosent av handsamingsgebyret<\/p>\n<p>&nbsp;<\/p>\n<p dir=\"LTR\" align=\"LEFT\"><strong>\u00a77 S\u00f8knader som f\u00f8rer til avslag<\/strong><\/p>\n<ol>\n<li dir=\"LTR\">\n<table style=\"width: 920.63px;\">\n<tbody>\n<tr>\n<td style=\"width: 693px;\"><strong>\u00a0<\/strong><\/td>\n<td style=\"width: 68px;\"><strong>2017<\/strong><\/td>\n<td style=\"width: 65px;\"><strong>2018<\/strong><\/td>\n<td style=\"width: 71.63px;\"><strong>Auke kr<\/strong><\/td>\n<\/tr>\n<tr>\n<td style=\"width: 693px;\">Ved avslag p\u00e5 bygge- eller delesaker vert det fastsett eit gebyr 80 prosent av ordin\u00e6rt gebyr avgrensa nedover til minimumsgebyret.<\/td>\n<td style=\"width: 68px;\">3 445<\/td>\n<td style=\"width: 65px;\">3 445<\/td>\n<td style=\"width: 71.63px;\"><strong>0<\/strong><\/td>\n<\/tr>\n<\/tbody>\n<\/table>\n<\/li>\n<\/ol>\n<p><span style=\"font-size: medium;\">2. <\/span><span style=\"font-size: medium;\">Gebyr for godkjenning av ansvarleg s\u00f8kjar vert fakturert uavhengig av avslag eller godkjenning.<\/span><\/p>\n<p><span style=\"font-size: medium;\">3. <\/span><span style=\"font-size: medium;\">Ved avslag p\u00e5 seksjoneringss\u00f8knader vert det rekna eit gebyr p\u00e5 50 prosent av handsamingsgebyret.<\/span><\/p>\n<p><span style=\"font-size: medium;\">4. <\/span><span style=\"font-size: medium;\">Ved avslag etter plan- og bygningslova kap. 19 (dispensasjon) skal det betalast fullt gebyr. Gebyr for\u00a0\u00a0\u00a0 handsaming av dispensasjonss\u00f8knad vert fakturert uavhengig av avslag eller godkjenning.<\/span><\/p>\n<p dir=\"LTR\" align=\"LEFT\"><strong>\u00a78 Urimeleg gebyr<\/strong><\/p>\n<p dir=\"LTR\" align=\"LEFT\">Dersom gebyret openbart er urimeleg i h\u00f8ve til dei prinsipp som er lagt til grunn og det arbeidet og kostnadane kommunen har hatt, kan kommunen etter grunngjeven s\u00f8knad redusera gebyret.<br \/>\nS\u00f8knaden om nedsetting av gebyret utset ikkje betalingsfristen.<\/p>\n<p dir=\"LTR\" align=\"LEFT\">Tilsvarande kan kommunen auke gebyret etter prinsippet om fakturering etter medg\u00e5tt tid dersom ei sak er s\u00e6rleg tidkrevjande \u00e5 handsame utover det som er lagt til grunn i fastsett gebyrregulativ.<\/p>\n<p dir=\"LTR\" align=\"LEFT\"><strong>\u00a79 Fakturering etter medg\u00e5tt tid<\/strong><\/p>\n<p dir=\"LTR\" align=\"LEFT\">Saker som skal fakturerast etter medg\u00e5tt tid, eller handsaming av saker som ikkje naturleg let seg fakturere etter satsane i dette gebyrregulativet, kan fakturerast etter medg\u00e5tt tid. Timesats er kr. 800,- for kontorarbeid; kr. 1050,- for feltarbeid. Minstegebyr er sett til to -2- timar.<\/p>\n<p dir=\"LTR\" align=\"LEFT\"><strong>\u00a710 Klagerett<\/strong><\/p>\n<p dir=\"LTR\" align=\"LEFT\">Gebyrregulativet er ei forskrift fastsett av kommunestyret med heimel i \u00a7 32-8, \u00a733 -1 i plan- og bygningslova, \u00a732 i Lov om eigedomsregistrering (matrikkellova), \u00a77 i Lov om eigarseksjonar\/\u00a7 15 i Lov om eierseksjoner (eierseksjonsloven) LOV-2017-06-16-65, \u00a78 i Offentleglova og kan ikkje p\u00e5klagast. Etter forvaltningslova kan bruken av regulativet p\u00e5klagast til Fylkesmannen i Hordaland.<\/p>\n","protected":false},"excerpt":{"rendered":"<p>5 Indeksregulering Kommunestyret kan indeksregulera gebyret. \u00a76 S\u00f8knader som vert trekt eller returnert Ved skriftleg tilbaketrekking av eit planforslag f\u00f8r f\u00f8rstegongshandsaming er utf\u00f8rt, vert det fastsett 50 prosent av fullt gebyr. Det same gjeld n\u00e5r ei sak vert oppfatta som uaktuell, som f\u00f8lgje av manglande oppf\u00f8lging av saka fr\u00e5 forslagsstillar. 2017 2018 Auke kr For<\/p>\n","protected":false},"author":13,"featured_media":0,"parent":287,"menu_order":1,"comment_status":"closed","ping_status":"closed","template":"","meta":{"footnotes":""},"jetpack_sharing_enabled":true,"_links":{"self":[{"href":"https:\/\/sk-dokument.no\/budsjett-og-okonomiplan-2018-2021\/index.php?rest_route=\/wp\/v2\/pages\/301"}],"collection":[{"href":"https:\/\/sk-dokument.no\/budsjett-og-okonomiplan-2018-2021\/index.php?rest_route=\/wp\/v2\/pages"}],"about":[{"href":"https:\/\/sk-dokument.no\/budsjett-og-okonomiplan-2018-2021\/index.php?rest_route=\/wp\/v2\/types\/page"}],"author":[{"embeddable":true,"href":"https:\/\/sk-dokument.no\/budsjett-og-okonomiplan-2018-2021\/index.php?rest_route=\/wp\/v2\/users\/13"}],"replies":[{"embeddable":true,"href":"https:\/\/sk-dokument.no\/budsjett-og-okonomiplan-2018-2021\/index.php?rest_route=%2Fwp%2Fv2%2Fcomments&post=301"}],"version-history":[{"count":26,"href":"https:\/\/sk-dokument.no\/budsjett-og-okonomiplan-2018-2021\/index.php?rest_route=\/wp\/v2\/pages\/301\/revisions"}],"predecessor-version":[{"id":382,"href":"https:\/\/sk-dokument.no\/budsjett-og-okonomiplan-2018-2021\/index.php?rest_route=\/wp\/v2\/pages\/301\/revisions\/382"}],"up":[{"embeddable":true,"href":"https:\/\/sk-dokument.no\/budsjett-og-okonomiplan-2018-2021\/index.php?rest_route=\/wp\/v2\/pages\/287"}],"wp:attachment":[{"href":"https:\/\/sk-dokument.no\/budsjett-og-okonomiplan-2018-2021\/index.php?rest_route=%2Fwp%2Fv2%2Fmedia&parent=301"}],"curies":[{"name":"wp","href":"https:\/\/api.w.org\/{rel}","templated":true}]}}