{"id":303,"date":"2016-10-06T10:48:32","date_gmt":"2016-10-06T08:48:32","guid":{"rendered":"http:\/\/sk-dokument.no\/budsjett-og-okonomiplan-2018-2021\/?page_id=303"},"modified":"2017-10-16T08:21:18","modified_gmt":"2017-10-16T06:21:18","slug":"reguleringsgebyr","status":"publish","type":"page","link":"https:\/\/sk-dokument.no\/budsjett-og-okonomiplan-2018-2021\/?page_id=303","title":{"rendered":"REGULERINGSGEBYR"},"content":{"rendered":"<p>Regulativ for handsaming av private framlegg til regulerings- og delingss\u00f8knader inkl. tomtedelingsplanar og plan for utbygging, s\u00f8knader om dispensasjon og liknande<\/p>\n<p><strong>\u00a71 Etter dette regulativet vert det kravd gebyr for handsaming av:<\/strong><\/p>\n<ul>\n<li>Framlegg til reguleringsplanar og endring av desse, pbl \u00a7 4-1, 4-2, 12-8, 12-9, 12-10, 12-11, 12-12 og 12-14.<\/li>\n<li>Framlegg om endring av reguleringsplanar, pbl \u00a7 12-14.<\/li>\n<\/ul>\n<p><strong>\u00a72 Gebyrsatsar:<\/strong><\/p>\n<table>\n<thead>\n<tr>\n<th>\u00a72-1 Oppstartsm\u00f8te<\/th>\n<th>2017<\/th>\n<th>2018<\/th>\n<th>Auke kr<\/th>\n<\/tr>\n<\/thead>\n<tbody>\n<tr>\n<td>Oppstartsm\u00f8te: For endringar av reguleringsplan og utarbeiding av ny reguleringsplan<\/td>\n<td>12 000<\/td>\n<td>16 800<\/td>\n<td><strong>4 800<\/strong><\/td>\n<\/tr>\n<\/tbody>\n<\/table>\n<table>\n<thead>\n<tr>\n<th>\u00a72-2 Handsamingsgebyr for reguleringsplanar: grunngebyr + arealgebyr<\/th>\n<th>2017<\/th>\n<th>2018<\/th>\n<th>Auke kr<\/th>\n<\/tr>\n<\/thead>\n<tbody>\n<tr>\n<td colspan=\"4\"><strong>Grunngebyr:<\/strong><\/td>\n<\/tr>\n<tr>\n<td>For framlegg til reguleringsplanar og endring av slike skal det betalast eit handsamingsgebyr . Der planframlegget er s\u00e6rleg krevjande \u00e5 sakshandsame\/ krev fleire gongar sakshandsaming eller utlegg til off. ettersyn, kan det krevjast gebyrbetaling etter medg\u00e5tt tid<\/td>\n<td>35 400<\/td>\n<td>49 500<\/td>\n<td><strong>14 100<\/strong><\/td>\n<\/tr>\n<tr>\n<td colspan=\"4\"><strong>Arealgebyr: <\/strong>Planframlegg i samsvar med overordna planar<\/td>\n<\/tr>\n<tr>\n<td>a. For reguleringsplanar opptil 5 daa og maks 5 bueiningar<\/td>\n<td><\/td>\n<td>39 500<\/td>\n<td><strong>ny<\/strong><\/td>\n<\/tr>\n<tr>\n<td>b. For reguleringsplanar opp til 10 daa<\/td>\n<td>56 700<\/td>\n<td>79 380<\/td>\n<td><strong>22 680<\/strong><\/td>\n<\/tr>\n<tr>\n<td>c. For reguleringsplanar 10 daa &#8211; 50 daa<\/td>\n<td>113 400<\/td>\n<td>136 080<\/td>\n<td><strong>22 680<\/strong><\/td>\n<\/tr>\n<tr>\n<td>d. For reguleringsplanar over 50 daa<\/td>\n<td>0<\/td>\n<td>169 000<\/td>\n<td><strong>ny<\/strong><\/td>\n<\/tr>\n<\/tbody>\n<\/table>\n<p>For planar som ikkje er i samsvar med gjeldande overordna planar, medf\u00f8rer krav om KU og for planar som omfattar 100-metersbeltet langs sj\u00f8 og vassdrag kjem eit tilleggsgebyr til arealgebyr i \u00a7 2-2 a.- d. p\u00e5 15 %.<\/p>\n<p>Grunngebyret\u00a0etter \u00a7 2-2\u00a0skal vera betalt f\u00f8r planframlegget vert lagt fram for 1. gongshandsaming i Forvaltningsstyret.<\/p>\n<table>\n<thead>\n<tr>\n<th>\u00a72-3 For planar med krav om planprogram og konsekvensutgreiing skal det i tillegg til satsane i \u00a72.1 og \u00a72.2 betalast eit<\/th>\n<th>2017<\/th>\n<th>2018<\/th>\n<th>Auke kr<\/th>\n<\/tr>\n<\/thead>\n<tbody>\n<tr>\n<td>Handsamingsgebyr<\/td>\n<td>36 600<\/td>\n<td>\u00a047 500<\/td>\n<td><strong>10 900<\/strong><\/td>\n<\/tr>\n<\/tbody>\n<\/table>\n<p>&nbsp;<\/p>\n<table>\n<thead>\n<tr>\n<td>\u00a72-4 For endringar av reguleringsplanar som vert f\u00f8relagt ber\u00f8rte myndigheiter, eigarar, festarar og andre ber\u00f8rte, Handsama administrativt eller politisk<\/td>\n<td>2017<\/td>\n<td>2018<\/td>\n<td>Auke kr<\/td>\n<\/tr>\n<\/thead>\n<tbody>\n<tr>\n<td>Mindre endringar som i liten grad vil p\u00e5verke gjennomf\u00f8ringa av planen for \u00f8vrig, ikkje g\u00e5r utover hovudrammene i planen og heller ikkje ber\u00f8rer omsynet til viktige natur- og friluftsomr\u00e5de jf. \u00a7 12-14 andre ledd. F\u00f8resetnad for vedtak med delegert mynde er at saka er kurant og ikkje av prinsipiell politisk art.<\/td>\n<td><\/td>\n<td><\/td>\n<td><\/td>\n<\/tr>\n<tr>\n<td colspan=\"4\"><strong>Handsamingsgebyr:<\/strong><\/td>\n<\/tr>\n<tr>\n<td>a. Endringar &#8211; politisk handsaming<\/td>\n<td>17 000<\/td>\n<td>29 500<\/td>\n<td>12\u00a0500<\/td>\n<\/tr>\n<tr>\n<td>b. Mindre justering av t.d. f\u00f8rem\u00e5lsgrensar &#8211; administrativ hansaming<\/td>\n<td><\/td>\n<td>14 000<\/td>\n<td><\/td>\n<\/tr>\n<\/tbody>\n<\/table>\n<p>&nbsp;<\/p>\n<table>\n<thead>\n<tr>\n<td>\u00a72-5 For handsaming av prinsipps\u00f8knader og s\u00f8knader om \u00e5 f\u00e5 starta arbeid med privat reguleringsplan<\/td>\n<td>2017<\/td>\n<td>2018<\/td>\n<td>Auke kr<\/td>\n<\/tr>\n<\/thead>\n<tbody>\n<tr>\n<td>Handsamingsgebyr<\/td>\n<td>17 000<\/td>\n<td>20 400<\/td>\n<td><strong>3 400<\/strong><\/td>\n<\/tr>\n<\/tbody>\n<\/table>\n<p>\u00a7 2.6 Planframlegg som berre omfattar spesialomr\u00e5de vern eller offentlege fri-omr\u00e5der vert friteke for \u00e5 betala gebyr.<\/p>\n<p>&nbsp;<\/p>\n","protected":false},"excerpt":{"rendered":"<p>Regulativ for handsaming av private framlegg til regulerings- og delingss\u00f8knader inkl. tomtedelingsplanar og plan for utbygging, s\u00f8knader om dispensasjon og liknande \u00a71 Etter dette regulativet vert det kravd gebyr for handsaming av: Framlegg til reguleringsplanar og endring av desse, pbl \u00a7 4-1, 4-2, 12-8, 12-9, 12-10, 12-11, 12-12 og 12-14. Framlegg om endring av reguleringsplanar,<\/p>\n","protected":false},"author":13,"featured_media":0,"parent":287,"menu_order":2,"comment_status":"closed","ping_status":"closed","template":"","meta":{"footnotes":""},"jetpack_sharing_enabled":true,"_links":{"self":[{"href":"https:\/\/sk-dokument.no\/budsjett-og-okonomiplan-2018-2021\/index.php?rest_route=\/wp\/v2\/pages\/303"}],"collection":[{"href":"https:\/\/sk-dokument.no\/budsjett-og-okonomiplan-2018-2021\/index.php?rest_route=\/wp\/v2\/pages"}],"about":[{"href":"https:\/\/sk-dokument.no\/budsjett-og-okonomiplan-2018-2021\/index.php?rest_route=\/wp\/v2\/types\/page"}],"author":[{"embeddable":true,"href":"https:\/\/sk-dokument.no\/budsjett-og-okonomiplan-2018-2021\/index.php?rest_route=\/wp\/v2\/users\/13"}],"replies":[{"embeddable":true,"href":"https:\/\/sk-dokument.no\/budsjett-og-okonomiplan-2018-2021\/index.php?rest_route=%2Fwp%2Fv2%2Fcomments&post=303"}],"version-history":[{"count":31,"href":"https:\/\/sk-dokument.no\/budsjett-og-okonomiplan-2018-2021\/index.php?rest_route=\/wp\/v2\/pages\/303\/revisions"}],"predecessor-version":[{"id":1050,"href":"https:\/\/sk-dokument.no\/budsjett-og-okonomiplan-2018-2021\/index.php?rest_route=\/wp\/v2\/pages\/303\/revisions\/1050"}],"up":[{"embeddable":true,"href":"https:\/\/sk-dokument.no\/budsjett-og-okonomiplan-2018-2021\/index.php?rest_route=\/wp\/v2\/pages\/287"}],"wp:attachment":[{"href":"https:\/\/sk-dokument.no\/budsjett-og-okonomiplan-2018-2021\/index.php?rest_route=%2Fwp%2Fv2%2Fmedia&parent=303"}],"curies":[{"name":"wp","href":"https:\/\/api.w.org\/{rel}","templated":true}]}}