{"id":307,"date":"2016-10-06T10:49:52","date_gmt":"2016-10-06T08:49:52","guid":{"rendered":"http:\/\/sk-dokument.no\/budsjett-og-okonomiplan-2018-2021\/?page_id=307"},"modified":"2017-10-24T10:06:58","modified_gmt":"2017-10-24T08:06:58","slug":"gebyrregulativ-for-arbeid-etter-matrikkelova-lova-%c2%a732-forskrift-%c2%a716","status":"publish","type":"page","link":"https:\/\/sk-dokument.no\/budsjett-og-okonomiplan-2018-2021\/?page_id=307","title":{"rendered":"GEBYRREGULATIV FOR ARBEID ETTER MATRIKKELOVA (LOVA \u00a732, FORSKRIFT \u00a716)"},"content":{"rendered":"<p>&nbsp;<\/p>\n<p><a name=\"_Toc242600219\"><\/a>\u00a7 1 Oppretting av matrikkeleining<\/p>\n<p dir=\"LTR\" align=\"LEFT\"><a name=\"_Toc242600220\"><\/a>\u00a7 1.1 Oppretting av grunneigedom og festegrunn<\/p>\n<table>\n<tbody>\n<tr>\n<td><\/td>\n<td>2017<\/td>\n<td>2018<\/td>\n<td>Auke kr<\/td>\n<\/tr>\n<tr>\n<td>Areal fr\u00e5 0 \u2013 100 m\u00b2<\/td>\n<td>26 465<\/td>\n<td>26 994<\/td>\n<td><strong>529<\/strong><\/td>\n<\/tr>\n<tr>\n<td>Areal fr\u00e5 101 \u2013 999 m\u00b2<\/td>\n<td>31 200<\/td>\n<td>31 824<\/td>\n<td><strong>624<\/strong><\/td>\n<\/tr>\n<tr>\n<td>Areal fr\u00e5 1000 m\u00b2: +auke pr. p\u00e5begynt daa.tilsvarande<\/td>\n<td>4 215<\/td>\n<td>4 299<\/td>\n<td><strong>84<\/strong><\/td>\n<\/tr>\n<tr>\n<td>Areal over 10 da. etter medg\u00e5tt tid. Minstegebyr<\/td>\n<td>69 135<\/td>\n<td>70 518<\/td>\n<td><strong>1 383<\/strong><\/td>\n<\/tr>\n<\/tbody>\n<\/table>\n<p dir=\"LTR\" align=\"LEFT\">Ved <i><u>samstundes<\/u><\/i> oppm\u00e5ling av tomter som grensar til kvarandre og\/eller er &laquo;gjenbuarar&raquo;, er vert gebyret redusert med 20 prosent fr\u00e5 og med tomt nr 4.<\/p>\n<p dir=\"LTR\" align=\"LEFT\">Gebyret kan reduserast ytterlegare med 10 prosent fr\u00e5 og med tomt nr 4 ved oppm\u00e5ling i felt der grensepunkta p\u00e5 f\u00f8rehand er markert i marka <i><u>i samsvar<\/u><\/i> med l\u00f8yve til fr\u00e5deling.<\/p>\n<p dir=\"LTR\" align=\"LEFT\">I saker der alle grensene er merka og koordinatfesta ved tidlegare kartforretning eller oppm\u00e5lingsforretning og der feltarbeid ikkje er naudsynt skal gebyret reduserast med 35 %.<\/p>\n<p dir=\"LTR\" align=\"LEFT\">\u00a7 1.2 Matrikulering av eksisterande umatrikulert grunn<\/p>\n<table>\n<tbody>\n<tr>\n<td><\/td>\n<td>2017<\/td>\n<td>2018<\/td>\n<td>Auke kr<\/td>\n<\/tr>\n<tr>\n<td>Gebyr pr ny matrikkeleining<\/td>\n<td>5 500<\/td>\n<td>5 610<\/td>\n<td><strong>110<\/strong><\/td>\n<\/tr>\n<\/tbody>\n<\/table>\n<p dir=\"LTR\" align=\"LEFT\">I tillegg kjem ev utlegg til kunngjeringar. Ev unders\u00f8kingar i marka vert fakturert etter medg\u00e5tt tid.<\/p>\n<p dir=\"LTR\" align=\"LEFT\"><a name=\"_Toc242600222\"><\/a>\u00a7 1.3 Oppm\u00e5ling av uteareal p\u00e5 eigarseksjon<\/p>\n<table>\n<tbody>\n<tr>\n<td><\/td>\n<td>2017<\/td>\n<td>2018<\/td>\n<td>Auke kr<\/td>\n<\/tr>\n<tr>\n<td>Gebyr for oppm\u00e5ling av uteareal pr. eigarseksjon<\/td>\n<td>15 270<\/td>\n<td>15 575<\/td>\n<td><strong>305<\/strong><\/td>\n<\/tr>\n<\/tbody>\n<\/table>\n<p dir=\"LTR\" align=\"LEFT\"><a name=\"_Toc242600223\"><\/a>\u00a7 1.4 Oppretting av anleggseigedom<\/p>\n<p dir=\"LTR\" align=\"LEFT\">Gebyr som for oppretting av grunneigedom.<\/p>\n<table>\n<tbody>\n<tr>\n<td><\/td>\n<td>2017<\/td>\n<td>2018<\/td>\n<td>Auke kr<\/td>\n<\/tr>\n<tr>\n<td>volum fr\u00e5 0 \u2013 5000 m\u00b3<\/td>\n<td>31 200<\/td>\n<td>31 824<\/td>\n<td><strong>624<\/strong><\/td>\n<\/tr>\n<tr>\n<td>volum fr\u00e5 5001 m\u00b3 \u2013 auke pr. p\u00e5begynt 1000m<sup>3 <\/sup>. Avgrensa oppover til kr 100 000<\/td>\n<td>4 215<\/td>\n<td>4 299<\/td>\n<td><strong>84<\/strong><\/td>\n<\/tr>\n<tr>\n<td>Ved full oppm\u00e5ling av anleggseigedom<\/td>\n<td>betalast eit tillegg p\u00e5 40%<\/td>\n<td><\/td>\n<td><\/td>\n<\/tr>\n<\/tbody>\n<\/table>\n<p dir=\"LTR\" align=\"LEFT\"><a name=\"_Toc242600224\"><\/a>\u00a7 1.5 Registrering av jordsameige<\/p>\n<p dir=\"LTR\" align=\"LEFT\">Gebyr for registrering av eksisterande jordsameige vert fakturert etter medg\u00e5tt tid, jf. \u00a79.<\/p>\n<p dir=\"LTR\" align=\"LEFT\">\u00a7 1.6 Oppretting av grunneigedom, heil teig<\/p>\n<table>\n<tbody>\n<tr>\n<td><\/td>\n<td>2017<\/td>\n<td>2018<\/td>\n<td>Auke kr<\/td>\n<\/tr>\n<tr>\n<td>Oppretting av grunneigedom, heil teig<\/td>\n<td>5 500<\/td>\n<td>5 610<\/td>\n<td><strong>110<\/strong><\/td>\n<\/tr>\n<\/tbody>\n<\/table>\n<p dir=\"LTR\" align=\"LEFT\">\u00a7 1.7 Oppm\u00e5lingsforretning over areal regulert til offentleg vegform\u00e5l<\/p>\n<p dir=\"LTR\" align=\"LEFT\">Gebyr for oppm\u00e5lingsforretning over areal regulert til offentleg vegform\u00e5l vert fakturert etter medg\u00e5tt tid jamf\u00f8r satsar i \u00a79. Grensemerke kr. 60,- pr stk., kjem i tillegg. Gjeld berre s\u00f8knader\/ rekvisisjonar fr\u00e5 offentlege vegmynde.<\/p>\n<p dir=\"LTR\" align=\"LEFT\"><a name=\"_Toc242600225\"><\/a>\u00a7 2 Oppretting av matrikkeleining utan fullf\u00f8rt oppm\u00e5lingsforretning<a name=\"_Toc242600226\"><\/a><\/p>\n<table>\n<tbody>\n<tr>\n<td>\u00a7 2.1<\/td>\n<td>2017<\/td>\n<td>2018<\/td>\n<td>Auke kr<\/td>\n<\/tr>\n<tr>\n<td>Etter grunngjeven s\u00f8knad kan ny matrikkeleining opprettast f\u00f8r oppm\u00e5lingsforretning er fullf\u00f8rt, jfr. forskrift \u00a7 25. Det vert fakturert gebyr etter pkt. 1.1, 1.2, 1.4 eller 1.5, samt tilleggsgebyr pr. matrikkeleining<\/td>\n<td>4 070<\/td>\n<td>4 151<\/td>\n<td><strong>81<\/strong><\/td>\n<\/tr>\n<\/tbody>\n<\/table>\n<p><a name=\"_Toc242600226\"><\/a>\u00a7 2.2 Avbrot i oppm\u00e5lingsforretning eller matrikulering<\/p>\n<p dir=\"LTR\" align=\"LEFT\"><span>Gebyr for utf\u00f8rt arbeid n\u00e5r saka vert trekt f\u00f8r ho er fullf\u00f8rt, m\u00e5 avvisast, ikkje lar seg matrikkelf\u00f8ra p\u00e5 grunn av endra heimelstilh\u00f8ve eller av andre grunnar ikkje kan fullf\u00f8rast, vert satt til 1\/3 av gebyrsatsane etter 1.1 og 1.2<\/span><\/p>\n<p dir=\"LTR\" align=\"LEFT\"><a name=\"_Toc242600227\"><\/a>\u00a7 3 Grensejustering<\/p>\n<p dir=\"LTR\" align=\"LEFT\"><a name=\"_Toc242600228\"><\/a>\u00a7 3.1 Grunneigedom, festegrunn og jordsameige<\/p>\n<p dir=\"LTR\" align=\"LEFT\">Ved grensejustering kan arealet for involverte eigedomar justerast med inntil 5 prosent av eigedomen sitt areal (maksimalgrensa er satt til 500 m\u00b2). Ein eigedom kan ikkje avgje areal som i sum overstiger 20 prosent av eigedomen sitt areal f\u00f8r justeringa. For grensejustering til veg- eller jernbaneform\u00e5l kan andre arealklassar gjelde.<\/p>\n<p dir=\"LTR\" align=\"LEFT\">Grensejustering krev klarlagde grenser. For klarlegging etter \u00a7 6 som <u>m\u00e5<\/u> utf\u00f8rast samstundes med grensejusteringa vert det \u00e5 betale 50% av gebyret i \u00a7 6 <u>i tillegg<\/u> til gebyret i \u00a7 3.<\/p>\n<table>\n<tbody>\n<tr>\n<td><strong> <\/strong><\/td>\n<td><strong>2017<\/strong><\/td>\n<td><strong>2018<\/strong><\/td>\n<td><strong>Auke kr<\/strong><\/td>\n<\/tr>\n<tr>\n<td>areal fr\u00e5 0 \u2013 250 m\u00b2<\/td>\n<td>7 640<\/td>\n<td>7793<\/td>\n<td><strong>153<\/strong><\/td>\n<\/tr>\n<tr>\n<td>areal fr\u00e5 251 \u2013 500 m\u00b2<\/td>\n<td>15 270<\/td>\n<td>15575<\/td>\n<td><strong>305<\/strong><\/td>\n<\/tr>\n<tr>\n<td>Dersom mindre areal avgrensa oppover til 50 m2, etter fr\u00e5deling i medhald av skylddelingslova av 1909 eller bygningslova av 1965, har blitt liggjande igjen som restareal, kan slike etter s\u00f8knad grensejusterast til til-liggjande eigedom. Gebyret for slik justering vert pr. mottakande eigedom kr:<\/td>\n<td>4 020<\/td>\n<td>4100<\/td>\n<td><strong>80<\/strong><\/td>\n<\/tr>\n<\/tbody>\n<\/table>\n<p dir=\"LTR\" align=\"LEFT\">\u00a7 3.2 Anleggseigedom<\/p>\n<p dir=\"LTR\" align=\"LEFT\">For anleggseigedom kan volumet justerast med inntil 5 prosent av anleggseigedomen sitt volum. (maksimalgrensa er satt til 1000 m\u00b3)<\/p>\n<table width=\"598\">\n<tbody>\n<tr>\n<td width=\"381\"><strong> <\/strong><\/td>\n<td width=\"72\"><strong>2017<\/strong><\/td>\n<td width=\"71\"><strong>2018<\/strong><\/td>\n<td width=\"74\"><strong>Auke kr<\/strong><\/td>\n<\/tr>\n<tr>\n<td width=\"381\">volum fr\u00e5 0 \u2013 250 m\u00b3<\/td>\n<td width=\"72\">7 640<\/td>\n<td width=\"71\">7793<\/td>\n<td width=\"74\"><strong>153<\/strong><\/td>\n<\/tr>\n<tr>\n<td width=\"381\">volum fr\u00e5 251 \u2013 1000 m\u00b3<\/td>\n<td width=\"72\">15 270<\/td>\n<td width=\"71\">15575<\/td>\n<td width=\"74\"><strong>305<\/strong><\/td>\n<\/tr>\n<\/tbody>\n<\/table>\n<p dir=\"LTR\" align=\"LEFT\"><a name=\"_Toc242600230\"><\/a>\u00a7 4 Arealoverf\u00f8ring<\/p>\n<p dir=\"LTR\" align=\"LEFT\"><a name=\"_Toc242600231\"><\/a>\u00a7 4.1 Grunneigedom, festegrunn og jordsameige<\/p>\n<p dir=\"LTR\" align=\"LEFT\">Ved arealoverf\u00f8ring skal oppm\u00e5lingsforretning og tinglysing gjennomf\u00f8rast. Arealoverf\u00f8ring utl\u00f8yser dokumentavgift. Dette gjeld ikkje arealoverf\u00f8ring til veg- og jernbaneform\u00e5l.<\/p>\n<table width=\"598\">\n<tbody>\n<tr>\n<td width=\"381\"><strong> <\/strong><\/td>\n<td width=\"72\"><strong>2017<\/strong><\/td>\n<td width=\"71\"><strong>2018<\/strong><\/td>\n<td width=\"74\"><strong>Auke kr<\/strong><\/td>\n<\/tr>\n<tr>\n<td width=\"381\">areal fr\u00e5 0 \u2013 100 m\u00b2<\/td>\n<td width=\"72\">10 000<\/td>\n<td width=\"71\">10200<\/td>\n<td width=\"74\"><strong>200<\/strong><\/td>\n<\/tr>\n<tr>\n<td width=\"381\">areal fr\u00e5 101 \u2013 250 m\u00b2<\/td>\n<td width=\"72\">15 270<\/td>\n<td width=\"71\">15575<\/td>\n<td width=\"74\"><strong>305<\/strong><\/td>\n<\/tr>\n<tr>\n<td width=\"381\">areal fr\u00e5 251 \u2013 999 m\u00b2<\/td>\n<td width=\"72\">31 196<\/td>\n<td width=\"71\">31820<\/td>\n<td width=\"74\"><strong>624<\/strong><\/td>\n<\/tr>\n<tr>\n<td width=\"381\">arealoverf\u00f8ring pr. nytt p\u00e5begynt 500 m\u00b2 f\u00f8rer til auke av gebyret p\u00e5 .<\/td>\n<td width=\"72\">2 105<\/td>\n<td width=\"71\">2 105<\/td>\n<td width=\"74\"><strong>0<\/strong><\/td>\n<\/tr>\n<\/tbody>\n<\/table>\n<p dir=\"LTR\" align=\"LEFT\">Arealoverf\u00f8ring over 10 daa vert fakturert etter satsane i \u00a7 1.1<\/p>\n<p dir=\"LTR\" align=\"LEFT\">\u00a7 4.2 Anleggseigedom<\/p>\n<p dir=\"LTR\" align=\"LEFT\">For anleggseigedom kan volum som skal overf\u00f8rast fr\u00e5 ei matrikkeleining til ei anna &#8211; ikkje vere registrert p\u00e5 en tredje matrikkeleining. Volum kan berre overf\u00f8rast til ei matrikkeleining dersom vilk\u00e5ra for samanf\u00f8ying er til stades. Matrikkeleininga skal utgjera eit samanhengande volum.<\/p>\n<table width=\"773\">\n<tbody>\n<tr>\n<td><strong> <\/strong><\/td>\n<td><strong>2017<\/strong><\/td>\n<td><strong>2018<\/strong><\/td>\n<td><strong>Auke kr<\/strong><\/td>\n<\/tr>\n<tr>\n<td>volum fr\u00e5 0 \u2013 250 m\u00b3<\/td>\n<td>26 465<\/td>\n<td>26994<\/td>\n<td><strong>529<\/strong><\/td>\n<\/tr>\n<tr>\n<td>volum fr\u00e5 251 \u2013 5000 m\u00b3<\/td>\n<td>31 200<\/td>\n<td>31824<\/td>\n<td><strong>624<\/strong><\/td>\n<\/tr>\n<tr>\n<td>volumoverf\u00f8ring pr. nytt p\u00e5begynt 1000 m\u00b3 f\u00f8rer til auke av gebyret p\u00e5<\/td>\n<td>4 215<\/td>\n<td>4299<\/td>\n<td><strong>84<\/strong><\/td>\n<\/tr>\n<tr>\n<td>Ved full oppm\u00e5ling av anleggseigedom Betalast eit tillegg p\u00e5 40%<\/td>\n<td><\/td>\n<td><\/td>\n<td><\/td>\n<\/tr>\n<\/tbody>\n<\/table>\n<p dir=\"LTR\" align=\"LEFT\"><a name=\"_Toc242600233\"><\/a>\u00a7 5 Klarlegging av eksisterande grense der grensa tidlegare er koordinatbestemt ved oppm\u00e5lingsforretning<\/p>\n<table width=\"598\">\n<tbody>\n<tr>\n<td width=\"381\"><strong> <\/strong><\/td>\n<td width=\"72\"><strong>2017<\/strong><\/td>\n<td width=\"71\"><strong>2018<\/strong><\/td>\n<td width=\"74\"><strong>Auke kr<\/strong><\/td>\n<\/tr>\n<tr>\n<td width=\"381\">For inntil 2 punkt<\/td>\n<td width=\"72\">4 510<\/td>\n<td width=\"71\">4 600<\/td>\n<td width=\"74\"><strong>90<\/strong><\/td>\n<\/tr>\n<tr>\n<td width=\"381\">For overskytande grensepunkt, pr. punkt<\/td>\n<td width=\"72\">1 095<\/td>\n<td width=\"71\">1 117<\/td>\n<td width=\"74\"><strong>22<\/strong><\/td>\n<\/tr>\n<\/tbody>\n<\/table>\n<p dir=\"LTR\" align=\"LEFT\">For klarlegging som vert utf\u00f8rt i samband med grensejustering vert gebyret redusert med 50%.<\/p>\n<p dir=\"LTR\" align=\"LEFT\"><a name=\"_Toc242600234\"><\/a>\u00a7 6 Klarlegging av eksisterande grense der grensa ikkje tidligare er koordinatbestemt \/ eller klarlegging av rettar<\/p>\n<table width=\"598\">\n<tbody>\n<tr>\n<td width=\"381\"><strong> <\/strong><\/td>\n<td width=\"72\"><strong>2017<\/strong><\/td>\n<td width=\"71\"><strong>2018<\/strong><\/td>\n<td width=\"74\"><strong>Auke kr<\/strong><\/td>\n<\/tr>\n<tr>\n<td width=\"381\">For inntil 2 punkt<\/td>\n<td width=\"72\">7 640<\/td>\n<td width=\"71\">7 793<\/td>\n<td width=\"74\"><strong>153<\/strong><\/td>\n<\/tr>\n<tr>\n<td width=\"381\">For overskytande grensepunkt, pr. punkt<\/td>\n<td width=\"72\">1 095<\/td>\n<td width=\"71\">1 117<\/td>\n<td width=\"74\"><strong>22<\/strong><\/td>\n<\/tr>\n<\/tbody>\n<\/table>\n<p dir=\"LTR\" align=\"LEFT\">Der klarlegginga f\u00f8rer til ynskje om grensejustering og dette kan utf\u00f8rast i same oppm\u00e5lingsforretninga, vert det \u00e5 betale 50 % av gebyret i \u00a7 3 i <u>tillegg<\/u> til gebyret i \u00a7 6.<\/p>\n<p dir=\"LTR\" align=\"LEFT\">Klarlegging av eksisterande grense skal ikkje overstiga gebyret for fr\u00e5deling av tilsvarande ny matrikkeleining<\/p>\n<p dir=\"LTR\" align=\"LEFT\">Klarlegging av rettar vert fakturert etter medg\u00e5tt tid, jf. \u00a79.<\/p>\n<p dir=\"LTR\" align=\"LEFT\"><a name=\"_Toc242600235\"><\/a>\u00a7 7 Privat grenseavtale<\/p>\n<p dir=\"LTR\" align=\"LEFT\">Vert fakturert etter medg\u00e5tt tid, jf. \u00a7 9.<\/p>\n<p dir=\"LTR\" align=\"LEFT\">\u00a7 8 Tilleggsgebyr<\/p>\n<p dir=\"LTR\" align=\"LEFT\">\u00a7 8.1 Endring i forhold til godkjent fr\u00e5delingsvedtak<\/p>\n<table width=\"849\">\n<tbody>\n<tr>\n<td><strong> <\/strong><\/td>\n<td><strong>2017<\/strong><\/td>\n<td><strong>2018<\/strong><\/td>\n<td><strong>Auke kr<\/strong><\/td>\n<\/tr>\n<tr>\n<td>Gjeld ynskje om endring som rekvirent legg fram i forkant av oppm\u00e5lingsforretninga eller p\u00e5 denne og som m\u00e5 godkjennast av planavdelinga munnleg eller skriftleg<\/td>\n<td>2 910<\/td>\n<td>2 968<\/td>\n<td><strong>58<\/strong><\/td>\n<\/tr>\n<\/tbody>\n<\/table>\n<p dir=\"LTR\" align=\"LEFT\">\u00a7 8.2 Ekstra oppm\u00e5lingsforretning i eksisterande sak<\/p>\n<table width=\"862\">\n<tbody>\n<tr>\n<td><strong> <\/strong><\/td>\n<td><strong>2017<\/strong><\/td>\n<td><strong>2018<\/strong><\/td>\n<td><strong>Auke kr<\/strong><\/td>\n<\/tr>\n<tr>\n<td>Gjeld n\u00e5r det er naudsynt med ekstra oppm\u00e5lingsforretning i marka p.g.a. usemje mellom partane, eller n\u00e5r det er ynskje om endring, eller andre forhold som skuldast partane og som vert lagt fram <u>etter<\/u> at den f\u00f8rste oppm\u00e5lingsforretninga er halden<\/td>\n<td>4 565<\/td>\n<td>4 656<\/td>\n<td><strong>91<\/strong><\/td>\n<\/tr>\n<\/tbody>\n<\/table>\n<p dir=\"LTR\" align=\"LEFT\">\u00a7 9 Timesatsar<\/p>\n<table width=\"598\">\n<tbody>\n<tr>\n<td width=\"381\"><strong> <\/strong><\/td>\n<td width=\"72\"><strong>2017<\/strong><\/td>\n<td width=\"71\"><strong>2018<\/strong><\/td>\n<td width=\"74\"><strong>Auke kr<\/strong><\/td>\n<\/tr>\n<tr>\n<td width=\"381\">Kontorarbeid<\/td>\n<td width=\"72\">800<\/td>\n<td width=\"71\">800<\/td>\n<td width=\"74\"><strong>0<\/strong><\/td>\n<\/tr>\n<tr>\n<td width=\"381\">Markarbeid inkl. transport og materiell<\/td>\n<td width=\"72\">1 050<\/td>\n<td width=\"71\">1 050<\/td>\n<td width=\"74\"><strong>0<\/strong><\/td>\n<\/tr>\n<tr>\n<td width=\"381\">Minstegebyr:   to timar arbeid<\/td>\n<td width=\"72\"><\/td>\n<td width=\"71\"><\/td>\n<td width=\"74\"><\/td>\n<\/tr>\n<\/tbody>\n<\/table>\n<p dir=\"LTR\" align=\"LEFT\">\u00a7 10 <a name=\"_Toc242600238\"><\/a>Endringar i grunnlaget for matrikkelf\u00f8ring av saka<\/p>\n<p dir=\"LTR\" align=\"LEFT\">Gjer rekvirenten under saka sin gang endringar i grunnlaget for matrikkelf\u00f8ring av saka, vert likevel gebyret oppretthalde.<\/p>\n<p dir=\"LTR\" align=\"LEFT\">\u00a7 11 Utsteding av matrikkelbrev (Maksimalsats vedteken i matrikkelforskrifta)<\/p>\n<table width=\"598\">\n<tbody>\n<tr>\n<td width=\"381\"><strong> <\/strong><\/td>\n<td width=\"72\"><strong>2017<\/strong><\/td>\n<td width=\"71\"><strong>2018<\/strong><\/td>\n<td width=\"74\"><strong>Auke kr<\/strong><\/td>\n<\/tr>\n<tr>\n<td width=\"381\">Matrikkelbrev inntil 10 sider<\/td>\n<td width=\"72\">175*<\/td>\n<td width=\"71\">175*<\/td>\n<td width=\"74\"><strong>0<\/strong><\/td>\n<\/tr>\n<tr>\n<td width=\"381\">Matrikkelbrev over 10 sider<\/td>\n<td width=\"72\">350*<\/td>\n<td width=\"71\">350*<\/td>\n<td width=\"74\"><strong>0<\/strong><\/td>\n<\/tr>\n<\/tbody>\n<\/table>\n<p dir=\"LTR\" align=\"LEFT\">*Maksimalsatsane fylgjer matrikkelforskrifta \u00a7 16 pkt. 4.<\/p>\n<p dir=\"LTR\" align=\"LEFT\">\u00a7 12 Tinglysingsgebyr og gebyr for grunnboksutskrifter mm<\/p>\n<p dir=\"LTR\" align=\"LEFT\">For alt som skal tinglysast etter Matrikkellova \u00a7 24 kjem tinglysingsgebyr i tillegg, for tida kr.525,-.<\/p>\n<p dir=\"LTR\" align=\"LEFT\">Det vert ogs\u00e5 sendt faktura p\u00e5 naudsynte utskrifter av skylddelingsdokument mm.<\/p>\n<p dir=\"LTR\" align=\"LEFT\">\u00a7 <b>13 Utsett tidsfrist for gjennomf\u00f8ring av oppm\u00e5lingsarbeid om vinteren<\/b><\/p>\n<p dir=\"LTR\" align=\"LEFT\">Tidsfrist fastsett i forskrifta \u00a718.1.ledd gjeld ikkje i perioden 15. desember til 1.mars. (Med heimel i Matrikkelforskrifta 26. juni 2009 \u00a7 18.3.ledd).<\/p>\n<p dir=\"LTR\" align=\"LEFT\">\u00a7 14 Betalingsreglar<\/p>\n<p dir=\"LTR\" align=\"LEFT\">Det vert ikkje rekna meirverdiavgift av oppm\u00e5lingsgebyra.<\/p>\n","protected":false},"excerpt":{"rendered":"<p>&nbsp; \u00a7 1 Oppretting av matrikkeleining \u00a7 1.1 Oppretting av grunneigedom og festegrunn 2017 2018 Auke kr Areal fr\u00e5 0 \u2013 100 m\u00b2 26 465 26 994 529 Areal fr\u00e5 101 \u2013 999 m\u00b2 31 200 31 824 624 Areal fr\u00e5 1000 m\u00b2: +auke pr. p\u00e5begynt daa.tilsvarande 4 215 4 299 84 Areal over 10<\/p>\n","protected":false},"author":13,"featured_media":0,"parent":287,"menu_order":4,"comment_status":"closed","ping_status":"closed","template":"","meta":{"footnotes":""},"jetpack_sharing_enabled":true,"_links":{"self":[{"href":"https:\/\/sk-dokument.no\/budsjett-og-okonomiplan-2018-2021\/index.php?rest_route=\/wp\/v2\/pages\/307"}],"collection":[{"href":"https:\/\/sk-dokument.no\/budsjett-og-okonomiplan-2018-2021\/index.php?rest_route=\/wp\/v2\/pages"}],"about":[{"href":"https:\/\/sk-dokument.no\/budsjett-og-okonomiplan-2018-2021\/index.php?rest_route=\/wp\/v2\/types\/page"}],"author":[{"embeddable":true,"href":"https:\/\/sk-dokument.no\/budsjett-og-okonomiplan-2018-2021\/index.php?rest_route=\/wp\/v2\/users\/13"}],"replies":[{"embeddable":true,"href":"https:\/\/sk-dokument.no\/budsjett-og-okonomiplan-2018-2021\/index.php?rest_route=%2Fwp%2Fv2%2Fcomments&post=307"}],"version-history":[{"count":24,"href":"https:\/\/sk-dokument.no\/budsjett-og-okonomiplan-2018-2021\/index.php?rest_route=\/wp\/v2\/pages\/307\/revisions"}],"predecessor-version":[{"id":1487,"href":"https:\/\/sk-dokument.no\/budsjett-og-okonomiplan-2018-2021\/index.php?rest_route=\/wp\/v2\/pages\/307\/revisions\/1487"}],"up":[{"embeddable":true,"href":"https:\/\/sk-dokument.no\/budsjett-og-okonomiplan-2018-2021\/index.php?rest_route=\/wp\/v2\/pages\/287"}],"wp:attachment":[{"href":"https:\/\/sk-dokument.no\/budsjett-og-okonomiplan-2018-2021\/index.php?rest_route=%2Fwp%2Fv2%2Fmedia&parent=307"}],"curies":[{"name":"wp","href":"https:\/\/api.w.org\/{rel}","templated":true}]}}