{"id":31,"date":"2016-09-28T09:12:56","date_gmt":"2016-09-28T07:12:56","guid":{"rendered":"http:\/\/sk-dokument.no\/budsjett-og-okonomiplan-2018-2021\/?page_id=31"},"modified":"2017-10-24T13:28:06","modified_gmt":"2017-10-24T11:28:06","slug":"budsjettprosess","status":"publish","type":"page","link":"https:\/\/sk-dokument.no\/budsjett-og-okonomiplan-2018-2021\/?page_id=31","title":{"rendered":"Budsjettprosess"},"content":{"rendered":"<p>Det er lagt opp til slik handsaming av budsjett og \u00f8konomiplan 2018-21:<\/p>\n<table>\n<tbody>\n<tr>\n<td><strong>Aktivitet:<\/strong><\/td>\n<td><strong>Tid:<\/strong><\/td>\n<\/tr>\n<tr>\n<td>R\u00e5dmannen legg fram sitt budsjettforslag<\/td>\n<td>26.okt<\/td>\n<\/tr>\n<tr>\n<td>Formannskapet legg budsjettet ut til alminneleg ettersyn, jf. kommunelova \u00a7 45<\/td>\n<td>08.nov<\/td>\n<\/tr>\n<tr>\n<td>Budsjetth\u00f8yringar i komiteane<\/td>\n<td>14.-16. november<\/td>\n<\/tr>\n<tr>\n<td>Kommunestyret vedtek budsjett og \u00f8konomiplan<\/td>\n<td>23.nov<\/td>\n<\/tr>\n<tr>\n<td>Komiteane handsamar detaljbudsjett<\/td>\n<td>12.-14. desember<\/td>\n<\/tr>\n<\/tbody>\n<\/table>\n<p>Prosessen og sj\u00f8lve budsjettdokumentet er lagt opp i samsvar med etablert praksis og kommunen sitt \u00f8konomireglement, vedteke i kommunestyret i sak 18\/16. Etter dette har kommunestyret slikt ansvar og mynde i budsjettsaker:<\/p>\n<ol>\n<li>Kommunestyret skal innan utgangen av \u00e5ret i samsvar med kommunelova vedta \u00e5rsbudsjettet for komande kalender\u00e5r og ein \u00f8konomiplan for dei tre p\u00e5f\u00f8lgjande budsjett\u00e5ra.<\/li>\n<li>Kommunestyret vedtek skatteanslag, rammetilskot, statlege overf\u00f8ringar, andre overf\u00f8ringar, netto avsetningar og finansinntekter og \u2013utgifter. Kommunestyret fastset avgifter og prisar p\u00e5 varer og tenester n\u00e5r slik vedtaksrett ligg til kommunestyret etter lov eller f\u00f8resegner.<\/li>\n<li>Kommunestyret vedtek nettoramme drift i samsvar med budsjettskjema 1A, fordelt p\u00e5 formannskapet og, komiteane , spesifisert etter ansvar og tenesteomr\u00e5de.<\/li>\n<li>Kommunestyret vedtek investeringsbudsjettet som hovudregel per investeringsprosjekt i samsvar med budsjettskjema 2A og 2B.<\/li>\n<\/ol>\n<p>R\u00e5dmannen skal etter same reglement utarbeida eit samla framlegg til \u00f8konomiplan og budsjett som grunnlag for kommunestyret si behandling. Budsjettet skal vera realistisk, fullstendig og i balanse. Driftsbudsjettet skal vise netto driftsramme pr. komit\u00e9 og tenesteomr\u00e5de. R\u00e5dmannen sitt framlegg skal byggja p\u00e5 vedteken \u00f8konomiplan og andre f\u00f8resetnader vedtekne av kommunestyret, og vera konsekvensvurdert i h\u00f8ve endra f\u00f8resetnader og vilk\u00e5r. Komiteane skal i sin tur fordela nettorammer drift i vedteke rammebudsjett p\u00e5 dei ulike resultateiningane.<\/p>\n","protected":false},"excerpt":{"rendered":"<p>Det er lagt opp til slik handsaming av budsjett og \u00f8konomiplan 2018-21: Aktivitet: Tid: R\u00e5dmannen legg fram sitt budsjettforslag 26.okt Formannskapet legg budsjettet ut til alminneleg ettersyn, jf. kommunelova \u00a7 45 08.nov Budsjetth\u00f8yringar i komiteane 14.-16. november Kommunestyret vedtek budsjett og \u00f8konomiplan 23.nov Komiteane handsamar detaljbudsjett 12.-14. desember Prosessen og sj\u00f8lve budsjettdokumentet er lagt opp<\/p>\n","protected":false},"author":4,"featured_media":0,"parent":11,"menu_order":1,"comment_status":"closed","ping_status":"closed","template":"","meta":{"footnotes":""},"jetpack_sharing_enabled":true,"_links":{"self":[{"href":"https:\/\/sk-dokument.no\/budsjett-og-okonomiplan-2018-2021\/index.php?rest_route=\/wp\/v2\/pages\/31"}],"collection":[{"href":"https:\/\/sk-dokument.no\/budsjett-og-okonomiplan-2018-2021\/index.php?rest_route=\/wp\/v2\/pages"}],"about":[{"href":"https:\/\/sk-dokument.no\/budsjett-og-okonomiplan-2018-2021\/index.php?rest_route=\/wp\/v2\/types\/page"}],"author":[{"embeddable":true,"href":"https:\/\/sk-dokument.no\/budsjett-og-okonomiplan-2018-2021\/index.php?rest_route=\/wp\/v2\/users\/4"}],"replies":[{"embeddable":true,"href":"https:\/\/sk-dokument.no\/budsjett-og-okonomiplan-2018-2021\/index.php?rest_route=%2Fwp%2Fv2%2Fcomments&post=31"}],"version-history":[{"count":16,"href":"https:\/\/sk-dokument.no\/budsjett-og-okonomiplan-2018-2021\/index.php?rest_route=\/wp\/v2\/pages\/31\/revisions"}],"predecessor-version":[{"id":1549,"href":"https:\/\/sk-dokument.no\/budsjett-og-okonomiplan-2018-2021\/index.php?rest_route=\/wp\/v2\/pages\/31\/revisions\/1549"}],"up":[{"embeddable":true,"href":"https:\/\/sk-dokument.no\/budsjett-og-okonomiplan-2018-2021\/index.php?rest_route=\/wp\/v2\/pages\/11"}],"wp:attachment":[{"href":"https:\/\/sk-dokument.no\/budsjett-og-okonomiplan-2018-2021\/index.php?rest_route=%2Fwp%2Fv2%2Fmedia&parent=31"}],"curies":[{"name":"wp","href":"https:\/\/api.w.org\/{rel}","templated":true}]}}