{"id":310,"date":"2016-10-06T10:50:23","date_gmt":"2016-10-06T08:50:23","guid":{"rendered":"http:\/\/sk-dokument.no\/budsjett-og-okonomiplan-2018-2021\/?page_id=310"},"modified":"2017-10-24T10:09:15","modified_gmt":"2017-10-24T08:09:15","slug":"seksjonering","status":"publish","type":"page","link":"https:\/\/sk-dokument.no\/budsjett-og-okonomiplan-2018-2021\/?page_id=310","title":{"rendered":"SEKSJONERING"},"content":{"rendered":"<p dir=\"LTR\" align=\"LEFT\">\u00a71 Krav om seksjonering \/reseksjonering<\/p>\n<table style=\"width: 866px; height: 171px;\">\n<tbody>\n<tr>\n<td style=\"width: 556px;\"><\/td>\n<td style=\"width: 92px; text-align: right;\">2017<\/td>\n<td style=\"width: 94px; text-align: right;\">2018<\/td>\n<td style=\"width: 102px; text-align: right;\">Auke kr<\/td>\n<\/tr>\n<tr>\n<td style=\"width: 556px;\">Gebyr for seksjonering\/reseksjonering der det ikkje vert gjennomf\u00f8rt synfaring<\/td>\n<td style=\"width: 92px; text-align: right;\">3 147<\/td>\n<td style=\"width: 94px; text-align: right;\">4 500<\/td>\n<td style=\"width: 102px; text-align: right;\"><strong>1 353<\/strong><\/td>\n<\/tr>\n<tr>\n<td style=\"width: 556px;\">Gebyr for seksjonering\/reseksjonering der det vert gjennomf\u00f8rt synfaring<\/td>\n<td style=\"width: 92px; text-align: right;\">5 245<\/td>\n<td style=\"width: 94px; text-align: right;\">6 000<\/td>\n<td style=\"width: 102px; text-align: right;\"><strong>755<\/strong><\/td>\n<\/tr>\n<tr>\n<td style=\"width: 556px;\">Ved avslag p\u00e5 s\u00f8knad om seksjonering\/reseksjonering vert rekna 50 prosent gebyr<\/td>\n<td style=\"width: 92px;\"><\/td>\n<td style=\"width: 94px;\"><\/td>\n<td style=\"width: 102px;\"><\/td>\n<\/tr>\n<\/tbody>\n<\/table>\n<p dir=\"LTR\" align=\"LEFT\">\u00a7 2 Betalingsreglar<\/p>\n<p dir=\"LTR\" align=\"LEFT\"><span style=\"font-size: medium;\">Det vert ikkje rekna meirverdiavgift av seksjoneringsgebyra.<\/span><\/p>\n","protected":false},"excerpt":{"rendered":"<p>\u00a71 Krav om seksjonering \/reseksjonering 2017 2018 Auke kr Gebyr for seksjonering\/reseksjonering der det ikkje vert gjennomf\u00f8rt synfaring 3 147 4 500 1 353 Gebyr for seksjonering\/reseksjonering der det vert gjennomf\u00f8rt synfaring 5 245 6 000 755 Ved avslag p\u00e5 s\u00f8knad om seksjonering\/reseksjonering vert rekna 50 prosent gebyr \u00a7 2 Betalingsreglar Det vert ikkje rekna<\/p>\n","protected":false},"author":13,"featured_media":0,"parent":287,"menu_order":5,"comment_status":"closed","ping_status":"closed","template":"","meta":{"footnotes":""},"jetpack_sharing_enabled":true,"_links":{"self":[{"href":"https:\/\/sk-dokument.no\/budsjett-og-okonomiplan-2018-2021\/index.php?rest_route=\/wp\/v2\/pages\/310"}],"collection":[{"href":"https:\/\/sk-dokument.no\/budsjett-og-okonomiplan-2018-2021\/index.php?rest_route=\/wp\/v2\/pages"}],"about":[{"href":"https:\/\/sk-dokument.no\/budsjett-og-okonomiplan-2018-2021\/index.php?rest_route=\/wp\/v2\/types\/page"}],"author":[{"embeddable":true,"href":"https:\/\/sk-dokument.no\/budsjett-og-okonomiplan-2018-2021\/index.php?rest_route=\/wp\/v2\/users\/13"}],"replies":[{"embeddable":true,"href":"https:\/\/sk-dokument.no\/budsjett-og-okonomiplan-2018-2021\/index.php?rest_route=%2Fwp%2Fv2%2Fcomments&post=310"}],"version-history":[{"count":10,"href":"https:\/\/sk-dokument.no\/budsjett-og-okonomiplan-2018-2021\/index.php?rest_route=\/wp\/v2\/pages\/310\/revisions"}],"predecessor-version":[{"id":1489,"href":"https:\/\/sk-dokument.no\/budsjett-og-okonomiplan-2018-2021\/index.php?rest_route=\/wp\/v2\/pages\/310\/revisions\/1489"}],"up":[{"embeddable":true,"href":"https:\/\/sk-dokument.no\/budsjett-og-okonomiplan-2018-2021\/index.php?rest_route=\/wp\/v2\/pages\/287"}],"wp:attachment":[{"href":"https:\/\/sk-dokument.no\/budsjett-og-okonomiplan-2018-2021\/index.php?rest_route=%2Fwp%2Fv2%2Fmedia&parent=310"}],"curies":[{"name":"wp","href":"https:\/\/api.w.org\/{rel}","templated":true}]}}