{"id":312,"date":"2016-10-06T10:51:44","date_gmt":"2016-10-06T08:51:44","guid":{"rendered":"http:\/\/sk-dokument.no\/budsjett-og-okonomiplan-2018-2021\/?page_id=312"},"modified":"2018-01-11T10:23:34","modified_gmt":"2018-01-11T09:23:34","slug":"betalingssatsar-for-feiing-og-tilsyn","status":"publish","type":"page","link":"https:\/\/sk-dokument.no\/budsjett-og-okonomiplan-2018-2021\/?page_id=312","title":{"rendered":"BETALINGSSATSAR FOR FEIING OG TILSYN"},"content":{"rendered":"<table width=\"770\">\n<tbody>\n<tr>\n<td><strong>Betalingssatsar for feiing og tilsyn<\/strong><\/td>\n<td><strong>2017<\/strong><\/td>\n<td><strong>2018<\/strong><\/td>\n<td><strong>Auke kr<\/strong><\/td>\n<\/tr>\n<tr>\n<td><strong>Bustadar:<\/strong><\/td>\n<td><\/td>\n<td><\/td>\n<td><\/td>\n<\/tr>\n<tr>\n<td>Feieavgift og tilsyn pr. hus (maks 2 piper) per \u00e5r<\/td>\n<td>666<\/td>\n<td>666<\/td>\n<td><strong>0<\/strong><\/td>\n<\/tr>\n<tr>\n<td><strong>Industri\/forretningsbygg: <\/strong><\/td>\n<td><\/td>\n<td><\/td>\n<td><\/td>\n<\/tr>\n<tr>\n<td>Feieavgift<\/td>\n<td>833<\/td>\n<td>833<\/td>\n<td><strong>0<\/strong><\/td>\n<\/tr>\n<tr>\n<td>Anna arbeid\/feiing etter medg\u00e5tt tid pr. time ex. mva<\/td>\n<td>649<\/td>\n<td>649<\/td>\n<td><strong>0<\/strong><\/td>\n<\/tr>\n<\/tbody>\n<\/table>\n<p dir=\"LTR\" align=\"LEFT\">Feiing og tilsyn er eit sj\u00f8lvkostomr\u00e5de. Kommunen skal ta seg betalt det det kostar \u00e5 utf\u00f8ra tenesta.<\/p>\n<p dir=\"LTR\" align=\"LEFT\">\n<p>&nbsp;<\/p>\n","protected":false},"excerpt":{"rendered":"<p>Betalingssatsar for feiing og tilsyn 2017 2018 Auke kr Bustadar: Feieavgift og tilsyn pr. hus (maks 2 piper) per \u00e5r 666 666 0 Industri\/forretningsbygg: Feieavgift 833 833 0 Anna arbeid\/feiing etter medg\u00e5tt tid pr. time ex. mva 649 649 0 Feiing og tilsyn er eit sj\u00f8lvkostomr\u00e5de. Kommunen skal ta seg betalt det det kostar \u00e5<\/p>\n","protected":false},"author":13,"featured_media":0,"parent":269,"menu_order":3,"comment_status":"closed","ping_status":"closed","template":"","meta":{"footnotes":""},"jetpack_sharing_enabled":true,"_links":{"self":[{"href":"https:\/\/sk-dokument.no\/budsjett-og-okonomiplan-2018-2021\/index.php?rest_route=\/wp\/v2\/pages\/312"}],"collection":[{"href":"https:\/\/sk-dokument.no\/budsjett-og-okonomiplan-2018-2021\/index.php?rest_route=\/wp\/v2\/pages"}],"about":[{"href":"https:\/\/sk-dokument.no\/budsjett-og-okonomiplan-2018-2021\/index.php?rest_route=\/wp\/v2\/types\/page"}],"author":[{"embeddable":true,"href":"https:\/\/sk-dokument.no\/budsjett-og-okonomiplan-2018-2021\/index.php?rest_route=\/wp\/v2\/users\/13"}],"replies":[{"embeddable":true,"href":"https:\/\/sk-dokument.no\/budsjett-og-okonomiplan-2018-2021\/index.php?rest_route=%2Fwp%2Fv2%2Fcomments&post=312"}],"version-history":[{"count":8,"href":"https:\/\/sk-dokument.no\/budsjett-og-okonomiplan-2018-2021\/index.php?rest_route=\/wp\/v2\/pages\/312\/revisions"}],"predecessor-version":[{"id":1808,"href":"https:\/\/sk-dokument.no\/budsjett-og-okonomiplan-2018-2021\/index.php?rest_route=\/wp\/v2\/pages\/312\/revisions\/1808"}],"up":[{"embeddable":true,"href":"https:\/\/sk-dokument.no\/budsjett-og-okonomiplan-2018-2021\/index.php?rest_route=\/wp\/v2\/pages\/269"}],"wp:attachment":[{"href":"https:\/\/sk-dokument.no\/budsjett-og-okonomiplan-2018-2021\/index.php?rest_route=%2Fwp%2Fv2%2Fmedia&parent=312"}],"curies":[{"name":"wp","href":"https:\/\/api.w.org\/{rel}","templated":true}]}}