{"id":320,"date":"2016-10-06T10:58:14","date_gmt":"2016-10-06T08:58:14","guid":{"rendered":"http:\/\/sk-dokument.no\/budsjett-og-okonomiplan-2018-2021\/?page_id=320"},"modified":"2017-10-20T09:25:37","modified_gmt":"2017-10-20T07:25:37","slug":"betalingssatsar-for-stord-kulturskule","status":"publish","type":"page","link":"https:\/\/sk-dokument.no\/budsjett-og-okonomiplan-2018-2021\/?page_id=320","title":{"rendered":"BETALINGSSATSAR FOR STORD KULTURSKULE"},"content":{"rendered":"<table style=\"width: 759px; height: 303px;\">\n<tbody>\n<tr>\n<td style=\"width: 483.5px;\">Betalingssatsar for Stord kulturskule<\/td>\n<td style=\"width: 85.49px; text-align: right;\">2017<\/td>\n<td style=\"width: 81px; text-align: right;\">2018<\/td>\n<td style=\"width: 84px; text-align: right;\">Auke kr<\/td>\n<\/tr>\n<tr>\n<td style=\"width: 483.5px;\">\u00a0Elevavgift:<\/td>\n<td style=\"width: 85.49px; text-align: right;\"><\/td>\n<td style=\"width: 81px; text-align: right;\"><\/td>\n<td style=\"width: 84px; text-align: right;\"><\/td>\n<\/tr>\n<tr>\n<td style=\"width: 483.5px;\">Instrumental-vokalundervisning, individuelt og i mindre grupper<\/td>\n<td style=\"width: 85.49px; text-align: right;\">3 620<\/td>\n<td style=\"width: 81px; text-align: right;\">3 715<\/td>\n<td style=\"width: 84px; text-align: right;\">95<\/td>\n<\/tr>\n<tr>\n<td style=\"width: 483.5px;\">Undervisning i st\u00f8rre grupper(dans, bildande kunst, drama m.m.)<\/td>\n<td style=\"width: 85.49px; text-align: right;\">3 290<\/td>\n<td style=\"width: 81px; text-align: right;\">3 375<\/td>\n<td style=\"width: 84px; text-align: right;\">85<\/td>\n<\/tr>\n<tr>\n<td style=\"width: 483.5px;\">Instrumentleige<\/td>\n<td style=\"width: 85.49px; text-align: right;\">540<\/td>\n<td style=\"width: 81px; text-align: right;\">560<\/td>\n<td style=\"width: 84px; text-align: right;\">20<\/td>\n<\/tr>\n<tr>\n<td style=\"width: 483.5px;\">Dirigenttimar:<\/td>\n<td style=\"width: 85.49px; text-align: right;\"><\/td>\n<td style=\"width: 81px; text-align: right;\"><\/td>\n<td style=\"width: 84px; text-align: right;\"><\/td>\n<\/tr>\n<tr>\n<td style=\"width: 483.5px;\">Dirigenttimar til skulekor- og korps<\/td>\n<td style=\"width: 85.49px; text-align: right;\">21 050<\/td>\n<td style=\"width: 81px; text-align: right;\">21 550<\/td>\n<td style=\"width: 84px; text-align: right;\">500<\/td>\n<\/tr>\n<tr>\n<td style=\"width: 483.5px;\">Dirigent-\/instruksjonstenester til andre<\/td>\n<td style=\"width: 85.49px; text-align: right;\">28 860<\/td>\n<td style=\"width: 81px; text-align: right;\">29 670<\/td>\n<td style=\"width: 84px; text-align: right;\">810<\/td>\n<\/tr>\n<tr>\n<td style=\"width: 483.5px;\"><\/td>\n<td style=\"width: 85.49px; text-align: right;\"><\/td>\n<td style=\"width: 81px; text-align: right;\"><\/td>\n<td style=\"width: 84px; text-align: right;\"><\/td>\n<\/tr>\n<tr>\n<td style=\"width: 483.5px;\">S\u00f8skenmoderarsjon: (reduksjon i elevavgifta)<\/td>\n<td style=\"width: 85.49px; text-align: right;\"><\/td>\n<td style=\"width: 81px; text-align: right;\"><\/td>\n<td style=\"width: 84px; text-align: right;\"><\/td>\n<\/tr>\n<tr>\n<td style=\"width: 483.5px;\">Barn\/aktivitet 2<\/td>\n<td style=\"width: 85.49px; text-align: right;\">20%<\/td>\n<td style=\"width: 81px; text-align: right;\"><\/td>\n<td style=\"width: 84px; text-align: right;\"><\/td>\n<\/tr>\n<tr>\n<td style=\"width: 483.5px;\">\u00a0Barn\/aktivitet 3<\/td>\n<td style=\"width: 85.49px; text-align: right;\">\u00a040%<\/td>\n<td style=\"width: 81px; text-align: right;\"><\/td>\n<td style=\"width: 84px; text-align: right;\"><\/td>\n<\/tr>\n<tr>\n<td style=\"width: 483.5px;\">\u00a0Barn\/aktivitet 4<\/td>\n<td style=\"width: 85.49px; text-align: right;\">\u00a060%<\/td>\n<td style=\"width: 81px; text-align: right;\"><\/td>\n<td style=\"width: 84px; text-align: right;\"><\/td>\n<\/tr>\n<tr>\n<td style=\"width: 483.5px;\">\u00a0Barn\/aktivitet 5<\/td>\n<td style=\"width: 85.49px; text-align: right;\">\u00a070%<\/td>\n<td style=\"width: 81px; text-align: right;\"><\/td>\n<td style=\"width: 84px; text-align: right;\"><\/td>\n<\/tr>\n<tr>\n<td style=\"width: 483.5px;\">\u00a0Barn\/aktivitet 6<\/td>\n<td style=\"width: 85.49px; text-align: right;\">\u00a080%<\/td>\n<td style=\"width: 81px; text-align: right;\"><\/td>\n<td style=\"width: 84px; text-align: right;\"><\/td>\n<\/tr>\n<\/tbody>\n<\/table>\n<p>Bakgrunn:<\/p>\n<p>Ved inngangen til skule\u00e5ret 2017\/2018 er det 820 elevplassar.<\/p>\n<p>Musikk-, visuelle kunstfag- og drama\/teaterundervisninga er lagt til kulturskulen sine lokale i Stord Kulturhus. Danse- og parkorundervisinga er lagt til dei kulturskulen sine lokale i Osen 6 (Liver\u00f8dbygget). I tillegg f\u00e5r nokre elevar undervisning i fiolin p\u00e5 Tj\u00f8dnalio skule.<\/p>\n<p>Kulturskulen sel dirigenttenester til Sagv\u00e5g skulekorps, Rommetveit skulekorps, Langeland skulekorps, Stord skulekorps og Sunnhordland kammerorkester. Elles sel kulturskulen musikkterapitenester og andre l\u00e6rartenester til andre kommunale einingar og nabokommunar.<\/p>\n","protected":false},"excerpt":{"rendered":"<p>Betalingssatsar for Stord kulturskule 2017 2018 Auke kr \u00a0Elevavgift: Instrumental-vokalundervisning, individuelt og i mindre grupper 3 620 3 715 95 Undervisning i st\u00f8rre grupper(dans, bildande kunst, drama m.m.) 3 290 3 375 85 Instrumentleige 540 560 20 Dirigenttimar: Dirigenttimar til skulekor- og korps 21 050 21 550 500 Dirigent-\/instruksjonstenester til andre 28 860 29 670<\/p>\n","protected":false},"author":13,"featured_media":0,"parent":271,"menu_order":1,"comment_status":"closed","ping_status":"closed","template":"","meta":{"footnotes":""},"jetpack_sharing_enabled":true,"_links":{"self":[{"href":"https:\/\/sk-dokument.no\/budsjett-og-okonomiplan-2018-2021\/index.php?rest_route=\/wp\/v2\/pages\/320"}],"collection":[{"href":"https:\/\/sk-dokument.no\/budsjett-og-okonomiplan-2018-2021\/index.php?rest_route=\/wp\/v2\/pages"}],"about":[{"href":"https:\/\/sk-dokument.no\/budsjett-og-okonomiplan-2018-2021\/index.php?rest_route=\/wp\/v2\/types\/page"}],"author":[{"embeddable":true,"href":"https:\/\/sk-dokument.no\/budsjett-og-okonomiplan-2018-2021\/index.php?rest_route=\/wp\/v2\/users\/13"}],"replies":[{"embeddable":true,"href":"https:\/\/sk-dokument.no\/budsjett-og-okonomiplan-2018-2021\/index.php?rest_route=%2Fwp%2Fv2%2Fcomments&post=320"}],"version-history":[{"count":10,"href":"https:\/\/sk-dokument.no\/budsjett-og-okonomiplan-2018-2021\/index.php?rest_route=\/wp\/v2\/pages\/320\/revisions"}],"predecessor-version":[{"id":1142,"href":"https:\/\/sk-dokument.no\/budsjett-og-okonomiplan-2018-2021\/index.php?rest_route=\/wp\/v2\/pages\/320\/revisions\/1142"}],"up":[{"embeddable":true,"href":"https:\/\/sk-dokument.no\/budsjett-og-okonomiplan-2018-2021\/index.php?rest_route=\/wp\/v2\/pages\/271"}],"wp:attachment":[{"href":"https:\/\/sk-dokument.no\/budsjett-og-okonomiplan-2018-2021\/index.php?rest_route=%2Fwp%2Fv2%2Fmedia&parent=320"}],"curies":[{"name":"wp","href":"https:\/\/api.w.org\/{rel}","templated":true}]}}