{"id":324,"date":"2016-10-06T10:59:40","date_gmt":"2016-10-06T08:59:40","guid":{"rendered":"http:\/\/sk-dokument.no\/budsjett-og-okonomiplan-2018-2021\/?page_id=324"},"modified":"2018-01-02T13:51:38","modified_gmt":"2018-01-02T12:51:38","slug":"betalingssatsar-for-plass-i-kommunale-barnehagar","status":"publish","type":"page","link":"https:\/\/sk-dokument.no\/budsjett-og-okonomiplan-2018-2021\/?page_id=324","title":{"rendered":"BETALINGSSATSAR FOR PLASS I KOMMUNALE BARNEHAGAR"},"content":{"rendered":"<table>\n<tbody>\n<tr>\n<td><strong>Betalingssatsar for plass i kommunale barnehagar 1\/1 \u2013 31\/12 &#8211; 2018<\/strong><\/td>\n<td><strong>2017<\/strong><\/td>\n<td><strong>2018<\/strong><\/td>\n<td><strong>Auke kr<\/strong><\/td>\n<\/tr>\n<tr>\n<td><strong>Full plass \u2013 makssats fastsatt av kunnskapsdept. <\/strong><\/td>\n<td>2 730<\/td>\n<td>2 910<\/td>\n<td><strong>180<\/strong><\/td>\n<\/tr>\n<tr>\n<td><strong>3 dagar i veka (60 <\/strong><strong>prosent<\/strong><strong> plass)<\/strong><\/td>\n<td>1 974<\/td>\n<td>2 104<\/td>\n<td><strong>130<\/strong><\/td>\n<\/tr>\n<\/tbody>\n<\/table>\n<p>Det vert gitt 30 prosent s\u00f8skenmoderasjon for barn nummer to og 50 prosent fr\u00e5 og med barn nummer tre.<\/p>\n<p>Vedtak om timar med spesialpedagogisk hjelp etter Barnehagelova \u00a7 19E er gratis. F\u00f8resette til barn med vedtak om spesialpedagogisk hjelp etter barnehagelova \u00a7 19 E betalar for barnehageplassen p\u00e5 lik linje med andre.<\/p>\n<p>Fr\u00e5 2004 har satsane for opphaldsbetaling i barnehage vore regulert med ein sentral makspris for full barnehageplass. Regjeringa har fastsatt ny makspris fr\u00e5 01.01. 2018. Den er kr. 2 910. Stord kommune har justert satsane for dei andre tilboda i tr\u00e5d med kommunen sine kostnader.<\/p>\n<p>R\u00e5dmannen r\u00e5r til at Stord kommune nyttar makssats for full barnehageplass og at kommunen justerer den andre satsen med same prosentsats som makssatsen.<\/p>\n<p>Fr\u00e5 1. mai 2015 er det forskriftsbestemt at opphaldsbetalinga i barnehage ikkje skal kosta meir enn 6<b> <\/b>prosent av ei hushaldning si inntekt. Det betyr at dei som tenar mindre enn kr. 500 500 vil f\u00e5 reduksjon i satsane.<\/p>\n<p>Ordninga med gratis kjernetid vert vidaref\u00f8rt for alle 3-, 4- og 5-\u00e5ringar fr\u00e5 familiar med lav inntekt.<\/p>\n","protected":false},"excerpt":{"rendered":"<p>Betalingssatsar for plass i kommunale barnehagar 1\/1 \u2013 31\/12 &#8211; 2018 2017 2018 Auke kr Full plass \u2013 makssats fastsatt av kunnskapsdept. 2 730 2 910 180 3 dagar i veka (60 prosent plass) 1 974 2 104 130 Det vert gitt 30 prosent s\u00f8skenmoderasjon for barn nummer to og 50 prosent fr\u00e5 og med<\/p>\n","protected":false},"author":13,"featured_media":0,"parent":271,"menu_order":3,"comment_status":"closed","ping_status":"closed","template":"","meta":{"footnotes":""},"jetpack_sharing_enabled":true,"_links":{"self":[{"href":"https:\/\/sk-dokument.no\/budsjett-og-okonomiplan-2018-2021\/index.php?rest_route=\/wp\/v2\/pages\/324"}],"collection":[{"href":"https:\/\/sk-dokument.no\/budsjett-og-okonomiplan-2018-2021\/index.php?rest_route=\/wp\/v2\/pages"}],"about":[{"href":"https:\/\/sk-dokument.no\/budsjett-og-okonomiplan-2018-2021\/index.php?rest_route=\/wp\/v2\/types\/page"}],"author":[{"embeddable":true,"href":"https:\/\/sk-dokument.no\/budsjett-og-okonomiplan-2018-2021\/index.php?rest_route=\/wp\/v2\/users\/13"}],"replies":[{"embeddable":true,"href":"https:\/\/sk-dokument.no\/budsjett-og-okonomiplan-2018-2021\/index.php?rest_route=%2Fwp%2Fv2%2Fcomments&post=324"}],"version-history":[{"count":13,"href":"https:\/\/sk-dokument.no\/budsjett-og-okonomiplan-2018-2021\/index.php?rest_route=\/wp\/v2\/pages\/324\/revisions"}],"predecessor-version":[{"id":1807,"href":"https:\/\/sk-dokument.no\/budsjett-og-okonomiplan-2018-2021\/index.php?rest_route=\/wp\/v2\/pages\/324\/revisions\/1807"}],"up":[{"embeddable":true,"href":"https:\/\/sk-dokument.no\/budsjett-og-okonomiplan-2018-2021\/index.php?rest_route=\/wp\/v2\/pages\/271"}],"wp:attachment":[{"href":"https:\/\/sk-dokument.no\/budsjett-og-okonomiplan-2018-2021\/index.php?rest_route=%2Fwp%2Fv2%2Fmedia&parent=324"}],"curies":[{"name":"wp","href":"https:\/\/api.w.org\/{rel}","templated":true}]}}