{"id":331,"date":"2016-10-06T11:08:37","date_gmt":"2016-10-06T09:08:37","guid":{"rendered":"http:\/\/sk-dokument.no\/budsjett-og-okonomiplan-2018-2021\/?page_id=331"},"modified":"2017-10-24T10:46:44","modified_gmt":"2017-10-24T08:46:44","slug":"betalingssatsar-for-kommunale-parkeringsplassar","status":"publish","type":"page","link":"https:\/\/sk-dokument.no\/budsjett-og-okonomiplan-2018-2021\/?page_id=331","title":{"rendered":"BETALINGSSATSAR FOR KOMMUNALE PARKERINGSPLASSAR"},"content":{"rendered":"<table>\n<tbody>\n<tr>\n<td><strong>Betalingssatsar for kommunale parkeringsplassar<\/strong><\/td>\n<td><strong>2017<\/strong><\/td>\n<td><strong>2018<\/strong><\/td>\n<td><strong>Auke kr<\/strong><\/td>\n<\/tr>\n<tr>\n<td><strong>Bytunet og i underetasjen p\u00e5 Bachertunet<\/strong><\/td>\n<td><\/td>\n<td><\/td>\n<td><\/td>\n<\/tr>\n<tr>\n<td>M\u00e5ndag-fredag kl. 07.00-19.00 (anna tidsrom \u2013 gratis)<\/td>\n<td>12<\/td>\n<td>12<\/td>\n<td><strong>0<\/strong><\/td>\n<\/tr>\n<tr>\n<td>Laurdag kl. 07.00 \u2013 17.00 (anna tidsrom \u2013 gratis)<\/td>\n<td>12<\/td>\n<td>12<\/td>\n<td><strong>0<\/strong><\/td>\n<\/tr>\n<tr>\n<td><strong>2 timar gratis ved bruk av parkeringsskive<\/strong><\/td>\n<td><\/td>\n<td><\/td>\n<td><strong> <\/strong><\/td>\n<\/tr>\n<tr>\n<td>Torget<\/td>\n<td>Avgiftsfri*<\/td>\n<td><strong> <\/strong><\/td>\n<td><strong> <\/strong><\/td>\n<\/tr>\n<tr>\n<td>SKE-bygg<\/td>\n<td>Avgiftsfri*<\/td>\n<td><strong> <\/strong><\/td>\n<td><strong> <\/strong><\/td>\n<\/tr>\n<tr>\n<td>Osen<\/td>\n<td>Avgiftsfri*<\/td>\n<td><strong> <\/strong><\/td>\n<td><strong> <\/strong><\/td>\n<\/tr>\n<tr>\n<td>Vidsteenstunet\/Sorenskrivareigedomen<\/td>\n<td>Avgiftsfri*<\/td>\n<td><strong> <\/strong><\/td>\n<td><strong> <\/strong><\/td>\n<\/tr>\n<tr>\n<td>Borggata\/Borggarden<\/td>\n<td>Avgiftsfri*<\/td>\n<td><strong> <\/strong><\/td>\n<td><strong> <\/strong><\/td>\n<\/tr>\n<tr>\n<td>\u00d8vre Borggata<\/td>\n<td>Avgiftsfri*<\/td>\n<td><strong> <\/strong><\/td>\n<td><strong> <\/strong><\/td>\n<\/tr>\n<tr>\n<td>Jens Hystadveg<\/td>\n<td>Avgiftsfri*<\/td>\n<td><strong> <\/strong><\/td>\n<td><strong> <\/strong><\/td>\n<\/tr>\n<tr>\n<td>Stord kommunale rehab. senter<\/td>\n<td>Avgiftsfri*<\/td>\n<td><strong> <\/strong><\/td>\n<td><strong> <\/strong><\/td>\n<\/tr>\n<tr>\n<td>Sn\u00f8ggb\u00e5tterminalen<\/td>\n<td>Avgiftsfri*<\/td>\n<td><strong> <\/strong><\/td>\n<td><strong> <\/strong><\/td>\n<\/tr>\n<tr>\n<td>Torgbakken<\/td>\n<td>Avgiftsfri*<\/td>\n<td><strong> <\/strong><\/td>\n<td><strong> <\/strong><\/td>\n<\/tr>\n<tr>\n<td>P-dekke v\/ NAV.Maksimum parkeringstid 2 timar gjeld ogs\u00e5 for El- bilar og personar med HC- kort<\/td>\n<td>Avgiftsfri*<\/td>\n<td><strong> <\/strong><\/td>\n<td><strong> <\/strong><\/td>\n<\/tr>\n<tr>\n<td><strong>12 timar gratis ved bruk av parkeringsskive<\/strong><\/td>\n<td><\/td>\n<td><\/td>\n<td><strong> <\/strong><\/td>\n<\/tr>\n<tr>\n<td>S\u00e6<\/td>\n<td>Avgiftsfri*<\/td>\n<td><strong> <\/strong><\/td>\n<td><strong> <\/strong><\/td>\n<\/tr>\n<tr>\n<td>Vabakkjen<\/td>\n<td>Avgiftsfri*<\/td>\n<td><strong> <\/strong><\/td>\n<td><strong> <\/strong><\/td>\n<\/tr>\n<tr>\n<td><strong>Parkeringsskive<\/strong><\/td>\n<td>20<\/td>\n<td>20<\/td>\n<td><strong>0<\/strong><\/td>\n<\/tr>\n<\/tbody>\n<\/table>\n<p>&nbsp;<\/p>\n<p>*<span> med maksimum opphaldstid ved bruk av parkeringsskive<\/span><\/p>\n<p>Pris er uendra for 2018.<\/p>\n<p>Kommunestyret i Stord gjorde 30.04.2015, sak 14\/15 vedtak om endring i parkeringsordninga fr\u00e5 01.06.2015. Innf\u00f8rer parkeringsskive.<\/p>\n<p>For at\u3000trafikkbetjenten v\u00e5r skal veta kva tid\u3000du parkerte, skal\u3000du nytte\u3000parkeringsskive som du festar i frontruta p\u00e5 bilen. <span>P\u00e5 parkeringsskiva markerer du klokkeslett for tidspunktet du parkerte bilen.<\/span><\/p>\n<p>Parkeringsskive er for sal i Kundetorget til kr 20,-<\/p>\n<p>F\u00f8lgjande kommunale parkeringsplassar f\u00e5r avgiftsfri parkering med maksimum opphaldstid 2 timar ved bruk av parkeringsskive:<\/p>\n<p>Torget, SKE-bygget, Osen, Vidsteenstunet\/Sorenskrivareigedomen, Borggata\/Borggarden, \u00d8vre Borggata, Jens Hystadveg, Stord kommunale rehab. senter, Sn\u00f8ggb\u00e5tterminalen, Torgbakken, P-dekke v\/ NAV. <span>Maksimum parkeringstid 2 timar gjeld ogs\u00e5 for El- bilar og personar med HC- kort.<\/span><\/p>\n<p>Parkeringsplassen i S\u00e6 og Vabakkjen er det maksimum 12 timar parkering med parkeringsskive.<\/p>\n<p>Tidsavgrensinga er 07.00 &#8211; 19.00 p\u00e5 kvardagar og til 17.00 p\u00e5 laurdagar.<\/p>\n<p>Det er vidare vedteke at parkeringsplassen bak r\u00e5dhuset skal vera privat dvs for bes\u00f8kjande i nemnde bygg.<\/p>\n<p>Parkeringsplassane ved Bytunet og i underetasjen p\u00e5 Bachertunet er fortsatt avgiftsbelagt.<\/p>\n<p>&nbsp;<\/p>\n","protected":false},"excerpt":{"rendered":"<p>Betalingssatsar for kommunale parkeringsplassar 2017 2018 Auke kr Bytunet og i underetasjen p\u00e5 Bachertunet M\u00e5ndag-fredag kl. 07.00-19.00 (anna tidsrom \u2013 gratis) 12 12 0 Laurdag kl. 07.00 \u2013 17.00 (anna tidsrom \u2013 gratis) 12 12 0 2 timar gratis ved bruk av parkeringsskive Torget Avgiftsfri* SKE-bygg Avgiftsfri* Osen Avgiftsfri* Vidsteenstunet\/Sorenskrivareigedomen Avgiftsfri* Borggata\/Borggarden Avgiftsfri* \u00d8vre Borggata<\/p>\n","protected":false},"author":13,"featured_media":0,"parent":275,"menu_order":1,"comment_status":"closed","ping_status":"closed","template":"","meta":{"footnotes":""},"jetpack_sharing_enabled":true,"_links":{"self":[{"href":"https:\/\/sk-dokument.no\/budsjett-og-okonomiplan-2018-2021\/index.php?rest_route=\/wp\/v2\/pages\/331"}],"collection":[{"href":"https:\/\/sk-dokument.no\/budsjett-og-okonomiplan-2018-2021\/index.php?rest_route=\/wp\/v2\/pages"}],"about":[{"href":"https:\/\/sk-dokument.no\/budsjett-og-okonomiplan-2018-2021\/index.php?rest_route=\/wp\/v2\/types\/page"}],"author":[{"embeddable":true,"href":"https:\/\/sk-dokument.no\/budsjett-og-okonomiplan-2018-2021\/index.php?rest_route=\/wp\/v2\/users\/13"}],"replies":[{"embeddable":true,"href":"https:\/\/sk-dokument.no\/budsjett-og-okonomiplan-2018-2021\/index.php?rest_route=%2Fwp%2Fv2%2Fcomments&post=331"}],"version-history":[{"count":8,"href":"https:\/\/sk-dokument.no\/budsjett-og-okonomiplan-2018-2021\/index.php?rest_route=\/wp\/v2\/pages\/331\/revisions"}],"predecessor-version":[{"id":1501,"href":"https:\/\/sk-dokument.no\/budsjett-og-okonomiplan-2018-2021\/index.php?rest_route=\/wp\/v2\/pages\/331\/revisions\/1501"}],"up":[{"embeddable":true,"href":"https:\/\/sk-dokument.no\/budsjett-og-okonomiplan-2018-2021\/index.php?rest_route=\/wp\/v2\/pages\/275"}],"wp:attachment":[{"href":"https:\/\/sk-dokument.no\/budsjett-og-okonomiplan-2018-2021\/index.php?rest_route=%2Fwp%2Fv2%2Fmedia&parent=331"}],"curies":[{"name":"wp","href":"https:\/\/api.w.org\/{rel}","templated":true}]}}