{"id":335,"date":"2016-10-06T11:09:56","date_gmt":"2016-10-06T09:09:56","guid":{"rendered":"http:\/\/sk-dokument.no\/budsjett-og-okonomiplan-2018-2021\/?page_id=335"},"modified":"2017-10-16T11:06:27","modified_gmt":"2017-10-16T09:06:27","slug":"betalingssatsar-for-leige-av-torgplass","status":"publish","type":"page","link":"https:\/\/sk-dokument.no\/budsjett-og-okonomiplan-2018-2021\/?page_id=335","title":{"rendered":"BETALINGSSATSAR FOR LEIGE AV TORGPLASS"},"content":{"rendered":"<table width=\"612\">\n<tbody>\n<tr>\n<td width=\"381\"><strong>Betalingssatsar for leige av torgplass <\/strong><\/td>\n<td style=\"text-align: right;\" width=\"82\"><strong>2017<\/strong><\/td>\n<td style=\"text-align: right;\" width=\"66\"><strong>20<\/strong><strong>18<\/strong><\/td>\n<td style=\"text-align: right;\" width=\"82\"><strong>Auke kr<\/strong><\/td>\n<\/tr>\n<tr>\n<td width=\"381\">Pris pr. rute p\u00e5 15 m2 (minstepris) pr. i dag<\/td>\n<td style=\"text-align: right;\" width=\"82\">136<\/td>\n<td style=\"text-align: right;\" width=\"66\">140<\/td>\n<td style=\"text-align: right;\" width=\"82\"><strong>4<\/strong><\/td>\n<\/tr>\n<tr>\n<td width=\"381\">Fast torghandlar for 60 m2 pr. \u00e5r.<\/td>\n<td style=\"text-align: right;\" width=\"82\">24 460<\/td>\n<td style=\"text-align: right;\" width=\"66\">25 195<\/td>\n<td style=\"text-align: right;\" width=\"82\"><strong>735<\/strong><\/td>\n<\/tr>\n<tr>\n<td width=\"381\">Nattoppstilling pr. m\u00e5nad<\/td>\n<td style=\"text-align: right;\" width=\"82\">1 235<\/td>\n<td style=\"text-align: right;\" width=\"66\">1 272<\/td>\n<td style=\"text-align: right;\" width=\"82\"><strong>37<\/strong><\/td>\n<\/tr>\n<tr>\n<td width=\"381\">Nattoppstilling pr. natt<\/td>\n<td style=\"text-align: right;\" width=\"82\">44<\/td>\n<td style=\"text-align: right;\" width=\"66\">46<\/td>\n<td style=\"text-align: right;\" width=\"82\"><strong>2<\/strong><\/td>\n<\/tr>\n<tr>\n<td width=\"381\">Straum \u2013 tilfeldige torghandlarar pr. dag<\/td>\n<td style=\"text-align: right;\" width=\"82\">13<\/td>\n<td style=\"text-align: right;\" width=\"66\">15<\/td>\n<td style=\"text-align: right;\" width=\"82\"><strong>2<\/strong><\/td>\n<\/tr>\n<\/tbody>\n<\/table>\n<p dir=\"LTR\" align=\"LEFT\"><span style=\"font-family: Tahoma; font-size: medium;\"><br \/>\n<\/span><span style=\"font-size: medium;\">Faste torghandlarar betalar straum etter eigen m\u00e5lar. <\/span><\/p>\n<p dir=\"LTR\" align=\"LEFT\">Avgifta skal betalast forskotsvis pr. dag eller m\u00e5nad til kundetorget. Forskotsbetalt avgift kan ikkje krevjast refundert. Avgiftene for torghandel er fritekne for meirverdiavgift.<\/p>\n<p dir=\"LTR\" align=\"LEFT\">Bakgrunn:<\/p>\n<p dir=\"LTR\" align=\"LEFT\">For lag\/organisasjonar og n\u00e6ringsdrivande utan fast utsalsstad er det mogeleg \u00e5 leiga plass p\u00e5 Leirvik Torg for sal av varer.<br \/>\nDet kan leigast plass for kortare eller lengre tidsrom.<\/p>\n<p dir=\"LTR\" align=\"LEFT\">Plass kan tingast p\u00e5 f\u00f8rehand og dei som ikkje gjer det kan visast bort.<\/p>\n<p dir=\"LTR\" align=\"LEFT\">Kundetorget tildeler plass.<\/p>\n<p>&nbsp;<\/p>\n","protected":false},"excerpt":{"rendered":"<p>Betalingssatsar for leige av torgplass 2017 2018 Auke kr Pris pr. rute p\u00e5 15 m2 (minstepris) pr. i dag 136 140 4 Fast torghandlar for 60 m2 pr. \u00e5r. 24 460 25 195 735 Nattoppstilling pr. m\u00e5nad 1 235 1 272 37 Nattoppstilling pr. natt 44 46 2 Straum \u2013 tilfeldige torghandlarar pr. dag 13<\/p>\n","protected":false},"author":13,"featured_media":0,"parent":275,"menu_order":3,"comment_status":"closed","ping_status":"closed","template":"","meta":{"footnotes":""},"jetpack_sharing_enabled":true,"_links":{"self":[{"href":"https:\/\/sk-dokument.no\/budsjett-og-okonomiplan-2018-2021\/index.php?rest_route=\/wp\/v2\/pages\/335"}],"collection":[{"href":"https:\/\/sk-dokument.no\/budsjett-og-okonomiplan-2018-2021\/index.php?rest_route=\/wp\/v2\/pages"}],"about":[{"href":"https:\/\/sk-dokument.no\/budsjett-og-okonomiplan-2018-2021\/index.php?rest_route=\/wp\/v2\/types\/page"}],"author":[{"embeddable":true,"href":"https:\/\/sk-dokument.no\/budsjett-og-okonomiplan-2018-2021\/index.php?rest_route=\/wp\/v2\/users\/13"}],"replies":[{"embeddable":true,"href":"https:\/\/sk-dokument.no\/budsjett-og-okonomiplan-2018-2021\/index.php?rest_route=%2Fwp%2Fv2%2Fcomments&post=335"}],"version-history":[{"count":8,"href":"https:\/\/sk-dokument.no\/budsjett-og-okonomiplan-2018-2021\/index.php?rest_route=\/wp\/v2\/pages\/335\/revisions"}],"predecessor-version":[{"id":1085,"href":"https:\/\/sk-dokument.no\/budsjett-og-okonomiplan-2018-2021\/index.php?rest_route=\/wp\/v2\/pages\/335\/revisions\/1085"}],"up":[{"embeddable":true,"href":"https:\/\/sk-dokument.no\/budsjett-og-okonomiplan-2018-2021\/index.php?rest_route=\/wp\/v2\/pages\/275"}],"wp:attachment":[{"href":"https:\/\/sk-dokument.no\/budsjett-og-okonomiplan-2018-2021\/index.php?rest_route=%2Fwp%2Fv2%2Fmedia&parent=335"}],"curies":[{"name":"wp","href":"https:\/\/api.w.org\/{rel}","templated":true}]}}