{"id":352,"date":"2016-10-07T14:11:21","date_gmt":"2016-10-07T12:11:21","guid":{"rendered":"http:\/\/sk-dokument.no\/budsjett-og-okonomiplan-2018-2021\/?page_id=352"},"modified":"2017-10-24T13:36:46","modified_gmt":"2017-10-24T11:36:46","slug":"budsjettomrada-drift-og-investeringar","status":"publish","type":"page","link":"https:\/\/sk-dokument.no\/budsjett-og-okonomiplan-2018-2021\/?page_id=352","title":{"rendered":"Budsjettomr\u00e5da, drift og investeringar"},"content":{"rendered":"<p>Samla inntektsramme for driftsbudsjettet for 2018 er 1,460\u3000mrd. kr. Tekstdelen \u2013 budsjettkommentarane \u2013 seier f\u00f8rst og fremst noko om endringane i h\u00f8ve til dagens situasjon; endra vilk\u00e5r\/rammer for drift og\/eller endringar i tenestetilbodet.<\/p>\n<p>Framlegg til investeringsbudsjett for \u00f8konomiplanperioden 2018-2021 byggjer p\u00e5 gjeldande \u00f8konomiplan og sektorplanar. Alle investeringssummar med unntak for avgiftsomr\u00e5da er budsjettert med bruttotal (inkl. meirverdiavgift). Oversikta viser samla investering, spesifisert budsjett ligg i vedlegg til budsjettdokumentet.<\/p>\n<table>\n<tbody>\n<tr>\n<td><strong>Framlegg til samla investeringar pr. tenesteomr\u00e5de<\/strong><\/td>\n<td><\/td>\n<td><\/td>\n<td><\/td>\n<td><\/td>\n<td><\/td>\n<\/tr>\n<tr>\n<td><strong>1000 kr<\/strong><\/td>\n<td><strong>2018<\/strong><\/td>\n<td><strong>2019<\/strong><\/td>\n<td><strong>2020<\/strong><\/td>\n<td><strong>2021<\/strong><\/td>\n<td><strong>2018-21<\/strong><\/td>\n<\/tr>\n<tr>\n<td>Administrasjon og fellesfunksjonar<\/td>\n<td>7 145<\/td>\n<td>7 145<\/td>\n<td>7 145<\/td>\n<td>7 145<\/td>\n<td>28 580<\/td>\n<\/tr>\n<tr>\n<td>Kyrkje<\/td>\n<td>1 700<\/td>\n<td>7 700<\/td>\n<td>8 200<\/td>\n<td>1 700<\/td>\n<td>19 300<\/td>\n<\/tr>\n<tr>\n<td>Bustad\/n\u00e6ring\/utbygging\/grunnkj\u00f8p<\/td>\n<td>1000<\/td>\n<td>1000<\/td>\n<td>1000<\/td>\n<td>1000<\/td>\n<td>4000<\/td>\n<\/tr>\n<tr>\n<td>Skule, barnehage, barnevern, f\u00f8rebyggjande tenester oppvekst<\/td>\n<td>6 800<\/td>\n<td>56 500<\/td>\n<td>206 100<\/td>\n<td>22 700<\/td>\n<td>292 100<\/td>\n<\/tr>\n<tr>\n<td>Kultur, idrett<\/td>\n<td>4 550<\/td>\n<td> 4 050<\/td>\n<td>18 900<\/td>\n<td>2 800<\/td>\n<td>30 300<\/td>\n<\/tr>\n<tr>\n<td>Brann, veg og gr\u00f8nt, teknisk<\/td>\n<td>55 000<\/td>\n<td>22 775<\/td>\n<td>23 940<\/td>\n<td>19 300<\/td>\n<td>121 015<\/td>\n<\/tr>\n<tr>\n<td>Vassverk<\/td>\n<td>86 870<\/td>\n<td>79 850<\/td>\n<td>92 400<\/td>\n<td>83 900<\/td>\n<td>343 020<\/td>\n<\/tr>\n<tr>\n<td>Avlaup<\/td>\n<td>75 550<\/td>\n<td>93 550<\/td>\n<td>85 200<\/td>\n<td>88 500<\/td>\n<td>342 800<\/td>\n<\/tr>\n<tr>\n<td>Helse og sosial<\/td>\n<td>170 300<\/td>\n<td>118 250<\/td>\n<td>8 150<\/td>\n<td>8 150<\/td>\n<td>304 850<\/td>\n<\/tr>\n<tr>\n<td><strong>Samla investering<\/strong><\/td>\n<td><strong>408 915<\/strong><\/td>\n<td><strong>390 820<\/strong><\/td>\n<td><strong>451 035<\/strong><\/td>\n<td><strong>235 195<\/strong><\/td>\n<td><strong>1 485 965<\/strong><\/td>\n<\/tr>\n<\/tbody>\n<\/table>\n<p>&nbsp;<\/p>\n<table>\n<tbody>\n<tr>\n<td colspan=\"6\"><strong>Samla finansiering, investeringsbudsjett<\/strong><\/td>\n<\/tr>\n<tr>\n<td><strong>1000 kr<\/strong><\/td>\n<td><strong>2018<\/strong><\/td>\n<td><strong>2019<\/strong><\/td>\n<td><strong>2020<\/strong><\/td>\n<td><strong>2021<\/strong><\/td>\n<td><strong>2018-21<\/strong><\/td>\n<\/tr>\n<tr>\n<td>Momskompensasjon<\/td>\n<td>45 599<\/td>\n<td>40 935<\/td>\n<td>51 895<\/td>\n<td>10 375<\/td>\n<td>148 803<\/td>\n<\/tr>\n<tr>\n<td>Statlege overf\u00f8ringar<\/td>\n<td>25 900<\/td>\n<td>84 500<\/td>\n<td><\/td>\n<td><\/td>\n<td>105 400<\/td>\n<\/tr>\n<tr>\n<td>Sal av eigedom\/bruk av fond\/eigedomskatt<\/td>\n<td>46 475<\/td>\n<td>37 000<\/td>\n<td>37 000<\/td>\n<td>37 000<\/td>\n<td>120 475<\/td>\n<\/tr>\n<tr>\n<td><strong>Sum eigenfin.\/tilskot<\/strong><\/td>\n<td><strong>117 974<\/strong><\/td>\n<td><strong>162 435<\/strong><\/td>\n<td><strong>88 895<\/strong><\/td>\n<td><strong>47 375<\/strong><\/td>\n<td><strong>416 678<\/strong><\/td>\n<\/tr>\n<tr>\n<td><strong>Sum l\u00e5n ikkje sj\u00f8lvfinansierande investeringar<\/strong><\/td>\n<td>128 521<\/td>\n<td>54 985<\/td>\n<td>184 540<\/td>\n<td>15 420<\/td>\n<td>383 467<\/td>\n<\/tr>\n<tr>\n<td>L\u00e5neopptak avgiftsomr\u00e5det<\/td>\n<td>162 420<\/td>\n<td>173 400<\/td>\n<td>177 600<\/td>\n<td>172 400<\/td>\n<td>685 820<\/td>\n<\/tr>\n<tr>\n<td><strong>Samla finansiering<\/strong><\/td>\n<td><strong>408 915<\/strong><\/td>\n<td><strong>390 820<\/strong><\/td>\n<td><strong>451 035<\/strong><\/td>\n<td><strong>235 195<\/strong><\/td>\n<td><strong>1 485 965<\/strong><\/td>\n<\/tr>\n<\/tbody>\n<\/table>\n<p>&nbsp;<\/p>\n","protected":false},"excerpt":{"rendered":"<p>Samla inntektsramme for driftsbudsjettet for 2018 er 1,460\u3000mrd. kr. Tekstdelen \u2013 budsjettkommentarane \u2013 seier f\u00f8rst og fremst noko om endringane i h\u00f8ve til dagens situasjon; endra vilk\u00e5r\/rammer for drift og\/eller endringar i tenestetilbodet. Framlegg til investeringsbudsjett for \u00f8konomiplanperioden 2018-2021 byggjer p\u00e5 gjeldande \u00f8konomiplan og sektorplanar. Alle investeringssummar med unntak for avgiftsomr\u00e5da er budsjettert med bruttotal<\/p>\n","protected":false},"author":13,"featured_media":0,"parent":0,"menu_order":5,"comment_status":"closed","ping_status":"closed","template":"","meta":{"footnotes":""},"jetpack_sharing_enabled":true,"_links":{"self":[{"href":"https:\/\/sk-dokument.no\/budsjett-og-okonomiplan-2018-2021\/index.php?rest_route=\/wp\/v2\/pages\/352"}],"collection":[{"href":"https:\/\/sk-dokument.no\/budsjett-og-okonomiplan-2018-2021\/index.php?rest_route=\/wp\/v2\/pages"}],"about":[{"href":"https:\/\/sk-dokument.no\/budsjett-og-okonomiplan-2018-2021\/index.php?rest_route=\/wp\/v2\/types\/page"}],"author":[{"embeddable":true,"href":"https:\/\/sk-dokument.no\/budsjett-og-okonomiplan-2018-2021\/index.php?rest_route=\/wp\/v2\/users\/13"}],"replies":[{"embeddable":true,"href":"https:\/\/sk-dokument.no\/budsjett-og-okonomiplan-2018-2021\/index.php?rest_route=%2Fwp%2Fv2%2Fcomments&post=352"}],"version-history":[{"count":13,"href":"https:\/\/sk-dokument.no\/budsjett-og-okonomiplan-2018-2021\/index.php?rest_route=\/wp\/v2\/pages\/352\/revisions"}],"predecessor-version":[{"id":1553,"href":"https:\/\/sk-dokument.no\/budsjett-og-okonomiplan-2018-2021\/index.php?rest_route=\/wp\/v2\/pages\/352\/revisions\/1553"}],"wp:attachment":[{"href":"https:\/\/sk-dokument.no\/budsjett-og-okonomiplan-2018-2021\/index.php?rest_route=%2Fwp%2Fv2%2Fmedia&parent=352"}],"curies":[{"name":"wp","href":"https:\/\/api.w.org\/{rel}","templated":true}]}}