{"id":358,"date":"2016-10-10T11:36:40","date_gmt":"2016-10-10T09:36:40","guid":{"rendered":"http:\/\/sk-dokument.no\/budsjett-og-okonomiplan-2018-2021\/?page_id=358"},"modified":"2017-10-24T11:22:48","modified_gmt":"2017-10-24T09:22:48","slug":"utleigesatsar-for-stord-kulturhus","status":"publish","type":"page","link":"https:\/\/sk-dokument.no\/budsjett-og-okonomiplan-2018-2021\/?page_id=358","title":{"rendered":"UTLEIGESATSAR FOR STORD KULTURHUS"},"content":{"rendered":"<p>&nbsp;<\/p>\n<table width=\"703\">\n<tbody>\n<tr>\n<td width=\"200\">Utleigesatsar for Stord kulturhus<\/td>\n<td width=\"60\">2017 Pris 1<\/td>\n<td width=\"140\">2017 Pris 2<\/td>\n<td width=\"60\">2018 Pris 1<\/td>\n<td width=\"77\">2018 Pris 2<\/td>\n<td width=\"77\">Auke Pris 1<\/td>\n<td width=\"89\">Auke Pris 2<\/td>\n<\/tr>\n<tr>\n<tr>\n<td colspan=\"7\">Symjehallen -timeleige<\/td>\n<\/tr>\n<tr>\n<td>Symjegrupper trening per time<\/td>\n<td>Barn 110<\/td>\n<td>Vaksne 330<\/td>\n<td>Barn 110<\/td>\n<td>Vaksne 330<\/td>\n<td width=\"77\">Barn 0<\/td>\n<td width=\"89\">Vaksne 0<\/td>\n<\/tr>\n<tr>\n<td>Symjegrupper stemne per time<\/td>\n<td><\/td>\n<td><\/td>\n<td>550<\/td>\n<td width=\"77\"><\/td>\n<td width=\"77\"><\/td>\n<td width=\"89\"><\/td>\n<\/tr>\n<tr>\n<td>Andre leigetakarar per time<\/td>\n<td>Ideelle\/skular 800<\/td>\n<td>Privat\/kommers 1 100<\/td>\n<td>Ideelle\/skular 800<\/td>\n<td width=\"77\">Privat\/kommers 1 100<\/td>\n<td width=\"77\">Ideelle\/skular 0<\/td>\n<td width=\"89\">Privat\/kommers 0<\/td>\n<\/tr>\n<tr>\n<td colspan=\"7\">Symjehallen-badevakt<\/td>\n<\/tr>\n<tr>\n<td colspan=\"7\">Utleige av symjehallen m\u00e5 inkludera 2 badevakter med godkjent kompetanse. Nedre aldersgrense er 5. klasse.<\/td>\n<\/tr>\n<tr>\n<td>Tillegg 2 badevaktar <u>vekedagar<\/u><\/td>\n<td>1-2 timar 1200<\/td>\n<td>+Per time over 2t. 660<\/td>\n<td>1-2 timar 1200<\/td>\n<td width=\"77\">+Per time over 2t. 660<\/td>\n<td width=\"77\">1-2 timar 0<\/td>\n<td width=\"89\">+Per time over 2t. 0<\/td>\n<\/tr>\n<tr>\n<td>Tillegg 2 badevaktar <u>helg<\/u><\/td>\n<td>1-2 timar 1 400<\/td>\n<td>+Per time over 2t. 770<\/td>\n<td>1-2 timar 1 400<\/td>\n<td>+Per time over 2t. 770<\/td>\n<td width=\"77\">1-2 timar 0<\/td>\n<td width=\"89\">+Per time over 2t. 0<\/td>\n<\/tr>\n<\/tbody>\n<\/table>\n<p>&nbsp;<\/p>\n<table>\n<tbody>\n<tr>\n<td>Leigesatsar m\u00f8terom &#8211; utleige inntil 3 timar<\/td>\n<td>Ideell<\/td>\n<td>Privat\/kommers<\/td>\n<td>Ideell<\/td>\n<td>Privat\/kommers<\/td>\n<td>Auke Ideell<\/td>\n<td>Auke Privat\/kommers<\/td>\n<\/tr>\n<tr>\n<td><strong>Kultursenteret\/ Speglsalen <\/strong>(same leigepris). St\u00f8rre lokale i kjellaretasje med plass for inntil 35 personar. (Inkluderer kj\u00f8ken).<\/td>\n<td>440<\/td>\n<td>600<\/td>\n<td>440<\/td>\n<td>600<\/td>\n<td>0<\/td>\n<td>0 Kommers 0<\/td>\n<\/tr>\n<tr>\n<td>Tillegg per time utover 3 timar<\/td>\n<td>100<\/td>\n<td>200<\/td>\n<td>100<\/td>\n<td>200<\/td>\n<td>0<\/td>\n<td>0<\/td>\n<\/tr>\n<tr>\n<td><strong>M\u00f8terom 1, 3 og 5 <\/strong><\/td>\n<td>100<\/td>\n<td>250<\/td>\n<td>100<\/td>\n<td>250<\/td>\n<td>0<\/td>\n<td>0<\/td>\n<\/tr>\n<tr>\n<td>Tillegg per time utover 3 timar<\/td>\n<td>50<\/td>\n<td>100<\/td>\n<td>50<\/td>\n<td>100<\/td>\n<td>0<\/td>\n<td>0<\/td>\n<\/tr>\n<tr>\n<td><strong>Kunsthallen<\/strong><\/td>\n<td>600<\/td>\n<td>1 100<\/td>\n<td>600<\/td>\n<td>1 100<\/td>\n<td>0<\/td>\n<td>0<\/td>\n<\/tr>\n<tr>\n<td colspan=\"7\">M\u00f8te\/ konsert e.l. (opp- og nedrigging av stolar m\u00e5 gjerast av leigetakar)<\/td>\n<\/tr>\n<tr>\n<td>Konsert\/ liknande m. inntekt over 7.000+ Prosentsats av inntekt<\/td>\n<td>+10% av inntekt<\/td>\n<td>+10% av inntekt<\/td>\n<td>+10% av inntekt<\/td>\n<td>+10% av inntekt<\/td>\n<td>&#8211;<\/td>\n<td>&#8211;<\/td>\n<\/tr>\n<tr>\n<td>Utstilling (per dag)<\/td>\n<td>Etter avtale<\/td>\n<td>250<\/td>\n<td>Etter avtale<\/td>\n<td>250<\/td>\n<td>0<\/td>\n<td>0<\/td>\n<\/tr>\n<tr>\n<td>+ Prosentsats av inntekt<\/td>\n<td><\/td>\n<td>+ 10% av inntekt over kr 7 000<\/td>\n<td><\/td>\n<td>+ 10% av inntekt over kr 7 000<\/td>\n<td>&#8211;<\/td>\n<td>&#8211;<\/td>\n<\/tr>\n<tr>\n<td><strong>Storsalen<\/strong><\/td>\n<td>3 000<\/td>\n<td>5 500<\/td>\n<td>3 000<\/td>\n<td>5 500<\/td>\n<td>0<\/td>\n<td>0<\/td>\n<\/tr>\n<tr>\n<td colspan=\"7\">Konferanse\/ liknande verksemd (inkl. videokanon og 1 mikrofon \u2013 m\u00e5 tingast p\u00e5 f\u00f8rehand)<\/td>\n<\/tr>\n<tr>\n<td>Kinoprojektor pr time<\/td>\n<td>500<\/td>\n<td>500<\/td>\n<td>500<\/td>\n<td>500<\/td>\n<td>0<\/td>\n<td>0<\/td>\n<\/tr>\n<tr>\n<td>Tilskiping kveld\/dag med billettsal eller anna inntekt (inkl. kj\u00f8p av framsyningar)<\/td>\n<td>3 000<\/td>\n<td>5 000<\/td>\n<td>3 000<\/td>\n<td>5 000<\/td>\n<td>0<\/td>\n<td>0<\/td>\n<\/tr>\n<tr>\n<td>+ Prosentsats av inntekt<\/td>\n<td>+ 15% av inntekt over kr 10 000<\/td>\n<td>+ 15% av inntekt over kr 10 000<\/td>\n<td>+ 15% av inntekt over kr 10 000<\/td>\n<td>+ 15% av inntekt over kr 10 000<\/td>\n<td>&#8211;<\/td>\n<td>&#8211;<\/td>\n<\/tr>\n<tr>\n<td>+ Billettavgift<\/td>\n<td>10<\/td>\n<td>10<\/td>\n<td>10<\/td>\n<td>10<\/td>\n<td>0<\/td>\n<td>0<\/td>\n<\/tr>\n<tr>\n<td>\u00d8ving (inntil 3 timar)<\/td>\n<td>250 barnegrupper<\/td>\n<td>600 vaksne<\/td>\n<td>250 barnegrupper<\/td>\n<td>600 vaksne<\/td>\n<td>0<\/td>\n<td>0<\/td>\n<\/tr>\n<tr>\n<td>Tillegg pr time<\/td>\n<td>250 barnegrupper<\/td>\n<td>600 vaksne<\/td>\n<td>250 barnegrupper<\/td>\n<td>600 vaksne<\/td>\n<td>0<\/td>\n<td>0<\/td>\n<\/tr>\n<tr>\n<td>Husets lysutstyr (per framsyning)*<\/td>\n<td>750<\/td>\n<td>1 500<\/td>\n<td>750<\/td>\n<td>1 500<\/td>\n<td>0<\/td>\n<td>0<\/td>\n<\/tr>\n<tr>\n<td>Husets lydutstyr ( per farmsyning)<\/td>\n<td>750<\/td>\n<td>1 500<\/td>\n<td>750<\/td>\n<td>1 500<\/td>\n<td>0<\/td>\n<td>0<\/td>\n<\/tr>\n<tr>\n<td>Piano (stemming)<\/td>\n<td>1 000<\/td>\n<td>1 000<\/td>\n<td>1 000<\/td>\n<td>1 000<\/td>\n<td>0<\/td>\n<td>0<\/td>\n<\/tr>\n<tr>\n<td><strong>Sm\u00e5salen<\/strong><\/td>\n<td>1 500<\/td>\n<td>3 000<\/td>\n<td>1 500<\/td>\n<td>3 000<\/td>\n<td>0<\/td>\n<td>0<\/td>\n<\/tr>\n<tr>\n<td colspan=\"7\">Konferanse\/ liknande verksemd (inkl. videokanon og 1 tr\u00e5dlaus mikrofon \u2013 m\u00e5 tingast p\u00e5 f\u00f8rehand)<\/td>\n<\/tr>\n<tr>\n<td>Kinoprojektor pr time<\/td>\n<td>500<\/td>\n<td>500<\/td>\n<td>500<\/td>\n<td>500<\/td>\n<td>0<\/td>\n<td>0<\/td>\n<\/tr>\n<tr>\n<td>Tilskiping kveld\/dag med inntekt<\/td>\n<td>1 500<\/td>\n<td>2 500<\/td>\n<td>1 500<\/td>\n<td>2 500<\/td>\n<td>0<\/td>\n<td>0<\/td>\n<\/tr>\n<tr>\n<td>+ Prosentsats av inntekt<\/td>\n<td>+ 15% av inntekt over kr 10 000<\/td>\n<td>+ 15% av inntekt over kr 10 000<\/td>\n<td>+ 15% av inntekt over kr 10 000<\/td>\n<td>+ 15% av inntekt over kr 10 000<\/td>\n<td>&#8211;<\/td>\n<td>&#8211;<\/td>\n<\/tr>\n<tr>\n<td><strong>Vestibyle\/Festarrangement<\/strong><\/td>\n<td>3 000<\/td>\n<td>6 000<\/td>\n<td>3 000<\/td>\n<td>6 000<\/td>\n<td>0<\/td>\n<td>0<\/td>\n<\/tr>\n<tr>\n<td colspan=\"7\">Vestibylar, kultursenter, kj\u00f8ken inkl. bord og stolar (leigetakar m\u00e5 sj\u00f8lv rigga til og rydda)<\/td>\n<\/tr>\n<tr>\n<td>Festarrangement som krev ekstra reinhald (til d\u00f8mes laurdagskveld)<\/td>\n<td>2 000<\/td>\n<td>2 000<\/td>\n<td>2 000<\/td>\n<td>2 000<\/td>\n<td>0<\/td>\n<td>0<\/td>\n<\/tr>\n<tr>\n<td>+ Prosentsats av inntekt<\/td>\n<td>+ 15% av inntekt over kr 10 000<\/td>\n<td>+ 15% av inntekt over kr 10 000<\/td>\n<td>+ 15% av inntekt over kr 10 000<\/td>\n<td>+ 15% av inntekt over kr 10 000<\/td>\n<td>&#8211;<\/td>\n<td>&#8211;<\/td>\n<\/tr>\n<tr>\n<td><strong>Vestibyle Konsert\/utstilling utan inntekt<\/strong><\/td>\n<td>Gratis<\/td>\n<td>Gratis<\/td>\n<td>Gratis<\/td>\n<td>Gratis<\/td>\n<td><strong>&#8211;<\/strong><\/td>\n<td>&#8211;<\/td>\n<\/tr>\n<tr>\n<td><strong>Personale<\/strong> Kulturhusvert utanom ordin\u00e6r opningstid (per time)<\/td>\n<td>650 + mva<\/td>\n<td>650 + mva<\/td>\n<td>650 + mva<\/td>\n<td>650 + mva<\/td>\n<td>0<\/td>\n<td>0<\/td>\n<\/tr>\n<tr>\n<td><strong>Lysteknikar (per dag inntil 10 timar) deretter kr 650 pr\/t<\/strong><\/td>\n<td>3 500<\/td>\n<td>3 500<\/td>\n<td>3 500<\/td>\n<td>3 500<\/td>\n<td>0<\/td>\n<td>0<\/td>\n<\/tr>\n<\/tbody>\n<\/table>\n<p dir=\"LTR\" align=\"LEFT\"><b>*<\/b>teknikar kjem i tillegg, sj\u00e5 eigne satsar<\/p>\n<p dir=\"LTR\" align=\"LEFT\">MERK: Fakturagebyr p\u00e5 alle ordrar under kr 500. All utleige kan betalast kontant eller\u3000med kort i kiosk\/resepsjon.<\/p>\n<p>NB! All bruk av teknisk utstyr eller teknikarar m\u00e5 avtalast i god tid f\u00f8r arrangement<\/p>\n<p>&nbsp;<\/p>\n<table width=\"612\">\n<tbody>\n<tr>\n<td width=\"381\"><strong>Prisar for <\/strong><strong>badebillettar<\/strong><\/td>\n<td width=\"82\"><strong>2017<\/strong><\/td>\n<td width=\"66\"><strong>20<\/strong><strong>18<\/strong><\/td>\n<td width=\"82\"><strong>Auke kr<\/strong><\/td>\n<\/tr>\n<tr>\n<td width=\"381\">Pris Vaksne<\/td>\n<td width=\"82\">55<\/td>\n<td width=\"66\">55<\/td>\n<td width=\"82\"><strong>0<\/strong><\/td>\n<\/tr>\n<tr>\n<td width=\"381\">Pris Barn<\/td>\n<td width=\"82\">35<\/td>\n<td width=\"66\">35<\/td>\n<td width=\"82\"><strong>0<\/strong><\/td>\n<\/tr>\n<tr>\n<td width=\"381\">Pris Studentar<\/td>\n<td width=\"82\">45<\/td>\n<td width=\"66\">45<\/td>\n<td width=\"82\"><strong>0<\/strong><\/td>\n<\/tr>\n<tr>\n<td width=\"381\">Pris Honn\u00f8r<\/td>\n<td width=\"82\">45<\/td>\n<td width=\"66\">45<\/td>\n<td width=\"82\"><strong>0<\/strong><\/td>\n<\/tr>\n<\/tbody>\n<\/table>\n<p>&nbsp;<\/p>\n","protected":false},"excerpt":{"rendered":"<p>&nbsp; Utleigesatsar for Stord kulturhus 2017 Pris 1 2017 Pris 2 2018 Pris 1 2018 Pris 2 Auke Pris 1 Auke Pris 2 Symjehallen -timeleige Symjegrupper trening per time Barn 110 Vaksne 330 Barn 110 Vaksne 330 Barn 0 Vaksne 0 Symjegrupper stemne per time 550 Andre leigetakarar per time Ideelle\/skular 800 Privat\/kommers 1 100<\/p>\n","protected":false},"author":13,"featured_media":0,"parent":275,"menu_order":4,"comment_status":"closed","ping_status":"closed","template":"","meta":{"footnotes":""},"jetpack_sharing_enabled":true,"_links":{"self":[{"href":"https:\/\/sk-dokument.no\/budsjett-og-okonomiplan-2018-2021\/index.php?rest_route=\/wp\/v2\/pages\/358"}],"collection":[{"href":"https:\/\/sk-dokument.no\/budsjett-og-okonomiplan-2018-2021\/index.php?rest_route=\/wp\/v2\/pages"}],"about":[{"href":"https:\/\/sk-dokument.no\/budsjett-og-okonomiplan-2018-2021\/index.php?rest_route=\/wp\/v2\/types\/page"}],"author":[{"embeddable":true,"href":"https:\/\/sk-dokument.no\/budsjett-og-okonomiplan-2018-2021\/index.php?rest_route=\/wp\/v2\/users\/13"}],"replies":[{"embeddable":true,"href":"https:\/\/sk-dokument.no\/budsjett-og-okonomiplan-2018-2021\/index.php?rest_route=%2Fwp%2Fv2%2Fcomments&post=358"}],"version-history":[{"count":18,"href":"https:\/\/sk-dokument.no\/budsjett-og-okonomiplan-2018-2021\/index.php?rest_route=\/wp\/v2\/pages\/358\/revisions"}],"predecessor-version":[{"id":1505,"href":"https:\/\/sk-dokument.no\/budsjett-og-okonomiplan-2018-2021\/index.php?rest_route=\/wp\/v2\/pages\/358\/revisions\/1505"}],"up":[{"embeddable":true,"href":"https:\/\/sk-dokument.no\/budsjett-og-okonomiplan-2018-2021\/index.php?rest_route=\/wp\/v2\/pages\/275"}],"wp:attachment":[{"href":"https:\/\/sk-dokument.no\/budsjett-og-okonomiplan-2018-2021\/index.php?rest_route=%2Fwp%2Fv2%2Fmedia&parent=358"}],"curies":[{"name":"wp","href":"https:\/\/api.w.org\/{rel}","templated":true}]}}