{"id":62,"date":"2016-09-28T09:34:54","date_gmt":"2016-09-28T07:34:54","guid":{"rendered":"http:\/\/sk-dokument.no\/budsjett-og-okonomiplan-2018-2021\/?page_id=62"},"modified":"2017-10-20T12:32:53","modified_gmt":"2017-10-20T10:32:53","slug":"skjonsmidlar","status":"publish","type":"page","link":"https:\/\/sk-dokument.no\/budsjett-og-okonomiplan-2018-2021\/?page_id=62","title":{"rendered":"Skj\u00f8nsmidlar"},"content":{"rendered":"<p>Fylkesmannen har tildelt kommunen 2,2 mill. kr. i skj\u00f8nstilskot for 2018, 0,1 mill. kr. mindre enn i 2017. Fylkesmannen grunngjev tildelinga slik:<\/p>\n<p>\u00abKommunen er eit regionsenter og blir nytta av innbyggjarar fr\u00e5 nabokommunane, m.a. i sam-band med ulike fritidstilbod for funksjonshemma. Kommunen har stor innpendling av studentar og arbeidstakarar. Kommunen har h\u00f8ge utgifter til rusomsorg for personar med rusproblem.<\/p>\n<p>Kommunen har h\u00f8g grad av sysselsetjing innanfor leverand\u00f8rindustrien til oljeverksemda. Kommunen har difor hatt store variasjonar i skatteinntektene og det har vore ei svak skatte-utvikling i \u00e5r.<\/p>\n<p>Kommunen st\u00e5r f\u00f8re store investeringar i dei komande \u00e5ra, b\u00e5de i skulesektoren, nye sjukeheimsplassar og gravplass.<\/p>\n<p>Kommunen har i \u00e5r f\u00e5tt eigen kompensasjon (kr. 2,6 mill.) for \u00e5 ha blitt ufrivillig \u00e5leine etter kommunereforma.\u00bb<\/p>\n<p>&nbsp;<\/p>\n","protected":false},"excerpt":{"rendered":"<p>Fylkesmannen har tildelt kommunen 2,2 mill. kr. i skj\u00f8nstilskot for 2018, 0,1 mill. kr. mindre enn i 2017. Fylkesmannen grunngjev tildelinga slik: \u00abKommunen er eit regionsenter og blir nytta av innbyggjarar fr\u00e5 nabokommunane, m.a. i sam-band med ulike fritidstilbod for funksjonshemma. Kommunen har stor innpendling av studentar og arbeidstakarar. Kommunen har h\u00f8ge utgifter til rusomsorg<\/p>\n","protected":false},"author":4,"featured_media":0,"parent":48,"menu_order":4,"comment_status":"closed","ping_status":"closed","template":"","meta":{"footnotes":""},"jetpack_sharing_enabled":true,"_links":{"self":[{"href":"https:\/\/sk-dokument.no\/budsjett-og-okonomiplan-2018-2021\/index.php?rest_route=\/wp\/v2\/pages\/62"}],"collection":[{"href":"https:\/\/sk-dokument.no\/budsjett-og-okonomiplan-2018-2021\/index.php?rest_route=\/wp\/v2\/pages"}],"about":[{"href":"https:\/\/sk-dokument.no\/budsjett-og-okonomiplan-2018-2021\/index.php?rest_route=\/wp\/v2\/types\/page"}],"author":[{"embeddable":true,"href":"https:\/\/sk-dokument.no\/budsjett-og-okonomiplan-2018-2021\/index.php?rest_route=\/wp\/v2\/users\/4"}],"replies":[{"embeddable":true,"href":"https:\/\/sk-dokument.no\/budsjett-og-okonomiplan-2018-2021\/index.php?rest_route=%2Fwp%2Fv2%2Fcomments&post=62"}],"version-history":[{"count":5,"href":"https:\/\/sk-dokument.no\/budsjett-og-okonomiplan-2018-2021\/index.php?rest_route=\/wp\/v2\/pages\/62\/revisions"}],"predecessor-version":[{"id":1194,"href":"https:\/\/sk-dokument.no\/budsjett-og-okonomiplan-2018-2021\/index.php?rest_route=\/wp\/v2\/pages\/62\/revisions\/1194"}],"up":[{"embeddable":true,"href":"https:\/\/sk-dokument.no\/budsjett-og-okonomiplan-2018-2021\/index.php?rest_route=\/wp\/v2\/pages\/48"}],"wp:attachment":[{"href":"https:\/\/sk-dokument.no\/budsjett-og-okonomiplan-2018-2021\/index.php?rest_route=%2Fwp%2Fv2%2Fmedia&parent=62"}],"curies":[{"name":"wp","href":"https:\/\/api.w.org\/{rel}","templated":true}]}}