{"id":677,"date":"2017-09-25T08:13:35","date_gmt":"2017-09-25T06:13:35","guid":{"rendered":"http:\/\/sk-dokument.no\/budsjett-og-okonomiplan-2018-2021\/?page_id=677"},"modified":"2017-10-27T08:25:01","modified_gmt":"2017-10-27T06:25:01","slug":"eining-for-psykisk-helse-og-rus","status":"publish","type":"page","link":"https:\/\/sk-dokument.no\/budsjett-og-okonomiplan-2018-2021\/?page_id=677","title":{"rendered":"Eining for psykisk helse og rus"},"content":{"rendered":"<p dir=\"LTR\" align=\"LEFT\">Personar med psykiske- og\/ eller rusvanskar er ei gruppe som har auka i Stord kommune. \u00c5rsaka til dette er blant anna endra ansvarsfordeling mellom spesialisthelsetenesta og kommunane. Fr\u00e5 hausten 2016 har tenestene til denne brukargruppa vore organisert i<i> <\/i>ei eining.<\/p>\n<p dir=\"LTR\" align=\"LEFT\">R\u00e5dmann f\u00f8resl\u00e5r nedtrekk av 100 % avdelingsleiarstilling p\u00e5 Hamna kontaktsenter. Ein vil som f\u00f8lgje av dette omorganisere drifta av Hamna og LAR-senteret (Maris) slik at det vert ein avdelingsleiar for dei to dagsentra. Innsparing vert om lag kr. 0,7 mill.<\/p>\n<p dir=\"LTR\" align=\"LEFT\">Eininga har i 2017 delteke nettverksgruppe saman med KS, spesialisthelsetenesta og kommunar i Rogaland. Nettverksgruppa har hatt fokus p\u00e5 kvalitetsarbeid og gode pasientforl\u00f8p for m\u00e5lgruppa. Det er etablert fast samhandlingsforum mellom eininga og spesialisthelsetenesta, og det vert arbeida med eit forbetringssystem (FIT) kor brukarane skal involverast aktivt i eigen behandling og forbetring av tenestene. Tilsetting av erfaringsmedarbeidarar i dei kommunale tenestene har vore peika p\u00e5 som eit viktig tiltak i forbetringsarbeidet og Stord kommune var tidleg ute med \u00e5 opprette stillingar for dette. Som eit tiltak for \u00e5 f\u00e5 budsjettbalanse f\u00f8resl\u00e5r r\u00e5dmannen \u00e5 trekke inn desse stillingane (tilsaman 85 prosent). Sparing vert om lag kr. 360\u3000000. Nedtrekket vil ikkje medf\u00f8re oppseiingar.<\/p>\n<p dir=\"LTR\" align=\"LEFT\">Dei siste \u00e5ra har kommunen hatt avtale med eit vaktselskap knytt til nokre av bustadane v\u00e5re. Dette har vore eit f\u00f8rebyggjande tryggleikstiltak tiltak retta mot brukarar, naboar og tilsette. Rapportane syner at det har vore lite hendingar siste \u00e5ret og ein legg opp til at tiltaket vert avvikla fr\u00e5 01.10.2018. Sparing vert omlag kr. 320\u3000000.<\/p>\n<p>Psykologkompetanse i kommunal helse og omsorgssektor er eit satsingsomr\u00e5de for regjeringa, med m\u00e5l om \u00e5 styrke kvalitet og kompetanse i det tverrfaglege arbeidet innan psykisk helse og rus, vald \u2013og traumefeltet. Stord kommune fekk tilskot fr\u00e5 Helse og omsorgsdepartement p\u00e5 kr. 410\u3000000 i 2017 til ny psykologstilling. Tilskotsordninga, som g\u00e5r over tre \u00e5r, er eit verkemiddel for \u00e5 auke rekrutteringa og bidra til at psykologkompetansen vert tilgjengeleg over heile landet f\u00f8r lovkrav om dette fr\u00e5 2020. Psykologkompetansen er tenkt \u00e5 styrkja det samla tverrfaglege tilbodet innan psykisk helse -og rusfeltet i Stord kommune. R\u00e5dmannen har likevel ikkje funne rom for \u00e5 opprette stilling for psykolog i denne omgang.<\/p>\n<p>&nbsp;<\/p>\n","protected":false},"excerpt":{"rendered":"<p>Personar med psykiske- og\/ eller rusvanskar er ei gruppe som har auka i Stord kommune. \u00c5rsaka til dette er blant anna endra ansvarsfordeling mellom spesialisthelsetenesta og kommunane. Fr\u00e5 hausten 2016 har tenestene til denne brukargruppa vore organisert i ei eining. R\u00e5dmann f\u00f8resl\u00e5r nedtrekk av 100 % avdelingsleiarstilling p\u00e5 Hamna kontaktsenter. Ein vil som f\u00f8lgje av<\/p>\n","protected":false},"author":13,"featured_media":0,"parent":150,"menu_order":9,"comment_status":"closed","ping_status":"closed","template":"","meta":{"footnotes":""},"jetpack_sharing_enabled":true,"_links":{"self":[{"href":"https:\/\/sk-dokument.no\/budsjett-og-okonomiplan-2018-2021\/index.php?rest_route=\/wp\/v2\/pages\/677"}],"collection":[{"href":"https:\/\/sk-dokument.no\/budsjett-og-okonomiplan-2018-2021\/index.php?rest_route=\/wp\/v2\/pages"}],"about":[{"href":"https:\/\/sk-dokument.no\/budsjett-og-okonomiplan-2018-2021\/index.php?rest_route=\/wp\/v2\/types\/page"}],"author":[{"embeddable":true,"href":"https:\/\/sk-dokument.no\/budsjett-og-okonomiplan-2018-2021\/index.php?rest_route=\/wp\/v2\/users\/13"}],"replies":[{"embeddable":true,"href":"https:\/\/sk-dokument.no\/budsjett-og-okonomiplan-2018-2021\/index.php?rest_route=%2Fwp%2Fv2%2Fcomments&post=677"}],"version-history":[{"count":2,"href":"https:\/\/sk-dokument.no\/budsjett-og-okonomiplan-2018-2021\/index.php?rest_route=\/wp\/v2\/pages\/677\/revisions"}],"predecessor-version":[{"id":1354,"href":"https:\/\/sk-dokument.no\/budsjett-og-okonomiplan-2018-2021\/index.php?rest_route=\/wp\/v2\/pages\/677\/revisions\/1354"}],"up":[{"embeddable":true,"href":"https:\/\/sk-dokument.no\/budsjett-og-okonomiplan-2018-2021\/index.php?rest_route=\/wp\/v2\/pages\/150"}],"wp:attachment":[{"href":"https:\/\/sk-dokument.no\/budsjett-og-okonomiplan-2018-2021\/index.php?rest_route=%2Fwp%2Fv2%2Fmedia&parent=677"}],"curies":[{"name":"wp","href":"https:\/\/api.w.org\/{rel}","templated":true}]}}