{"id":73,"date":"2016-09-28T09:36:17","date_gmt":"2016-09-28T07:36:17","guid":{"rendered":"http:\/\/sk-dokument.no\/budsjett-og-okonomiplan-2018-2021\/?page_id=73"},"modified":"2017-10-20T14:01:33","modified_gmt":"2017-10-20T12:01:33","slug":"asylmottak-mottak-flyktningar","status":"publish","type":"page","link":"https:\/\/sk-dokument.no\/budsjett-og-okonomiplan-2018-2021\/?page_id=73","title":{"rendered":"Asylmottak, mottak flyktningar"},"content":{"rendered":"<p>Kommunen har budsjettert med ei tilskot p\u00e5 3,0 mill. kr i 2018. Dette legg til grunn same tal bebuarar p\u00e5 asylmottak som ved utgongen av 2017. Inntekta skal kompensera Stord sine meirutgifter som vertskommune for dei to mottaka.<\/p>\n<p>Kommunen har budsjettert med eit integreringstilskot p\u00e5 32,7\u00a0 mill. kr. i 2018. Tilskotet er justert i samsvar med forslag til statsbudsjett. Det er varsla kraftig nedgang i tal busetjingar. I 2017 har ein budsjettert med busetnad av 48 flyktningar, og reknar med \u00e5 n\u00e5 dette m\u00e5let. Ein legg til grunn busetnad av 30 flyktningar i 2018, inklusive eventuell familisameiing. Talet er usikkert, og ein forventar oppmodingsbrev om tal busetjingar i veke 44. Ved busetting av flyktningar mottek kommunen\u00a0 804 100 kr for einslege vaksne og 754 100 kr for andre vaksne, einslege mindre\u00e5rige og born som vert busett. Integreringstilskotet vert utbetalt over 5 \u00e5r. Ein kan og f\u00e5 barnehagetilskot, s\u00e6rskilt tilskot til einslege mindre\u00e5rige,\u00a0 eldretilskot og ekstra tilskot til personar med kjende funksjonshemmingar. Budsjettforslaget for asyl- og flyktningmottak byggjer p\u00e5 gjeldande ordningar.<\/p>\n<p>&nbsp;<\/p>\n","protected":false},"excerpt":{"rendered":"<p>Kommunen har budsjettert med ei tilskot p\u00e5 3,0 mill. kr i 2018. Dette legg til grunn same tal bebuarar p\u00e5 asylmottak som ved utgongen av 2017. Inntekta skal kompensera Stord sine meirutgifter som vertskommune for dei to mottaka. Kommunen har budsjettert med eit integreringstilskot p\u00e5 32,7\u00a0 mill. kr. i 2018. Tilskotet er justert i samsvar<\/p>\n","protected":false},"author":4,"featured_media":0,"parent":48,"menu_order":6,"comment_status":"closed","ping_status":"closed","template":"","meta":{"footnotes":""},"jetpack_sharing_enabled":true,"_links":{"self":[{"href":"https:\/\/sk-dokument.no\/budsjett-og-okonomiplan-2018-2021\/index.php?rest_route=\/wp\/v2\/pages\/73"}],"collection":[{"href":"https:\/\/sk-dokument.no\/budsjett-og-okonomiplan-2018-2021\/index.php?rest_route=\/wp\/v2\/pages"}],"about":[{"href":"https:\/\/sk-dokument.no\/budsjett-og-okonomiplan-2018-2021\/index.php?rest_route=\/wp\/v2\/types\/page"}],"author":[{"embeddable":true,"href":"https:\/\/sk-dokument.no\/budsjett-og-okonomiplan-2018-2021\/index.php?rest_route=\/wp\/v2\/users\/4"}],"replies":[{"embeddable":true,"href":"https:\/\/sk-dokument.no\/budsjett-og-okonomiplan-2018-2021\/index.php?rest_route=%2Fwp%2Fv2%2Fcomments&post=73"}],"version-history":[{"count":5,"href":"https:\/\/sk-dokument.no\/budsjett-og-okonomiplan-2018-2021\/index.php?rest_route=\/wp\/v2\/pages\/73\/revisions"}],"predecessor-version":[{"id":1211,"href":"https:\/\/sk-dokument.no\/budsjett-og-okonomiplan-2018-2021\/index.php?rest_route=\/wp\/v2\/pages\/73\/revisions\/1211"}],"up":[{"embeddable":true,"href":"https:\/\/sk-dokument.no\/budsjett-og-okonomiplan-2018-2021\/index.php?rest_route=\/wp\/v2\/pages\/48"}],"wp:attachment":[{"href":"https:\/\/sk-dokument.no\/budsjett-og-okonomiplan-2018-2021\/index.php?rest_route=%2Fwp%2Fv2%2Fmedia&parent=73"}],"curies":[{"name":"wp","href":"https:\/\/api.w.org\/{rel}","templated":true}]}}