{"id":75,"date":"2016-09-28T09:37:12","date_gmt":"2016-09-28T07:37:12","guid":{"rendered":"http:\/\/sk-dokument.no\/budsjett-og-okonomiplan-2018-2021\/?page_id=75"},"modified":"2017-10-30T11:40:15","modified_gmt":"2017-10-30T10:40:15","slug":"ressurskrevjande-tenestemottakarar","status":"publish","type":"page","link":"https:\/\/sk-dokument.no\/budsjett-og-okonomiplan-2018-2021\/?page_id=75","title":{"rendered":"Ressurskrevjande tenestemottakarar"},"content":{"rendered":"<p dir=\"LTR\" align=\"LEFT\">Ordninga med \u00f8yremerka tilskot for ressurskrevjande tenester gjeld for tenestemottakarar til og med det \u00e5ret dei fyller 67 \u00e5r. Forslag til statsbudsjett legg opp til f\u00f8lgjande for 2018:<\/p>\n<ul>\n<li><span style=\"font-size: medium;\">Kompensasjonsgraden blir vidaref\u00f8rt med 80 prosent av netto l\u00f8nsutgifter ut over innslagsniv\u00e5et.<\/span><\/li>\n<li><span style=\"font-size: medium;\">Innslagspunktet for kompensasjon er auka fr\u00e5 kr. 1 157 000 til kr. 1 235 000 for netto utgifter i 2017. Innslagspunktet er l\u00f8ns- og prisjustert og auka med kr. 50 000 utover det.<\/span><\/li>\n<li><span style=\"font-size: medium;\">Kompensasjonen som blir utbetalt fr\u00e5 staten til kommunane i 2018 skal kommunane inntektsf\u00f8ra i sine rekneskap for 2017. Kommunane skal inntektsf\u00f8ra den p\u00e5rekna kompensasjonen i same \u00e5ret som utgiftene har vore.<\/span><\/li>\n<\/ul>\n<p dir=\"LTR\" align=\"LEFT\">Kommunen er venta \u00e5 ha 38 brukarar i 2017 som samla vil gje eit tilskot p\u00e5 45 mill. kr. Innslagspunktet for kompensasjon er justert for l\u00f8nsvekst med 2,4 prosent for netto utgifter i 2017. Niv\u00e5et p\u00e5 tilskotet er vidaref\u00f8rt i planperioden.<\/p>\n","protected":false},"excerpt":{"rendered":"<p>Ordninga med \u00f8yremerka tilskot for ressurskrevjande tenester gjeld for tenestemottakarar til og med det \u00e5ret dei fyller 67 \u00e5r. Forslag til statsbudsjett legg opp til f\u00f8lgjande for 2018: Kompensasjonsgraden blir vidaref\u00f8rt med 80 prosent av netto l\u00f8nsutgifter ut over innslagsniv\u00e5et. Innslagspunktet for kompensasjon er auka fr\u00e5 kr. 1 157 000 til kr. 1 235 000<\/p>\n","protected":false},"author":4,"featured_media":0,"parent":48,"menu_order":7,"comment_status":"closed","ping_status":"closed","template":"","meta":{"footnotes":""},"jetpack_sharing_enabled":true,"_links":{"self":[{"href":"https:\/\/sk-dokument.no\/budsjett-og-okonomiplan-2018-2021\/index.php?rest_route=\/wp\/v2\/pages\/75"}],"collection":[{"href":"https:\/\/sk-dokument.no\/budsjett-og-okonomiplan-2018-2021\/index.php?rest_route=\/wp\/v2\/pages"}],"about":[{"href":"https:\/\/sk-dokument.no\/budsjett-og-okonomiplan-2018-2021\/index.php?rest_route=\/wp\/v2\/types\/page"}],"author":[{"embeddable":true,"href":"https:\/\/sk-dokument.no\/budsjett-og-okonomiplan-2018-2021\/index.php?rest_route=\/wp\/v2\/users\/4"}],"replies":[{"embeddable":true,"href":"https:\/\/sk-dokument.no\/budsjett-og-okonomiplan-2018-2021\/index.php?rest_route=%2Fwp%2Fv2%2Fcomments&post=75"}],"version-history":[{"count":5,"href":"https:\/\/sk-dokument.no\/budsjett-og-okonomiplan-2018-2021\/index.php?rest_route=\/wp\/v2\/pages\/75\/revisions"}],"predecessor-version":[{"id":1744,"href":"https:\/\/sk-dokument.no\/budsjett-og-okonomiplan-2018-2021\/index.php?rest_route=\/wp\/v2\/pages\/75\/revisions\/1744"}],"up":[{"embeddable":true,"href":"https:\/\/sk-dokument.no\/budsjett-og-okonomiplan-2018-2021\/index.php?rest_route=\/wp\/v2\/pages\/48"}],"wp:attachment":[{"href":"https:\/\/sk-dokument.no\/budsjett-og-okonomiplan-2018-2021\/index.php?rest_route=%2Fwp%2Fv2%2Fmedia&parent=75"}],"curies":[{"name":"wp","href":"https:\/\/api.w.org\/{rel}","templated":true}]}}