{"id":77,"date":"2016-09-28T09:37:36","date_gmt":"2016-09-28T07:37:36","guid":{"rendered":"http:\/\/sk-dokument.no\/budsjett-og-okonomiplan-2018-2021\/?page_id=77"},"modified":"2017-10-24T13:04:30","modified_gmt":"2017-10-24T11:04:30","slug":"rente-og-avdragskompensasjon","status":"publish","type":"page","link":"https:\/\/sk-dokument.no\/budsjett-og-okonomiplan-2018-2021\/?page_id=77","title":{"rendered":"Rente og avdragskompensasjon"},"content":{"rendered":"<p dir=\"LTR\" align=\"LEFT\">Kommunen f\u00e5r rentekompensasjon p\u00e5 skuleanlegg, husbanken antar at denne vert p\u00e5 kr. 0,658\u3000 mill. i 2018. Rente og avdragskompensasjon for omsorgsbustader og institusjonsplassar utgjer kr. 2,740\u3000 mill. i inntekt. Av dette er kr. 2,351 mill. for avdrag og kr. 0,388 mill. rente. Rehabilitering av kyrkjebygg gir rentekompensasjon med kr. 0,103 mill. i 2018. Samla rente- og avdragskompensasjon er budsjettert med kr. 3,496 millionar.<\/p>\n<p>&nbsp;<\/p>\n","protected":false},"excerpt":{"rendered":"<p>Kommunen f\u00e5r rentekompensasjon p\u00e5 skuleanlegg, husbanken antar at denne vert p\u00e5 kr. 0,658\u3000 mill. i 2018. Rente og avdragskompensasjon for omsorgsbustader og institusjonsplassar utgjer kr. 2,740\u3000 mill. i inntekt. Av dette er kr. 2,351 mill. for avdrag og kr. 0,388 mill. rente. Rehabilitering av kyrkjebygg gir rentekompensasjon med kr. 0,103 mill. i 2018. Samla rente-<\/p>\n","protected":false},"author":4,"featured_media":0,"parent":48,"menu_order":8,"comment_status":"closed","ping_status":"closed","template":"","meta":{"footnotes":""},"jetpack_sharing_enabled":true,"_links":{"self":[{"href":"https:\/\/sk-dokument.no\/budsjett-og-okonomiplan-2018-2021\/index.php?rest_route=\/wp\/v2\/pages\/77"}],"collection":[{"href":"https:\/\/sk-dokument.no\/budsjett-og-okonomiplan-2018-2021\/index.php?rest_route=\/wp\/v2\/pages"}],"about":[{"href":"https:\/\/sk-dokument.no\/budsjett-og-okonomiplan-2018-2021\/index.php?rest_route=\/wp\/v2\/types\/page"}],"author":[{"embeddable":true,"href":"https:\/\/sk-dokument.no\/budsjett-og-okonomiplan-2018-2021\/index.php?rest_route=\/wp\/v2\/users\/4"}],"replies":[{"embeddable":true,"href":"https:\/\/sk-dokument.no\/budsjett-og-okonomiplan-2018-2021\/index.php?rest_route=%2Fwp%2Fv2%2Fcomments&post=77"}],"version-history":[{"count":6,"href":"https:\/\/sk-dokument.no\/budsjett-og-okonomiplan-2018-2021\/index.php?rest_route=\/wp\/v2\/pages\/77\/revisions"}],"predecessor-version":[{"id":964,"href":"https:\/\/sk-dokument.no\/budsjett-og-okonomiplan-2018-2021\/index.php?rest_route=\/wp\/v2\/pages\/77\/revisions\/964"}],"up":[{"embeddable":true,"href":"https:\/\/sk-dokument.no\/budsjett-og-okonomiplan-2018-2021\/index.php?rest_route=\/wp\/v2\/pages\/48"}],"wp:attachment":[{"href":"https:\/\/sk-dokument.no\/budsjett-og-okonomiplan-2018-2021\/index.php?rest_route=%2Fwp%2Fv2%2Fmedia&parent=77"}],"curies":[{"name":"wp","href":"https:\/\/api.w.org\/{rel}","templated":true}]}}