{"id":79,"date":"2016-09-28T09:38:08","date_gmt":"2016-09-28T07:38:08","guid":{"rendered":"http:\/\/sk-dokument.no\/budsjett-og-okonomiplan-2018-2021\/?page_id=79"},"modified":"2017-10-24T13:05:05","modified_gmt":"2017-10-24T11:05:05","slug":"lonsvekst-og-pensjonskostnad","status":"publish","type":"page","link":"https:\/\/sk-dokument.no\/budsjett-og-okonomiplan-2018-2021\/?page_id=79","title":{"rendered":"L\u00f8nsvekst og pensjonskostnad"},"content":{"rendered":"<p dir=\"LTR\" align=\"LEFT\">Statsbudsjettet legg opp til ein \u00e5rsl\u00f8nsvekst for kommunesektoren p\u00e5 3,0 prosent i 2018. Med eit overheng fr\u00e5 2017 p\u00e5 1,6 prosent og l\u00f8nsgliding p\u00e5 0,2 prosent, f\u00e5r dette ein heil\u00e5rsverknad p\u00e5 1,2 prosent, og eit datol\u00f8nstillegg p\u00e5. R\u00e5dmannen sitt framlegg til budsjett byggjer p\u00e5 f\u00f8resetnadane i statsbudsjettet og KS sine berekningar om l\u00f8nsgliding og overheng. Det er sett av kr. 17,8 mill. i l\u00f8nsreserve i 2018, inklusive sosiale kostnader. Berekna samla l\u00f8nsvekst i 2018 inklusive overheng fr\u00e5 2017 utgjer om lag 50,7 mill. kroner inklusive sosiale kostnader.<\/p>\n<p dir=\"LTR\" align=\"LEFT\">Kommunen budsjetterer pensjonskostnader i samsvar med kommunaldepartementet sine reglar for pensjonsf\u00f8ring med sju \u00e5rs avdragstid p\u00e5 premieavviket. Premieavvik opparbeida f\u00f8r 2014 vert amortisert over ti \u00e5r. Premieavvik opparbeida f\u00f8r 2012 vert amortisert over 15 \u00e5r. Kommunen har motteke budsjettoppg\u00e5ver fr\u00e5 KLP og Statens pensjonskasse. Kommunen har eigenrisiko p\u00e5 AFP-ordninga. Pensjonsleverand\u00f8rane har berekna premien for 2018 utifr\u00e5 erfaringstal, forventa l\u00f8nsvekst og avkasting p\u00e5 pensjonsmidlane. Berekna pensjonspremie for sjukepleiarane i KLP-ordninga er budsjettert med 19,91 prosent, for andre tilsette i KLP-ordninga 19,52 prosent av pensjonsgrunnlaget. Det er ogs\u00e5 budsjettert med ein reguleringspremie p\u00e5 kr 39,6 mill. kr. Det inneber at pensjonskostnaden til KLP i 2018 er om lag 3,0 mill. kr. h\u00f8gare enn i 2017. Redusert amortiseringstid og auka rentegarantipremie gjer at samla pensjonskostand aukar. Dei tilsette dekkjer 2 prosent av pensjonsgrunnlaget.<\/p>\n<p dir=\"LTR\" align=\"LEFT\">Statens pensjonskasse (SPK) har varsla om ein premie p\u00e5 12,25 prosent inklusiv tilsette sin 2 prosent-del. Pensjonskostnaden til SPK er redusert med 0,8 mill. kr.<\/p>\n<p dir=\"LTR\" align=\"LEFT\">Premieavviket for 2018 er budsjettert med 32,96 mill. kr, i tillegg kjem 4,6 mill. kr. i arbeidsgjevaravgift. Dette vert f\u00f8rt til inntekt i budsjettet for 2018 og amortisert (utgiftsf\u00f8rt) over sju \u00e5r fr\u00e5 og med 2018, saman med premieavvik fr\u00e5 tidlegare \u00e5r. H\u00f8g l\u00f8nsvekst og l\u00e5ge renter har over tid bidrege til auka pensjonskostnader. Kostnaden med amortisering av tidlegare \u00e5rs premieavik er budsjettert til 11,275 mill. kr i 2018.<\/p>\n<table>\n<tbody>\n<tr>\n<td width=\"102\">1000 kr (inkludert arbeidstakardel 2 %)<\/td>\n<td width=\"102\">Sum 2017 (revidert budsjett)<\/td>\n<td width=\"102\">KLP 2018<\/td>\n<td width=\"102\">SPK 2018<\/td>\n<td width=\"102\">Sum 2018<\/td>\n<td width=\"102\">Endring i h\u00f8ve til 2017<\/td>\n<\/tr>\n<tr>\n<td width=\"102\">Premie (pensjonsutgift)<\/td>\n<td width=\"102\">101 121<\/td>\n<td width=\"102\">100 405<\/td>\n<td width=\"102\">16 262<\/td>\n<td width=\"102\">116 667<\/td>\n<td width=\"102\">15 645<\/td>\n<\/tr>\n<tr>\n<td width=\"102\">Berekna pensjonskostnad<\/td>\n<td width=\"102\">92 697<\/td>\n<td width=\"102\">79 637<\/td>\n<td width=\"102\">15 346<\/td>\n<td width=\"102\">94 983<\/td>\n<td width=\"102\">2286<\/td>\n<\/tr>\n<tr>\n<td width=\"102\">Premieavvik<\/td>\n<td width=\"102\">-18 922<\/td>\n<td width=\"102\">-31 566<\/td>\n<td width=\"102\">-1 393<\/td>\n<td width=\"102\">-32 959<\/td>\n<td width=\"102\">-14 038<\/td>\n<\/tr>\n<tr>\n<td width=\"102\">Amortisering av tidlegare premieavvik<\/td>\n<td width=\"102\">10 498<\/td>\n<td width=\"102\">10 798<\/td>\n<td width=\"102\">477<\/td>\n<td width=\"102\">11 275<\/td>\n<td width=\"102\">777<\/td>\n<\/tr>\n<\/tbody>\n<\/table>\n<p dir=\"LTR\" align=\"LEFT\"><b>Utgifta (premien)<\/b> er det me vert fakturert fr\u00e5 pensjonsleverand\u00f8ren og utgjer ein likviditetsmessig belasting.<\/p>\n<p><a name=\"_Toc400967076\"><\/a><b><\/b><\/p>\n<p dir=\"LTR\" align=\"LEFT\"><b>Kostnaden <\/b>er det som vert bokf\u00f8rt i rekneskapen, og p\u00e5verkar \u00e5rsresultatet.<b> <\/b><\/p>\n<p><a name=\"_Toc400967076\"><\/a><b> <\/b><a name=\"_Toc400967076\"><\/a><\/p>\n<p dir=\"LTR\" align=\"LEFT\"><a name=\"_Toc400967076\"><\/a><b>Premieavviket <\/b>er ein funksjon av desse to elementa, og reduserer utgifta fr\u00e5 116,6 mill. til 95 mill. kr. i kostnad.<\/p>\n<p><a name=\"_Toc400967076\"><\/a><\/p>\n","protected":false},"excerpt":{"rendered":"<p>Statsbudsjettet legg opp til ein \u00e5rsl\u00f8nsvekst for kommunesektoren p\u00e5 3,0 prosent i 2018. Med eit overheng fr\u00e5 2017 p\u00e5 1,6 prosent og l\u00f8nsgliding p\u00e5 0,2 prosent, f\u00e5r dette ein heil\u00e5rsverknad p\u00e5 1,2 prosent, og eit datol\u00f8nstillegg p\u00e5. R\u00e5dmannen sitt framlegg til budsjett byggjer p\u00e5 f\u00f8resetnadane i statsbudsjettet og KS sine berekningar om l\u00f8nsgliding og overheng.<\/p>\n","protected":false},"author":4,"featured_media":0,"parent":48,"menu_order":9,"comment_status":"closed","ping_status":"closed","template":"","meta":{"footnotes":""},"jetpack_sharing_enabled":true,"_links":{"self":[{"href":"https:\/\/sk-dokument.no\/budsjett-og-okonomiplan-2018-2021\/index.php?rest_route=\/wp\/v2\/pages\/79"}],"collection":[{"href":"https:\/\/sk-dokument.no\/budsjett-og-okonomiplan-2018-2021\/index.php?rest_route=\/wp\/v2\/pages"}],"about":[{"href":"https:\/\/sk-dokument.no\/budsjett-og-okonomiplan-2018-2021\/index.php?rest_route=\/wp\/v2\/types\/page"}],"author":[{"embeddable":true,"href":"https:\/\/sk-dokument.no\/budsjett-og-okonomiplan-2018-2021\/index.php?rest_route=\/wp\/v2\/users\/4"}],"replies":[{"embeddable":true,"href":"https:\/\/sk-dokument.no\/budsjett-og-okonomiplan-2018-2021\/index.php?rest_route=%2Fwp%2Fv2%2Fcomments&post=79"}],"version-history":[{"count":9,"href":"https:\/\/sk-dokument.no\/budsjett-og-okonomiplan-2018-2021\/index.php?rest_route=\/wp\/v2\/pages\/79\/revisions"}],"predecessor-version":[{"id":1540,"href":"https:\/\/sk-dokument.no\/budsjett-og-okonomiplan-2018-2021\/index.php?rest_route=\/wp\/v2\/pages\/79\/revisions\/1540"}],"up":[{"embeddable":true,"href":"https:\/\/sk-dokument.no\/budsjett-og-okonomiplan-2018-2021\/index.php?rest_route=\/wp\/v2\/pages\/48"}],"wp:attachment":[{"href":"https:\/\/sk-dokument.no\/budsjett-og-okonomiplan-2018-2021\/index.php?rest_route=%2Fwp%2Fv2%2Fmedia&parent=79"}],"curies":[{"name":"wp","href":"https:\/\/api.w.org\/{rel}","templated":true}]}}