{"id":96,"date":"2016-09-28T12:14:25","date_gmt":"2016-09-28T10:14:25","guid":{"rendered":"http:\/\/sk-dokument.no\/budsjett-og-okonomiplan-2018-2021\/?page_id=96"},"modified":"2017-10-20T14:06:30","modified_gmt":"2017-10-20T12:06:30","slug":"ikt-2","status":"publish","type":"page","link":"https:\/\/sk-dokument.no\/budsjett-og-okonomiplan-2018-2021\/?page_id=96","title":{"rendered":"IKT"},"content":{"rendered":"<p dir=\"LTR\" align=\"LEFT\">I 2018 vil ein utvide rekneskap, personal- og l\u00f8nssystemet Agresso med ein skjemamodul for \u00e5 effektivisere interne arbeidsoppg\u00e5ver. Kommunen har mange interne skjema innanfor l\u00f8n- og personalomr\u00e5det som det er \u00f8nskjeleg \u00e5 f\u00e5 digitalisert og kopla opp mot Agresso (kostnad kr\u3000250\u3000000). I tillegg vil ein utvikle ei l\u00f8ysing for sikker p\u00e5logging til Agresso for alle tilsette, fr\u00e5 kor som helst. Arbeidet vil vera eit utviklingsarbeid i lag med leverand\u00f8r (kr. 750\u3000000). Slik kan alle tilsette i kommunen nytte Agresso til reiserekningar og timelister uavhengig av om dei har databrukar i Stord kommune.<\/p>\n<p dir=\"LTR\" align=\"LEFT\">IKT-verkt\u00f8ya vert nytta i heile tenesteproduksjonen, og kommunen har ein enorm auke i datamengda. Ein treng difor \u00e5 utvide server- og lagringskapasiteten (kr. 1,5 mill.). Ein vil kople opp fagsystema i Rehabilitering helse og omsorg mot digital utsending via SvarUT (kr. 400\u3000000).<\/p>\n<p dir=\"LTR\" align=\"LEFT\">Skulane vil satse vidare p\u00e5 bruken av IKT i oppl\u00e6ringa. I 2017 er det starta ei utpr\u00f8ving av eit nytt dataverkt\u00f8y, Chromebook, som er ein b\u00e6rbar datamaskin med tastatur, penn og ber\u00f8ringsskjerm. Den er billegare i innkj\u00f8p enn dei datamaskinane som er i bruk i dag. I 2018 vil PILOT- prosjektet med om lag 120 elevar evaluerast, og ein vil ta stilling til om prosjektet skal g\u00e5 over i ordin\u00e6r drift og inkludere alle elevane. M\u00e5let med pilotprosjektet er mellom anna \u00e5 utrusta alle elevar med eigen maskin innan for eksisterande driftsbudsjettrammet. Dette vil ha ein \u00e5rleg kostnad p\u00e5 om lag 2 mill. kr. og vil vera ei vidaref\u00f8ring av dei kostandane ein i dag har til leasing av datamaskinar til elevane.<\/p>\n<p dir=\"LTR\" align=\"LEFT\">IKT eininga reduserer investeringsbudsjettet i h\u00f8ve til \u00f8konomiplanen med kr. 500\u3000000 med konsekvens for innkj\u00f8p av IKT-utstyr som t.d. utstyr for videokonferanse, fornying av iPad til politikarar og programvare.<\/p>\n<p dir=\"LTR\" align=\"LEFT\">Driftsbudsjett vert redusert med kr 350\u3000000. Nokre av konsekvensane vil vera mindre bruk av innleidd spisskompetanse, ein kan ikkje opprette fleire data- og telefonisamband.<\/p>\n<p>Sak\/arkivsystemet ePhorte vert oppgradert til Elements. I samband med dette er det starta opp eit prosjekt \u00abD\u00e5 mor forsvann\u00bb &#8211; Fornying av bruk av sak- og arkivsystem som f\u00f8lge av digital utvikling og administrative endringar. Stord kommune \u00f8nskjer \u00e5 vidareutvikle sin bruk av sak- og arkivsystemet, og har gjennom Samarbeidsr\u00e5det for Sunnhordland invitere andre kommunar til \u00e5 delta i prosjektet. Interkommunalt Arkiv i Hordaland vil ogs\u00e5 bidra med sin kompetanse inn i prosjektet. B\u00f8mlo kommune driftar sak\/ arkiv-systemet for Stord, B\u00f8mlo, Fitjar, Tysv\u00e6r og Haugesund. Fylkesmannen har l\u00f8yvt kr. 400 000 i skj\u00f8nsmidlar til prosjektet.<\/p>\n<p dir=\"LTR\" align=\"LEFT\">KS inviterer i brev av 8. september 2017 kommunane til \u00e5 delta i ei finansieringsordning for digitaliseringsprosjekt med kr 20 per innbyggjar. Dette skal vera eit spleiselag der departementet, KS og kommunane skal etablera ei finansieringsordning for \u00e5 \u00abn\u00e5 m\u00e5lene om \u00f8kt digitalisering\u00bb.\u3000 For Stord kommune vil dette innebera ei l\u00f8yving p\u00e5 kr 380\u3000000. Det er ikkje funne rom i budsjettforslaget for \u00e5 delta i prosjektet.<\/p>\n<p>&nbsp;<\/p>\n","protected":false},"excerpt":{"rendered":"<p>I 2018 vil ein utvide rekneskap, personal- og l\u00f8nssystemet Agresso med ein skjemamodul for \u00e5 effektivisere interne arbeidsoppg\u00e5ver. Kommunen har mange interne skjema innanfor l\u00f8n- og personalomr\u00e5det som det er \u00f8nskjeleg \u00e5 f\u00e5 digitalisert og kopla opp mot Agresso (kostnad kr\u3000250\u3000000). I tillegg vil ein utvikle ei l\u00f8ysing for sikker p\u00e5logging til Agresso for alle<\/p>\n","protected":false},"author":4,"featured_media":0,"parent":91,"menu_order":3,"comment_status":"closed","ping_status":"closed","template":"","meta":{"footnotes":""},"jetpack_sharing_enabled":true,"_links":{"self":[{"href":"https:\/\/sk-dokument.no\/budsjett-og-okonomiplan-2018-2021\/index.php?rest_route=\/wp\/v2\/pages\/96"}],"collection":[{"href":"https:\/\/sk-dokument.no\/budsjett-og-okonomiplan-2018-2021\/index.php?rest_route=\/wp\/v2\/pages"}],"about":[{"href":"https:\/\/sk-dokument.no\/budsjett-og-okonomiplan-2018-2021\/index.php?rest_route=\/wp\/v2\/types\/page"}],"author":[{"embeddable":true,"href":"https:\/\/sk-dokument.no\/budsjett-og-okonomiplan-2018-2021\/index.php?rest_route=\/wp\/v2\/users\/4"}],"replies":[{"embeddable":true,"href":"https:\/\/sk-dokument.no\/budsjett-og-okonomiplan-2018-2021\/index.php?rest_route=%2Fwp%2Fv2%2Fcomments&post=96"}],"version-history":[{"count":10,"href":"https:\/\/sk-dokument.no\/budsjett-og-okonomiplan-2018-2021\/index.php?rest_route=\/wp\/v2\/pages\/96\/revisions"}],"predecessor-version":[{"id":1212,"href":"https:\/\/sk-dokument.no\/budsjett-og-okonomiplan-2018-2021\/index.php?rest_route=\/wp\/v2\/pages\/96\/revisions\/1212"}],"up":[{"embeddable":true,"href":"https:\/\/sk-dokument.no\/budsjett-og-okonomiplan-2018-2021\/index.php?rest_route=\/wp\/v2\/pages\/91"}],"wp:attachment":[{"href":"https:\/\/sk-dokument.no\/budsjett-og-okonomiplan-2018-2021\/index.php?rest_route=%2Fwp%2Fv2%2Fmedia&parent=96"}],"curies":[{"name":"wp","href":"https:\/\/api.w.org\/{rel}","templated":true}]}}