{"id":13,"date":"2016-10-04T12:56:48","date_gmt":"2016-10-04T10:56:48","guid":{"rendered":"http:\/\/sk-dokument.no\/hamn-budsjettogokonomiplan-2017-2020\/?page_id=13"},"modified":"2016-10-13T16:05:01","modified_gmt":"2016-10-13T14:05:01","slug":"arbeidsmal-for-perioden-2017-2020","status":"publish","type":"page","link":"https:\/\/sk-dokument.no\/hamn-budsjettogokonomiplan-2017-2020\/?page_id=13","title":{"rendered":"Arbeidsm\u00e5l for perioden 2017 -2020:"},"content":{"rendered":"<ul>\n<li>Auka hamnearealet ved Eld\u00f8yane, sj\u00e5 eiga sak.<\/li>\n<li>Vidaref\u00f8ra prosjektet om interkommunalt hamnesamarbeid<\/li>\n<li>Vidaref\u00f8ra avtale om drift av Sagv\u00e5g Gjestehamn<\/li>\n<li>Vidaref\u00f8ra samtalar om overtaking av gamle Sagv\u00e5g ferjekai med tilh\u00f8yrande oppstillingsplass<\/li>\n<li>Oppgradering av cruisehamn\/ISPS-terminal i Leirvik Hamn \u2013 utlegging av b\u00f8ye for cruisefarty med anl\u00f8p 2017<\/li>\n<li>Auka kompetansen til dei tilsette i hamnestellet med vidare utdanning for \u00e5 stetta Kystverket og ESA sine krav.<\/li>\n<\/ul>\n","protected":false},"excerpt":{"rendered":"<p>Auka hamnearealet ved Eld\u00f8yane, sj\u00e5 eiga sak. Vidaref\u00f8ra prosjektet om interkommunalt hamnesamarbeid Vidaref\u00f8ra avtale om drift av Sagv\u00e5g Gjestehamn Vidaref\u00f8ra samtalar om overtaking av gamle Sagv\u00e5g ferjekai med tilh\u00f8yrande oppstillingsplass Oppgradering av cruisehamn\/ISPS-terminal i Leirvik Hamn \u2013 utlegging av b\u00f8ye for cruisefarty med anl\u00f8p 2017 Auka kompetansen til dei tilsette i hamnestellet med vidare utdanning<\/p>\n","protected":false},"author":13,"featured_media":0,"parent":9,"menu_order":2,"comment_status":"closed","ping_status":"closed","template":"","meta":{"footnotes":""},"jetpack_sharing_enabled":true,"_links":{"self":[{"href":"https:\/\/sk-dokument.no\/hamn-budsjettogokonomiplan-2017-2020\/index.php?rest_route=\/wp\/v2\/pages\/13"}],"collection":[{"href":"https:\/\/sk-dokument.no\/hamn-budsjettogokonomiplan-2017-2020\/index.php?rest_route=\/wp\/v2\/pages"}],"about":[{"href":"https:\/\/sk-dokument.no\/hamn-budsjettogokonomiplan-2017-2020\/index.php?rest_route=\/wp\/v2\/types\/page"}],"author":[{"embeddable":true,"href":"https:\/\/sk-dokument.no\/hamn-budsjettogokonomiplan-2017-2020\/index.php?rest_route=\/wp\/v2\/users\/13"}],"replies":[{"embeddable":true,"href":"https:\/\/sk-dokument.no\/hamn-budsjettogokonomiplan-2017-2020\/index.php?rest_route=%2Fwp%2Fv2%2Fcomments&post=13"}],"version-history":[{"count":4,"href":"https:\/\/sk-dokument.no\/hamn-budsjettogokonomiplan-2017-2020\/index.php?rest_route=\/wp\/v2\/pages\/13\/revisions"}],"predecessor-version":[{"id":175,"href":"https:\/\/sk-dokument.no\/hamn-budsjettogokonomiplan-2017-2020\/index.php?rest_route=\/wp\/v2\/pages\/13\/revisions\/175"}],"up":[{"embeddable":true,"href":"https:\/\/sk-dokument.no\/hamn-budsjettogokonomiplan-2017-2020\/index.php?rest_route=\/wp\/v2\/pages\/9"}],"wp:attachment":[{"href":"https:\/\/sk-dokument.no\/hamn-budsjettogokonomiplan-2017-2020\/index.php?rest_route=%2Fwp%2Fv2%2Fmedia&parent=13"}],"curies":[{"name":"wp","href":"https:\/\/api.w.org\/{rel}","templated":true}]}}