{"id":16,"date":"2016-10-04T13:10:53","date_gmt":"2016-10-04T11:10:53","guid":{"rendered":"http:\/\/sk-dokument.no\/hamn-budsjettogokonomiplan-2017-2020\/?page_id=16"},"modified":"2016-10-14T10:15:56","modified_gmt":"2016-10-14T08:15:56","slug":"budsjettforesetnader","status":"publish","type":"page","link":"https:\/\/sk-dokument.no\/hamn-budsjettogokonomiplan-2017-2020\/?page_id=16","title":{"rendered":"Budsjettf\u00f8resetnadar"},"content":{"rendered":"<p>Hamnestellet har dei siste \u00e5ra hatt ein sunn \u00f8konomisk utvikling, og har gjennom sine investeringar gjennomf\u00f8rt betydelege forbetringar \u00a0i hamneomr\u00e5det i Leirvik og p\u00e5 Eld\u00f8yane.<\/p>\n<p>\u00d8konomiplanen er framskriven med bakgrunn i rekneskapen for 2015, budsjett for 2016, aktivitet og inntekter. Anl\u00f8psavgift og vederlag er regulert med forventa prisstiging og kostnadsvekst, og revidert i samsvar med nye forskrifter.<\/p>\n<p>F\u00f8lgjande er lagt til grunn for planperioden:<\/p>\n<ul>\n<li>Budsjettramma for 2017 er i hovudsak ei vidaref\u00f8ring av driftsbudsjett for 2016.<\/li>\n<li>KS (kommunenes sentralorganisasjon)legg opp til ein \u00e5rsl\u00f8nnsvekst p\u00e5 2,2 prosent. Denne er fylgt opp i budsjettframlegget. \u00a0Det er berekna datol\u00f8nnstillegg per 1.8.2017 og 1.9.2017 p\u00e5 3,5\u00a0prosent.<\/li>\n<li>Husleige og andre leigeinntekter er auka med 2,7\u00a0prosent fr\u00e5 2016 til 2017 der kontraktane gjev h\u00f8ve til det. Dette for \u00e5 vera i samsvar med generelt kostnadsniv\u00e5 i sentrum.<\/li>\n<li>Anl\u00f8psavgift og dei nye hamnevederlaga er justert innanfor rammene for det nye lovverket. Avgiftsregulativet for 2017- anl\u00f8psavgift og andre vederlag er i 2017 ikkje prisjustert i samsvar med forventa prisvekst, ein del prisar p\u00e5 tenester er justert\u00a0 etter behov.<\/li>\n<li>Varevederlag er forenkla til ein gjeldande pris for alle typar gods.<\/li>\n<li>Trafikkvederlag er forenkla til fem gjeldande prisar fordelt p\u00e5 type gods.<\/li>\n<li>Renter og avdrag p\u00e5 gjeld er berekna ut fr\u00e5 anslag p\u00e5 gjeldsniv\u00e5et ved utgongen av 2016. Det er lagt til grunn ein rentesats p\u00e5 2,97\u00a0prosent. Gjelda til hamnestellet vil ved utgangen av 2017 vera p\u00e5 om lag kr 12,6 mill.<\/li>\n<\/ul>\n","protected":false},"excerpt":{"rendered":"<p>Hamnestellet har dei siste \u00e5ra hatt ein sunn \u00f8konomisk utvikling, og har gjennom sine investeringar gjennomf\u00f8rt betydelege forbetringar \u00a0i hamneomr\u00e5det i Leirvik og p\u00e5 Eld\u00f8yane. \u00d8konomiplanen er framskriven med bakgrunn i rekneskapen for 2015, budsjett for 2016, aktivitet og inntekter. Anl\u00f8psavgift og vederlag er regulert med forventa prisstiging og kostnadsvekst, og revidert i samsvar med<\/p>\n","protected":false},"author":13,"featured_media":0,"parent":0,"menu_order":2,"comment_status":"closed","ping_status":"closed","template":"","meta":{"footnotes":""},"jetpack_sharing_enabled":true,"_links":{"self":[{"href":"https:\/\/sk-dokument.no\/hamn-budsjettogokonomiplan-2017-2020\/index.php?rest_route=\/wp\/v2\/pages\/16"}],"collection":[{"href":"https:\/\/sk-dokument.no\/hamn-budsjettogokonomiplan-2017-2020\/index.php?rest_route=\/wp\/v2\/pages"}],"about":[{"href":"https:\/\/sk-dokument.no\/hamn-budsjettogokonomiplan-2017-2020\/index.php?rest_route=\/wp\/v2\/types\/page"}],"author":[{"embeddable":true,"href":"https:\/\/sk-dokument.no\/hamn-budsjettogokonomiplan-2017-2020\/index.php?rest_route=\/wp\/v2\/users\/13"}],"replies":[{"embeddable":true,"href":"https:\/\/sk-dokument.no\/hamn-budsjettogokonomiplan-2017-2020\/index.php?rest_route=%2Fwp%2Fv2%2Fcomments&post=16"}],"version-history":[{"count":5,"href":"https:\/\/sk-dokument.no\/hamn-budsjettogokonomiplan-2017-2020\/index.php?rest_route=\/wp\/v2\/pages\/16\/revisions"}],"predecessor-version":[{"id":189,"href":"https:\/\/sk-dokument.no\/hamn-budsjettogokonomiplan-2017-2020\/index.php?rest_route=\/wp\/v2\/pages\/16\/revisions\/189"}],"wp:attachment":[{"href":"https:\/\/sk-dokument.no\/hamn-budsjettogokonomiplan-2017-2020\/index.php?rest_route=%2Fwp%2Fv2%2Fmedia&parent=16"}],"curies":[{"name":"wp","href":"https:\/\/api.w.org\/{rel}","templated":true}]}}